{"id":18414,"date":"2022-11-16T18:33:05","date_gmt":"2022-11-16T17:33:05","guid":{"rendered":"https:\/\/www.nh-hotels.com\/corporate\/?page_id=18414"},"modified":"2023-03-03T12:04:17","modified_gmt":"2023-03-03T11:04:17","slug":"stage-mogelijkheden","status":"publish","type":"page","link":"https:\/\/corporate.minor-hotels.com\/nl\/werk\/stage-mogelijkheden","title":{"rendered":"Stage mogelijkheden"},"content":{"rendered":"\n<h1 class=\"wp-block-heading\">NH Hotels Stage<\/h1>\n\n\n\n<div class=\"wp-block-columns is-layout-flex wp-container-core-columns-is-layout-9d6595d7 wp-block-columns-is-layout-flex\">\n<div class=\"wp-block-column is-layout-flow wp-block-column-is-layout-flow\">\n<p>Het NH Hotel Group-stageprogramma is een unieke kans om je stage te voldoen in een&nbsp;spannend, uitdagend en leerzaam bedrijf met tal van mogelijkheden! Beschik jij over een&nbsp;passie voor de hospitality branche en ben je opzoek naar een uitdagende stageplaats?<\/p>\n<p>Dan is dit d\u00e9 unieke kans voor jou om te werken in een internationaal bekent bedrijf in de&nbsp;hospitality branche! NH Hotel Group biedt stages over de hele wereld, denk hierbij aan&nbsp;posities in de hotels op diverse afdelingen: Management, Front Office, Food and Beverage,&nbsp;Sales, Technische Dienst. Tevens bieden wij uitdagende en leerzame stageplaatsen in de&nbsp;Centrale Service kantoren van NH Hotel Group, met meer dan 8 locaties in Europa en&nbsp;Amerika. Voor de plaatsen die wij bieden is het belangrijk dat je beschikt over een goede&nbsp;beheersing van de Engelse en de lokaal gesproken taal.<\/p>\n<p>Start je NH Carri\u00e8re! Ontdek meer online:<\/p>\n<\/div>\n\n\n\n<div class=\"wp-block-column is-layout-flow wp-block-column-is-layout-flow\">\n<figure class=\"wp-block-image size-full\"><img loading=\"lazy\" decoding=\"async\" width=\"850\" height=\"385\" src=\"https:\/\/corporate.minor-hotels.com\/assets\/uploads\/2022\/11\/17135739\/i-programs.jpg\" alt=\"\" class=\"wp-image-14557\" srcset=\"https:\/\/corporate.minor-hotels.com\/assets\/uploads\/2022\/11\/17135739\/i-programs.jpg 850w, https:\/\/corporate.minor-hotels.com\/assets\/uploads\/2022\/11\/17135739\/i-programs-300x136.jpg 300w, https:\/\/corporate.minor-hotels.com\/assets\/uploads\/2022\/11\/17135739\/i-programs-768x348.jpg 768w\" sizes=\"auto, (max-width: 850px) 100vw, 850px\" \/><\/figure>\n<\/div>\n<\/div>\n\n\n\n<div class=\"wp-block-columns is-layout-flex wp-container-core-columns-is-layout-9d6595d7 wp-block-columns-is-layout-flex\">\n<div class=\"wp-block-column is-layout-flow wp-block-column-is-layout-flow\">\n<h2>BU America<\/h2>\n<p>We zijn toegewijd aan het ontwikkelen van talent en we begrijpen de relevantie van stageprogramma&#8217;s in de hotelbranche. Kom aan de weet wat de NH Hotel Group tot \u00e9\u00e9n van de belangrijkste hotelbedrijven op Europees niveau maakt!<\/p>\n<p>Als je een student bent van de richtingen Hotelmanagement, Toerisme, MBO\/HBO Keuken, Services, Accommodatie, Administratie, Onderhoud van installaties in gebouwen en Elektriciteit, evenals van Masters speciaal gericht op hotelmanagement, dan zal je bij NH zeker de stages vinden die passen bij jouw profiel en verwachtingen.<\/p>\n<p>We hebben programma&#8217;s in vrijwel alle afdelingen:<\/p>\n<ul>\n<li>Hotel: De afdelingen Receptie, Commercieel, Keuken, Zalen, Housekeeping, Algemene services, Reserveringen, Guest Relations, Onderhoud en Management.<\/li>\n<li>Centrale Diensten: Inkoop, Sales, Administratie, IT (systemen) en Human Resources<\/li>\n<\/ul>\n<p>De kenmerken van de belangrijkste programma&#8217;s zijn:<\/p>\n<table class=\"internship\">\n<tbody>\n<tr>\n<td><strong>Land<\/strong><\/td>\n<td><strong>Type stageprogramma<\/strong><\/td>\n<td><strong>Periode<\/strong><\/td>\n<\/tr>\n<tr>\n<td>Argentini\u00eb<\/td>\n<td>Stages &#8220;First Steps&#8221; alleen in Cordoba \/ Hotel Internships \u201cFirst Steps\u201d only Cordoba<\/td>\n<td>Van 1 tot 12 maanden \/ Between 1 and 12 months<\/td>\n<\/tr>\n<tr>\n<td>Stages Hotel en Centrale services \/ Hotel &amp; Central Services Internships<\/td>\n<td>Tussen 2 en 18 maanden \/ Between 2 and 18 months<\/td>\n<\/tr>\n<tr>\n<td>Dominicaanse Republiek<\/td>\n<td>Studenten Food and Beverage<\/td>\n<td>40 dagen<\/td>\n<\/tr>\n<tr>\n<td>Universitaire stagiaires<\/td>\n<td>90 dagen<\/td>\n<\/tr>\n<tr>\n<td>Venezuela<\/td>\n<td>Leerlingen van INCES<\/td>\n<td>1 jaar theorie en 1,5 jaar praktijk<\/td>\n<\/tr>\n<tr>\n<td>Universitaire stagiaire<\/td>\n<td>1 tot 3 maanden<\/td>\n<\/tr>\n<tr>\n<td>Mexico<\/td>\n<td>Universitaire stagiaires<\/td>\n<td>Van 200 tot 768 uur<\/td>\n<\/tr>\n<tr>\n<td>Beursstudenten<\/td>\n<td>Op voorwaarde van certificaat van studie<\/td>\n<\/tr>\n<tr>\n<td>Hait\u00ed<\/td>\n<td>Hotel Trainees<\/td>\n<td>30 dagen<\/td>\n<\/tr>\n<tr>\n<td>Chili<\/td>\n<td>Stages \/ Internships<\/td>\n<td>Tot 3 maanden \/ Up to 3 months<\/td>\n<\/tr>\n<tr>\n<td>Uruguay<\/td>\n<td>Stages \/ Internships<\/td>\n<td>Van 3 tot 9 maanden \/ From 3 to 9 months<\/td>\n<\/tr>\n<\/tbody>\n<\/table>\n<p>We willen graag dat je een onvergetelijke ervaring hebt, \u201cvoor\u201d en \u201cna\u201d je ontwikkeling en je eerste contact met de arbeidsmarkt.<\/p>\n<p>We genieten van wat we doen en we zijn er zeker van dat jij hetzelfde zult ervaren.<\/p>\n<p><strong>Doe mee aan deze spannende en uitdagende ervaring.<\/strong><\/p>\n<p><a href=\"https:\/\/nhcareers.epreselec.com\/?id_idioma=15&amp;id_origen=web+corporativa\" target=\"_blank\" rel=\"noopener\">Stuur ons je sollicitatie!<\/a><\/p>\n<\/div>\n<\/div>\n\n\n\n<div class=\"wp-block-columns is-layout-flex wp-container-core-columns-is-layout-9d6595d7 wp-block-columns-is-layout-flex\">\n<div class=\"wp-block-column is-layout-flow wp-block-column-is-layout-flow\">\n<h2>BU Northern Europe<\/h2>\n<p><strong>In Duitsland, Zwitserland, Oostenrijk, Tsjechi\u00eb, Hongarije, Slowakije en Roemeni\u00eb:<\/strong><\/p>\n<p>We je tal van mogelijkheden om professionele ervaring bij NH op te doen!<\/p>\n<p><em>Beroepsopleidingen en ge\u00efntegreerde opleidingsprogramma\u2019s&nbsp;<\/em><\/p>\n<p>Wil je onze nieuwe ster aan het firmament worden? NH is jouw perfecte plek voor een succesvolle carri\u00e8re vol toewijding en plezier. Jouw reis met ons begint met een van deze stageplaatsen:&nbsp;<br>\u2022 Restaurant-specialist (m \/ v)&nbsp;<br>\u2022 Hotel-specialist (m \/ v)&nbsp;<br>\u2022 Kok (m \/ v)&nbsp;<br>\u2022 Ge\u00efntegreerd opleidingsprogramma Management Hotel en Toerisme.<\/p>\n<p>Natuurlijk kan je ook bij ons terecht voor een stage als je nog op school zit.<br>Voor een succesvolle sollicitatie is motivatie belangrijker dan opleiding. Je moet ten minste de middelbare school hebben voltooid en goed Duits en Engels spreken. Elke extra vreemde taal is een pr\u00e9. Het allerbelangrijkste is dat je er graag voor zorgt dat onze gasten zich speciaal en thuis voelen bij NH.<\/p>\n<p>Uitstekende opleidings- en carri\u00e8remogelijkheden wachten op je en daarnaast zijn er de volgende voordelen:<br>\u2022 Medewerkerstarieven in onze ca. 400 NH hotels over de hele wereld<br>\u2022 Talloze trainingen, feedbackgesprekken en ondersteuning door gespecialiseerde coaches&nbsp;<br>\u2022 Een op maat gemaakt carri\u00e8reprogramma ( &#8220;&#8221;New Professionals&#8221;&#8221;)&nbsp;<br>Jouw stage bij NH kan de eerste stap zijn op weg naar een succesvolle carri\u00e8re. We kijken ernaar uit je binnenkort te ontmoeten!<\/p>\n<p><em>Stages bij Central Services&nbsp;<\/em><\/p>\n<p>Je bent nog student of zojuist afgestudeerd en wilt graag professionele ervaring opdoen? NH biedt je de gelegenheid om kennis te maken met \u00e9\u00e9n van de volgende afdelingen:<br>Marketing, Financi\u00ebn, Human Resources, Inkoop, IT, Sales, Revenue Management, E-Commerce, Constructie en onderhoud, Office Management, Reserveringen, Kwaliteitsbeheer<\/p>\n<p>Ideaal gesproken blijf je ten minste 6 maanden bij ons en toon je veel nieuwsgierigheid naar jouw toekomstige taken. In ruil daarvoor zul je dit beleven:<br>\u2022 Introductie- en ori\u00ebntatietraining en eigen verantwoordelijkheden vanaf de eerste dag&nbsp;<br>\u2022 Je zult een volwaardig lid zijn van een geweldig team en een grondige kennis krijgen over onze Business Unit&nbsp;<br>\u2022 Medewerkerstarieven in onze ca. 400 NH hotels over de hele wereld<br>\u2022 Tal van sociale vaardigheids- en professionele trainingen<\/p>\n<p>\u2022 Evenementen voor stagiaires&nbsp;<br>\u2022 Vergoeding&nbsp;<br>De meeste van onze stageplaatsen zijn in Berlijn, maar we bieden ook stages aan in andere grote steden zoals M\u00fcnchen, Frankfurt en Wenen. Check onze carri\u00e8re-portal!<\/p>\n<p>Contact opnemen<br>Klinkt dit interessant? Je kunt onze actuele vacatures op onze carri\u00e8re-portal vinden. Als je vragen hebt over stages, trainingen, studies of jouw aanvraag, neem dan contact op met ons Human Resources team:&nbsp;karriere.de@nh-hotels.com(link stuurt een e-mail)&nbsp;of +49 (0) 30 206 207 58 (Berlin)<\/p>\n<p><\/p>\n<p><strong>In Nederland, Belgi\u00eb, Luxemburg, Verenigd Koninkrijk en Zuid-Afrika:<\/strong><\/p>\n<p><em>\u2022 Hotel:<\/em><br>Profiel: Student Management en Hotel Management, Toerisme, Facility Management, Front Office, Hotelschool. MBO\/HBO studenten, richting Hospitality Management.<br>Stagiaires bij NH Hotel Group hebben een enthousiaste persoonlijkheid en zijn flexibel in de breedste zin van het woord (geen 9-5 mentaliteit en ook inzetbaar in de weekenden). Verder is een stagiair servicegericht en heeft hij\/zij een goede beheersing van de Nederlandse en Engelse taal. Wij zeggen wel eens dat NH staat voor Natural Host, de gastvrijheid neemt in alle functies bij NH Hotel Group een belangrijke plaats in. Ook ben je als student goed in staat om zowel zelfstandig als in een team te werken.<\/p>\n<p>Afdelingen : Front Office, Food &amp; Beverage, Kitchen, Duty Management, Housekeeping, Management Assistant, Guest Service, Revenue Management, Group Sales Office, Banquet Sales and Technische Dienst.<\/p>\n<p>Periode: minimaal 10 weken \u2013 10 maanden.<\/p>\n<p>Lokatie: alle hotels in Nederland, Belgi\u00eb, Luxemburg, Verenigd Koninkrijk en Zuid-Afrika<\/p>\n<p><em>\u2022 Central Services:<\/em><br>Profile: Student Management and Hotel Management, Toerisme, Facility Management. HBO studenten, richting Hospitality Management.<br>Stagiaires bij NH Hotel Group hebben een enthousiaste persoonlijkheid en zijn flexibel in de breedste zin van het woord (geen 9-5 mentaliteit en ook inzetbaar in de weekenden). Verder is een stagiair servicegericht en heeft hij\/zij een goede beheersing van de Nederlandse en Engelse taal. Wij zeggen wel eens dat NH staat voor Natural Host, de gastvrijheid neemt in alle functies bij NH Hotel Group een belangrijke plaats in. Ook ben je als student goed in staat om zowel zelfstandig als in een team te werken.<\/p>\n<p>Afdelingen: Human Resources*, Marketing, Communicatie &amp; E-Commerce, Inkoop, Quality, Finance, F&amp;B Projects and Sales.<\/p>\n<p>Periode: 5 &#8211; 10 months.<\/p>\n<p>Lokatie: Centrale Servicekantoor in Hilversum&nbsp;(Nederland)<br>*Human Resources stage is mogelijk in Nederland, Belgie en UK<\/p>\n<\/div>\n<\/div>\n\n\n\n<div class=\"wp-block-columns is-layout-flex wp-container-core-columns-is-layout-9d6595d7 wp-block-columns-is-layout-flex\">\n<div class=\"wp-block-column is-layout-flow wp-block-column-is-layout-flow\">\n<h3>BU Southern Europe<\/h3>\n<p><strong>In Spanje, Portugal, Andorra en Frankrijk:<\/strong><\/p>\n<p>Wij zoeken potentieel en persoonlijkheid. &nbsp;Als je student bent en continu bijleren en professioneel groeien voor jou een uitdaging is, moedigen we je aan je bij ons aan te sluiten. We hebben programma&#8217;s in bijna alle steden.<\/p>\n<p>Meld je aan op onze vacaturesite en raadpleeg de aanbiedingen!<\/p>\n<ul>\n<li class=\"rtejustify\"><em>Hotels Profiel:<\/em><\/li>\n<\/ul>\n<p>Studenten Bestuur en Hotelmanagement, Toerisme, MBO\/HBO Keuken, Services, Accommodatie, Administratie en Management, Onderhoud van Installaties in gebouwen en Elektriciteit. Evenals Masters-studenten, in het bijzonder gericht op het hotelmanagement. Stages bij: Afdelingen Receptie, Commercieel, Keuken, Zalen, Housekeeping, Algemene services, Inkoop, Reserveringen, Guest Relations, Onderhoud en Directie. Duur: Tussen 3 en 6 maanden (verlengbaar). Plaats van stage: In alle hotels van de Spanje, Portugal, Andorra en Frankrijk<\/p>\n<ul>\n<li><em>Centrale services:<\/em><\/li>\n<\/ul>\n<p>Profiel: Studenten van alle studierichtingen en opleidingen, in het bijzonder, Administratie en Management, Toerisme, Techniek en Rechten. Evenals studenten van de beroepsopleiding Administratie en Management en met Masters al dan niet gerelateerd aan de hotelsector. Een hoog niveau Engels wordt in het bijzonder gewaardeerd, naast de beheersing van de lokale taal.<br>Stages bij: Marketing, Elektronische Distributie, Administratie en Financi\u00ebn, Milieu en Techniek, Human Resources, Inkoop en Sales.<br>Duur: Tussen 6 en 12 maanden.<br>Plaats van stage: Bij de hoofdkantoren in Madrid en Barcelona.<\/p>\n<p><strong>In Itali\u00eb:<\/strong><\/p>\n<p>Het stageprogramma is gebaseerd op samenwerking met de belangrijkste universiteiten en hogescholen, die worden bezocht door onze Managers en General Managers om ons bedrijf te presenteren aan studenten; daarbij bieden wij stagemogelijkheden aan die zowel in het kader van hun studies passen als erbuiten liggen.&nbsp;<\/p>\n<p>De belangrijkste kenmerken van onze stages zijn:<\/p>\n<p>\u2022 Duur 3-6 maanden&nbsp;<br>\u2022 Begeleiding door een coach&nbsp;<br>\u2022 Onkostenvergoeding in het geval van buitenschoolse stage&nbsp;<\/p>\n<p>Al onze stages zijn gebaseerd op een op een werkplek-leerprogramma; stagiaires werken zij aan zij met onze managers en onze teams van specialisten, die hen feedback geven over hun prestaties en over de voortgang van het stage-project. Stages zijn zowel in onze hotels, in de afdelingen Front Office, Restaurant en Keuken beschikbaar als in de Centrale kantoren (HR, Inkoop, Commercieel, Marketing, Sales, Reserveringen, Revenue en IT-afdelingen). &nbsp;Stages in NH Italia zijn uitgegroeid tot een zeer belangrijk moment in het leven van studenten \/ pas afgestudeerden, aangezien het de eerste gelegenheid is om de keuzes die zij tijdens hun opleiding hebben gemaakt te controleren, om beter te begrijpen wat ze zouden willen doen als ze &#8220;&#8221;groot zijn&#8221;&#8221; en om te ontdekken wat hun sterke punten, interesses en verbeterpunten zijn.&nbsp;<\/p>\n<p>Stage is een belangrijke &#8220;&#8221;toegangsdeur&#8221;&#8221; tot ons bedrijf en stelt ons tegelijkertijd in staat om de talenten te vinden die in de toekomst onze managers kunnen zijn!<\/p>\n<\/div>\n<\/div>\n\n\n\n<div class=\"wp-block-columns is-layout-flex wp-container-core-columns-is-layout-9d6595d7 wp-block-columns-is-layout-flex\">\n<div class=\"wp-block-column is-layout-flow wp-block-column-is-layout-flow\">\n<h2>Headquarters Madrid<\/h2>\n<p>Ben je op zoek jouw eerste professionele ervaring, heb je een sterke gastgerichtheid en interesse in de hotelsector?&nbsp;<\/p>\n<p>In NH geven wij je de mogelijkheid om je eerste schreden op de arbeidsmarkt te zetten en een professional te worden in een dynamische, internationale onderneming.<\/p>\n<p>Voor ons hoofdkantoor in Madrid zijn we op zoek naar getalenteerde mensen; ze moeten bereid zijn om te leren, hun idee\u00ebn en enthousiasme bijdragen en een goed niveau Engels spreken. Voor een wereldwijde dienstverlening in de verschillende business units van de NH Hotel Group.<\/p>\n<p>De afdelingen waarvoor we mensen zoeken, zijn: Marketing, E-commerce, Distributie, Commercieel, Financi\u00ebn, Business Intelligence, Milieu, Techniek, Human Resources, Inkoop, Tax en Sales.<\/p>\n<p>De stageperiode bedraagt 6 tot 12 maanden.<\/p>\n<p>Betreed de arbeidsmarkt aan de hand van de NH Hotel Group. &nbsp;Stuur ons je CV!<\/p>\n<\/div>\n<\/div>\n\n\n\n<hr class=\"wp-block-separator has-alpha-channel-opacity\"\/>\n\n\n\n<div class=\"wp-block-columns is-layout-flex wp-container-core-columns-is-layout-9d6595d7 wp-block-columns-is-layout-flex\">\n<div class=\"wp-block-column is-layout-flow wp-block-column-is-layout-flow\">\n<p>Kortom, we helpen je graag bij je ontwikkeling en je eerste kennismaking met de arbeidsmarkt!<\/p>\n<p>Bij NH Hotel Group houden we van onze job en we zijn er zeker van dat jij dit tijdens je stageperiode ook gaat ervaren.<\/p>\n<p>Beleef samen met ons deze spannende en uitdagende kans.<\/p>\n<p><a href=\"https:\/\/nhcareers.epreselec.com\/?id_idioma=15&amp;id_origen=web+corporativa\" target=\"_blank\" rel=\"noopener\">Wacht niet langer met solliciteren!<\/a><\/p>\n<\/div>\n<\/div>\n","protected":false},"excerpt":{"rendered":"<p>NH Hotels Stage Het NH Hotel Group-stageprogramma is een unieke kans om je stage te voldoen in een&nbsp;spannend, uitdagend en leerzaam bedrijf met tal van mogelijkheden! Beschik jij over een&nbsp;passie voor de hospitality branche en ben je opzoek naar een uitdagende stageplaats? Dan is dit d\u00e9 unieke kans voor jou om te werken in een [&hellip;]<\/p>\n","protected":false},"author":10,"featured_media":0,"parent":18053,"menu_order":0,"comment_status":"closed","ping_status":"closed","template":"","meta":{"_acf_changed":false,"footnotes":""},"class_list":["post-18414","page","type-page","status-publish","hentry"],"acf":[],"_links":{"self":[{"href":"https:\/\/corporate.minor-hotels.com\/nl\/wp-json\/wp\/v2\/pages\/18414","targetHints":{"allow":["GET"]}}],"collection":[{"href":"https:\/\/corporate.minor-hotels.com\/nl\/wp-json\/wp\/v2\/pages"}],"about":[{"href":"https:\/\/corporate.minor-hotels.com\/nl\/wp-json\/wp\/v2\/types\/page"}],"author":[{"embeddable":true,"href":"https:\/\/corporate.minor-hotels.com\/nl\/wp-json\/wp\/v2\/users\/10"}],"replies":[{"embeddable":true,"href":"https:\/\/corporate.minor-hotels.com\/nl\/wp-json\/wp\/v2\/comments?post=18414"}],"version-history":[{"count":2,"href":"https:\/\/corporate.minor-hotels.com\/nl\/wp-json\/wp\/v2\/pages\/18414\/revisions"}],"predecessor-version":[{"id":19101,"href":"https:\/\/corporate.minor-hotels.com\/nl\/wp-json\/wp\/v2\/pages\/18414\/revisions\/19101"}],"up":[{"embeddable":true,"href":"https:\/\/corporate.minor-hotels.com\/nl\/wp-json\/wp\/v2\/pages\/18053"}],"wp:attachment":[{"href":"https:\/\/corporate.minor-hotels.com\/nl\/wp-json\/wp\/v2\/media?parent=18414"}],"curies":[{"name":"wp","href":"https:\/\/api.w.org\/{rel}","templated":true}]}}