{"id":18459,"date":"2022-11-21T10:59:20","date_gmt":"2022-11-21T09:59:20","guid":{"rendered":"https:\/\/www.nh-hotels.com\/corporate\/?page_id=18459"},"modified":"2025-05-19T12:44:11","modified_gmt":"2025-05-19T10:44:11","slug":"gdpr-2","status":"publish","type":"page","link":"https:\/\/corporate.minor-hotels.com\/it\/gdpr-2","title":{"rendered":"GDPR"},"content":{"rendered":"\n<h1 class=\"wp-block-heading\">GDPR<\/h1>\n\n\n\n<div class=\"wp-block-columns is-layout-flex wp-container-core-columns-is-layout-9d6595d7 wp-block-columns-is-layout-flex\">\n<div class=\"wp-block-column is-layout-flow wp-block-column-is-layout-flow\">\n<p>Minor Hotels Europe &amp; Americas S.A (in seguito, &#8220;Minor Hotels Europe &amp; Americas&#8221;) tratter\u00e0 i dati personali raccolti al fine di permettere la gestione della relazione e del contatto e, ove opportuno, di soddisfare le richieste effettuate. Pu\u00f2 contattarci all&#8217;indirizzo \u201cCalle Santa Engracia 120, 7\u00ba, 28003, Madrid. La base legale del trattamento \u00e8 l&#8217;interesse legittimo. \u00c8 possibile accedere, modificare, cancellare, contestare, limitare il trattamento o richiedere la portabilit\u00e0 dei dati all\u2019 indirizzo email dataprotection@minor-hotels.com, contattare con il nostro responsabile di protezione dei dati al seguente e-mail dpo@minor-hotels.com o contattare la \u201cAgencia Espa\u00f1ola de Protecci\u00f3n de&nbsp;Datos\u201d. I dati saranno conservati per tutto il tempo in cui queste relazioni sussistono e anche dopo, fino a quando non prescrivono le possibili responsabilit\u00e0 derivate da esse.<\/p>\n<p>Questa e-mail, cos\u00ec come il suo contenuto, sono confidenziali. Se non \u00e8 il destinatario della stessa, non \u00e8 autorizzato a utilizzarlo, copiarlo o diffonderlo, totalmente o parzialmente, con qualsiasi mezzo. In tal caso dovr\u00e0 restituirlo al&nbsp; remittente ed eliminarlo, cos\u00ec come il suo contenuto. In questi casi, Le ricordiamo che la lettura, la pubblicazione, l&#8217;uso, la copia, la distribuzione di contenuti o di eventuali allegati \u00e8 severamente vietato, indipendentemente dalla loro destinazione, tanto totale come parziale.<\/p>\n<p>&nbsp;<\/p>\n<p>&nbsp;<\/p>\n<p>&nbsp;<\/p>\n<p>&nbsp;<\/p>\n<p>&nbsp;<\/p>\n<\/div>\n<\/div>\n","protected":false},"excerpt":{"rendered":"<p>GDPR Minor Hotels Europe &amp; Americas S.A (in seguito, &#8220;Minor Hotels Europe &amp; Americas&#8221;) tratter\u00e0 i dati personali raccolti al fine di permettere la gestione della relazione e del contatto e, ove opportuno, di soddisfare le richieste effettuate. Pu\u00f2 contattarci all&#8217;indirizzo \u201cCalle Santa Engracia 120, 7\u00ba, 28003, Madrid. La base legale del trattamento \u00e8 l&#8217;interesse [&hellip;]<\/p>\n","protected":false},"author":1,"featured_media":0,"parent":0,"menu_order":0,"comment_status":"closed","ping_status":"closed","template":"","meta":{"_acf_changed":false,"footnotes":""},"class_list":["post-18459","page","type-page","status-publish","hentry"],"acf":[],"_links":{"self":[{"href":"https:\/\/corporate.minor-hotels.com\/it\/wp-json\/wp\/v2\/pages\/18459","targetHints":{"allow":["GET"]}}],"collection":[{"href":"https:\/\/corporate.minor-hotels.com\/it\/wp-json\/wp\/v2\/pages"}],"about":[{"href":"https:\/\/corporate.minor-hotels.com\/it\/wp-json\/wp\/v2\/types\/page"}],"author":[{"embeddable":true,"href":"https:\/\/corporate.minor-hotels.com\/it\/wp-json\/wp\/v2\/users\/1"}],"replies":[{"embeddable":true,"href":"https:\/\/corporate.minor-hotels.com\/it\/wp-json\/wp\/v2\/comments?post=18459"}],"version-history":[{"count":4,"href":"https:\/\/corporate.minor-hotels.com\/it\/wp-json\/wp\/v2\/pages\/18459\/revisions"}],"predecessor-version":[{"id":23880,"href":"https:\/\/corporate.minor-hotels.com\/it\/wp-json\/wp\/v2\/pages\/18459\/revisions\/23880"}],"wp:attachment":[{"href":"https:\/\/corporate.minor-hotels.com\/it\/wp-json\/wp\/v2\/media?parent=18459"}],"curies":[{"name":"wp","href":"https:\/\/api.w.org\/{rel}","templated":true}]}}