{"id":18420,"date":"2022-11-16T18:33:05","date_gmt":"2022-11-16T17:33:05","guid":{"rendered":"https:\/\/www.nh-hotels.com\/corporate\/?page_id=18420"},"modified":"2023-03-03T12:05:03","modified_gmt":"2023-03-03T11:05:03","slug":"programmi-di-tirocinio","status":"publish","type":"page","link":"https:\/\/corporate.minor-hotels.com\/it\/lavoro\/programmi-di-tirocinio","title":{"rendered":"Programmi di Tirocinio"},"content":{"rendered":"\n<h1 class=\"wp-block-heading\">NH Hotels stage: opportunit\u00e0 di tirocinio<\/h1>\n\n\n\n<div class=\"wp-block-columns is-layout-flex wp-container-core-columns-is-layout-9d6595d7 wp-block-columns-is-layout-flex\">\n<div class=\"wp-block-column is-layout-flow wp-block-column-is-layout-flow\">\n<p>I programmi di Stage in NH Hotel Group permettono di accedere ad un\u2019esperienza eccitante e stimolante presso la nostra azienda. Il potenziale di ognuno ed il giusto atteggiamento sono i nostri principali criteri di selezione. Quindi, se siete interessati a far parte di una societ\u00e0 leader nel settore alberghiero, questa \u00e8 la vostra occasione!<\/p>\n<p>Offriamo programmi di Stage in tutto il mondo, sia presso gli Hotel (Management, Front Office, Food and Beverages, Vendite, Manutenzione) che nei Servizi Centrali, in cui sono disponibili diverse opzioni, avendo a disposizione oltre 8 sedi in Europa e in America.<\/p>\n<p>Per poter fare domanda per queste posizioni \u00e8 necessario parlare fluentemente la lingua inglese e la lingua locale.<\/p>\n<p>Scoprite di pi\u00f9 qui:<\/p>\n<\/div>\n\n\n\n<div class=\"wp-block-column is-layout-flow wp-block-column-is-layout-flow\">\n<figure class=\"wp-block-image size-full\"><img loading=\"lazy\" decoding=\"async\" width=\"850\" height=\"385\" src=\"https:\/\/corporate.minor-hotels.com\/assets\/uploads\/2022\/11\/17135739\/i-programs.jpg\" alt=\"\" class=\"wp-image-14557\" srcset=\"https:\/\/corporate.minor-hotels.com\/assets\/uploads\/2022\/11\/17135739\/i-programs.jpg 850w, https:\/\/corporate.minor-hotels.com\/assets\/uploads\/2022\/11\/17135739\/i-programs-300x136.jpg 300w, https:\/\/corporate.minor-hotels.com\/assets\/uploads\/2022\/11\/17135739\/i-programs-768x348.jpg 768w\" sizes=\"auto, (max-width: 850px) 100vw, 850px\" \/><\/figure>\n<\/div>\n<\/div>\n\n\n\n<div class=\"wp-block-columns is-layout-flex wp-container-core-columns-is-layout-9d6595d7 wp-block-columns-is-layout-flex\">\n<div class=\"wp-block-column is-layout-flow wp-block-column-is-layout-flow\">\n<h2>BU America<\/h2>\n<p>Ci impegnamo&nbsp;a sviluppare il talenti personale&nbsp;e siamo consapevoli della rilevanza che i programmi di tirocinio rivestono nel settore alberghiero. Scopri perch\u00e9 NH Hotel Group \u00e8 una delle aziende alberghiere pi\u00f9 importanti a livello europeo!<\/p>\n<p>Se stai studiando Amministrazione alberghiera, Turismo, Formazione professionale di cucina, Servizi, Alloggi, Amministrazione, Manutenzione delle strutture degli edifici ed Elettricit\u00e0 o stai preparando un master, soprattutto in Direzione alberghiera, in NH troverai certamente tirocini adeguati al tuo profilo e alle tue aspettative.<\/p>\n<p>Forniamo stage praticamente in tutti i reparti:<\/p>\n<ul>\n<li>Hotel: Reparti di Reception, Commerciale, Cucina, Sala, Piani, Servizi generali, Prenotazioni, Relazioni con gli ospiti, Manutenzione e Direzione.<\/li>\n<li>Servizi centrali: Acquisti, Vendite, Amministrazione, IT (sistemi) e Risorse umane<\/li>\n<\/ul>\n<p>Le caratteristiche dei programmi principali sono:<\/p>\n<table class=\"internship\">\n<tbody>\n<tr>\n<td><strong>Paese<\/strong><\/td>\n<td><strong>Tipo di programma di tirocinio<\/strong><\/td>\n<td><strong>Periodo<\/strong><\/td>\n<\/tr>\n<tr>\n<td>Argentina<\/td>\n<td>Stage &#8220;Primi passi&#8221; &nbsp;solo a Cordova<\/td>\n<td>Da 1 a 12 mesi<\/td>\n<\/tr>\n<tr>\n<td>Stage in hotel e servizi centrali<\/td>\n<td>Da 2 a 18 mesi<\/td>\n<\/tr>\n<tr>\n<td>Rep. Dominicana<\/td>\n<td>Studenti di Food and Beverage<\/td>\n<td>40 giorni<\/td>\n<\/tr>\n<tr>\n<td>Stagisti universitari<\/td>\n<td>90 giorni<\/td>\n<\/tr>\n<tr>\n<td>Venezuela<\/td>\n<td>Apprendisti INCES<\/td>\n<td>1 anno di teoria e 1 anno e mezzo di pratica<\/td>\n<\/tr>\n<tr>\n<td>Stagista universitario<\/td>\n<td>Da 1 a 3 mesi<\/td>\n<\/tr>\n<tr>\n<td>Messico<\/td>\n<td>Stagisti universitari<\/td>\n<td>Da 200 a 768 ore<\/td>\n<\/tr>\n<tr>\n<td>Borsisti<\/td>\n<td>A condizione di studi comprovati<\/td>\n<\/tr>\n<tr>\n<td>Haiti<\/td>\n<td>Tirocinanti presso hotel<\/td>\n<td>30 giorni<\/td>\n<\/tr>\n<tr>\n<td>Cile<\/td>\n<td>Stage<\/td>\n<td>Fino a 3 mesi<\/td>\n<\/tr>\n<tr>\n<td>Uruguay<\/td>\n<td>Stage<\/td>\n<td>Da 3 a 9 mesi<\/td>\n<\/tr>\n<\/tbody>\n<\/table>\n<p>Vorremmo farti vivere un&#8217;esperienza indimenticabile che faccia la differenza nel tuo sviluppo professionale e nel tuo primo approccio al mondo del lavoro. Ci piace quello che facciamo e siamo sicuri che condividerai la nostra passione.<\/p>\n<p><strong>Opportunit\u00e0 di stage<\/strong><\/p>\n<p>Unisciti a noi in questa emozionante e stimolante esperienza.&nbsp;<a href=\"https:\/\/nhcareers.epreselec.com\/?id_idioma=9&amp;id_origen=web+corporativa\" target=\"_blank\" rel=\"noopener\">Inviaci la tua candidatura!<\/a><\/p>\n<\/div>\n<\/div>\n\n\n\n<div class=\"wp-block-columns is-layout-flex wp-container-core-columns-is-layout-9d6595d7 wp-block-columns-is-layout-flex\">\n<div class=\"wp-block-column is-layout-flow wp-block-column-is-layout-flow\">\n<h2>BU Northern Europe<\/h2>\n<p><strong>In Germania, Svizzera, Austria, Repubblica Ceca, Ungheria, Slovacchia e Romania:<\/strong><\/p>\n<p>In NH ti offriamo molte opportunit\u00e0 di acquisire esperienza professionale!<\/p>\n<p><em>Programmi di formazione professionale e di laurea integrata:<\/em><\/p>\n<p>Vuoi essere la nostra prossima stella? NH \u00e8 il posto perfetto per una carriera di successo, che richiede impegno ma \u00e8 anche piacevole. Il tuo percorso con noi inizia con uno di questi apprendistati:&nbsp;<br>\u2022 Specialista in ristoranti (f\/m)<br>\u2022 Specialista in hotel (f\/m)<br>\u2022 Cuoco (f\/m)<br>\u2022 Corso di laurea integrato Direzione alberghiera e Turismo<\/p>\n<p>Naturalmente se stai ancora studiando puoi venire da noi a fare uno stage.<br>Perch\u00e9 la tua domanda venga accolta, la motivazione conta pi\u00f9 dei voti. Dovresti aver completato almeno la prima classe delle superiori e parlare bene il tedesco e l&#8217;inglese. La conoscenza di altre lingue straniere \u00e8 un vantaggio. La cosa pi\u00f9 importante \u00e8 che ti piaccia mettere a loro agio gli ospiti di NH e farli sentire speciali.<\/p>\n<p>Ti aspettano ottime opportunit\u00e0 di formazione e di carriera, oltre a questi vantaggi:<br>\u2022 Tariffa dipendenti nei circa 400 hotel NH in tutto il mondo<br>\u2022 Numerosi corsi di formazione, colloqui e supporto da parte di formatori specializzati<br>\u2022 Un programma di carriera su misura &nbsp;(\u201cNuovi professionisti\u201c)<br>Il tuo apprendistato in NH pu\u00f2 essere il primo passo di una carriera di successo. Speriamo di fare presto la tua conoscenza!<\/p>\n<p><em>Stage in Servizi centrali:<\/em><\/p>\n<p>Stai ancora studiando o ti sei appena laureato\/a e vorresti acquisire un po&#8217; di esperienza professionale? NH ti offre l&#8217;opportunit\u00e0 di fare pratica in uno dei seguenti reparti:<br>Marketing, Finanze, Risorse umane, Approvvigionamento, Informatica, Vendite, Gestione dei ricavi, E-Commerce, Costruzione e manutenzione, Direzione ufficio&nbsp;, Prenotazioni, Gestione della qualit\u00e0.<\/p>\n<p>Lavorerai da noi preferibilmente per&nbsp;almeno&nbsp;6 mesi e avrai tanta curiosit\u00e0 per i tuoi compiti futuri. In cambio troverai:<br>\u2022 Orientamento, formazione e tue aree di responsabilit\u00e0 a partire dal primo giorno<br>\u2022 Un&#8217;ottima squadra di cui farai parte e una conoscenza approfondita della nostra Business Unit<br>\u2022 Tariffa dipendenti nei circa 400 hotel NH in tutto il mondo<br>\u2022 Numerose occasioni di formazione in competenze trasversali e professionali<br>\u2022 Eventi per stagisti<br>\u2022 Remunerazione&nbsp;<br>La maggior parte dei nostri stage hanno luogo a Berlino, ma li offriamo anche in altre grandi citt\u00e0, come Monaco, Francoforte e Vienna. Visita il nostro portale delle offerte di lavoro!<\/p>\n<p>Mettersi in contatto<br>Ti interessa? Puoi vedere i posti attualmente vacanti nel nostro portale delle offerte di lavoro. Se hai domande sugli stage, la formazione, gli studi o la tua candidatura, contatta il nostro reparto Risorse umane:&nbsp;<em>karriere.de@nh-hotels.com<\/em>&nbsp;o +49 (0) 30 206 207 58 (Berlin).<\/p>\n<p><strong>Nei Paesi Bassi, Belgio, Lussemburgo, Regno Unito e Sudafrica:<\/strong><\/p>\n<p><em>\u2022 Hotel:<\/em><\/p>\n<p>Profilo: Gestione studenti e Direzione alberghiera, Turismo, Gestione strutture, Front office, Scuola alberghiera. Studenti di master, in particolare di specializzazione in Gestione dell&#8217;ospitalit\u00e0.<br>I tirocinanti di NH Hotel Group hanno una personalit\u00e0 entusiastica e sono flessibili (abituati anche a lavorare nei weekend). Un tirocinante inoltre \u00e8 orientato all&#8217;assistenza e ha una buona padronanza dell&#8217;olandese e dell&#8217;inglese. A volte diciamo che NH sta per Natural Host, cio\u00e8 &#8216;ospite naturale&#8217;: in tutte le mansioni presso NH Hotel Group l&#8217;ospitalit\u00e0 ha un ruolo importante. Come studente sarai in grado di lavorare autonomamente e all&#8217;interno di una squadra.<\/p>\n<p>Reparti di tirocinio: Front office, Food and Beverage, Cucina, Responsabilit\u00e0 in servizio, Pulizie, Assistenza al direttore, Assistenza ai clienti, Gestione dei ricavi, Ufficio commerciale del Gruppo, Vendite banchetti e Manutenzione.<\/p>\n<p>Durata: minimo 10 settimane &#8211; 10 mesi.<\/p>\n<p>Sede: tutti gli hotel delle Nei Paesi Bassi, Belgio, Lussemburgo, Regno Unito e Sudafrica<\/p>\n<p><em>\u2022 Servizi centrali:<\/em>&nbsp; &nbsp; &nbsp; &nbsp; &nbsp; &nbsp; &nbsp; &nbsp; &nbsp; &nbsp; &nbsp; &nbsp; &nbsp; &nbsp; &nbsp; &nbsp; &nbsp; &nbsp; &nbsp; &nbsp; &nbsp; &nbsp; &nbsp; &nbsp; &nbsp; &nbsp; &nbsp; &nbsp; &nbsp; &nbsp; &nbsp; &nbsp; &nbsp; &nbsp; &nbsp; &nbsp; &nbsp; &nbsp; &nbsp; &nbsp; &nbsp; &nbsp; &nbsp; &nbsp; &nbsp; &nbsp; &nbsp; &nbsp; &nbsp; &nbsp; &nbsp; &nbsp; &nbsp; &nbsp; &nbsp; &nbsp; &nbsp; &nbsp; &nbsp; &nbsp; &nbsp; &nbsp; &nbsp; &nbsp; &nbsp; &nbsp; &nbsp; &nbsp; &nbsp; &nbsp; &nbsp; &nbsp; &nbsp; &nbsp; &nbsp; &nbsp; &nbsp; &nbsp; &nbsp; &nbsp; &nbsp; &nbsp; &nbsp; &nbsp; &nbsp; &nbsp; &nbsp; &nbsp; &nbsp; &nbsp; &nbsp; &nbsp; &nbsp; &nbsp; &nbsp; &nbsp; &nbsp; &nbsp; &nbsp; &nbsp; &nbsp; &nbsp; &nbsp; &nbsp; &nbsp; &nbsp; &nbsp; &nbsp; &nbsp; &nbsp; &nbsp; &nbsp; &nbsp; &nbsp; &nbsp; &nbsp; &nbsp; &nbsp; &nbsp; &nbsp; &nbsp; &nbsp; &nbsp; &nbsp; &nbsp; &nbsp; &nbsp; &nbsp; &nbsp; &nbsp; &nbsp; &nbsp; &nbsp; &nbsp; &nbsp; &nbsp; &nbsp; &nbsp; &nbsp; &nbsp; &nbsp; &nbsp; &nbsp; &nbsp; &nbsp; &nbsp; &nbsp; &nbsp; &nbsp; &nbsp; &nbsp; &nbsp; &nbsp; &nbsp; &nbsp; &nbsp; &nbsp;&nbsp;<\/p>\n<p>Profilo: Gestione studenti e Direzione alberghiera, Turismo, Gestione strutture. Studenti di master, in particolare con specializzazione in Gestione dell&#8217;ospitalit\u00e0.<br>I tirocinanti di NH Hotel Group hanno una personalit\u00e0 entusiastica e sono flessibili (abituati anche a lavorare nei weekend). Un tirocinante inoltre \u00e8 orientato all&#8217;assistenza e ha una buona padronanza dell&#8217;olandese e dell&#8217;inglese. A volte diciamo che NH sta per Natural Host, cio\u00e8 &#8216;ospite naturale&#8217;: in tutte le mansioni presso NH Hotel Group l&#8217;ospitalit\u00e0 ha un ruolo importante. Come studente sarai in grado di lavorare autonomamente e all&#8217;interno di una squadra.<\/p>\n<p>Reparti di tirocinio: Risorse umane*, Marketing, Comunicazioni e E-Commerce, Acquisti, Qualit\u00e0, Finanze, Progetti ramo alimentare e Vendite.<\/p>\n<p>Durata: da 5 a 10 mesi.<\/p>\n<p>Sede: presso l&#8217;ufficio centrale Servizi per Hilversum&nbsp;(Paesi Bassi)<br>*Il tirocinio in Risorse umane \u00e8 possibile nei Paesi Bassi, in Belgio e nel Regno Unito.<\/p>\n<\/div>\n<\/div>\n\n\n\n<div class=\"wp-block-columns is-layout-flex wp-container-core-columns-is-layout-9d6595d7 wp-block-columns-is-layout-flex\">\n<div class=\"wp-block-column is-layout-flow wp-block-column-is-layout-flow\">\n<h2>BU Southern Europe<\/h2>\n<p><strong>In Spagna, Portogallo, Andorra e Francia<\/strong>:<\/p>\n<p>Cerchiamo potenziale e attitudine.&nbsp; Se sei uno studente e la tua ambizione \u00e8 l&#8217;apprendimento continuo e la crescita professionale, ti invitiamo a venire da noi. Organizziamo programmi di tirocinio praticamente in tutte le citt\u00e0.<br>Registrati sul nostro portale delle offerte di lavoro e consultalo!<\/p>\n<ul>\n<li><em>Hotel:<\/em><\/li>\n<\/ul>\n<p>Profilo: Studenti di Gestione e direzione alberghiera, Turismo, Formazione professionale di cucina, Servizi, Alloggi, Amministrazione e gestione, Manutenzione delle strutture degli edifici ed Elettricit\u00e0. Anche studenti di master, soprattutto con specializzazione in Direzione alberghiera.<br>Tirocini in: Reparti di Reception, Commerciale, Cucina, Sala, Piani, Servizi generali, Acquisti, Prenotazioni, Relazioni con gli ospiti, Manutenzione e Direzione.<br>Durata: tra 3 e 6 mesi (prorogabili).<br>Sede di svolgimento: in tutti gli hotel della Spagna, Portogallo, Andorra e Francia.<\/p>\n<ul>\n<li><em>Servizi centrali:<\/em><\/li>\n<\/ul>\n<p>Profilo: Studenti di tutte le lauree e di tutti i master, in particolare Amministrazione e direzione d&#8217;azienda, Turismo, Ingegneria e Diritto. Anche studenti di Formazione professionale di Gestione, Amministrazione e master relazionati o meno con il settore alberghiero. Si apprezzer\u00e0 particolarmente un alto livello di conoscenza dell&#8217;inglese, oltre alla padronanza della lingua locale.<br>Tirocini in: Reparti di Marketing, Distribuzione, elettronica, Amministrazione e finanze,&nbsp; Ambiente e ingegneria, Risorse umane, Acquisti e vendite.<br>Durata: da 6 a 12 mesi.<br>Sede di svolgimento: nelle sedi centrali di Madrid e Barcellona. &nbsp; &nbsp; &nbsp; &nbsp;&nbsp;&nbsp; &nbsp; &nbsp; &nbsp; &nbsp; &nbsp; &nbsp; &nbsp; &nbsp; &nbsp; &nbsp; &nbsp; &nbsp; &nbsp; &nbsp; &nbsp; &nbsp; &nbsp; &nbsp; &nbsp; &nbsp; &nbsp; &nbsp; &nbsp; &nbsp; &nbsp; &nbsp; &nbsp; &nbsp; &nbsp; &nbsp; &nbsp; &nbsp; &nbsp; &nbsp; &nbsp; &nbsp; &nbsp; &nbsp; &nbsp; &nbsp; &nbsp; &nbsp; &nbsp; &nbsp; &nbsp; &nbsp; &nbsp; &nbsp; &nbsp; &nbsp; &nbsp; &nbsp; &nbsp; &nbsp; &nbsp; &nbsp; &nbsp; &nbsp; &nbsp; &nbsp; &nbsp; &nbsp; &nbsp; &nbsp; &nbsp; &nbsp; &nbsp; &nbsp; &nbsp; &nbsp; &nbsp; &nbsp; &nbsp; &nbsp; &nbsp; &nbsp; &nbsp; &nbsp; &nbsp; &nbsp; &nbsp; &nbsp; &nbsp; &nbsp; &nbsp; &nbsp; &nbsp; &nbsp; &nbsp; &nbsp; &nbsp; &nbsp; &nbsp; &nbsp; &nbsp; &nbsp; &nbsp; &nbsp; &nbsp; &nbsp; &nbsp; &nbsp; &nbsp; &nbsp; &nbsp; &nbsp; &nbsp; &nbsp; &nbsp; &nbsp; &nbsp; &nbsp; &nbsp; &nbsp; &nbsp; &nbsp; &nbsp; &nbsp; &nbsp; &nbsp; &nbsp; &nbsp; &nbsp; &nbsp; &nbsp; &nbsp; &nbsp; &nbsp; &nbsp; &nbsp;<\/p>\n<p><strong>In&nbsp;Italia:<\/strong><\/p>\n<p>Il programma di stage si avvale della collaborazione e interazione con le principali Universit\u00e0 italiane e con le pi\u00f9 importanti Scuole di Alta Formazione, a partire dalle testimonianze dei nostri Manager e General Manger presso di loro, all\u2019offerta di opportunit\u00e0 di stage curriculari e extracurriculari.&nbsp;<\/p>\n<p>Le caratteristiche principali degli stage da noi proposti sono:<\/p>\n<p>\u2022 Durata 3 \u2013 6 mesi<br>\u2022 Affiancamento da parte di un tutor aziendale alla risorsa<br>\u2022 Rimborso spese nel caso di stage extracurriculari<\/p>\n<p>I nostri stage si basano su un apprendimento &nbsp;on the job, hanno pertanto una forte componente pratica, con affiancamento diretto agli specialisti di funzione e momenti di feedback e verifica sull\u2019andamento del progetto e della performance individuale. Possono essere svolti sia nei nostri hotel, nei reparti di Cucina, Sala e Front Office, che in quasi tutti i dipartimenti dei Servizi Centrali (Direzioni HR, Acquisti, Vendite, Marketing, Booking, Revenue, IT).<\/p>\n<p>Lo stage da noi diventa un momento molto importante nella vita dello studente \/ neo laureato, in quanto \u00e8 la prima opportunit\u00e0 per testare le scelte professionali fatte durante il proprio percorso di studi, chiarirsi le idee su cosa si voglia fare \u201cda grande\u201d, individuare i propri punti di forza, le aree di interesse e anche le proprie aree di miglioramento.&nbsp;<\/p>\n<p>Lo stage in Italia costituisce un\u2019importante \u201cporta d\u2019ingresso\u201d per entrare in azienda e ci permette di trovare i talenti che potranno diventare i nostri manager del futuro!<\/p>\n<\/div>\n<\/div>\n\n\n\n<div class=\"wp-block-columns is-layout-flex wp-container-core-columns-is-layout-9d6595d7 wp-block-columns-is-layout-flex\">\n<div class=\"wp-block-column is-layout-flow wp-block-column-is-layout-flow\">\n<h2>Headquarters Madrid<\/h2>\n<p>Sei alla ricerca della tua prima esperienza professionale, sei fortemente orientato al cliente e interessato al settore alberghiero?&nbsp;<\/p>\n<p>NH ti offre l&#8217;opportunit\u00e0 di entrare nel mondo del lavoro e di diventare un professionista lavorando in un&#8217;azienda dinamica e globale.<\/p>\n<p>Per la nostra sede centrale di Madrid, cerchiamo persone di talento interessate a imparare, a offrire le loro idee e il loro entusiasmo e che abbiano un buon livello d&#8217;inglese, perch\u00e9 possano prestare servizio nelle diverse Business unit di NH Hotel Group in tutto il mondo.<\/p>\n<p>I reparti che ti offriamo sono: Marketing, E-commerce, Distribuzione, Commerciale, Finanziario, Business Intelligence, Ambiente, Ingegneria, Risorse umane, Acquisti, Imposte e Vendite.<\/p>\n<p>Il periodo di tirocinio va da 6 a 12 mesi.<\/p>\n<p>Entra nel mondo del lavoro sotto la guida di NH Hotel Group. &nbsp;Inviaci il tuo curriculum<\/p>\n<\/div>\n<\/div>\n\n\n\n<hr class=\"wp-block-separator has-alpha-channel-opacity\"\/>\n\n\n\n<div class=\"wp-block-columns is-layout-flex wp-container-core-columns-is-layout-9d6595d7 wp-block-columns-is-layout-flex\">\n<div class=\"wp-block-column is-layout-flow wp-block-column-is-layout-flow\">\n<p>Vogliamo offrirvi un&#8217;esperienza indimenticabile, che rappresenti il punto di svolta del vostro percorso di sviluppo e del vostro primo approccio al mondo del lavoro. Il nostro lavoro \u00e8 la nostra passione e siamo sicuri che anche per voi sar\u00e0 lo stesso.<\/p>\n<p>Unitevi a noi in questa esperienza emozionante e stimolante.<\/p>\n<p><a href=\"https:\/\/nhcareers.epreselec.com\/?id_idioma=9&amp;id_origen=web+corporativa\" target=\"_blank\" rel=\"noopener\">Inviateci la vostra candidatura!<\/a><\/p>\n<\/div>\n<\/div>\n","protected":false},"excerpt":{"rendered":"<p>NH Hotels stage: opportunit\u00e0 di tirocinio I programmi di Stage in NH Hotel Group permettono di accedere ad un\u2019esperienza eccitante e stimolante presso la nostra azienda. Il potenziale di ognuno ed il giusto atteggiamento sono i nostri principali criteri di selezione. Quindi, se siete interessati a far parte di una societ\u00e0 leader nel settore alberghiero, [&hellip;]<\/p>\n","protected":false},"author":10,"featured_media":0,"parent":18396,"menu_order":0,"comment_status":"closed","ping_status":"closed","template":"","meta":{"_acf_changed":false,"footnotes":""},"class_list":["post-18420","page","type-page","status-publish","hentry"],"acf":[],"_links":{"self":[{"href":"https:\/\/corporate.minor-hotels.com\/it\/wp-json\/wp\/v2\/pages\/18420","targetHints":{"allow":["GET"]}}],"collection":[{"href":"https:\/\/corporate.minor-hotels.com\/it\/wp-json\/wp\/v2\/pages"}],"about":[{"href":"https:\/\/corporate.minor-hotels.com\/it\/wp-json\/wp\/v2\/types\/page"}],"author":[{"embeddable":true,"href":"https:\/\/corporate.minor-hotels.com\/it\/wp-json\/wp\/v2\/users\/10"}],"replies":[{"embeddable":true,"href":"https:\/\/corporate.minor-hotels.com\/it\/wp-json\/wp\/v2\/comments?post=18420"}],"version-history":[{"count":2,"href":"https:\/\/corporate.minor-hotels.com\/it\/wp-json\/wp\/v2\/pages\/18420\/revisions"}],"predecessor-version":[{"id":19100,"href":"https:\/\/corporate.minor-hotels.com\/it\/wp-json\/wp\/v2\/pages\/18420\/revisions\/19100"}],"up":[{"embeddable":true,"href":"https:\/\/corporate.minor-hotels.com\/it\/wp-json\/wp\/v2\/pages\/18396"}],"wp:attachment":[{"href":"https:\/\/corporate.minor-hotels.com\/it\/wp-json\/wp\/v2\/media?parent=18420"}],"curies":[{"name":"wp","href":"https:\/\/api.w.org\/{rel}","templated":true}]}}