{"id":18404,"date":"2022-11-16T18:32:13","date_gmt":"2022-11-16T17:32:13","guid":{"rendered":"https:\/\/www.nh-hotels.com\/corporate\/?page_id=18404"},"modified":"2023-03-03T12:05:03","modified_gmt":"2023-03-03T11:05:03","slug":"perche-nh","status":"publish","type":"page","link":"https:\/\/corporate.minor-hotels.com\/it\/lavoro\/perche-nh","title":{"rendered":"Perch\u00e9 NH"},"content":{"rendered":"\n<h1 class=\"wp-block-heading\">Perch\u00e9 NH<\/h1>\n\n\n\n<div class=\"wp-block-columns is-layout-flex wp-container-core-columns-is-layout-9d6595d7 wp-block-columns-is-layout-flex\">\n<div class=\"wp-block-column is-layout-flow wp-block-column-is-layout-flow\">\n<p>NH Hotel Group si impegna costantamente a creare possibilit\u00e0 di impiego di qualit\u00e0 in un ambiente che promuove la formazione, lo sviluppo professionale e la diversit\u00e0 culturale, all&#8217;insegna delle pari opportunit\u00e0 e dell&#8217;uguaglianza dei diritti. La nostra strategia aziendale si basa su tre elementi chiave: la nostra vision, i nostri obiettivi e i nostri valori che ci guidano tutti nella stessa direzione, aiutandoci a raggiungere gli obiettivi che ci siamo prefissati a livello globale.<\/p>\n<p>Pi\u00f9 di 19.000 collaboratori sono coinvolti quotidianamente nella ricerca dell&#8217;eccellenza, incarnando i nostri Beliefs che esprimono l&#8217;essenza del nostro business e delle nostre persone:<\/p>\n<ol>\n<li>Siamo ossessionati dall&#8217;idea di far vivere esperienze indimenticabili<\/li>\n<li>Siamo orgogliosi di servire<\/li>\n<li>Ci impegnamo ad essere i migliori, anche se non siamo i pi\u00f9 grandi<\/li>\n<li>Siamo tutti responsabili dei risultati<\/li>\n<li>Ci prendiamo cura delle persone. Le nostre persone si prendono cura dei nostri ospiti<\/li>\n<li>Abbiamo un ruolo attivo nelle comunit\u00e0 in cui viviamo<\/li>\n<li>Siamo giovani dentro<\/li>\n<li>Ci piace ci\u00f2 che facciamo<\/li>\n<\/ol>\n<p>\u2026 e facciamo tutto questo con il sorriso!<\/p>\n<p>Scopri tutto questo attraverso le reali testimonianze dei nostri collaboratori. Vale proprio la pena incontrarli!<\/p>\n<p>Essere parte di NH significa avere a propria disposizione un mondo di opportunit\u00e0 di crescita professionale.<\/p>\n<p>NH Hotel Group si \u00e8 sempre impegnata nella formazione dei propri collaboratori, perch\u00e8 ha sempre creduto che questo fosse il modo migliore per raggiungere la posizione di leadership che oggi riveste. NH University, il centro di formazione aziendale di NH Hotel Group, \u00e8 stato istituito con questo obiettivo nel 1996 e conta oggi 5 campus, in cui offriamo continui corsi di aggiornamento con un metodo di formazione innovativo, ispirato alle esigenze lavorative quotidiane e che trasforma i valori della Compagnia in specifici programmi di formazione. Anno dopo anno, i programmi sono stati progettati e organizzati servendosi di un&#8217;ampia variet\u00e0 di metodologie, con un&#8217;attenzione particolare alla gestione e all&#8217;integrazione delle diversit\u00e0 e allo sviluppo delle abilit\u00e0 e delle competenze tecniche per raggiungere risultati di eccellenza. L&#8217;importanza che attribuiamo nel formare i nostri professionisti in NH Hotel Group ci rende capaci di offrire sempre il pi\u00f9 alto livello di servizio ai nostri clienti. Ogni anno proviamo a superarci, cercando di migliorare il livello di soddisfazione dei partecipanti e di coinvolgere chiunque lavori per la Compagnia.<\/p>\n<p><strong>Report Annuale<\/strong><\/p>\n<p>Per conoscere tutte le informazioni su NH Hotel Group<\/p>\n<p><a href=\"http:\/\/memorianh.com\/2015\/en\/\" target=\"_blank\" rel=\"noopener\">https:\/\/memorianh.com\/2018\/<\/a><\/p>\n<\/div>\n<\/div>\n\n\n\n<div class=\"wp-block-columns is-layout-flex wp-container-core-columns-is-layout-9d6595d7 wp-block-columns-is-layout-flex\">\n<div class=\"wp-block-column is-layout-flow wp-block-column-is-layout-flow\">\n<div class=\"wp-block-themepunch-revslider revslider\" data-modal=\"false\" data-slidertitle=\"Jobs Why NH\" style=\"\">\n\t\t\t<!-- START Jobs Why NH REVOLUTION SLIDER 6.6.13 --><p class=\"rs-p-wp-fix\"><\/p>\n\t\t\t<rs-module-wrap id=\"rev_slider_10_1_wrapper\" data-source=\"gallery\" style=\"visibility:hidden;background:transparent;padding:0;margin:0px auto;margin-top:0;margin-bottom:0;\">\n\t\t\t\t<rs-module id=\"rev_slider_10_1\" style=\"\" data-version=\"6.6.13\">\n\t\t\t\t\t<rs-slides style=\"overflow: hidden; position: absolute;\">\n\t\t\t\t\t\t<rs-slide style=\"position: absolute;\" data-key=\"rs-41\" data-title=\"Slide\" data-in=\"o:0;\" data-out=\"a:false;\">\n\t\t\t\t\t\t\t<img decoding=\"async\" src=\"\/\/corporate.minor-hotels.com\/assets\/plugins\/revslider\/public\/assets\/assets\/dummy.png\" alt=\"Slide\" title=\"Perch\u00e9 NH\" class=\"rev-slidebg tp-rs-img rs-lazyload\" data-lazyload=\"\/\/corporate.minor-hotels.com\/assets\/plugins\/revslider\/public\/assets\/assets\/transparent.png\" data-no-retina>\n<!--\t\t\t\t\t\t--><rs-zone id=\"rrzt_41\" class=\"rev_row_zone_top\" style=\"z-index: 6;\"><!--\n\n\t\t\t\t\t\t\t\t--><rs-row\n\t\t\t\t\t\t\t\t\tid=\"slider-10-slide-41-layer-0\" \n\t\t\t\t\t\t\t\t\tdata-type=\"row\"\n\t\t\t\t\t\t\t\t\tdata-xy=\"xo:50px;yo:50px;\"\n\t\t\t\t\t\t\t\t\tdata-rsp_bd=\"off\"\n\t\t\t\t\t\t\t\t\tdata-padding=\"t:10;r:10;b:10;l:10;\"\n\t\t\t\t\t\t\t\t\tdata-frame_0=\"o:1;\"\n\t\t\t\t\t\t\t\t\tdata-frame_999=\"o:0;st:w;sA:9000;\"\n\t\t\t\t\t\t\t\t\tstyle=\"z-index:6;\"\n\t\t\t\t\t\t\t\t><!--\n\t\t\t\t\t\t\t\t\t--><rs-column\n\t\t\t\t\t\t\t\t\t\tid=\"slider-10-slide-41-layer-1\" \n\t\t\t\t\t\t\t\t\t\tdata-type=\"column\"\n\t\t\t\t\t\t\t\t\t\tdata-xy=\"xo:50px;yo:50px;\"\n\t\t\t\t\t\t\t\t\t\tdata-rsp_bd=\"off\"\n\t\t\t\t\t\t\t\t\t\tdata-column=\"w:50%;\"\n\t\t\t\t\t\t\t\t\t\tdata-padding=\"t:10;r:10;b:10;l:10;\"\n\t\t\t\t\t\t\t\t\t\tdata-frame_0=\"o:1;\"\n\t\t\t\t\t\t\t\t\t\tdata-frame_999=\"o:0;st:w;sA:9000;\"\n\t\t\t\t\t\t\t\t\t\tstyle=\"z-index:7;width:100%;\"\n\t\t\t\t\t\t\t\t\t><!--\n\t\t\t\t\t\t\t\t\t\t--><rs-layer\n\t\t\t\t\t\t\t\t\t\t\tid=\"slider-10-slide-41-layer-5\" \n\t\t\t\t\t\t\t\t\t\t\tclass=\"rs-layer-video intrinsic-ignore\"\n\t\t\t\t\t\t\t\t\t\t\tdata-type=\"video\"\n\t\t\t\t\t\t\t\t\t\t\tdata-rsp_ch=\"on\"\n\t\t\t\t\t\t\t\t\t\t\tdata-xy=\"\"\n\t\t\t\t\t\t\t\t\t\t\tdata-pos=\"r\"\n\t\t\t\t\t\t\t\t\t\t\tdata-text=\"w:normal;s:20,20,12,7;l:0,0,15,9;\"\n\t\t\t\t\t\t\t\t\t\t\tdata-dim=\"w:515px,515px,322px,100%;h:290px,290px,181px,auto;\"\n\t\t\t\t\t\t\t\t\t\t\tdata-video=\"ap:false;vd:100;l:false;ptimer:false;\"\n\t\t\t\t\t\t\t\t\t\t\tdata-poster=\"\/\/img.youtube.com\/vi\/dn_ABmnfPlE\/maxresdefault.jpg\"\n\t\t\t\t\t\t\t\t\t\t\tdata-ytid=\"dn_ABmnfPlE\"\n\t\t\t\t\t\t\t\t\t\t\tdata-vatr=\"version=3&amp;enablejsapi=1&amp;html5=1&amp;hd=1&amp;wmode=opaque&amp;showinfo=0&amp;rel=0&amp;origin=https:\/\/corporate.minor-hotels.com;\"\n\t\t\t\t\t\t\t\t\t\t\tdata-frame_999=\"o:0;st:w;\"\n\t\t\t\t\t\t\t\t\t\t\tstyle=\"z-index:6;\"\n\t\t\t\t\t\t\t\t\t\t>\n\t\t\t\t\t\t\t\t\t\t<\/rs-layer><!--\n\t\t\t\t\t\t\t\t\t--><\/rs-column><!--\n\n\t\t\t\t\t\t\t\t\t--><rs-column\n\t\t\t\t\t\t\t\t\t\tid=\"slider-10-slide-41-layer-2\" \n\t\t\t\t\t\t\t\t\t\tdata-type=\"column\"\n\t\t\t\t\t\t\t\t\t\tdata-xy=\"xo:50px;yo:50px;\"\n\t\t\t\t\t\t\t\t\t\tdata-rsp_bd=\"off\"\n\t\t\t\t\t\t\t\t\t\tdata-column=\"w:50%;\"\n\t\t\t\t\t\t\t\t\t\tdata-padding=\"t:10;r:10;b:10;l:10;\"\n\t\t\t\t\t\t\t\t\t\tdata-frame_0=\"o:1;\"\n\t\t\t\t\t\t\t\t\t\tdata-frame_999=\"o:0;st:w;sA:9000;\"\n\t\t\t\t\t\t\t\t\t\tstyle=\"z-index:6;width:100%;\"\n\t\t\t\t\t\t\t\t\t><!--\n\t\t\t\t\t\t\t\t\t\t--><rs-layer\n\t\t\t\t\t\t\t\t\t\t\tid=\"slider-10-slide-41-layer-4\" \n\t\t\t\t\t\t\t\t\t\t\tdata-type=\"text\"\n\t\t\t\t\t\t\t\t\t\t\tdata-color=\"#505050\"\n\t\t\t\t\t\t\t\t\t\t\tdata-rsp_ch=\"on\"\n\t\t\t\t\t\t\t\t\t\t\tdata-xy=\"\"\n\t\t\t\t\t\t\t\t\t\t\tdata-pos=\"r\"\n\t\t\t\t\t\t\t\t\t\t\tdata-text=\"w:normal;s:35,35,21,21;l:0,0,6,6;a:left,left,left,center;\"\n\t\t\t\t\t\t\t\t\t\t\tdata-dim=\"w:591px,591px,370px,425px;h:46px,46px,28px,38px;\"\n\t\t\t\t\t\t\t\t\t\t\tdata-padding=\"b:0,0,0,20;\"\n\t\t\t\t\t\t\t\t\t\t\tdata-frame_999=\"o:0;st:w;\"\n\t\t\t\t\t\t\t\t\t\t\tstyle=\"z-index:6;font-family:'Roboto';border-bottom:5px solid #505050;\"\n\t\t\t\t\t\t\t\t\t\t><h3>Further Together - 2nd Phase<\/h3><br \/>\n \n\t\t\t\t\t\t\t\t\t\t<\/rs-layer><!--\n\t\t\t\t\t\t\t\t\t--><\/rs-column><!--\n\t\t\t\t\t\t\t\t--><\/rs-row><!--\n\t\t\t\t\t\t\t--><\/rs-zone><!--\n-->\t\t\t\t\t\t<\/rs-slide>\n\t\t\t\t\t\t<rs-slide style=\"position: absolute;\" data-key=\"rs-42\" data-title=\"Slide\" data-in=\"o:0;\" data-out=\"a:false;\">\n\t\t\t\t\t\t\t<img decoding=\"async\" src=\"\/\/corporate.minor-hotels.com\/assets\/plugins\/revslider\/public\/assets\/assets\/dummy.png\" alt=\"Slide\" title=\"Perch\u00e9 NH\" class=\"rev-slidebg tp-rs-img rs-lazyload\" data-lazyload=\"\/\/corporate.minor-hotels.com\/assets\/plugins\/revslider\/public\/assets\/assets\/transparent.png\" data-no-retina>\n<!--\t\t\t\t\t\t--><rs-zone id=\"rrzt_42\" class=\"rev_row_zone_top\" style=\"z-index: 6;\"><!--\n\n\t\t\t\t\t\t\t\t--><rs-row\n\t\t\t\t\t\t\t\t\tid=\"slider-10-slide-42-layer-0\" \n\t\t\t\t\t\t\t\t\tdata-type=\"row\"\n\t\t\t\t\t\t\t\t\tdata-xy=\"xo:50px;yo:50px;\"\n\t\t\t\t\t\t\t\t\tdata-rsp_bd=\"off\"\n\t\t\t\t\t\t\t\t\tdata-padding=\"t:10;r:10;b:10;l:10;\"\n\t\t\t\t\t\t\t\t\tdata-frame_0=\"o:1;\"\n\t\t\t\t\t\t\t\t\tdata-frame_999=\"o:0;st:w;sA:9000;\"\n\t\t\t\t\t\t\t\t\tstyle=\"z-index:6;\"\n\t\t\t\t\t\t\t\t><!--\n\t\t\t\t\t\t\t\t\t--><rs-column\n\t\t\t\t\t\t\t\t\t\tid=\"slider-10-slide-42-layer-1\" \n\t\t\t\t\t\t\t\t\t\tdata-type=\"column\"\n\t\t\t\t\t\t\t\t\t\tdata-xy=\"xo:50px;yo:50px;\"\n\t\t\t\t\t\t\t\t\t\tdata-rsp_bd=\"off\"\n\t\t\t\t\t\t\t\t\t\tdata-column=\"w:50%;\"\n\t\t\t\t\t\t\t\t\t\tdata-padding=\"t:10;r:10;b:10;l:10;\"\n\t\t\t\t\t\t\t\t\t\tdata-frame_0=\"o:1;\"\n\t\t\t\t\t\t\t\t\t\tdata-frame_999=\"o:0;st:w;sA:9000;\"\n\t\t\t\t\t\t\t\t\t\tstyle=\"z-index:7;width:100%;\"\n\t\t\t\t\t\t\t\t\t><!--\n\t\t\t\t\t\t\t\t\t\t--><rs-layer\n\t\t\t\t\t\t\t\t\t\t\tid=\"slider-10-slide-42-layer-5\" \n\t\t\t\t\t\t\t\t\t\t\tclass=\"rs-layer-video intrinsic-ignore\"\n\t\t\t\t\t\t\t\t\t\t\tdata-type=\"video\"\n\t\t\t\t\t\t\t\t\t\t\tdata-rsp_ch=\"on\"\n\t\t\t\t\t\t\t\t\t\t\tdata-xy=\"\"\n\t\t\t\t\t\t\t\t\t\t\tdata-pos=\"r\"\n\t\t\t\t\t\t\t\t\t\t\tdata-text=\"w:normal;s:20,20,12,7;l:0,0,15,9;\"\n\t\t\t\t\t\t\t\t\t\t\tdata-dim=\"w:515px,515px,322px,100%;h:290px,290px,181px,auto;\"\n\t\t\t\t\t\t\t\t\t\t\tdata-video=\"ap:false;vd:100;l:false;ptimer:false;\"\n\t\t\t\t\t\t\t\t\t\t\tdata-poster=\"\/\/img.youtube.com\/vi\/yolNC9h75TE\/maxresdefault.jpg\"\n\t\t\t\t\t\t\t\t\t\t\tdata-ytid=\"yolNC9h75TE\"\n\t\t\t\t\t\t\t\t\t\t\tdata-vatr=\"version=3&amp;enablejsapi=1&amp;html5=1&amp;hd=1&amp;wmode=opaque&amp;showinfo=0&amp;rel=0&amp;origin=https:\/\/corporate.minor-hotels.com;\"\n\t\t\t\t\t\t\t\t\t\t\tdata-frame_999=\"o:0;st:w;\"\n\t\t\t\t\t\t\t\t\t\t\tstyle=\"z-index:6;\"\n\t\t\t\t\t\t\t\t\t\t>\n\t\t\t\t\t\t\t\t\t\t<\/rs-layer><!--\n\t\t\t\t\t\t\t\t\t--><\/rs-column><!--\n\n\t\t\t\t\t\t\t\t\t--><rs-column\n\t\t\t\t\t\t\t\t\t\tid=\"slider-10-slide-42-layer-2\" \n\t\t\t\t\t\t\t\t\t\tdata-type=\"column\"\n\t\t\t\t\t\t\t\t\t\tdata-xy=\"xo:50px;yo:50px;\"\n\t\t\t\t\t\t\t\t\t\tdata-rsp_bd=\"off\"\n\t\t\t\t\t\t\t\t\t\tdata-column=\"w:50%;\"\n\t\t\t\t\t\t\t\t\t\tdata-padding=\"t:10;r:10;b:10;l:10;\"\n\t\t\t\t\t\t\t\t\t\tdata-frame_0=\"o:1;\"\n\t\t\t\t\t\t\t\t\t\tdata-frame_999=\"o:0;st:w;sA:9000;\"\n\t\t\t\t\t\t\t\t\t\tstyle=\"z-index:6;width:100%;\"\n\t\t\t\t\t\t\t\t\t><!--\n\t\t\t\t\t\t\t\t\t\t--><rs-layer\n\t\t\t\t\t\t\t\t\t\t\tid=\"slider-10-slide-42-layer-4\" \n\t\t\t\t\t\t\t\t\t\t\tdata-type=\"text\"\n\t\t\t\t\t\t\t\t\t\t\tdata-color=\"#505050\"\n\t\t\t\t\t\t\t\t\t\t\tdata-rsp_ch=\"on\"\n\t\t\t\t\t\t\t\t\t\t\tdata-xy=\"\"\n\t\t\t\t\t\t\t\t\t\t\tdata-pos=\"r\"\n\t\t\t\t\t\t\t\t\t\t\tdata-text=\"w:normal;s:35,35,21,21;l:0,0,6,31;a:left,left,left,center;\"\n\t\t\t\t\t\t\t\t\t\t\tdata-dim=\"w:591px,591px,370px,437px;h:65px,65px,40px,58px;\"\n\t\t\t\t\t\t\t\t\t\t\tdata-frame_999=\"o:0;st:w;\"\n\t\t\t\t\t\t\t\t\t\t\tstyle=\"z-index:7;font-family:'Roboto';border-bottom:5px solid #505050;\"\n\t\t\t\t\t\t\t\t\t\t><h3>What is your dream? Join the NH Hotel Group Family<br \/>\n<\/h3><br \/>\n \n\t\t\t\t\t\t\t\t\t\t<\/rs-layer><!--\n\n\t\t\t\t\t\t\t\t\t\t--><rs-layer\n\t\t\t\t\t\t\t\t\t\t\tid=\"slider-10-slide-42-layer-6\" \n\t\t\t\t\t\t\t\t\t\t\tdata-type=\"text\"\n\t\t\t\t\t\t\t\t\t\t\tdata-color=\"#a5a5a5\"\n\t\t\t\t\t\t\t\t\t\t\tdata-rsp_ch=\"on\"\n\t\t\t\t\t\t\t\t\t\t\tdata-xy=\"\"\n\t\t\t\t\t\t\t\t\t\t\tdata-pos=\"r\"\n\t\t\t\t\t\t\t\t\t\t\tdata-text=\"w:normal;s:20,20,12,18;l:25,25,15,29;\"\n\t\t\t\t\t\t\t\t\t\t\tdata-dim=\"h:149px,149px,93px,57px;\"\n\t\t\t\t\t\t\t\t\t\t\tdata-padding=\"t:20,20,13,8;\"\n\t\t\t\t\t\t\t\t\t\t\tdata-frame_999=\"o:0;st:w;\"\n\t\t\t\t\t\t\t\t\t\t\tstyle=\"z-index:6;font-family:'Roboto';\"\n\t\t\t\t\t\t\t\t\t\t>At NH Hotel Group, success is built by our people. We believe in working together to deliver exceptional experiences for our guests every day. We ensure that our guests are the best ambassadors of our hotels. This is at the heart of everything that we do. View all our vacancies at https:\/\/nhhoteljobs.com<br \/>\n \n\t\t\t\t\t\t\t\t\t\t<\/rs-layer><!--\n\t\t\t\t\t\t\t\t\t--><\/rs-column><!--\n\t\t\t\t\t\t\t\t--><\/rs-row><!--\n\t\t\t\t\t\t\t--><\/rs-zone><!--\n-->\t\t\t\t\t\t<\/rs-slide>\n\t\t\t\t\t\t<rs-slide style=\"position: absolute;\" data-key=\"rs-43\" data-title=\"Slide\" data-in=\"o:0;\" data-out=\"a:false;\">\n\t\t\t\t\t\t\t<img decoding=\"async\" src=\"\/\/corporate.minor-hotels.com\/assets\/plugins\/revslider\/public\/assets\/assets\/dummy.png\" alt=\"Slide\" title=\"Perch\u00e9 NH\" class=\"rev-slidebg tp-rs-img rs-lazyload\" data-lazyload=\"\/\/corporate.minor-hotels.com\/assets\/plugins\/revslider\/public\/assets\/assets\/transparent.png\" data-no-retina>\n<!--\t\t\t\t\t\t--><rs-zone id=\"rrzt_43\" class=\"rev_row_zone_top\" style=\"z-index: 6;\"><!--\n\n\t\t\t\t\t\t\t\t--><rs-row\n\t\t\t\t\t\t\t\t\tid=\"slider-10-slide-43-layer-0\" \n\t\t\t\t\t\t\t\t\tdata-type=\"row\"\n\t\t\t\t\t\t\t\t\tdata-xy=\"xo:50px;yo:50px;\"\n\t\t\t\t\t\t\t\t\tdata-rsp_bd=\"off\"\n\t\t\t\t\t\t\t\t\tdata-padding=\"t:10;r:10;b:10;l:10;\"\n\t\t\t\t\t\t\t\t\tdata-frame_0=\"o:1;\"\n\t\t\t\t\t\t\t\t\tdata-frame_999=\"o:0;st:w;sA:9000;\"\n\t\t\t\t\t\t\t\t\tstyle=\"z-index:6;\"\n\t\t\t\t\t\t\t\t><!--\n\t\t\t\t\t\t\t\t\t--><rs-column\n\t\t\t\t\t\t\t\t\t\tid=\"slider-10-slide-43-layer-1\" \n\t\t\t\t\t\t\t\t\t\tdata-type=\"column\"\n\t\t\t\t\t\t\t\t\t\tdata-xy=\"xo:50px;yo:50px;\"\n\t\t\t\t\t\t\t\t\t\tdata-rsp_bd=\"off\"\n\t\t\t\t\t\t\t\t\t\tdata-column=\"w:50%;\"\n\t\t\t\t\t\t\t\t\t\tdata-padding=\"t:10;r:10;b:10;l:10;\"\n\t\t\t\t\t\t\t\t\t\tdata-frame_0=\"o:1;\"\n\t\t\t\t\t\t\t\t\t\tdata-frame_999=\"o:0;st:w;sA:9000;\"\n\t\t\t\t\t\t\t\t\t\tstyle=\"z-index:7;width:100%;\"\n\t\t\t\t\t\t\t\t\t><!--\n\t\t\t\t\t\t\t\t\t\t--><rs-layer\n\t\t\t\t\t\t\t\t\t\t\tid=\"slider-10-slide-43-layer-5\" \n\t\t\t\t\t\t\t\t\t\t\tclass=\"rs-layer-video intrinsic-ignore\"\n\t\t\t\t\t\t\t\t\t\t\tdata-type=\"video\"\n\t\t\t\t\t\t\t\t\t\t\tdata-rsp_ch=\"on\"\n\t\t\t\t\t\t\t\t\t\t\tdata-xy=\"\"\n\t\t\t\t\t\t\t\t\t\t\tdata-pos=\"r\"\n\t\t\t\t\t\t\t\t\t\t\tdata-text=\"w:normal;s:20,20,12,7;l:0,0,15,9;\"\n\t\t\t\t\t\t\t\t\t\t\tdata-dim=\"w:515px,515px,322px,100%;h:290px,290px,181px,auto;\"\n\t\t\t\t\t\t\t\t\t\t\tdata-video=\"ap:false;vd:100;l:false;ptimer:false;\"\n\t\t\t\t\t\t\t\t\t\t\tdata-poster=\"\/\/img.youtube.com\/vi\/QbjXR0cTvOo\/maxresdefault.jpg\"\n\t\t\t\t\t\t\t\t\t\t\tdata-ytid=\"QbjXR0cTvOo\"\n\t\t\t\t\t\t\t\t\t\t\tdata-vatr=\"version=3&amp;enablejsapi=1&amp;html5=1&amp;hd=1&amp;wmode=opaque&amp;showinfo=0&amp;rel=0&amp;origin=https:\/\/corporate.minor-hotels.com;\"\n\t\t\t\t\t\t\t\t\t\t\tdata-frame_999=\"o:0;st:w;\"\n\t\t\t\t\t\t\t\t\t\t\tstyle=\"z-index:6;\"\n\t\t\t\t\t\t\t\t\t\t>\n\t\t\t\t\t\t\t\t\t\t<\/rs-layer><!--\n\t\t\t\t\t\t\t\t\t--><\/rs-column><!--\n\n\t\t\t\t\t\t\t\t\t--><rs-column\n\t\t\t\t\t\t\t\t\t\tid=\"slider-10-slide-43-layer-2\" \n\t\t\t\t\t\t\t\t\t\tdata-type=\"column\"\n\t\t\t\t\t\t\t\t\t\tdata-xy=\"xo:50px;yo:50px;\"\n\t\t\t\t\t\t\t\t\t\tdata-rsp_bd=\"off\"\n\t\t\t\t\t\t\t\t\t\tdata-column=\"w:50%;\"\n\t\t\t\t\t\t\t\t\t\tdata-padding=\"t:10;r:10;b:10;l:10;\"\n\t\t\t\t\t\t\t\t\t\tdata-frame_0=\"o:1;\"\n\t\t\t\t\t\t\t\t\t\tdata-frame_999=\"o:0;st:w;sA:9000;\"\n\t\t\t\t\t\t\t\t\t\tstyle=\"z-index:6;width:100%;\"\n\t\t\t\t\t\t\t\t\t><!--\n\t\t\t\t\t\t\t\t\t\t--><rs-layer\n\t\t\t\t\t\t\t\t\t\t\tid=\"slider-10-slide-43-layer-4\" \n\t\t\t\t\t\t\t\t\t\t\tdata-type=\"text\"\n\t\t\t\t\t\t\t\t\t\t\tdata-color=\"#505050\"\n\t\t\t\t\t\t\t\t\t\t\tdata-rsp_ch=\"on\"\n\t\t\t\t\t\t\t\t\t\t\tdata-xy=\"\"\n\t\t\t\t\t\t\t\t\t\t\tdata-pos=\"r\"\n\t\t\t\t\t\t\t\t\t\t\tdata-text=\"w:normal;s:35,35,21,21;l:0,0,6,6;a:left,left,left,center;\"\n\t\t\t\t\t\t\t\t\t\t\tdata-dim=\"w:591px,591px,370px,100%;h:45px,45px,28px,37px;\"\n\t\t\t\t\t\t\t\t\t\t\tdata-frame_999=\"o:0;st:w;\"\n\t\t\t\t\t\t\t\t\t\t\tstyle=\"z-index:7;font-family:'Roboto';border-bottom:5px solid #505050;\"\n\t\t\t\t\t\t\t\t\t\t><h3>ShowTime<\/h3><br \/>\n \n\t\t\t\t\t\t\t\t\t\t<\/rs-layer><!--\n\n\t\t\t\t\t\t\t\t\t\t--><rs-layer\n\t\t\t\t\t\t\t\t\t\t\tid=\"slider-10-slide-43-layer-6\" \n\t\t\t\t\t\t\t\t\t\t\tdata-type=\"text\"\n\t\t\t\t\t\t\t\t\t\t\tdata-color=\"#a5a5a5\"\n\t\t\t\t\t\t\t\t\t\t\tdata-rsp_ch=\"on\"\n\t\t\t\t\t\t\t\t\t\t\tdata-xy=\"\"\n\t\t\t\t\t\t\t\t\t\t\tdata-pos=\"r\"\n\t\t\t\t\t\t\t\t\t\t\tdata-text=\"w:normal;s:20,20,12,18;l:25,25,15,28;\"\n\t\t\t\t\t\t\t\t\t\t\tdata-dim=\"h:149px,149px,93px,57px;\"\n\t\t\t\t\t\t\t\t\t\t\tdata-padding=\"t:20,20,13,8;\"\n\t\t\t\t\t\t\t\t\t\t\tdata-frame_999=\"o:0;st:w;\"\n\t\t\t\t\t\t\t\t\t\t\tstyle=\"z-index:6;font-family:'Roboto';\"\n\t\t\t\t\t\t\t\t\t\t>The aim of our new induction Program, ShowTime, is to make that our Central Services employees feel and experience our NH hospitality business. We have designed a 2-day route that gives the opportunity to every employee to work in every department within the hotel and be part of the team.<br \/>\n \n\t\t\t\t\t\t\t\t\t\t<\/rs-layer><!--\n\t\t\t\t\t\t\t\t\t--><\/rs-column><!--\n\t\t\t\t\t\t\t\t--><\/rs-row><!--\n\t\t\t\t\t\t\t--><\/rs-zone><!--\n-->\t\t\t\t\t\t<\/rs-slide>\n\t\t\t\t\t\t<rs-slide style=\"position: absolute;\" data-key=\"rs-44\" data-title=\"Slide\" data-in=\"o:0;\" data-out=\"a:false;\">\n\t\t\t\t\t\t\t<img decoding=\"async\" src=\"\/\/corporate.minor-hotels.com\/assets\/plugins\/revslider\/public\/assets\/assets\/dummy.png\" alt=\"Slide\" title=\"Perch\u00e9 NH\" class=\"rev-slidebg tp-rs-img rs-lazyload\" data-lazyload=\"\/\/corporate.minor-hotels.com\/assets\/plugins\/revslider\/public\/assets\/assets\/transparent.png\" data-no-retina>\n<!--\t\t\t\t\t\t--><rs-zone id=\"rrzt_44\" class=\"rev_row_zone_top\" style=\"z-index: 6;\"><!--\n\n\t\t\t\t\t\t\t\t--><rs-row\n\t\t\t\t\t\t\t\t\tid=\"slider-10-slide-44-layer-0\" \n\t\t\t\t\t\t\t\t\tdata-type=\"row\"\n\t\t\t\t\t\t\t\t\tdata-xy=\"xo:50px;yo:50px;\"\n\t\t\t\t\t\t\t\t\tdata-cbreak=\"3\"\n\t\t\t\t\t\t\t\t\tdata-rsp_bd=\"off\"\n\t\t\t\t\t\t\t\t\tdata-padding=\"t:10;r:10;b:10;l:10;\"\n\t\t\t\t\t\t\t\t\tdata-frame_0=\"o:1;\"\n\t\t\t\t\t\t\t\t\tdata-frame_999=\"o:0;st:w;sA:9000;\"\n\t\t\t\t\t\t\t\t\tstyle=\"z-index:6;\"\n\t\t\t\t\t\t\t\t><!--\n\t\t\t\t\t\t\t\t\t--><rs-column\n\t\t\t\t\t\t\t\t\t\tid=\"slider-10-slide-44-layer-1\" \n\t\t\t\t\t\t\t\t\t\tdata-type=\"column\"\n\t\t\t\t\t\t\t\t\t\tdata-xy=\"xo:50px,50px,31px,19px;yo:50px,50px,31px,19px;\"\n\t\t\t\t\t\t\t\t\t\tdata-text=\"s:20,20,12,7;l:0,0,15,9;a:center;\"\n\t\t\t\t\t\t\t\t\t\tdata-column=\"w:50%;a:middle;\"\n\t\t\t\t\t\t\t\t\t\tdata-padding=\"t:10,10,6,4;r:10,10,6,4;b:10,10,6,4;l:10,10,6,4;\"\n\t\t\t\t\t\t\t\t\t\tdata-frame_0=\"o:1;\"\n\t\t\t\t\t\t\t\t\t\tdata-frame_999=\"o:0;st:w;sA:9000;\"\n\t\t\t\t\t\t\t\t\t\tstyle=\"z-index:7;width:100%;\"\n\t\t\t\t\t\t\t\t\t><!--\n\t\t\t\t\t\t\t\t\t\t--><rs-layer\n\t\t\t\t\t\t\t\t\t\t\tid=\"slider-10-slide-44-layer-5\" \n\t\t\t\t\t\t\t\t\t\t\tclass=\"rs-layer-video intrinsic-ignore\"\n\t\t\t\t\t\t\t\t\t\t\tdata-type=\"video\"\n\t\t\t\t\t\t\t\t\t\t\tdata-rsp_ch=\"on\"\n\t\t\t\t\t\t\t\t\t\t\tdata-xy=\"\"\n\t\t\t\t\t\t\t\t\t\t\tdata-pos=\"r\"\n\t\t\t\t\t\t\t\t\t\t\tdata-text=\"w:normal;s:20,20,12,7;l:0,0,15,9;\"\n\t\t\t\t\t\t\t\t\t\t\tdata-dim=\"w:100%;\"\n\t\t\t\t\t\t\t\t\t\t\tdata-video=\"ap:false;vd:100;l:false;ptimer:false;\"\n\t\t\t\t\t\t\t\t\t\t\tdata-poster=\"\/\/img.youtube.com\/vi\/-UF-VWLZ5vg\/maxresdefault.jpg\"\n\t\t\t\t\t\t\t\t\t\t\tdata-ytid=\"-UF-VWLZ5vg\"\n\t\t\t\t\t\t\t\t\t\t\tdata-vatr=\"version=3&amp;enablejsapi=1&amp;html5=1&amp;hd=1&amp;wmode=opaque&amp;showinfo=0&amp;rel=0&amp;origin=https:\/\/corporate.minor-hotels.com;\"\n\t\t\t\t\t\t\t\t\t\t\tdata-frame_999=\"o:0;st:w;\"\n\t\t\t\t\t\t\t\t\t\t\tstyle=\"z-index:6;\"\n\t\t\t\t\t\t\t\t\t\t>\n\t\t\t\t\t\t\t\t\t\t<\/rs-layer><!--\n\t\t\t\t\t\t\t\t\t--><\/rs-column><!--\n\n\t\t\t\t\t\t\t\t\t--><rs-column\n\t\t\t\t\t\t\t\t\t\tid=\"slider-10-slide-44-layer-2\" \n\t\t\t\t\t\t\t\t\t\tdata-type=\"column\"\n\t\t\t\t\t\t\t\t\t\tdata-xy=\"xo:50px;yo:50px;\"\n\t\t\t\t\t\t\t\t\t\tdata-text=\"a:center;\"\n\t\t\t\t\t\t\t\t\t\tdata-rsp_bd=\"off\"\n\t\t\t\t\t\t\t\t\t\tdata-column=\"w:50%;\"\n\t\t\t\t\t\t\t\t\t\tdata-padding=\"t:10;r:10;b:10;l:10;\"\n\t\t\t\t\t\t\t\t\t\tdata-frame_0=\"o:1;\"\n\t\t\t\t\t\t\t\t\t\tdata-frame_999=\"o:0;st:w;sA:9000;\"\n\t\t\t\t\t\t\t\t\t\tstyle=\"z-index:6;width:100%;\"\n\t\t\t\t\t\t\t\t\t><!--\n\t\t\t\t\t\t\t\t\t\t--><rs-layer\n\t\t\t\t\t\t\t\t\t\t\tid=\"slider-10-slide-44-layer-4\" \n\t\t\t\t\t\t\t\t\t\t\tdata-type=\"text\"\n\t\t\t\t\t\t\t\t\t\t\tdata-color=\"#505050\"\n\t\t\t\t\t\t\t\t\t\t\tdata-rsp_ch=\"on\"\n\t\t\t\t\t\t\t\t\t\t\tdata-xy=\"\"\n\t\t\t\t\t\t\t\t\t\t\tdata-pos=\"r\"\n\t\t\t\t\t\t\t\t\t\t\tdata-text=\"w:normal;s:35,35,21,21;l:0,0,6,6;a:left,left,left,center;\"\n\t\t\t\t\t\t\t\t\t\t\tdata-dim=\"w:591px,591px,370px,443px;h:45px,45px,28px,35px;\"\n\t\t\t\t\t\t\t\t\t\t\tdata-frame_999=\"o:0;st:w;\"\n\t\t\t\t\t\t\t\t\t\t\tstyle=\"z-index:6;font-family:'Roboto';border-bottom:5px solid #505050;\"\n\t\t\t\t\t\t\t\t\t\t><h3>Further Together<\/h3><br \/>\n \n\t\t\t\t\t\t\t\t\t\t<\/rs-layer><!--\n\t\t\t\t\t\t\t\t\t--><\/rs-column><!--\n\t\t\t\t\t\t\t\t--><\/rs-row><!--\n\t\t\t\t\t\t\t--><\/rs-zone><!--\n-->\t\t\t\t\t\t<\/rs-slide>\n\t\t\t\t\t<\/rs-slides>\n\t\t\t\t<\/rs-module>\n\t\t\t\t<script>\n\t\t\t\t\tsetREVStartSize({c: 'rev_slider_10_1',rl:[1240,1240,778,480],el:[400,400,960,600],gw:[1240,1240,778,480],gh:[400,400,360,600],type:'standard',justify:'',layout:'fullwidth',mh:\"0\"});if (window.RS_MODULES!==undefined && window.RS_MODULES.modules!==undefined && window.RS_MODULES.modules[\"revslider101\"]!==undefined) {window.RS_MODULES.modules[\"revslider101\"].once = false;window.revapi10 = undefined;if (window.RS_MODULES.checkMinimal!==undefined) window.RS_MODULES.checkMinimal()}\n\t\t\t\t<\/script>\n\t\t\t\t<script src=\"https:\/\/www.youtube.com\/iframe_api\"><\/script>\n\t\t\t<\/rs-module-wrap>\n\t\t\t<!-- END REVOLUTION SLIDER -->\n<\/div>\n<\/div>\n<\/div>\n\n\n\n<div class=\"wp-block-columns is-layout-flex wp-container-core-columns-is-layout-9d6595d7 wp-block-columns-is-layout-flex\">\n<div class=\"wp-block-column is-layout-flow wp-block-column-is-layout-flow\">\n<h2 class=\"has-text-align-center h2underline wp-block-heading\"><strong>Premi e riconoscimenti<\/strong><\/h2>\n\n\n\n\n<div class=\"awards-block\">\n\n    \n    \n<\/div>\n\n<\/div>\n<\/div>\n\n\n\n<div class=\"wp-block-columns is-layout-flex wp-container-core-columns-is-layout-9d6595d7 wp-block-columns-is-layout-flex\">\n<div class=\"wp-block-column is-layout-flow wp-block-column-is-layout-flow\">\n<p style=\"text-align: center;\"><strong><a href=\"https:\/\/corporate.minor-hotels.com\/en\/about-nh\/awards-and-recognitions\">Premi e riconoscimenti<br>\n<\/a>&nbsp;\u00bb<\/strong><\/p>\n<\/div>\n<\/div>\n","protected":false},"excerpt":{"rendered":"<p>Perch\u00e9 NH NH Hotel Group si impegna costantamente a creare possibilit\u00e0 di impiego di qualit\u00e0 in un ambiente che promuove la formazione, lo sviluppo professionale e la diversit\u00e0 culturale, all&#8217;insegna delle pari opportunit\u00e0 e dell&#8217;uguaglianza dei diritti. La nostra strategia aziendale si basa su tre elementi chiave: la nostra vision, i nostri obiettivi e i [&hellip;]<\/p>\n","protected":false},"author":10,"featured_media":0,"parent":18396,"menu_order":0,"comment_status":"closed","ping_status":"closed","template":"","meta":{"_acf_changed":false,"footnotes":""},"class_list":["post-18404","page","type-page","status-publish","hentry"],"acf":[],"_links":{"self":[{"href":"https:\/\/corporate.minor-hotels.com\/it\/wp-json\/wp\/v2\/pages\/18404","targetHints":{"allow":["GET"]}}],"collection":[{"href":"https:\/\/corporate.minor-hotels.com\/it\/wp-json\/wp\/v2\/pages"}],"about":[{"href":"https:\/\/corporate.minor-hotels.com\/it\/wp-json\/wp\/v2\/types\/page"}],"author":[{"embeddable":true,"href":"https:\/\/corporate.minor-hotels.com\/it\/wp-json\/wp\/v2\/users\/10"}],"replies":[{"embeddable":true,"href":"https:\/\/corporate.minor-hotels.com\/it\/wp-json\/wp\/v2\/comments?post=18404"}],"version-history":[{"count":1,"href":"https:\/\/corporate.minor-hotels.com\/it\/wp-json\/wp\/v2\/pages\/18404\/revisions"}],"predecessor-version":[{"id":18405,"href":"https:\/\/corporate.minor-hotels.com\/it\/wp-json\/wp\/v2\/pages\/18404\/revisions\/18405"}],"up":[{"embeddable":true,"href":"https:\/\/corporate.minor-hotels.com\/it\/wp-json\/wp\/v2\/pages\/18396"}],"wp:attachment":[{"href":"https:\/\/corporate.minor-hotels.com\/it\/wp-json\/wp\/v2\/media?parent=18404"}],"curies":[{"name":"wp","href":"https:\/\/api.w.org\/{rel}","templated":true}]}}