{"id":18456,"date":"2022-11-21T10:59:20","date_gmt":"2022-11-21T09:59:20","guid":{"rendered":"https:\/\/www.nh-hotels.com\/corporate\/?page_id=18456"},"modified":"2025-05-19T12:43:17","modified_gmt":"2025-05-19T10:43:17","slug":"gdpr","status":"publish","type":"page","link":"https:\/\/corporate.minor-hotels.com\/fr\/gdpr","title":{"rendered":"GDPR"},"content":{"rendered":"\n<h1 class=\"wp-block-heading\">GDPR<\/h1>\n\n\n\n<div class=\"wp-block-columns is-layout-flex wp-container-core-columns-is-layout-9d6595d7 wp-block-columns-is-layout-flex\">\n<div class=\"wp-block-column is-layout-flow wp-block-column-is-layout-flow\">\n<p>Minor Hotels Europe &amp; Americas S.A (ci-apr\u00e8s \u00abMinor Hotels Europe &amp; Americas\u00bb) traitera les donn\u00e9es personnelles collect\u00e9es afin de permettre la gestion de la relation et du contact et, en cas \u00e9ch\u00e9ant, de r\u00e9pondre aux demandes que vous avez formul\u00e9es. Vous pouvez nous contacter \u00e0 l&rsquo;adresse Calle Santa Engracia 120, 7\u00ba, 28003, Madrid. La base juridique du traitement est de l&rsquo;int\u00e9r\u00eat l\u00e9gitime. Vous pouvez acc\u00e9der, modifier, supprimer, d&rsquo;opposition, de limiter le traitement ou la demande la portabilit\u00e9 des donn\u00e9es en vous adressant&nbsp; \u00e0 : dataprotection@minor-hotels.com, contacter notre responsable de la protection des donn\u00e9es \u00e0 l&rsquo;adresse \u00e9lectronique suivante dpo@minor-hotels.com ou contactez l&rsquo;Agence espagnole de protection des donn\u00e9es. Vos donn\u00e9es seront conserv\u00e9es tant que ces relations subsisteront et m\u00eame apr\u00e8s, jusqu\u2019\u00e0 ce qu\u2019elles prescrivent les responsabilit\u00e9s \u00e9ventuelles qui en d\u00e9coulent.<\/p>\n<p>Ce courriel, ainsi que son contenu, sont confidentiels. Si vous n&rsquo; \u00eates pas le destinataire, vous n&rsquo;\u00eates pas autoris\u00e9 \u00e0 l&rsquo;utiliser, \u00e0 le copier ou \u00e0 le diffuser, totalement ou partiellement, par quelque moyen que ce soit. Vous devez donc le renvoyer \u00e0 votre exp\u00e9diteur et le supprimer, ainsi que son contenu. Dans ces cas, nous vous rappelons qu&rsquo;il est totalement interdit de lire, publier, utiliser, copier, diffuser le contenu ou tout document joint, quel qu&rsquo;en soit le but, en tout ou en partie.<\/p>\n<p>&nbsp;<\/p>\n<p>&nbsp;<\/p>\n<p>&nbsp;<\/p>\n<p>&nbsp;<\/p>\n<p>&nbsp;<\/p>\n<\/div>\n<\/div>\n","protected":false},"excerpt":{"rendered":"<p>GDPR Minor Hotels Europe &amp; Americas S.A (ci-apr\u00e8s \u00abMinor Hotels Europe &amp; Americas\u00bb) traitera les donn\u00e9es personnelles collect\u00e9es afin de permettre la gestion de la relation et du contact et, en cas \u00e9ch\u00e9ant, de r\u00e9pondre aux demandes que vous avez formul\u00e9es. Vous pouvez nous contacter \u00e0 l&rsquo;adresse Calle Santa Engracia 120, 7\u00ba, 28003, Madrid. La [&hellip;]<\/p>\n","protected":false},"author":1,"featured_media":0,"parent":0,"menu_order":0,"comment_status":"closed","ping_status":"closed","template":"","meta":{"_acf_changed":false,"footnotes":""},"class_list":["post-18456","page","type-page","status-publish","hentry"],"acf":[],"_links":{"self":[{"href":"https:\/\/corporate.minor-hotels.com\/fr\/wp-json\/wp\/v2\/pages\/18456","targetHints":{"allow":["GET"]}}],"collection":[{"href":"https:\/\/corporate.minor-hotels.com\/fr\/wp-json\/wp\/v2\/pages"}],"about":[{"href":"https:\/\/corporate.minor-hotels.com\/fr\/wp-json\/wp\/v2\/types\/page"}],"author":[{"embeddable":true,"href":"https:\/\/corporate.minor-hotels.com\/fr\/wp-json\/wp\/v2\/users\/1"}],"replies":[{"embeddable":true,"href":"https:\/\/corporate.minor-hotels.com\/fr\/wp-json\/wp\/v2\/comments?post=18456"}],"version-history":[{"count":5,"href":"https:\/\/corporate.minor-hotels.com\/fr\/wp-json\/wp\/v2\/pages\/18456\/revisions"}],"predecessor-version":[{"id":23877,"href":"https:\/\/corporate.minor-hotels.com\/fr\/wp-json\/wp\/v2\/pages\/18456\/revisions\/23877"}],"wp:attachment":[{"href":"https:\/\/corporate.minor-hotels.com\/fr\/wp-json\/wp\/v2\/media?parent=18456"}],"curies":[{"name":"wp","href":"https:\/\/api.w.org\/{rel}","templated":true}]}}