{"id":18448,"date":"2022-11-21T10:58:35","date_gmt":"2022-11-21T10:58:35","guid":{"rendered":"https:\/\/www.nh-hotels.com\/corporate\/?page_id=18448"},"modified":"2022-12-08T13:45:26","modified_gmt":"2022-12-08T13:45:26","slug":"politique-relative-cookies","status":"publish","type":"page","link":"https:\/\/corporate.minor-hotels.com\/fr\/politique-relative-cookies","title":{"rendered":"Politique relative aux cookies"},"content":{"rendered":"\n<h1 class=\"wp-block-heading\">Politique relative aux cookies<\/h1>\n\n\n\n<div class=\"wp-block-columns is-layout-flex wp-container-core-columns-is-layout-9d6595d7 wp-block-columns-is-layout-flex\">\n<div class=\"wp-block-column is-layout-flow wp-block-column-is-layout-flow\">\n<p>L&rsquo;objectif de ce document est d&rsquo;\u00e9tablir la politique relative aux cookies sur les sites Web appartenant \u00e0 NH HOTEL GROUP (soci\u00e9t\u00e9 ci-apr\u00e8s d\u00e9nomm\u00e9e \u00ab NH \u00bb), dont le si\u00e8ge social se trouve \u00e0 Madrid, C\/ Santa Engracia n\u00ba 120, et titulaire du code d&rsquo;identification fiscale A-28.027.944. Les termes \u00ab Vous \u00bb et \u00ab Utilisateur \u00bb sont utilis\u00e9s dans le pr\u00e9sent document en r\u00e9f\u00e9rence \u00e0 toute personne ou entit\u00e9 qui, pour quelque raison que ce soit, consulte les sites Web de NH ou utilise leurs services. L&rsquo;utilisation de ces services impliquera l&rsquo;acceptation totale et sans r\u00e9serve de cette politique relative aux cookies.\u00a0<\/p>\n<p>NH pourra recueillir des informations au travers de dispositifs tels que des cookies ou des fichiers log sur la navigation des utilisateurs sur ses sites Web. Ces dispositifs sont exclusivement associ\u00e9s \u00e0 un utilisateur unique et \u00e0 l&rsquo;appareil depuis lequel il a acc\u00e8s aux sites. Les cookies sont des fichiers envoy\u00e9s par le site Web et stock\u00e9s sur le navigateur de l&rsquo;utilisateur via un serveur Web pour la maintenance de la session de navigation en stockant l&rsquo;adresse IP de l&rsquo;utilisateur (celle de son ordinateur) et d&rsquo;autres donn\u00e9es de navigation \u00e9ventuelles. NH utilise \u00e9galement des \u00ab pixels invisibles \u00bb, qui sont des images \u00e9lectroniques qui permettent \u00e0 un site Web de compter le nombre de visiteurs et d&rsquo;utilisateurs qui ont acc\u00e9d\u00e9 \u00e0 un site Web donn\u00e9 ainsi que d&rsquo;acc\u00e9der \u00e0 certains cookies.Gr\u00e2ce aux cookies, un serveur NH est capable de reconna\u00eetre le navigateur utilis\u00e9 par l&rsquo;ordinateur de l&rsquo;utilisateur afin de faciliter la navigation. Il est \u00e9galement capable de mesurer les param\u00e8tres d&rsquo;audience et de trafic et de contr\u00f4ler la progression et le nombre d&rsquo;acc\u00e8s en utilisant les informations contenues dans les cookies ind\u00e9pendants de toutes les autres donn\u00e9es utilisateur de nature personnelle.\u00a0<\/p>\n<p>NH utilise des cookies pour personnaliser la navigation des utilisateurs sur les sites Web qui lui appartiennent, des cookies de saisies utilisateur et des cookies de session pour r\u00e9partir la charge, lesquels sont exclus du domaine d&rsquo;application de l&rsquo;article 22.2 de la loi espagnole sur les services de la soci\u00e9t\u00e9 de l&rsquo;information et du commerce \u00e9lectronique (Ley de Servicios de la Sociedad de la Informaci\u00f3n y de Comercio Electr\u00f3nico, ou LSSI).\u00a0<\/p>\n<p>NH utilise des cookies d&rsquo;analyse Web pour mesurer et analyser la navigation des utilisateurs sur les sites Web. Les cookies d&rsquo;analyse permettent \u00e0 la personne qui en est charg\u00e9e de surveiller et d&rsquo;analyser le comportement des utilisateurs sur les sites Web auxquels ils sont rattach\u00e9s. NH utilise les donn\u00e9es obtenues pour mettre en \u0153uvre des am\u00e9liorations bas\u00e9es sur l&rsquo;analyse des donn\u00e9es d&rsquo;utilisation.L&rsquo;analyse Web ne permet pas d&rsquo;obtenir des informations concernant le nom, le(s) nom(s) patronymique(s), l&rsquo;adresse de courriel ou l&rsquo;adresse postale de l&rsquo;utilisateur. Les informations obtenues concernent le nombre d&rsquo;utilisateurs qui acc\u00e8dent au site Web, le nombre de pages consult\u00e9es, la fr\u00e9quence et la r\u00e9p\u00e9tition des visites, leur dur\u00e9e, le navigateur utilis\u00e9, le fournisseur d&rsquo;acc\u00e8s \u00e0 Internet, la langue, le dispositif utilis\u00e9 ou la ville \u00e0 laquelle est associ\u00e9e l&rsquo;adresse IP.\u00a0<\/p>\n<p>NH utilise des cookies de ciblage comportemental pour la gestion des espaces publicitaires en se basant sur certains crit\u00e8res ainsi que des cookies plug-in pour \u00e9changer du contenu sur les r\u00e9seaux sociaux. Les cookies de ciblage comportemental permettent la gestion la plus efficace possible des espaces publicitaires que l&rsquo;\u00e9diteur de site Web a inclus sur le site Web. Ces cookies stockent des informations concernant le comportement de l&rsquo;utilisateur par le biais d&rsquo;une observation continue des habitudes de navigation des utilisateurs, ce qui nous permet de pr\u00e9senter des annonces publicitaires qui correspondent \u00e0 chaque utilisateur.\u00a0<\/p>\n<p>Dans le tableau suivant, vous pouvez voir les cookies utilis\u00e9s sur les sites Web de NH, les informations obtenues par le biais de ces cookies et leur objectif :\u00a0<\/p>\n<p>Pour en savoir plus sur les cookies utilis\u00e9s sur les sites Web de NH, envoyez un courriel \u00e0 l&rsquo;adresse infocookies@nh-hotels.com.<\/p>\n<table>\n<thead>\n<tr>\n<th><span class=\"darkBlue allCaps title small resetMargin\">Cookies<\/span><\/th>\n<th><span class=\"darkBlue allCaps title small resetMargin\">Informations trait\u00e9es<\/span><\/th>\n<th><span class=\"darkBlue allCaps title small resetMargin\">Objectif<\/span><\/th>\n<\/tr>\n<\/thead>\n<tbody>\n<tr>\n<td>Cookies strictement n\u00e9cessaires<\/td>\n<td>Session d&rsquo;utilisateur, d\u00e9tails du profil, r\u00e9servations.<\/td>\n<td>Gestion des saisies et maintenance de la session de l&rsquo;utilisateur, personnalisation de la navigation, r\u00e9partition de la charge.<\/td>\n<\/tr>\n<tr>\n<td>\n<p>Cookies d&rsquo;analyse<\/p>\n<ul>\n<li>Google Analytics<\/li>\n<li>Omniture<\/li>\n<li>Tealium<\/li>\n<\/ul>\n<\/td>\n<td>Sites Web visit\u00e9s, fr\u00e9quence, nombre et r\u00e9p\u00e9tition des visites, heure de navigation, recherches effectu\u00e9es, liens consult\u00e9s, navigateur utilis\u00e9, fournisseur d&rsquo;acc\u00e8s \u00e0 Internet, localisation associ\u00e9e \u00e0 l&rsquo;adresse IP.<\/td>\n<td>Mesure et analyse de la navigation des utilisateurs, surveillance et analyse du comportement des utilisateurs, cr\u00e9ation de profils de navigation utilisateur anonymes, int\u00e9gration d&rsquo;am\u00e9liorations bas\u00e9es sur l&rsquo;analyse des donn\u00e9es d&rsquo;utilisation des utilisateurs.<\/td>\n<\/tr>\n<tr>\n<td>\n<p>Cookies de ciblage comportemental<\/p>\n<ul>\n<li>24\/7 Media<\/li>\n<li>ad6media<\/li>\n<li>Adconion<\/li>\n<li>Admeld<\/li>\n<li>AppNexus<\/li>\n<li>Atlas<\/li>\n<li>Criteo<\/li>\n<li>DoubleClick\u00a0<\/li>\n<li>Spotlight<\/li>\n<li>Facebook\u00a0<\/li>\n<li>Exchange<\/li>\n<li>Improve Digital<\/li>\n<li>MediaMath<\/li>\n<li>Right Media<\/li>\n<li>Rubicon<\/li>\n<li>SMART AdServer<\/li>\n<li>Turn<\/li>\n<li>ValueClick\u00a0<\/li>\n<li>Mediaplex<\/li>\n<\/ul>\n<\/td>\n<td>Centres d&rsquo;int\u00e9r\u00eat de navigation des utilisateurs, pr\u00e9f\u00e9rences pr\u00e9sent\u00e9es, forme d&rsquo;interaction avec le site Web, annonces publicitaires pr\u00e9sent\u00e9es et ouvertes, sites Web visit\u00e9s.<\/td>\n<td>Optimisation des espaces publicitaires disponibles sur le site Web afin de pr\u00e9senter des annonces publicitaires int\u00e9ressantes aux utilisateurs, identification de l&rsquo;efficacit\u00e9 des campagnes publicitaires et am\u00e9lioration de ces derni\u00e8res.<\/td>\n<\/tr>\n<\/tbody>\n<\/table>\n<p>\u00a0<\/p>\n<p>Pour r\u00e9voquer son consentement, l&rsquo;utilisateur peut d\u00e9sactiver les cookies en modifiant la configuration de son navigateur. Sur les pages indiqu\u00e9es ci-dessous, l&rsquo;utilisateur peut trouver davantage d&rsquo;informations concernant quels cookies il a install\u00e9s, comment autoriser leur installation, comment les bloquer ou comment les supprimer de son dispositif. Selon le navigateur utilis\u00e9, l&rsquo;utilisateur peut se reporter aux liens suivants :\u00a0<\/p>\n<p>Firefox : http:\/\/support.mozilla.org\/en-US\/kb\/cookies-information-websites-store-on-your-computer\u00a0<br \/>Chrome : http:\/\/support.google.com\/chrome\/bin\/answer.py?hl=es&amp;answer=95647\u00a0<br \/>Safari : http:\/\/support.apple.com\/kb\/ph5042\u00a0<br \/>Explorer : http:\/\/windows.microsoft.com\/es-es\/windows7\/how-to-manage-cookies-in-internet-explorer-9<\/p>\n<\/div>\n<\/div>\n","protected":false},"excerpt":{"rendered":"<p>Politique relative aux cookies L&rsquo;objectif de ce document est d&rsquo;\u00e9tablir la politique relative aux cookies sur les sites Web appartenant \u00e0 NH HOTEL GROUP (soci\u00e9t\u00e9 ci-apr\u00e8s d\u00e9nomm\u00e9e \u00ab NH \u00bb), dont le si\u00e8ge social se trouve \u00e0 Madrid, C\/ Santa Engracia n\u00ba 120, et titulaire du code d&rsquo;identification fiscale A-28.027.944. Les termes \u00ab Vous \u00bb [&hellip;]<\/p>\n","protected":false},"author":1,"featured_media":0,"parent":0,"menu_order":0,"comment_status":"closed","ping_status":"closed","template":"","meta":{"_acf_changed":false,"footnotes":""},"class_list":["post-18448","page","type-page","status-publish","hentry"],"acf":[],"_links":{"self":[{"href":"https:\/\/corporate.minor-hotels.com\/fr\/wp-json\/wp\/v2\/pages\/18448","targetHints":{"allow":["GET"]}}],"collection":[{"href":"https:\/\/corporate.minor-hotels.com\/fr\/wp-json\/wp\/v2\/pages"}],"about":[{"href":"https:\/\/corporate.minor-hotels.com\/fr\/wp-json\/wp\/v2\/types\/page"}],"author":[{"embeddable":true,"href":"https:\/\/corporate.minor-hotels.com\/fr\/wp-json\/wp\/v2\/users\/1"}],"replies":[{"embeddable":true,"href":"https:\/\/corporate.minor-hotels.com\/fr\/wp-json\/wp\/v2\/comments?post=18448"}],"version-history":[{"count":1,"href":"https:\/\/corporate.minor-hotels.com\/fr\/wp-json\/wp\/v2\/pages\/18448\/revisions"}],"predecessor-version":[{"id":18449,"href":"https:\/\/corporate.minor-hotels.com\/fr\/wp-json\/wp\/v2\/pages\/18448\/revisions\/18449"}],"wp:attachment":[{"href":"https:\/\/corporate.minor-hotels.com\/fr\/wp-json\/wp\/v2\/media?parent=18448"}],"curies":[{"name":"wp","href":"https:\/\/api.w.org\/{rel}","templated":true}]}}