{"id":18416,"date":"2022-11-16T18:33:05","date_gmt":"2022-11-16T17:33:05","guid":{"rendered":"https:\/\/www.nh-hotels.com\/corporate\/?page_id=18416"},"modified":"2023-03-03T12:04:39","modified_gmt":"2023-03-03T11:04:39","slug":"programmes-de-stages","status":"publish","type":"page","link":"https:\/\/corporate.minor-hotels.com\/fr\/emploi\/programmes-de-stages","title":{"rendered":"Programmes de Stages"},"content":{"rendered":"\n<h1 class=\"wp-block-heading\">Programme de stages chez NH Hotels\u00a0<\/h1>\n\n\n\n<div class=\"wp-block-columns is-layout-flex wp-container-core-columns-is-layout-9d6595d7 wp-block-columns-is-layout-flex\">\n<div class=\"wp-block-column is-layout-flow wp-block-column-is-layout-flow\">\n<p>Les programmes de stages NH Hotel Group vous ouvrent les portes d&rsquo;une exp\u00e9rience passionnante et stimulante au sein de notre soci\u00e9t\u00e9. Potentiel et attitude positive sont nos deux crit\u00e8res de s\u00e9lection. C&rsquo;est pourquoi, si rejoindre les rangs d&rsquo;une entreprise leader dans le secteur h\u00f4telier vous int\u00e9resse, votre jour de chance est arriv\u00e9!<\/p>\n<p>Nous proposons des programmes de stages dans le monde entier, \u00e0 la fois en R\u00e9ceptif (Gestion, R\u00e9ception, Bar et Restauration, Ventes, Maintenance) et en Services centralis\u00e9s, pour lesquels il existe diff\u00e9rentes options car nous avons plus de 8 centres r\u00e9partis en Europe et en Am\u00e9rique.<\/p>\n<p>Pour postuler pour ces emplois, il est indispensable de parler couramment anglais, ainsi que la langue locale.<\/p>\n<p>Vous en saurez plus ici:<\/p>\n<\/div>\n\n\n\n<div class=\"wp-block-column is-layout-flow wp-block-column-is-layout-flow\">\n<figure class=\"wp-block-image size-full\"><img loading=\"lazy\" decoding=\"async\" width=\"850\" height=\"385\" src=\"https:\/\/corporate.minor-hotels.com\/assets\/uploads\/2022\/11\/17135739\/i-programs.jpg\" alt=\"\" class=\"wp-image-14557\" srcset=\"https:\/\/corporate.minor-hotels.com\/assets\/uploads\/2022\/11\/17135739\/i-programs.jpg 850w, https:\/\/corporate.minor-hotels.com\/assets\/uploads\/2022\/11\/17135739\/i-programs-300x136.jpg 300w, https:\/\/corporate.minor-hotels.com\/assets\/uploads\/2022\/11\/17135739\/i-programs-768x348.jpg 768w\" sizes=\"auto, (max-width: 850px) 100vw, 850px\" \/><\/figure>\n<\/div>\n<\/div>\n\n\n\n<div class=\"wp-block-columns is-layout-flex wp-container-core-columns-is-layout-9d6595d7 wp-block-columns-is-layout-flex\">\n<div class=\"wp-block-column is-layout-flow wp-block-column-is-layout-flow\">\n<h2>BU America<\/h2>\n<p>Nous nous engageons pour la mise en valeur des talents et nous savons l&rsquo;importance des programmes de stage pour le secteur de l&rsquo;h\u00f4tellerie. D\u00e9couvrez pourquoi NH Hotel Group est l&rsquo;une des plus importantes soci\u00e9t\u00e9s h\u00f4teli\u00e8res au niveau europ\u00e9en!<\/p>\n<p>Si vous \u00eates \u00e9tudiant en Direction h\u00f4teli\u00e8re, Tourisme, en formation professionnelle en Cuisine, Services, H\u00e9bergement, Administration, Maintenance des installations, B\u00e2timents et \u00c9lectricit\u00e9, \u00e9galement \u00e9tudiants de niveau Masters, en particulier d\u00e9di\u00e9s \u00e0 la Direction h\u00f4teli\u00e8re, il est certain que, chez NH, vous trouverez un stage correspondant \u00e0 votre profil et \u00e0 vos attentes.<\/p>\n<p>Nous comptons des programmes de stage dans pratiquement tous les services:<\/p>\n<ul>\n<li>H\u00f4tel: Services de R\u00e9ception, Commercial, Cuisine, Salle, \u00c9tages, Services g\u00e9n\u00e9raux, R\u00e9servations, Relations clients, Maintenance et Direction.<\/li>\n<li>Services centraux: Achats, Ventes, Administration, IT (Syst\u00e8mes) et Ressources humaines<\/li>\n<\/ul>\n<p>Les caract\u00e9ristiques des principaux programmes sont les suivantes:<\/p>\n<table class=\"internship\">\n<tbody>\n<tr>\n<td><strong>Pays<\/strong><\/td>\n<td><strong>Type de programme<\/strong><\/td>\n<td><strong>Dur\u00e9e<\/strong><\/td>\n<\/tr>\n<tr>\n<td>Argentine<\/td>\n<td>Stages \u00ab&nbsp;Premiers pas&nbsp;\u00bb, seulement \u00e0 Cordoba\/Hotel Internships \u00ab&nbsp;First Steps&nbsp;\u00bb, only Cordoba<\/td>\n<td>Entre 1 et 12&nbsp;mois\/Between 1 and 12 months<\/td>\n<\/tr>\n<tr>\n<td>Stages en h\u00f4tel et services centraux \/ Hotel &amp; Central Services Internships<\/td>\n<td>Entre 2 et 18&nbsp;mois\/Between 1 and 18 months<\/td>\n<\/tr>\n<tr>\n<td>R\u00e9p. dominicaine<\/td>\n<td>\u00c9tudiants en Aliments et boissons<\/td>\n<td>40 jours<\/td>\n<\/tr>\n<tr>\n<td>Participants universitaires<\/td>\n<td>90 jours<\/td>\n<\/tr>\n<tr>\n<td>V\u00e9n\u00e9zuela<\/td>\n<td>Apprentis INCES<\/td>\n<td>1 ann\u00e9e de th\u00e9orie et 1,5 ann\u00e9e de pratique<\/td>\n<\/tr>\n<tr>\n<td>Stagiaire universitaire<\/td>\n<td>1 \u00e0 3&nbsp;mois<\/td>\n<\/tr>\n<tr>\n<td>Mexique<\/td>\n<td>Participants universitaires<\/td>\n<td>De 200 \u00e0 768&nbsp;heures<\/td>\n<\/tr>\n<tr>\n<td>Boursiers<\/td>\n<td>Sous condition de justificatif des \u00e9tudes<\/td>\n<\/tr>\n<tr>\n<td>Ha\u00efti<\/td>\n<td>Stagiaires en h\u00f4tellerie<\/td>\n<td>30 jours<\/td>\n<\/tr>\n<tr>\n<td>Chili<\/td>\n<td>Stages \/ Internships<\/td>\n<td>Jusqu&rsquo;\u00e0 3&nbsp;mois\/ Up to 3 months<\/td>\n<\/tr>\n<tr>\n<td>Uruguay<\/td>\n<td>Stages \/ Internships<\/td>\n<td>De 3 \u00e0 9&nbsp;mois \/ From 3 to 9 months<\/td>\n<\/tr>\n<\/tbody>\n<\/table>\n<p>Nous voulons que vous viviez une exp\u00e9rience m\u00e9morable qui marque un &lsquo;avant&rsquo; et un &lsquo;apr\u00e8s&rsquo; dans votre processus de formation et dans votre premier aper\u00e7u du monde du travail. Nous appr\u00e9cions notre travail et nous sommes persuad\u00e9s que vous ressentirez la m\u00eame chose.<\/p>\n<p><strong>Possibilit\u00e9s de stages<\/strong><\/p>\n<p>Rejoignez-nous pour vivre cette exp\u00e9rience enrichissante et stimulante.&nbsp;<a href=\"https:\/\/nhcareers.epreselec.com\/?id_idioma=3&amp;id_origen=web+corporativa\" target=\"_blank\" rel=\"noopener\">Envoyez-nous votre candidature!<\/a><\/p>\n<\/div>\n<\/div>\n\n\n\n<div class=\"wp-block-columns is-layout-flex wp-container-core-columns-is-layout-9d6595d7 wp-block-columns-is-layout-flex\">\n<div class=\"wp-block-column is-layout-flow wp-block-column-is-layout-flow\">\n<h2><strong>BU Northern Europe<\/strong><\/h2>\n<p><strong>En Allemagne, en Suisse, en Autriche, en R\u00e9publique tch\u00e8que, en Hongrie, en Slovaquie et en Roumanie:<\/strong><\/p>\n<p>Nous vous offrons de nombreuses opportunit\u00e9s d&rsquo;acqu\u00e9rir une exp\u00e9rience professionnelle chez NH !<\/p>\n<p>Formation professionnelle et Programmes dipl\u00f4mants int\u00e9gr\u00e9s<br>Voulez-vous devenir notre prochaine \u00e9toile filante ? NH est le cadre id\u00e9al pour une carri\u00e8re fructueuse, prometteuse et attrayante. Elle commence avec nous par l&rsquo;un de ces apprentissages:&nbsp;<br>\u2022 Sp\u00e9cialiste en restauration (f\/h)<br>\u2022 Sp\u00e9cialiste en h\u00f4tellerie (f\/h)<br>\u2022 Cuisinier\/\u00e8re (f\/h)<br>\u2022 Programme dipl\u00f4mant int\u00e9gr\u00e9 de Gestion h\u00f4teli\u00e8re et touristique<\/p>\n<p>Naturellement, vous pouvez aussi nous rejoindre pour un stage si vous \u00eates encore scolaris\u00e9(e).<br>Pour que votre candidature soit gagnante, la motivation est plus importante que le niveau d&rsquo;\u00e9tude. Vous devez n\u00e9anmoins avoir termin\u00e9 le cycle secondaire et parler couramment l&rsquo;anglais et l&rsquo;allemand. Une langue \u00e9trang\u00e8re en plus est un bon avantage. Le plus important, c&rsquo;est que vous aimiez faire que nos clients se sentent bienvenus et confortables chez NH.<\/p>\n<p>Une excellente formation et des opportunit\u00e9s de carri\u00e8re vous attendent, ainsi que ces avantages :<br>\u2022 Avantages sociaux des employ\u00e9s dans pr\u00e8s de 400 h\u00f4tels NH r\u00e9partis dans le monde<br>\u2022 Nombreuses formations, entretiens personnalis\u00e9s et assistance par des formateurs sp\u00e9cialis\u00e9s<br>\u2022 Programme personnalis\u00e9s de d\u00e9veloppement de carri\u00e8re (\u00ab Nouveaux professionnels \u00bb)<br>Votre apprentissage chez NH peut \u00eatre le premier pas vers une carri\u00e8re fructueuse. Nous esp\u00e9rons avoir le plaisir de vous rencontrer bient\u00f4t !<\/p>\n<p>Stages dans les services centraux&nbsp;<br>Vous \u00eates encore \u00e0 l&rsquo;universit\u00e9 ou vous venez d&rsquo;obtenir votre dipl\u00f4me, et vous aimeriez acqu\u00e9rir une exp\u00e9rience professionnelle ? NH vous donne l&rsquo;opportunit\u00e9 de d\u00e9couvrir l&rsquo;un des services suivants :<br>Marketing, Finance, Ressources humaines, Approvisionnement, IT, Ventes, Gestion financi\u00e8re, e-Commerce, Construction et Maintenance, Administration&nbsp;, R\u00e9servations, Gestion de la qualit\u00e9.<\/p>\n<p>Dans l&rsquo;id\u00e9al, vous nous rejoignez pendant 6 mois au moins et avec des tonnes de curiosit\u00e9 pour vos futures activit\u00e9s. En retour, vous allez acqu\u00e9rir les exp\u00e9riences qui suivent :<br>\u2022 Formation d&rsquo;int\u00e9gration et d&rsquo;orientation, et votre domaine de responsabilit\u00e9 d\u00e8s le premier jour<br>\u2022 \u00catre membre \u00e0 part enti\u00e8re d&rsquo;une \u00e9quipe performante et d\u00e9couvrir en profondeur notre unit\u00e9 op\u00e9rationnelle<br>\u2022 Avantages sociaux des employ\u00e9s dans pr\u00e8s de 400 h\u00f4tels NH r\u00e9partis dans le monde<br>\u2022 Nombreuses formations professionnelles et comportementales<br>\u2022 \u00c9v\u00e9nements destin\u00e9s aux stagiaires<br>\u2022 R\u00e9mun\u00e9ration&nbsp;<br>La plupart de nos stages sont bas\u00e9s \u00e0 Berlin, mais nous avons aussi des postes de stagiaire dans d&rsquo;autres grandes villes telles que Munich, Francfort et Vienne. N&rsquo;h\u00e9sitez pas \u00e0 visiter notre portail Carri\u00e8res !<\/p>\n<p><em>Prendre contact<\/em><br>Notre offre vous int\u00e9resse ? Vous trouverez les postes actuellement ouverts sur notre portail Carri\u00e8res. Si vous avez des questions sur les stages, les formations, les \u00e9tudes ou votre candidature, merci de contacter l&rsquo;\u00e9quipe Ressources humaines:<em>&nbsp;karriere.de@nh-hotels.com<\/em>&nbsp;ou +49 (0) 30 206 207 58 (Berlin).<\/p>\n<p><strong>Aux Pays-Bas, en Belgique, au Luxembourg, au Royaume-Uni et en Afrique du Sud:<\/strong><\/p>\n<p>\u2022&nbsp;<em>H\u00f4tels:<\/em><\/p>\n<p>Profil : \u00c9tudiants en Gestion et Direction h\u00f4teli\u00e8re, Tourisme, Gestion d&rsquo;entreprises, Administration, \u00c9cole h\u00f4teli\u00e8re. \u00c9tudiants au niveau Masters, en particulier d\u00e9di\u00e9s \u00e0 la Direction h\u00f4teli\u00e8re.<br>Les stagiaires de NH Hotel Group ont une attitude positive, de l&rsquo;enthousiasme et de la flexibilit\u00e9 (\u00e9galement, habitu\u00e9s \u00e0 travailler pendant les weekends). De plus, un stagiaire poss\u00e8de la notion de service, et ma\u00eetrise correctement l&rsquo;anglais et la langue locale. Parfois, nous disons que NH signifie Natural Hospitality, une hospitalit\u00e9 naturelle qui occupe une place importante \u00e0 tous les niveaux chez NH Hotel Group. En tant qu&rsquo;\u00e9tudiant, vous aurez la possibilit\u00e9 de travailler de mani\u00e8re ind\u00e9pendante ou en \u00e9quipe.<\/p>\n<p>Services accueillant des stagiaires : Administration, Aliments et boissons, Cuisine, Gestion interne, Entretien, Assistant de gestion, Service clients, Gestion financi\u00e8re, Gestion commerciale, \u00c9v\u00e9nements et Maintenance.<\/p>\n<p>Dur\u00e9e : 10 semaines au minimum jusqu&rsquo;\u00e0 10 mois.<\/p>\n<p>Lieux : Dans tous les h\u00f4tels du B\u00c9N\u00c9LUX, ROYAUME-UNI et AFRIQUE.<\/p>\n<p><em>\u2022 Services centraux:<\/em><\/p>\n<p>Profil : \u00c9tudiants en Gestion et Direction h\u00f4teli\u00e8re, Tourisme, Gestion d&rsquo;entreprises. \u00c9tudiants au niveau Masters, en particulier d\u00e9di\u00e9s \u00e0 la Direction h\u00f4teli\u00e8re.<br>Les stagiaires de NH Hotel Group ont une attitude positive, de l&rsquo;enthousiasme et de la flexibilit\u00e9 (\u00e9galement, habitu\u00e9s \u00e0 travailler pendant les weekends). De plus, un stagiaire poss\u00e8de la notion de service, et ma\u00eetrise correctement l&rsquo;anglais et la langue locale. Parfois, nous disons que NH signifie Natural Hospitality, une hospitalit\u00e9 naturelle qui occupe une place importante \u00e0 tous les niveaux chez NH Hotel Group. En tant qu&rsquo;\u00e9tudiant, vous aurez la possibilit\u00e9 de travailler de mani\u00e8re ind\u00e9pendante ou en \u00e9quipe.<\/p>\n<p>Services accueillant des stagiaires : Ressources humaines*, Marketing, Communication et e-Commerce, Approvisionnement, Gestion de la qualit\u00e9, Finances, Restauration et Ventes.<\/p>\n<p>Dur\u00e9e : 5 \u00e0 10 mois.<\/p>\n<p>Lieux : Bureau des services centraux \u00e0 Hilversum (Pays-Bas)<br>*Stages Ressources humaines possibles uniquement aux Pays-Bas, en Belgique et au Royaume-Uni<\/p>\n<\/div>\n<\/div>\n\n\n\n<div class=\"wp-block-columns is-layout-flex wp-container-core-columns-is-layout-9d6595d7 wp-block-columns-is-layout-flex\">\n<div class=\"wp-block-column is-layout-flow wp-block-column-is-layout-flow\">\n<h2>BU Southern Europe<\/h2>\n<p><strong>En Espagne, au Portugal, en Andorre et en France:<\/strong><\/p>\n<p>Nous recherchons du potentiel et une attitude positive. &nbsp;Si vous \u00eates \u00e9tudiant et que votre objectif est la formation continue et le d\u00e9veloppement professionnel, n&rsquo;h\u00e9sitez pas \u00e0 nous rejoindre. Nous avons mis en place des programmes dans pratiquement toutes les villes du pays.<br>Enregistrez-vous sur notre site et consultez nos offres d&#8217;emploi !<\/p>\n<ul>\n<li><em>H\u00f4tels Profil:<\/em><\/li>\n<\/ul>\n<p><em>\u200b<\/em>\u00c9tudiants en Gestion et direction h\u00f4teli\u00e8re, Tourisme, Formation professionnelle en Cuisine, Services, H\u00e9bergement, Administration et gestion, Maintenance des installations, B\u00e2timents et \u00c9lectricit\u00e9. \u00c9galement \u00e9tudiants de niveau Masters, en particulier d\u00e9di\u00e9s \u00e0 la Direction h\u00f4teli\u00e8re. Stages : Services de R\u00e9ception, Commercial, Cuisine, Salle, \u00c9tages, Services g\u00e9n\u00e9raux, Approvisionnement, R\u00e9servations, Relations clients, Maintenance et Direction.<\/p>\n<p>Dur\u00e9e : Entre 3 et 6 mois (renouvelables). &nbsp; &nbsp; &nbsp; &nbsp; &nbsp; &nbsp; &nbsp; &nbsp; &nbsp; &nbsp; &nbsp; &nbsp; &nbsp; &nbsp; &nbsp; &nbsp; &nbsp; &nbsp; &nbsp; &nbsp; &nbsp; &nbsp; &nbsp; &nbsp; &nbsp; &nbsp; &nbsp; &nbsp; &nbsp; &nbsp; &nbsp; &nbsp; &nbsp; &nbsp; &nbsp; &nbsp; &nbsp; &nbsp; &nbsp; &nbsp; &nbsp; &nbsp; &nbsp; &nbsp; &nbsp; &nbsp; &nbsp; &nbsp; &nbsp; &nbsp; &nbsp; &nbsp; &nbsp; &nbsp; &nbsp; &nbsp; &nbsp; &nbsp; &nbsp; &nbsp; &nbsp; &nbsp; &nbsp; &nbsp; &nbsp; &nbsp; &nbsp; &nbsp; &nbsp; &nbsp; &nbsp; &nbsp; &nbsp; &nbsp; &nbsp; &nbsp; &nbsp; &nbsp; &nbsp; &nbsp; &nbsp; &nbsp; &nbsp; &nbsp; &nbsp; &nbsp; &nbsp; &nbsp; &nbsp; &nbsp; &nbsp; &nbsp; &nbsp; &nbsp; &nbsp; &nbsp; &nbsp; &nbsp; &nbsp; &nbsp; &nbsp; &nbsp; &nbsp; &nbsp; &nbsp; &nbsp; &nbsp; &nbsp; &nbsp; &nbsp; &nbsp; &nbsp; &nbsp; &nbsp; &nbsp; &nbsp; &nbsp; &nbsp; &nbsp; &nbsp; &nbsp; &nbsp; &nbsp; &nbsp; &nbsp; &nbsp; &nbsp; &nbsp; &nbsp; &nbsp; &nbsp; &nbsp; &nbsp; &nbsp; &nbsp; &nbsp; &nbsp; &nbsp; &nbsp; &nbsp; &nbsp; Lieu de r\u00e9alisation: Dans tous les h\u00f4tels de Espagne, Portugal, Andorre et France.<\/p>\n<ul>\n<li><em>Services centraux:<\/em><\/li>\n<\/ul>\n<p>Profil : \u00c9tudiants de tous dipl\u00f4mes et licences, en particulier en Administration et direction d&rsquo;entreprise, Tourisme, Ing\u00e9nierie et Droit. \u00c9galement \u00e9tudiants en formation professionnelle en Gestion, Administration, et au niveau Masters, qu&rsquo;ils soient ou ne soient pas li\u00e9s au secteur h\u00f4telier. Un haut niveau d&rsquo;anglais sera particuli\u00e8rement appr\u00e9ci\u00e9, en plus d&rsquo;une parfaite ma\u00eetrise de la langue locale.<br>Stages: Services de Marketing, Distribution \u00e9lectronique, Administration et Finances, Environnement et Ing\u00e9nierie, Ressources humaines, Achats et ventes.<\/p>\n<p>Dur\u00e9e : Entre 6 et 12 mois.<br>Lieu de r\u00e9alisation : Dans les bureaux des si\u00e8ges de Madrid et de Barcelone.<\/p>\n<p><strong>En Italie:<\/strong><\/p>\n<p>Le programme de stage est fond\u00e9 sur une collaboration avec les principales universit\u00e9s et \u00e9coles d&rsquo;enseignement sup\u00e9rieur, dans lesquelles nos directeurs et directeurs g\u00e9n\u00e9raux se rendent pour pr\u00e9senter notre soci\u00e9t\u00e9 aux \u00e9tudiants, et o\u00f9 nous offrons des opportunit\u00e9s de stages scolaires et extrascolaires.&nbsp;<\/p>\n<p>Les principales caract\u00e9ristiques de nos stages sont les suivantes :<\/p>\n<p>\u2022 Dur\u00e9e de 3 \u00e0 6 mois<br>\u2022 Parrainage par un formateur<br>\u2022 Remboursement de frais en cas de stage extrascolaire<\/p>\n<p>Tous nos stages sont bas\u00e9s sur un programme d&rsquo;apprentissage en milieu de travail ; les stagiaires travaillent aux c\u00f4t\u00e9s de nos responsables et de nos \u00e9quipes sp\u00e9cialis\u00e9es, qui leur fournissent ensuite des commentaires sur leurs performances et sur la progression de leur projet de stage. Des stages sont disponibles \u00e0 la fois dans nos h\u00f4tels, dans les services d&rsquo;administration, de restauration et de cuisine, ainsi que dans les bureaux centraux (Services RH, Approvisionnement, Commercial, Marketing, Ventes, R\u00e9servations, Finances et IT). &nbsp;Faire un stage chez NH Italie peut devenir un moment tr\u00e8s important dans la vie des \u00e9tudiants ou des nouveaux dipl\u00f4m\u00e9s, car c&rsquo;est la premi\u00e8re occasion de v\u00e9rifier les choix faits au cours de leur \u00e9ducation, de comprendre plus clairement ce qu&rsquo;ils aimeraient vraiment faire \u00ab plus tard \u00bb, et d&rsquo;identifier leurs points forts, leurs int\u00e9r\u00eats et les domaines \u00e0 am\u00e9liorer.&nbsp;<\/p>\n<p>Un stage est \u00e0 la fois une importante \u00ab porte d&rsquo;acc\u00e8s \u00bb \u00e0 notre soci\u00e9t\u00e9 et un excellent moyen pour nous de d\u00e9nicher les talents qui pourront devenir nos dirigeants du futur!<\/p>\n<\/div>\n<\/div>\n\n\n\n<div class=\"wp-block-columns is-layout-flex wp-container-core-columns-is-layout-9d6595d7 wp-block-columns-is-layout-flex\">\n<div class=\"wp-block-column is-layout-flow wp-block-column-is-layout-flow\">\n<h2>Headquarters Madrid<\/h2>\n<p>Vous recherchez une premi\u00e8re exp\u00e9rience professionnelle, vous aimez les contacts humains et le secteur h\u00f4telier vous attire ?&nbsp;<\/p>\n<p>Chez NH, nous vous donnons l&rsquo;opportunit\u00e9 de vous initier au monde du travail et de devenir un professionnel en travaillant dans une entreprise dynamique et mondiale.<\/p>\n<p>Pour notre si\u00e8ge situ\u00e9 \u00e0 Madrid, nous recherchons des personnes de talent, d\u00e9sireuses d&rsquo;apprendre, d&rsquo;apporter leurs id\u00e9es et leur enthousiasme, poss\u00e9dant un bon niveau d&rsquo;anglais, pour une collaboration avec les diff\u00e9rentes unit\u00e9s op\u00e9rationnelles de NH Hotel Group r\u00e9parties dans le monde entier.<\/p>\n<p>Voici les services pour lesquels nous offrons une opportunit\u00e9 : Marketing, e-Commerce, Distribution, Commercial, Financier, Business Intelligence, Environnement, Ing\u00e9nierie, Ressources humaines, Approvisionnement, Achats et ventes.<\/p>\n<p>La dur\u00e9e du stage est de 6 \u00e0 12 mois.<\/p>\n<p>Acc\u00e9dez au monde du travail avec NH Hotel Group. &nbsp;Envoyez nous votre CV!<\/p>\n<\/div>\n<\/div>\n\n\n\n<hr class=\"wp-block-separator has-alpha-channel-opacity\"\/>\n\n\n\n<div class=\"wp-block-columns is-layout-flex wp-container-core-columns-is-layout-9d6595d7 wp-block-columns-is-layout-flex\">\n<div class=\"wp-block-column is-layout-flow wp-block-column-is-layout-flow\">\n<p>Nous souhaitons que cette exp\u00e9rience vous soit m\u00e9morable, qu&rsquo;elle repr\u00e9sente un avant et un apr\u00e8s dans votre d\u00e9veloppement personnel et votre premi\u00e8re approche du monde du travail. Nous adorons ce que nous faisons et sommes certains que vous ressentirez la m\u00eame chose.<\/p>\n<p>Rejoignez-nous pour cette exp\u00e9rience passionnante et stimulante.<\/p>\n<p><a href=\"https:\/\/nhcareers.epreselec.com\/?id_idioma=3&amp;id_origen=web+corporativa\" target=\"_blank\" rel=\"noopener\">Envoyez-nous votre candidature!<\/a><\/p>\n<\/div>\n<\/div>\n","protected":false},"excerpt":{"rendered":"<p>Programme de stages chez NH Hotels\u00a0 Les programmes de stages NH Hotel Group vous ouvrent les portes d&rsquo;une exp\u00e9rience passionnante et stimulante au sein de notre soci\u00e9t\u00e9. Potentiel et attitude positive sont nos deux crit\u00e8res de s\u00e9lection. C&rsquo;est pourquoi, si rejoindre les rangs d&rsquo;une entreprise leader dans le secteur h\u00f4telier vous int\u00e9resse, votre jour de [&hellip;]<\/p>\n","protected":false},"author":10,"featured_media":0,"parent":18389,"menu_order":0,"comment_status":"closed","ping_status":"closed","template":"","meta":{"_acf_changed":false,"footnotes":""},"class_list":["post-18416","page","type-page","status-publish","hentry"],"acf":[],"_links":{"self":[{"href":"https:\/\/corporate.minor-hotels.com\/fr\/wp-json\/wp\/v2\/pages\/18416","targetHints":{"allow":["GET"]}}],"collection":[{"href":"https:\/\/corporate.minor-hotels.com\/fr\/wp-json\/wp\/v2\/pages"}],"about":[{"href":"https:\/\/corporate.minor-hotels.com\/fr\/wp-json\/wp\/v2\/types\/page"}],"author":[{"embeddable":true,"href":"https:\/\/corporate.minor-hotels.com\/fr\/wp-json\/wp\/v2\/users\/10"}],"replies":[{"embeddable":true,"href":"https:\/\/corporate.minor-hotels.com\/fr\/wp-json\/wp\/v2\/comments?post=18416"}],"version-history":[{"count":2,"href":"https:\/\/corporate.minor-hotels.com\/fr\/wp-json\/wp\/v2\/pages\/18416\/revisions"}],"predecessor-version":[{"id":19102,"href":"https:\/\/corporate.minor-hotels.com\/fr\/wp-json\/wp\/v2\/pages\/18416\/revisions\/19102"}],"up":[{"embeddable":true,"href":"https:\/\/corporate.minor-hotels.com\/fr\/wp-json\/wp\/v2\/pages\/18389"}],"wp:attachment":[{"href":"https:\/\/corporate.minor-hotels.com\/fr\/wp-json\/wp\/v2\/media?parent=18416"}],"curies":[{"name":"wp","href":"https:\/\/api.w.org\/{rel}","templated":true}]}}