{"id":24267,"date":"2025-12-05T13:28:20","date_gmt":"2025-12-05T12:28:20","guid":{"rendered":"https:\/\/corporate.minor-hotels.com\/sostenibilidad\/sustainability-financing"},"modified":"2025-12-05T13:34:08","modified_gmt":"2025-12-05T12:34:08","slug":"financiacion-sostenible","status":"publish","type":"page","link":"https:\/\/corporate.minor-hotels.com\/es\/sostenibilidad\/financiacion-sostenible","title":{"rendered":"Financiaci\u00f3n sostenible"},"content":{"rendered":"\n<div class=\"wp-block-columns is-layout-flex wp-container-core-columns-is-layout-9d6595d7 wp-block-columns-is-layout-flex\">\n<div class=\"wp-block-column is-layout-flow wp-block-column-is-layout-flow\">\n<h1 class=\"wp-block-heading\">Financiaci\u00f3n sostenible<\/h1>\n\n\n\n<p><a href=\"https:\/\/corporate.minor-hotels.com\/assets\/uploads\/2025\/04\/29125042\/MHEA_SustFinancingFramework_Sustainalytics.pdf\" target=\"_blank\" rel=\"noopener\">Sustainability-linked financing framework<\/a> (documentaci\u00f3n s\u00f3lo disponible en ingl\u00e9s)<\/p>\n<p><a href=\"https:\/\/corporate.minor-hotels.com\/assets\/uploads\/2025\/04\/29125037\/Minor-Hotels-Europe-Americas-Sustainability-Linked-Financing-Framework-Second-Party-Opinion-2025.pdf\" target=\"_blank\" rel=\"noopener\">Second Party Opinion<\/a> (documentaci\u00f3n s\u00f3lo disponible en ingl\u00e9s)<\/p>\n<\/div>\n<\/div>\n","protected":false},"excerpt":{"rendered":"<p>Financiaci\u00f3n sostenible Sustainability-linked financing framework (documentaci\u00f3n s\u00f3lo disponible en ingl\u00e9s) Second Party Opinion (documentaci\u00f3n s\u00f3lo disponible en ingl\u00e9s)<\/p>\n","protected":false},"author":1,"featured_media":0,"parent":20394,"menu_order":0,"comment_status":"closed","ping_status":"closed","template":"","meta":{"_acf_changed":false,"footnotes":""},"class_list":["post-24267","page","type-page","status-publish","hentry"],"acf":[],"_links":{"self":[{"href":"https:\/\/corporate.minor-hotels.com\/es\/wp-json\/wp\/v2\/pages\/24267","targetHints":{"allow":["GET"]}}],"collection":[{"href":"https:\/\/corporate.minor-hotels.com\/es\/wp-json\/wp\/v2\/pages"}],"about":[{"href":"https:\/\/corporate.minor-hotels.com\/es\/wp-json\/wp\/v2\/types\/page"}],"author":[{"embeddable":true,"href":"https:\/\/corporate.minor-hotels.com\/es\/wp-json\/wp\/v2\/users\/1"}],"replies":[{"embeddable":true,"href":"https:\/\/corporate.minor-hotels.com\/es\/wp-json\/wp\/v2\/comments?post=24267"}],"version-history":[{"count":2,"href":"https:\/\/corporate.minor-hotels.com\/es\/wp-json\/wp\/v2\/pages\/24267\/revisions"}],"predecessor-version":[{"id":24272,"href":"https:\/\/corporate.minor-hotels.com\/es\/wp-json\/wp\/v2\/pages\/24267\/revisions\/24272"}],"up":[{"embeddable":true,"href":"https:\/\/corporate.minor-hotels.com\/es\/wp-json\/wp\/v2\/pages\/20394"}],"wp:attachment":[{"href":"https:\/\/corporate.minor-hotels.com\/es\/wp-json\/wp\/v2\/media?parent=24267"}],"curies":[{"name":"wp","href":"https:\/\/api.w.org\/{rel}","templated":true}]}}