{"id":20454,"date":"2023-04-12T17:29:13","date_gmt":"2023-04-12T15:29:13","guid":{"rendered":"https:\/\/www.nh-hotels.com\/corporate\/sostenibilidad\/sustainability-business-reports"},"modified":"2026-03-03T10:01:59","modified_gmt":"2026-03-03T09:01:59","slug":"informes-de-sostenibilidad","status":"publish","type":"page","link":"https:\/\/corporate.minor-hotels.com\/es\/sostenibilidad\/informes-de-sostenibilidad","title":{"rendered":"Informes de sostenibilidad"},"content":{"rendered":"\n<h1 class=\"wp-block-heading\">Informes de sostenibilidad<\/h1>\n\n\n\n<div class=\"wp-block-columns is-layout-flex wp-container-core-columns-is-layout-9d6595d7 wp-block-columns-is-layout-flex\">\n<div class=\"wp-block-column is-layout-flow wp-block-column-is-layout-flow\">\n<p>El \u00abEstado de Informaci\u00f3n No Financiera Consolidado e Informaci\u00f3n sobre Sostenibilidad 2025\u201d de Minor Hotels Europe &amp; Americas S.A. y sociedades dependientes se ha formulado a partir de la informaci\u00f3n registrada en nuestros sistemas corporativos. Se ha preparado de conformidad con las Normas Europeas de Informaci\u00f3n sobre Sostenibilidad (NEIS por sus siglas en espa\u00f1ol, ESRS por sus siglas en ingl\u00e9s &#8211; European Sustainability Reporting Standards) adoptadas por la Uni\u00f3n Europea a trav\u00e9s del Reglamento Delegado (UE) 2023\/2772 de la Comisi\u00f3n del 31 de julio de 2023 por el que se completa la Directiva 2013\/34\/UE del Parlamento Europeo y del Consejo en lo que respecta a las normas de presentaci\u00f3n de informaci\u00f3n sobre sostenibilidad. La Directiva (UE) 2022\/2464 del Parlamento Europeo y del Consejo, de 14 de diciembre de 2022, conocida como \u201cCSRD\u201d por sus siglas en ingl\u00e9s (en adelante, \u201cla Directiva CSRD\u201d), que introduce modificaciones en el C\u00f3digo de Comercio, el texto refundido de la Ley de Sociedades de Capital (LSC), la Ley de Auditor\u00eda de Cuentas y su reglamento de desarrollo y su modificaci\u00f3n a trav\u00e9s de la Directiva \u00abStop the clock\u00bb perteneciente a paquete OMNIBUS I. A cierre del ejercicio fiscal (31\/12\/2025) y de presentaci\u00f3n del informe (12\/02\/2026), dichas Directivas no han sido transpuestas a la legislaci\u00f3n nacional espa\u00f1ola, pa\u00eds en el que tiene su sede la sociedad matriz objeto del Informe. Habi\u00e9ndose vencido la fecha m\u00e1xima de transposici\u00f3n establecida por la Uni\u00f3n Europea, presentamos con car\u00e1cter voluntario y siguiendo el formato establecido el \u00abEstado de Informaci\u00f3n No Financiera Consolidado e Informaci\u00f3n sobre Sostenibilidad\u00bb bajo los requerimientos de reporte expuestos en la Directiva CSRD y su Reglamento Delegado 2023\/2772 de la comisi\u00f3n de 31 de julio de 2023\u00a0 (Requerimientos NEIS).<\/p>\n<p>Adicionalmente, presentamos otras disposiciones del marco normativo y marcos voluntarios de informaci\u00f3n de sostenibilidad que resultan de aplicaci\u00f3n:<\/p>\n<ul>\n<li>Nuestra respuesta a los requerimientos legales de la Ley 11\/2018 de 28 de diciembre de 2018 en materia de informaci\u00f3n no financiera y diversidad, as\u00ed como a la Ley 5\/2021, de 12 de abril, por la que se modifica el texto refundido de la Ley de Sociedades de Capital y a las directrices UE 2017\/C215\/01 para el reporte de su desempe\u00f1o en materia de informaci\u00f3n no financiera.<\/li>\n<li>El Reglamento (UE) 2020\/852 del Parlamento Europeo y del Consejo de 18 de junio de 2020 por el que se establece un marco para facilitar las inversiones sostenibles. En su primer y tercer acto delegado, establece la obligaci\u00f3n de divulgar informaci\u00f3n sobre la manera y la medida en que las actividades de la empresa se asocian a actividades econ\u00f3micas que se consideren ambientalmente sostenibles y en un segundo acto delegado por el que se describieron las especificaciones de contenido y representaci\u00f3n de la informaci\u00f3n a reportar, indicadores clave de referencia y su metodolog\u00eda de c\u00e1lculo.<\/li>\n<li>Las Directrices UE 2017\/C215\/01 para el reporte de su desempe\u00f1o en materia de informaci\u00f3n no financiera.<\/li>\n<li>Las recomendaciones del Task Force on Climate-Related Financial Disclosures.<\/li>\n<\/ul>\n<ul>\n<li><a href=\"https:\/\/memorianh.com\/2018\/es\/\" target=\"_blank\" rel=\"nofollow noopener noreferrer\">Informe Anual 2018<\/a>\u00a0\u00bb<\/li>\n<li><a href=\"https:\/\/memorianh.com\/2019\/es\/\" target=\"_blank\" rel=\"nofollow noopener noreferrer\">Estado de Informaci\u00f3n No Financiera &#8211; Memoria de Sostenibilidad 2019<\/a>\u00a0\u00bb<\/li>\n<li><a href=\"\/assets\/uploads\/2022\/12\/08113646\/nh_rsc_esp_completo_v11.pdf\" target=\"_blank\" rel=\"noopener\">Estado de Informaci\u00f3n No Financiera &#8211; Memoria de Sostenibilidad 2020<\/a>\u00a0\u00bb<\/li>\n<li><a href=\"https:\/\/memorianh.com\/2021\" target=\"_blank\" rel=\"nofollow noopener noreferrer\">Estado de Informaci\u00f3n No Financiera &#8211; Memoria de Sostenibilidad 2021<\/a>\u00a0\u00bb<\/li>\n<li><a href=\"https:\/\/memorianh.com\/2022\/es\" target=\"_blank\" rel=\"nofollow noopener noreferrer\">Estado de Informaci\u00f3n No Financiera &#8211; Memoria de Sostenibilidad 2022<\/a>\u00a0\u00bb<\/li>\n<li><a href=\"https:\/\/memorianh.com\/2023\/es\" target=\"_blank\" rel=\"nofollow noopener noreferrer\">Estado de Informaci\u00f3n No Financiera &#8211; Memoria de Sostenibilidad 2023<\/a>\u00a0\u00bb<\/li>\n<li><a href=\"https:\/\/memoriamhea.com\/2024\/es\" target=\"_blank\" rel=\"nofollow noopener noreferrer\">Informe Anual 2024<\/a>\u00a0\u00bb<\/li>\n<li><a href=\"https:\/\/memoriamhea.com\/2025\/es\" target=\"_blank\" rel=\"nofollow noopener noreferrer\">Informe Anual 2025<\/a>\u00a0\u00bb<\/li>\n<\/ul>\n<\/div>\n<\/div>\n","protected":false},"excerpt":{"rendered":"<p>Informes de sostenibilidad El \u00abEstado de Informaci\u00f3n No Financiera Consolidado e Informaci\u00f3n sobre Sostenibilidad 2025\u201d de Minor Hotels Europe &amp; Americas S.A. y sociedades dependientes se ha formulado a partir de la informaci\u00f3n registrada en nuestros sistemas corporativos. Se ha preparado de conformidad con las Normas Europeas de Informaci\u00f3n sobre Sostenibilidad (NEIS por sus siglas [&hellip;]<\/p>\n","protected":false},"author":6,"featured_media":0,"parent":20394,"menu_order":0,"comment_status":"closed","ping_status":"closed","template":"","meta":{"_acf_changed":false,"footnotes":""},"class_list":["post-20454","page","type-page","status-publish","hentry"],"acf":[],"_links":{"self":[{"href":"https:\/\/corporate.minor-hotels.com\/es\/wp-json\/wp\/v2\/pages\/20454","targetHints":{"allow":["GET"]}}],"collection":[{"href":"https:\/\/corporate.minor-hotels.com\/es\/wp-json\/wp\/v2\/pages"}],"about":[{"href":"https:\/\/corporate.minor-hotels.com\/es\/wp-json\/wp\/v2\/types\/page"}],"author":[{"embeddable":true,"href":"https:\/\/corporate.minor-hotels.com\/es\/wp-json\/wp\/v2\/users\/6"}],"replies":[{"embeddable":true,"href":"https:\/\/corporate.minor-hotels.com\/es\/wp-json\/wp\/v2\/comments?post=20454"}],"version-history":[{"count":9,"href":"https:\/\/corporate.minor-hotels.com\/es\/wp-json\/wp\/v2\/pages\/20454\/revisions"}],"predecessor-version":[{"id":24399,"href":"https:\/\/corporate.minor-hotels.com\/es\/wp-json\/wp\/v2\/pages\/20454\/revisions\/24399"}],"up":[{"embeddable":true,"href":"https:\/\/corporate.minor-hotels.com\/es\/wp-json\/wp\/v2\/pages\/20394"}],"wp:attachment":[{"href":"https:\/\/corporate.minor-hotels.com\/es\/wp-json\/wp\/v2\/media?parent=20454"}],"curies":[{"name":"wp","href":"https:\/\/api.w.org\/{rel}","templated":true}]}}