{"id":20451,"date":"2023-04-12T17:28:16","date_gmt":"2023-04-12T15:28:16","guid":{"rendered":"https:\/\/www.nh-hotels.com\/corporate\/sostenibilidad\/alliances-and-recognitions"},"modified":"2026-02-10T14:23:44","modified_gmt":"2026-02-10T13:23:44","slug":"alianzas-y-reconocimientos","status":"publish","type":"page","link":"https:\/\/corporate.minor-hotels.com\/es\/sostenibilidad\/alianzas-y-reconocimientos","title":{"rendered":"Alianzas y reconocimientos"},"content":{"rendered":"\n<h1 class=\"wp-block-heading\">Alianzas y reconocimientos<\/h1>\n\n\n\n<div class=\"wp-block-columns is-layout-flex wp-container-core-columns-is-layout-9d6595d7 wp-block-columns-is-layout-flex\">\n<div class=\"wp-block-column is-layout-flow wp-block-column-is-layout-flow\">\n<p><!--StartFragment --><span class=\"cf0\">Minor hotels Europe &amp; Americas promueve las alianzas y colaboraciones estrat\u00e9gicas en sostenibilidad. La Compa\u00f1\u00eda es consciente de la importancia de la colaboraci\u00f3n entre instituciones para cumplir la agenda de desarrollo sostenible. Por eso, establecemos alianzas sobre la base de principios, valores y objetivos comunes con diferentes organizaciones, ya sean de \u00e1mbito p\u00fablico o privado y a nivel mundial, regional, nacional y local.<\/span><!--EndFragment --><\/p>\n<p><!--StartFragment --><span class=\"cf0\">Minor hotels Europe &amp; Americas est\u00e1 adherida al Pacto Mundial de las Naciones Unidas desde 2006, integrando sus 10 principios como marco de referencia interno para el dise\u00f1o de la estrategia y gesti\u00f3n de la Responsabilidad Corporativa de la Compa\u00f1\u00eda. Tambi\u00e9n estamos adheridos a la iniciativa, \u201cTurismo responsable: un compromiso de todos\u201d, liderada por el Pacto Mundial y la Organizaci\u00f3n Mundial del Turismo que incluye la firma del C\u00f3digo \u00c9tico Mundial del Turismo. El objetivo de este proyecto es avanzar en el \u00e1mbito de la Responsabilidad Social Corporativa en el sector tur\u00edstico espa\u00f1ol y ayudar a las empresas del sector a cumplir sus compromisos \u00e9ticos y de desarrollo sostenible.<\/span><!--EndFragment --><\/p>\n<p><!--StartFragment --><\/p>\n<p class=\"pf0\"><span class=\"cf0\">Estos son algunos de los premios y reconocimientos obtenidos en los \u00faltimos a\u00f1os, que muestran un reflejo del compromiso por seguir avanzando en ese camino.<\/span><\/p>\n<p><!--EndFragment --><\/p>\n<\/div>\n<\/div>\n\n\n\n<div class=\"wp-block-columns is-layout-flex wp-container-core-columns-is-layout-9d6595d7 wp-block-columns-is-layout-flex\">\n<div class=\"wp-block-column is-vertically-aligned-center is-layout-flow wp-block-column-is-layout-flow\" style=\"flex-basis:20%\"><\/div>\n\n\n\n<div class=\"wp-block-column is-vertically-aligned-center is-layout-flow wp-block-column-is-layout-flow\" style=\"flex-basis:80%\"><\/div>\n<\/div>\n\n\n\n<div class=\"wp-block-columns is-layout-flex wp-container-core-columns-is-layout-9d6595d7 wp-block-columns-is-layout-flex\">\n<div class=\"wp-block-column is-vertically-aligned-center is-layout-flow wp-block-column-is-layout-flow\" style=\"flex-basis:20%\"><div class=\"wp-block-image\">\n<figure class=\"aligncenter size-full is-resized\"><img loading=\"lazy\" decoding=\"async\" width=\"500\" height=\"500\" src=\"https:\/\/corporate.minor-hotels.com\/assets\/uploads\/2024\/06\/26170528\/GECOTY-logo-Highly-commended-badge.png\" alt=\"\" class=\"wp-image-22942\" style=\"width:221px\" srcset=\"https:\/\/corporate.minor-hotels.com\/assets\/uploads\/2024\/06\/26170528\/GECOTY-logo-Highly-commended-badge.png 500w, https:\/\/corporate.minor-hotels.com\/assets\/uploads\/2024\/06\/26170528\/GECOTY-logo-Highly-commended-badge-300x300.png 300w, https:\/\/corporate.minor-hotels.com\/assets\/uploads\/2024\/06\/26170528\/GECOTY-logo-Highly-commended-badge-150x150.png 150w\" sizes=\"auto, (max-width: 500px) 100vw, 500px\" \/><\/figure>\n<\/div><\/div>\n\n\n\n<div class=\"wp-block-column is-vertically-aligned-center is-layout-flow wp-block-column-is-layout-flow\" style=\"flex-basis:80%\">\n<p><strong>GENDER EQUALITY AWARDS 2024. <\/strong>Minor Hotels Europe &amp; Americas fue finalista en los Premios Gender Equality celebrados por la organizaci\u00f3n Equality in Tourism.<\/p>\n<\/div>\n<\/div>\n\n\n\n<div class=\"wp-block-columns is-layout-flex wp-container-core-columns-is-layout-9d6595d7 wp-block-columns-is-layout-flex\">\n<div class=\"wp-block-column is-vertically-aligned-center is-layout-flow wp-block-column-is-layout-flow\" style=\"flex-basis:20%\"><div class=\"wp-block-image\">\n<figure class=\"aligncenter size-full is-resized\"><img loading=\"lazy\" decoding=\"async\" width=\"200\" height=\"200\" src=\"https:\/\/corporate.minor-hotels.com\/assets\/uploads\/2026\/02\/10140806\/intermundial_logo.jpg\" alt=\"\" class=\"wp-image-24326\" style=\"object-fit:cover;width:171px;height:171px\" srcset=\"https:\/\/corporate.minor-hotels.com\/assets\/uploads\/2026\/02\/10140806\/intermundial_logo.jpg 200w, https:\/\/corporate.minor-hotels.com\/assets\/uploads\/2026\/02\/10140806\/intermundial_logo-150x150.jpg 150w\" sizes=\"auto, (max-width: 200px) 100vw, 200px\" \/><\/figure>\n<\/div><\/div>\n\n\n\n<div class=\"wp-block-column is-vertically-aligned-center is-layout-flow wp-block-column-is-layout-flow\" style=\"flex-basis:80%\">\n<p><strong>PREMIO TURISMO SOSTENIBLE Y RESPONSABLE<\/strong>. Nuestro programa corporativo de voluntariado \u2018Together with Love\u2019 ha sido reconocido por la Fundaci\u00f3n Intermundial en la 8.\u00aa edici\u00f3n de los Premios de Turismo Responsable y Sostenible, celebrados en Fitur 2025.<\/p>\n<\/div>\n<\/div>\n\n\n\n<div class=\"wp-block-columns is-layout-flex wp-container-core-columns-is-layout-9d6595d7 wp-block-columns-is-layout-flex\">\n<div class=\"wp-block-column is-vertically-aligned-center is-layout-flow wp-block-column-is-layout-flow\" style=\"flex-basis:20%\"><div class=\"wp-block-image\">\n<figure class=\"aligncenter size-full is-resized\"><img loading=\"lazy\" decoding=\"async\" width=\"870\" height=\"870\" src=\"https:\/\/corporate.minor-hotels.com\/assets\/uploads\/2023\/04\/20131947\/Logo_Screen_RGB_FTSE4Good.jpg\" alt=\"\" class=\"wp-image-20112\" style=\"width:270px\" srcset=\"https:\/\/corporate.minor-hotels.com\/assets\/uploads\/2023\/04\/20131947\/Logo_Screen_RGB_FTSE4Good.jpg 870w, https:\/\/corporate.minor-hotels.com\/assets\/uploads\/2023\/04\/20131947\/Logo_Screen_RGB_FTSE4Good-300x300.jpg 300w, https:\/\/corporate.minor-hotels.com\/assets\/uploads\/2023\/04\/20131947\/Logo_Screen_RGB_FTSE4Good-150x150.jpg 150w, https:\/\/corporate.minor-hotels.com\/assets\/uploads\/2023\/04\/20131947\/Logo_Screen_RGB_FTSE4Good-768x768.jpg 768w\" sizes=\"auto, (max-width: 870px) 100vw, 870px\" \/><\/figure>\n<\/div><\/div>\n\n\n\n<div class=\"wp-block-column is-vertically-aligned-center is-layout-flow wp-block-column-is-layout-flow\" style=\"flex-basis:80%\">\n<p><b><strong>FTSE4GOOD<\/strong><\/b>. Desde 2013, Minor Hotels Europe &amp; Americas forma parte del \u00edndice FTSE4GOOD y renueva su presencia cada a\u00f1o, gracias a la gesti\u00f3n responsable del negocio y a las mejoras realizadas. El \u00edndice fue creado por la Bolsa de Londres para ayudar a los inversores a integrar los factores medioambientales, sociales y de gobernanza (ASG) en su toma de decisiones.<\/p>\n<\/div>\n<\/div>\n\n\n\n<div class=\"wp-block-columns is-layout-flex wp-container-core-columns-is-layout-9d6595d7 wp-block-columns-is-layout-flex\">\n<div class=\"wp-block-column is-vertically-aligned-center is-layout-flow wp-block-column-is-layout-flow\" style=\"flex-basis:20%\"><div class=\"wp-block-image\">\n<figure class=\"aligncenter size-large is-resized\"><img loading=\"lazy\" decoding=\"async\" width=\"1024\" height=\"360\" src=\"https:\/\/corporate.minor-hotels.com\/assets\/uploads\/2023\/04\/20132233\/1200px-Carbon_Disclosure_Project_logo.svg-1024x360.png\" alt=\"\" class=\"wp-image-20123\" style=\"width:233px;height:82px\" srcset=\"https:\/\/corporate.minor-hotels.com\/assets\/uploads\/2023\/04\/20132233\/1200px-Carbon_Disclosure_Project_logo.svg-1024x360.png 1024w, https:\/\/corporate.minor-hotels.com\/assets\/uploads\/2023\/04\/20132233\/1200px-Carbon_Disclosure_Project_logo.svg-300x106.png 300w, https:\/\/corporate.minor-hotels.com\/assets\/uploads\/2023\/04\/20132233\/1200px-Carbon_Disclosure_Project_logo.svg-768x270.png 768w, https:\/\/corporate.minor-hotels.com\/assets\/uploads\/2023\/04\/20132233\/1200px-Carbon_Disclosure_Project_logo.svg.png 1200w\" sizes=\"auto, (max-width: 1024px) 100vw, 1024px\" \/><\/figure>\n<\/div><\/div>\n\n\n\n<div class=\"wp-block-column is-vertically-aligned-center is-layout-flow wp-block-column-is-layout-flow\" style=\"flex-basis:80%\">\n<p><strong>Carbon Disclosure Project (CDP).<\/strong> <!--StartFragment --><span class=\"cf0\">Reconoce el trabajo de las principales empresas globales en la lucha contra el <strong><a href=\"https:\/\/corporate.minor-hotels.com\/assets\/uploads\/2023\/07\/27131748\/NH_Hotel_Group_CDP_Climate_Change_Questionnaire_2023.pdf\" target=\"_blank\" rel=\"noopener\">cambio clim\u00e1tico<\/a><\/strong>. En su informe m\u00e1s reciente, publicado en 2024, Minor Hotels Europe &amp; Americas recibi\u00f3 una calificaci\u00f3n B en su ranking anual de Cambio Clim\u00e1tico y en Seguridad H\u00eddrica.<\/span><!--EndFragment --><\/p>\n<\/div>\n<\/div>\n\n\n\n<div class=\"wp-block-columns is-layout-flex wp-container-core-columns-is-layout-9d6595d7 wp-block-columns-is-layout-flex\">\n<div class=\"wp-block-column is-vertically-aligned-center is-layout-flow wp-block-column-is-layout-flow\" style=\"flex-basis:20%\"><div class=\"wp-block-image\">\n<figure class=\"aligncenter size-large is-resized\"><img loading=\"lazy\" decoding=\"async\" width=\"1024\" height=\"1024\" src=\"https:\/\/corporate.minor-hotels.com\/assets\/uploads\/2026\/02\/10141011\/MINOR-HOTELS-EUROPE-AMERICAS-SA-GROUP_EV_Recognition-1024x1024.png\" alt=\"\" class=\"wp-image-24332\" style=\"width:100px\" srcset=\"https:\/\/corporate.minor-hotels.com\/assets\/uploads\/2026\/02\/10141011\/MINOR-HOTELS-EUROPE-AMERICAS-SA-GROUP_EV_Recognition-1024x1024.png 1024w, https:\/\/corporate.minor-hotels.com\/assets\/uploads\/2026\/02\/10141011\/MINOR-HOTELS-EUROPE-AMERICAS-SA-GROUP_EV_Recognition-300x300.png 300w, https:\/\/corporate.minor-hotels.com\/assets\/uploads\/2026\/02\/10141011\/MINOR-HOTELS-EUROPE-AMERICAS-SA-GROUP_EV_Recognition-150x150.png 150w, https:\/\/corporate.minor-hotels.com\/assets\/uploads\/2026\/02\/10141011\/MINOR-HOTELS-EUROPE-AMERICAS-SA-GROUP_EV_Recognition-768x768.png 768w, https:\/\/corporate.minor-hotels.com\/assets\/uploads\/2026\/02\/10141011\/MINOR-HOTELS-EUROPE-AMERICAS-SA-GROUP_EV_Recognition-1536x1536.png 1536w, https:\/\/corporate.minor-hotels.com\/assets\/uploads\/2026\/02\/10141011\/MINOR-HOTELS-EUROPE-AMERICAS-SA-GROUP_EV_Recognition.png 1667w\" sizes=\"auto, (max-width: 1024px) 100vw, 1024px\" \/><\/figure>\n<\/div><\/div>\n\n\n\n<div class=\"wp-block-column is-vertically-aligned-center is-layout-flow wp-block-column-is-layout-flow\" style=\"flex-basis:80%\">\n<p><strong>ECOVADIS<\/strong>: Minor Hotels Europe &amp; Americas ha sido galardonada con la Medalla de Plata de EcoVadis, situ\u00e1ndola entre el 15% de las empresas mejor valoradas por la organizaci\u00f3n. Este reconocimiento refleja sus esfuerzos continuos en las \u00e1reas de medio ambiente, derechos humanos y laborales, \u00e9tica y compras sostenibles, as\u00ed como su compromiso con promover la transparencia a lo largo de toda la cadena de valor.<\/p>\n<\/div>\n<\/div>\n\n\n\n<h2 class=\"wp-block-heading has-text-align-center\"><strong>Certificaciones<\/strong><\/h2>\n\n\n<\/p>\n\n\n<div class=\"wp-block-columns is-layout-flex wp-container-core-columns-is-layout-9d6595d7 wp-block-columns-is-layout-flex\">\n<div class=\"wp-block-column is-vertically-aligned-center is-layout-flow wp-block-column-is-layout-flow\" style=\"flex-basis:20%\"><div class=\"wp-block-image\">\n<figure class=\"aligncenter size-full\"><img loading=\"lazy\" decoding=\"async\" width=\"480\" height=\"150\" src=\"https:\/\/corporate.minor-hotels.com\/assets\/uploads\/2023\/04\/20131943\/bioscore.png\" alt=\"\" class=\"wp-image-20095\" srcset=\"https:\/\/corporate.minor-hotels.com\/assets\/uploads\/2023\/04\/20131943\/bioscore.png 480w, https:\/\/corporate.minor-hotels.com\/assets\/uploads\/2023\/04\/20131943\/bioscore-300x94.png 300w\" sizes=\"auto, (max-width: 480px) 100vw, 480px\" \/><\/figure>\n<\/div><\/div>\n\n\n\n<div class=\"wp-block-column is-vertically-aligned-center is-layout-flow wp-block-column-is-layout-flow\" style=\"flex-basis:80%\">\n<p><strong>BIOSCORE<\/strong>. <!--StartFragment --><span class=\"cf0\">La certificaci\u00f3n Bioscore se basa en una evaluaci\u00f3n independiente del nivel de sostenibilidad de un hotel mediante una calificaci\u00f3n construida sobre criterios ESG, para ofrecer una visi\u00f3n global y estandarizada de los esfuerzos en sostenibilidad realizados por cada establecimiento. Tambi\u00e9n est\u00e1 auditada de forma independiente y cumple con los criterios establecidos por la iniciativa Travalyst. En la evaluaci\u00f3n de 2025, el 99% de nuestro porfolio obtuvo esta certificaci\u00f3n y el 81% mejor\u00f3 su calificaci\u00f3n con respecto al a\u00f1o anterior.<\/span><!--EndFragment --><\/p>\n<\/div>\n<\/div>\n\n\n\n<div class=\"wp-block-columns is-layout-flex wp-container-core-columns-is-layout-9d6595d7 wp-block-columns-is-layout-flex\">\n<div class=\"wp-block-column is-vertically-aligned-center is-layout-flow wp-block-column-is-layout-flow\" style=\"flex-basis:20%\"><div class=\"wp-block-image\">\n<figure class=\"aligncenter size-full is-resized\"><img loading=\"lazy\" decoding=\"async\" width=\"1000\" height=\"1261\" src=\"https:\/\/corporate.minor-hotels.com\/assets\/uploads\/2026\/02\/10141204\/greenkey_logo.jpg\" alt=\"\" class=\"wp-image-24338\" style=\"width:80px\" srcset=\"https:\/\/corporate.minor-hotels.com\/assets\/uploads\/2026\/02\/10141204\/greenkey_logo.jpg 1000w, https:\/\/corporate.minor-hotels.com\/assets\/uploads\/2026\/02\/10141204\/greenkey_logo-238x300.jpg 238w, https:\/\/corporate.minor-hotels.com\/assets\/uploads\/2026\/02\/10141204\/greenkey_logo-812x1024.jpg 812w, https:\/\/corporate.minor-hotels.com\/assets\/uploads\/2026\/02\/10141204\/greenkey_logo-768x968.jpg 768w\" sizes=\"auto, (max-width: 1000px) 100vw, 1000px\" \/><\/figure>\n<\/div><\/div>\n\n\n\n<div class=\"wp-block-column is-vertically-aligned-center is-layout-flow wp-block-column-is-layout-flow\" style=\"flex-basis:80%\">\n<p><b>GREEN KEY<\/b>. Es un sello internacional l\u00edder que reconoce a los establecimientos tur\u00edsticos por su excelencia en responsabilidad ambiental y operaciones sostenibles. Los establecimientos certificados deben cumplir criterios estrictos \u2014desarrollados por la Foundation for Environmental Education\u2014 y se someten a auditor\u00edas peri\u00f3dicas y verificaciones independientes que garantizan el cumplimiento de los est\u00e1ndares del programa. Actualmente, contamos con 89 hoteles certificados en nuestro porfolio, que muestran este distintivo en su p\u00e1gina web. Para m\u00e1s informaci\u00f3n sobre el programa Green Key y sus est\u00e1ndares internacionales, visita la <a target=\"_blank\" rel=\"nofollow\" href=\"https:\/\/www.greenkey.global\/\"><strong>p\u00e1gina oficial de Green Key<\/strong>.<\/a><!--EndFragment --><\/p>\n<\/div>\n<\/div>\n","protected":false},"excerpt":{"rendered":"<p>Alianzas y reconocimientos Minor hotels Europe &amp; Americas promueve las alianzas y colaboraciones estrat\u00e9gicas en sostenibilidad. La Compa\u00f1\u00eda es consciente de la importancia de la colaboraci\u00f3n entre instituciones para cumplir la agenda de desarrollo sostenible. Por eso, establecemos alianzas sobre la base de principios, valores y objetivos comunes con diferentes organizaciones, ya sean de \u00e1mbito [&hellip;]<\/p>\n","protected":false},"author":6,"featured_media":0,"parent":20394,"menu_order":0,"comment_status":"closed","ping_status":"closed","template":"","meta":{"_acf_changed":false,"footnotes":""},"class_list":["post-20451","page","type-page","status-publish","hentry"],"acf":[],"_links":{"self":[{"href":"https:\/\/corporate.minor-hotels.com\/es\/wp-json\/wp\/v2\/pages\/20451","targetHints":{"allow":["GET"]}}],"collection":[{"href":"https:\/\/corporate.minor-hotels.com\/es\/wp-json\/wp\/v2\/pages"}],"about":[{"href":"https:\/\/corporate.minor-hotels.com\/es\/wp-json\/wp\/v2\/types\/page"}],"author":[{"embeddable":true,"href":"https:\/\/corporate.minor-hotels.com\/es\/wp-json\/wp\/v2\/users\/6"}],"replies":[{"embeddable":true,"href":"https:\/\/corporate.minor-hotels.com\/es\/wp-json\/wp\/v2\/comments?post=20451"}],"version-history":[{"count":17,"href":"https:\/\/corporate.minor-hotels.com\/es\/wp-json\/wp\/v2\/pages\/20451\/revisions"}],"predecessor-version":[{"id":24348,"href":"https:\/\/corporate.minor-hotels.com\/es\/wp-json\/wp\/v2\/pages\/20451\/revisions\/24348"}],"up":[{"embeddable":true,"href":"https:\/\/corporate.minor-hotels.com\/es\/wp-json\/wp\/v2\/pages\/20394"}],"wp:attachment":[{"href":"https:\/\/corporate.minor-hotels.com\/es\/wp-json\/wp\/v2\/media?parent=20451"}],"curies":[{"name":"wp","href":"https:\/\/api.w.org\/{rel}","templated":true}]}}