{"id":20441,"date":"2023-04-12T15:57:58","date_gmt":"2023-04-12T13:57:58","guid":{"rendered":"https:\/\/www.nh-hotels.com\/corporate\/sostenibilidad\/agenda-2030"},"modified":"2024-07-08T14:04:18","modified_gmt":"2024-07-08T12:04:18","slug":"agenda-2030","status":"publish","type":"page","link":"https:\/\/corporate.minor-hotels.com\/es\/sostenibilidad\/agenda-2030","title":{"rendered":"Agenda 2030"},"content":{"rendered":"\n<h1 class=\"wp-block-heading\">Agenda 2030<\/h1>\n\n\n\n<div class=\"wp-block-columns is-layout-flex wp-container-core-columns-is-layout-9d6595d7 wp-block-columns-is-layout-flex\">\n<div class=\"wp-block-column is-layout-flow wp-block-column-is-layout-flow\">\n<p>Las Naciones Unidas adoptaron los Objetivos de Desarrollo Sostenible en 2015, como un llamamiento universal a la acci\u00f3n para conseguir un futuro mejor y m\u00e1s sostenible para todos. Hay 17 ODS que abordan los retos mundiales a los que nos enfrentamos.<\/p>\n\n\n\n<hr class=\"wp-block-separator has-text-color has-white-color has-alpha-channel-opacity has-white-background-color has-background\"\/>\n\n\n\n<hr class=\"wp-block-separator has-text-color has-white-color has-alpha-channel-opacity has-white-background-color has-background\"\/>\n\n\n\n<div class=\"videoyoutubenhsustainable\"><iframe src=\"https:\/\/www.youtube.com\/embed\/wXASRXbjR08\" title=\"YouTube video player\" frameborder=\"0\" allow=\"accelerometer; autoplay; clipboard-write; encrypted-media; gyroscope; picture-in-picture; web-share\" allowfullscreen=\"\"><\/iframe><\/div>\n\n\n\n<hr class=\"wp-block-separator has-text-color has-white-color has-alpha-channel-opacity has-white-background-color has-background\"\/>\n\n\n\n<hr class=\"wp-block-separator has-text-color has-white-color has-alpha-channel-opacity has-white-background-color has-background\"\/>\n\n\n\n<p>Con el prop\u00f3sito de enfocar el modelo de negocio a un modelo hotelero comprometido con el desarrollo sostenible, a trav\u00e9s de la Estrategia Sustainable Business Minor Hotels Europe &amp; Americas genera valor para los distintos stakeholders en los lugares en los que est\u00e1 presente. En este contexto, la Compa\u00f1\u00eda tiene impacto y capacidad de influencia en un total de 11 Objetivos de Desarrollo Sostenible, focalizando la estrategia en dos de ellos:<\/p>\n<\/div>\n<\/div>\n\n\n\n<div class=\"wp-block-columns is-layout-flex wp-container-core-columns-is-layout-9d6595d7 wp-block-columns-is-layout-flex\">\n<div class=\"wp-block-column is-vertically-aligned-center is-layout-flow wp-block-column-is-layout-flow\" style=\"flex-basis:10%\">\n<figure class=\"wp-block-image size-thumbnail is-resized\"><img decoding=\"async\" src=\"https:\/\/corporate.minor-hotels.com\/assets\/uploads\/2023\/04\/20130828\/SDG-Goal-11-150x150.png\" alt=\"\" class=\"wp-image-20044\" height=\"113\" srcset=\"https:\/\/corporate.minor-hotels.com\/assets\/uploads\/2023\/04\/20130828\/SDG-Goal-11-150x150.png 150w, https:\/\/corporate.minor-hotels.com\/assets\/uploads\/2023\/04\/20130828\/SDG-Goal-11-300x300.png 300w, https:\/\/corporate.minor-hotels.com\/assets\/uploads\/2023\/04\/20130828\/SDG-Goal-11-1024x1024.png 1024w, https:\/\/corporate.minor-hotels.com\/assets\/uploads\/2023\/04\/20130828\/SDG-Goal-11-768x768.png 768w, https:\/\/corporate.minor-hotels.com\/assets\/uploads\/2023\/04\/20130828\/SDG-Goal-11.png 1500w\" sizes=\"(max-width: 150px) 100vw, 150px\" \/><\/figure>\n<\/div>\n\n\n\n<div class=\"wp-block-column is-vertically-aligned-center is-layout-flow wp-block-column-is-layout-flow\" style=\"flex-basis:90%\">\n<p style=\"text-align: left\"><strong>ODS 11 Ciudades y comunidades Sostenibles<\/strong><\/p>\n<\/div>\n<\/div>\n\n\n\n<div class=\"wp-block-columns is-layout-flex wp-container-core-columns-is-layout-9d6595d7 wp-block-columns-is-layout-flex\">\n<div class=\"wp-block-column is-vertically-aligned-center is-layout-flow wp-block-column-is-layout-flow\" style=\"flex-basis:10%\">\n<figure class=\"wp-block-image size-thumbnail is-resized\"><img decoding=\"async\" src=\"https:\/\/corporate.minor-hotels.com\/assets\/uploads\/2023\/04\/20131136\/SDG-Goal-08-150x150.png\" alt=\"\" class=\"wp-image-20058\" height=\"113\" srcset=\"https:\/\/corporate.minor-hotels.com\/assets\/uploads\/2023\/04\/20131136\/SDG-Goal-08-150x150.png 150w, https:\/\/corporate.minor-hotels.com\/assets\/uploads\/2023\/04\/20131136\/SDG-Goal-08-300x300.png 300w, https:\/\/corporate.minor-hotels.com\/assets\/uploads\/2023\/04\/20131136\/SDG-Goal-08-1024x1024.png 1024w, https:\/\/corporate.minor-hotels.com\/assets\/uploads\/2023\/04\/20131136\/SDG-Goal-08-768x768.png 768w, https:\/\/corporate.minor-hotels.com\/assets\/uploads\/2023\/04\/20131136\/SDG-Goal-08.png 1500w\" sizes=\"(max-width: 150px) 100vw, 150px\" \/><\/figure>\n<\/div>\n\n\n\n<div class=\"wp-block-column is-vertically-aligned-center is-layout-flow wp-block-column-is-layout-flow\" style=\"flex-basis:90%\">\n<p><strong>ODS 8 Trabajo decente y crecimiento econ\u00f3mico<\/strong><\/p>\n<\/div>\n<\/div>\n\n\n\n<div class=\"wp-block-columns is-layout-flex wp-container-core-columns-is-layout-9d6595d7 wp-block-columns-is-layout-flex\">\n<div class=\"wp-block-column is-layout-flow wp-block-column-is-layout-flow\">\n<p>Minor Hotels Europe &amp; Americas ha realizado un an\u00e1lisis de la contribuci\u00f3n de la agenda a los ODS, que a su vez ha permitido identificar qu\u00e9 objetivos son m\u00e1s relevantes para la Compa\u00f1\u00eda, tanto por su actividad, compromisos y su foco estrat\u00e9gico, como por diferentes factores externos contemplados. Convencida de que avanza en la direcci\u00f3n correcta para lograr los pr\u00f3ximos retos que se fije en materia de sostenibilidad, la Compa\u00f1\u00eda se encuentra alineada con los Objetivos de Desarrollo Sostenible (ODS) a los que puede contribuir, por lo que se compromete a continuar creando valor a largo plazo y a nivel global, en el marco de la Agenda 2030.<\/p>\n<p>Bajo este compromiso, el Grupo ha desarrollado su Estrategia de Sustainable Business basada en dos pilares UP FOR PLANET y UP FOR PEOPLE:<\/p>\n<\/div>\n<\/div>\n\n\n\n<div class=\"wp-block-columns is-layout-flex wp-container-core-columns-is-layout-9d6595d7 wp-block-columns-is-layout-flex\">\n<div class=\"wp-block-column is-layout-flow wp-block-column-is-layout-flow\">\n<figure class=\"wp-block-image size-full is-resized\"><a href=\"https:\/\/corporate.minor-hotels.com\/es\/sostenibilidad\/compania-sostenible-up-for-planet-people\/up-for-planet\"><img decoding=\"async\" src=\"https:\/\/corporate.minor-hotels.com\/assets\/uploads\/2023\/05\/05190331\/agenda-2030-tabla-1-es.jpg\" alt=\"\" class=\"wp-image-20580\" height=\"1125\" srcset=\"https:\/\/corporate.minor-hotels.com\/assets\/uploads\/2023\/05\/05190331\/agenda-2030-tabla-1-es.jpg 2000w, https:\/\/corporate.minor-hotels.com\/assets\/uploads\/2023\/05\/05190331\/agenda-2030-tabla-1-es-300x169.jpg 300w, https:\/\/corporate.minor-hotels.com\/assets\/uploads\/2023\/05\/05190331\/agenda-2030-tabla-1-es-1024x576.jpg 1024w, https:\/\/corporate.minor-hotels.com\/assets\/uploads\/2023\/05\/05190331\/agenda-2030-tabla-1-es-768x432.jpg 768w, https:\/\/corporate.minor-hotels.com\/assets\/uploads\/2023\/05\/05190331\/agenda-2030-tabla-1-es-1536x864.jpg 1536w\" sizes=\"(max-width: 2000px) 100vw, 2000px\" \/><\/a><\/figure>\n<\/div>\n<\/div>\n\n\n\n<div class=\"wp-block-columns is-layout-flex wp-container-core-columns-is-layout-9d6595d7 wp-block-columns-is-layout-flex\">\n<div class=\"wp-block-column is-layout-flow wp-block-column-is-layout-flow\">\n<figure class=\"wp-block-image size-full is-resized\"><a href=\"https:\/\/corporate.minor-hotels.com\/es\/sostenibilidad\/compania-sostenible-up-for-planet-people\/up-for-people\"><img decoding=\"async\" src=\"https:\/\/corporate.minor-hotels.com\/assets\/uploads\/2023\/05\/05190235\/agenda-2030-tabla-2-es.jpg\" alt=\"\" class=\"wp-image-20573\" height=\"1125\" srcset=\"https:\/\/corporate.minor-hotels.com\/assets\/uploads\/2023\/05\/05190235\/agenda-2030-tabla-2-es.jpg 2000w, https:\/\/corporate.minor-hotels.com\/assets\/uploads\/2023\/05\/05190235\/agenda-2030-tabla-2-es-300x169.jpg 300w, https:\/\/corporate.minor-hotels.com\/assets\/uploads\/2023\/05\/05190235\/agenda-2030-tabla-2-es-1024x576.jpg 1024w, https:\/\/corporate.minor-hotels.com\/assets\/uploads\/2023\/05\/05190235\/agenda-2030-tabla-2-es-768x432.jpg 768w, https:\/\/corporate.minor-hotels.com\/assets\/uploads\/2023\/05\/05190235\/agenda-2030-tabla-2-es-1536x864.jpg 1536w\" sizes=\"(max-width: 2000px) 100vw, 2000px\" \/><\/a><\/figure>\n\n\n\n<p>Consciente de la importancia de lograr la consecuci\u00f3n de los objetivos establecidos, Minor Hotels Europe &amp; Americas trabaja en colaboraci\u00f3n con diversas organizaciones para alcanzar la agenda de desarrollo sostenible y, en consecuencia, establece alianzas basadas en principios, valores y objetivos comunes con instituciones y asociaciones.<\/p>\n<p>Este objetivo com\u00fan emerge bajo el lema <em>\u00abPreparar a la Compa\u00f1\u00eda para operar en un mundo descarbonizado\u00bb<\/em>. En esta l\u00ednea, Minor Hotels Europe &amp; Americas pone especial \u00e9nfasis en acuerdos de colaboraci\u00f3n con socios alineados con la Estrategia de Sustainable Business.<\/p>\n<p><\/p>\n<\/div>\n<\/div>\n\n\n<div class=\"wp-block-image\">\n<figure class=\"aligncenter size-large is-resized\"><img decoding=\"async\" src=\"https:\/\/corporate.minor-hotels.com\/assets\/uploads\/2024\/07\/08140342\/CEOE-1024x576.png\" alt=\"\" class=\"wp-image-23232\" height=\"418\" srcset=\"https:\/\/corporate.minor-hotels.com\/assets\/uploads\/2024\/07\/08140342\/CEOE-1024x576.png 1024w, https:\/\/corporate.minor-hotels.com\/assets\/uploads\/2024\/07\/08140342\/CEOE-300x169.png 300w, https:\/\/corporate.minor-hotels.com\/assets\/uploads\/2024\/07\/08140342\/CEOE-768x432.png 768w, https:\/\/corporate.minor-hotels.com\/assets\/uploads\/2024\/07\/08140342\/CEOE-1536x864.png 1536w, https:\/\/corporate.minor-hotels.com\/assets\/uploads\/2024\/07\/08140342\/CEOE.png 1920w\" sizes=\"(max-width: 1024px) 100vw, 1024px\" \/><\/figure>\n<\/div>","protected":false},"excerpt":{"rendered":"<p>Agenda 2030 Las Naciones Unidas adoptaron los Objetivos de Desarrollo Sostenible en 2015, como un llamamiento universal a la acci\u00f3n para conseguir un futuro mejor y m\u00e1s sostenible para todos. Hay 17 ODS que abordan los retos mundiales a los que nos enfrentamos. Con el prop\u00f3sito de enfocar el modelo de negocio a un modelo [&hellip;]<\/p>\n","protected":false},"author":6,"featured_media":0,"parent":20394,"menu_order":0,"comment_status":"closed","ping_status":"closed","template":"","meta":{"_acf_changed":false,"footnotes":""},"class_list":["post-20441","page","type-page","status-publish","hentry"],"acf":[],"_links":{"self":[{"href":"https:\/\/corporate.minor-hotels.com\/es\/wp-json\/wp\/v2\/pages\/20441","targetHints":{"allow":["GET"]}}],"collection":[{"href":"https:\/\/corporate.minor-hotels.com\/es\/wp-json\/wp\/v2\/pages"}],"about":[{"href":"https:\/\/corporate.minor-hotels.com\/es\/wp-json\/wp\/v2\/types\/page"}],"author":[{"embeddable":true,"href":"https:\/\/corporate.minor-hotels.com\/es\/wp-json\/wp\/v2\/users\/6"}],"replies":[{"embeddable":true,"href":"https:\/\/corporate.minor-hotels.com\/es\/wp-json\/wp\/v2\/comments?post=20441"}],"version-history":[{"count":14,"href":"https:\/\/corporate.minor-hotels.com\/es\/wp-json\/wp\/v2\/pages\/20441\/revisions"}],"predecessor-version":[{"id":23239,"href":"https:\/\/corporate.minor-hotels.com\/es\/wp-json\/wp\/v2\/pages\/20441\/revisions\/23239"}],"up":[{"embeddable":true,"href":"https:\/\/corporate.minor-hotels.com\/es\/wp-json\/wp\/v2\/pages\/20394"}],"wp:attachment":[{"href":"https:\/\/corporate.minor-hotels.com\/es\/wp-json\/wp\/v2\/media?parent=20441"}],"curies":[{"name":"wp","href":"https:\/\/api.w.org\/{rel}","templated":true}]}}