{"id":20438,"date":"2023-04-12T17:25:23","date_gmt":"2023-04-12T15:25:23","guid":{"rendered":"https:\/\/www.nh-hotels.com\/corporate\/sostenibilidad\/compania-sostenible-up-for-planet-people\/up-for-people\/communities"},"modified":"2024-07-08T13:23:15","modified_gmt":"2024-07-08T11:23:15","slug":"comunidades","status":"publish","type":"page","link":"https:\/\/corporate.minor-hotels.com\/es\/sostenibilidad\/compania-sostenible-up-for-planet-people\/up-for-people\/comunidades","title":{"rendered":"Comunidades"},"content":{"rendered":"\n<h1 class=\"wp-block-heading\">Comunidades<\/h1>\n\n\n\n<div class=\"wp-block-columns is-layout-flex wp-container-core-columns-is-layout-9d6595d7 wp-block-columns-is-layout-flex\">\n<div class=\"wp-block-column is-layout-flow wp-block-column-is-layout-flow\">\n<p>Minor Hotels Europe &amp; Americas busca crear un impacto social y ambiental positivo en aquellas comunidades donde estamos presentes a trav\u00e9s de alianzas responsables clave.<\/p>\n<\/div>\n<\/div>\n\n\n\n<div class=\"wp-block-columns is-layout-flex wp-container-core-columns-is-layout-9d6595d7 wp-block-columns-is-layout-flex\">\n<div class=\"wp-block-column is-vertically-aligned-center is-layout-flow wp-block-column-is-layout-flow\" style=\"flex-basis:33.33%\">\n<figure class=\"wp-block-image size-full\"><img loading=\"lazy\" decoding=\"async\" width=\"1203\" height=\"768\" src=\"https:\/\/corporate.minor-hotels.com\/assets\/uploads\/2023\/04\/20125646\/nh-corporate-up-people-hotels-with-a-hearth-scaled-e1681988246447.jpg\" alt=\"\" class=\"wp-image-20019\" srcset=\"https:\/\/corporate.minor-hotels.com\/assets\/uploads\/2023\/04\/20125646\/nh-corporate-up-people-hotels-with-a-hearth-scaled-e1681988246447.jpg 1203w, https:\/\/corporate.minor-hotels.com\/assets\/uploads\/2023\/04\/20125646\/nh-corporate-up-people-hotels-with-a-hearth-scaled-e1681988246447-300x192.jpg 300w, https:\/\/corporate.minor-hotels.com\/assets\/uploads\/2023\/04\/20125646\/nh-corporate-up-people-hotels-with-a-hearth-scaled-e1681988246447-1024x654.jpg 1024w, https:\/\/corporate.minor-hotels.com\/assets\/uploads\/2023\/04\/20125646\/nh-corporate-up-people-hotels-with-a-hearth-scaled-e1681988246447-768x490.jpg 768w\" sizes=\"auto, (max-width: 1203px) 100vw, 1203px\" \/><\/figure>\n<\/div>\n\n\n\n<div class=\"wp-block-column is-layout-flow wp-block-column-is-layout-flow\" style=\"flex-basis:66.66%\">\n<h2><strong>HOTELS WITH A HEART<\/strong><\/h2>\n<p>Es una iniciativa solidaria que pretende conseguir que aquellos ni\u00f1os y adolescentes que padecen alguna enfermedad grave y tienen que ir al hospital lejos de su hogar, puedan estar acompa\u00f1ados durante ese dif\u00edcil periodo de tiempo de sus familiares m\u00e1s cercanos. Para ello, Minor Hotels Europe &amp; Americas pone a disposici\u00f3n de las familias habitaciones en hoteles cercanos a los centros hospitalarios de forma gratuita. Con este objetivo, y en estrecha colaboraci\u00f3n con ONG\u2019s y fundaciones locales, la Compa\u00f1\u00eda proporciona alojamiento a familias con recursos limitados, para que puedan acompa\u00f1ar a sus seres m\u00e1s queridos. Algunas de las principales fundaciones con las que trabajamos son: \u201cMenudos Corazones\u201d, \u201cJosep Carreras Foundation\u201d, \u201cCorall Family\u201d y \u201cLovaas Foundation\u201d. Adem\u00e1s, los verdaderos anfitriones de estas familias son los empleados de la Compa\u00f1\u00eda, que participan de manera voluntaria en el programa dando seguimiento a las familias y ayudando a hacer que su estancia en el hotel sea lo m\u00e1s c\u00f3moda posible.<\/p>\n<\/div>\n<\/div>\n\n\n\n<div class=\"wp-block-columns is-layout-flex wp-container-core-columns-is-layout-9d6595d7 wp-block-columns-is-layout-flex\">\n<div class=\"wp-block-column is-vertically-aligned-center is-layout-flow wp-block-column-is-layout-flow\" style=\"flex-basis:33.33%\"><div class=\"wp-block-image\">\n<figure class=\"aligncenter size-large is-resized\"><img decoding=\"async\" src=\"https:\/\/corporate.minor-hotels.com\/assets\/uploads\/2024\/06\/26190736\/Together_with_Love-Logo-FINAL-1024x906.jpg\" alt=\"\" class=\"wp-image-22972\" height=\"235\" srcset=\"https:\/\/corporate.minor-hotels.com\/assets\/uploads\/2024\/06\/26190736\/Together_with_Love-Logo-FINAL-1024x906.jpg 1024w, https:\/\/corporate.minor-hotels.com\/assets\/uploads\/2024\/06\/26190736\/Together_with_Love-Logo-FINAL-300x265.jpg 300w, https:\/\/corporate.minor-hotels.com\/assets\/uploads\/2024\/06\/26190736\/Together_with_Love-Logo-FINAL-768x679.jpg 768w, https:\/\/corporate.minor-hotels.com\/assets\/uploads\/2024\/06\/26190736\/Together_with_Love-Logo-FINAL-1536x1359.jpg 1536w, https:\/\/corporate.minor-hotels.com\/assets\/uploads\/2024\/06\/26190736\/Together_with_Love-Logo-FINAL.jpg 1560w\" sizes=\"(max-width: 1024px) 100vw, 1024px\" \/><\/figure>\n<\/div><\/div>\n\n\n\n<div class=\"wp-block-column is-layout-flow wp-block-column-is-layout-flow\" style=\"flex-basis:66.66%\">\n<h2><strong>TOGETHER WITH LOVE<\/strong><\/h2>\n<p>En Minor Hotels Europe &amp; Americas y Minor International, compartimos la misma \u201cCitizenship mindset\u00bb. Alineados con este objetivo global, nos unimos a esta iniciativa de Voluntariado Corporativo que naci\u00f3 para conmemorar el cumplea\u00f1os del Sr. Heinecke, el fundador de Minor International. Una vez m\u00e1s, las sesiones organizadas de voluntariado han sido muy bien acogidas por todos los empleados, ya que tienen la oportunidad de contribuir de forma positiva con la sociedad. Durante este a\u00f1o, m\u00e1s de 4.800 empleados participaron como voluntarios en numerosas iniciativas, elegidas y lideradas por ellos mismos. Por nombrar algunas, en headquarters se colabor\u00f3 con un comedor social para ayudar a cocinar y repartir los men\u00fas; se visitaron a las sedes del Banco de Alimentos de Madrid, para ayudar a organizar y paletizar todos los alimentos que las distintas asociaciones solicitan; se organiz\u00f3 una campa\u00f1a de recogida de ropa y otra para donar sangre.&nbsp;<\/p>\n<p><em><strong>79 Hoteles Involucrados | 56 iniciativas llevadas a cabo<\/strong><\/em><br><em><strong>109 Fundaciones y ONGs involucradas | 15.358 Beneficiarios TWL<\/strong><\/em><\/p>\n<p><\/p>\n<\/div>\n<\/div>\n\n\n\n<div class=\"wp-block-columns is-layout-flex wp-container-core-columns-is-layout-9d6595d7 wp-block-columns-is-layout-flex\">\n<div class=\"wp-block-column is-vertically-aligned-center is-layout-flow wp-block-column-is-layout-flow\" style=\"flex-basis:33%\">\n<figure class=\"wp-block-image size-large\"><img loading=\"lazy\" decoding=\"async\" width=\"1024\" height=\"683\" src=\"https:\/\/corporate.minor-hotels.com\/assets\/uploads\/2023\/04\/20130155\/nh-corporate-up-people-young-people-1024x683.jpg\" alt=\"\" class=\"wp-image-20034\" srcset=\"https:\/\/corporate.minor-hotels.com\/assets\/uploads\/2023\/04\/20130155\/nh-corporate-up-people-young-people-1024x683.jpg 1024w, https:\/\/corporate.minor-hotels.com\/assets\/uploads\/2023\/04\/20130155\/nh-corporate-up-people-young-people-300x200.jpg 300w, https:\/\/corporate.minor-hotels.com\/assets\/uploads\/2023\/04\/20130155\/nh-corporate-up-people-young-people-768x512.jpg 768w, https:\/\/corporate.minor-hotels.com\/assets\/uploads\/2023\/04\/20130155\/nh-corporate-up-people-young-people.jpg 1200w\" sizes=\"auto, (max-width: 1024px) 100vw, 1024px\" \/><\/figure>\n<\/div>\n\n\n\n<div class=\"wp-block-column is-vertically-aligned-center is-layout-flow wp-block-column-is-layout-flow\" style=\"flex-basis:66%\">\n<h2><strong>Programas de empleabilidad<\/strong><\/h2>\n<p>El desempleo juvenil en Espa\u00f1a, m\u00e1s significativo en colectivos en riesgo de exclusi\u00f3n social, precisa de programas enfocados a mejorar la empleabilidad e integraci\u00f3n de los j\u00f3venes. Minor Hotels Europe &amp; Americas contin\u00faa comprometido con aumentar la empleabilidad de este colectivo impulsando diferentes programas de formaci\u00f3n, pr\u00e1cticas laborales y empleo para j\u00f3venes en riesgo de exclusi\u00f3n y con diversidad funcional en los hoteles de todas sus Unidades de Negocio.<\/p>\n<p>Durante 2022 una de las colaboraciones ha sido con Fundaci\u00f3n Tomillo, dedicada a fomentar la empleabilidad y reducir el abandono escolar de j\u00f3venes en riesgo de exclusi\u00f3n con la que lleva colaborando desde hace a\u00f1os. Durante los meses de verano, la Compa\u00f1\u00eda recibe a varios alumnos del programa Eramus de distintas partes de Europa que hacen formaci\u00f3n en 6 de nuestros hoteles de Madrid. Adem\u00e1s de conocer las instalaciones, los alumnos pueden conocer de primera mano las principales funciones de los profesionales de un hotel, siendo unas pr\u00e1cticas muy enriquecedoras.<\/p>\n<\/div>\n<\/div>\n\n\n\n<div class=\"wp-block-columns is-layout-flex wp-container-core-columns-is-layout-9d6595d7 wp-block-columns-is-layout-flex\">\n<div class=\"wp-block-column is-layout-flow wp-block-column-is-layout-flow\">\n<p>Por favor, si necesita realizar alguna queja o comunicaci\u00f3n relacionada con las comunidades locales en las que estamos presentes, h\u00e1galo a trav\u00e9s de esta direcci\u00f3n de correo electr\u00f3nico: <a href=\"mailto:sustainablebusiness@nh-hotels.com\">sustainablebusiness@nh-hotels.com<\/a><\/p>\n<\/div>\n<\/div>\n","protected":false},"excerpt":{"rendered":"<p>Comunidades Minor Hotels Europe &amp; Americas busca crear un impacto social y ambiental positivo en aquellas comunidades donde estamos presentes a trav\u00e9s de alianzas responsables clave. HOTELS WITH A HEART Es una iniciativa solidaria que pretende conseguir que aquellos ni\u00f1os y adolescentes que padecen alguna enfermedad grave y tienen que ir al hospital lejos de [&hellip;]<\/p>\n","protected":false},"author":6,"featured_media":0,"parent":20425,"menu_order":0,"comment_status":"closed","ping_status":"closed","template":"","meta":{"_acf_changed":false,"footnotes":""},"class_list":["post-20438","page","type-page","status-publish","hentry"],"acf":[],"_links":{"self":[{"href":"https:\/\/corporate.minor-hotels.com\/es\/wp-json\/wp\/v2\/pages\/20438","targetHints":{"allow":["GET"]}}],"collection":[{"href":"https:\/\/corporate.minor-hotels.com\/es\/wp-json\/wp\/v2\/pages"}],"about":[{"href":"https:\/\/corporate.minor-hotels.com\/es\/wp-json\/wp\/v2\/types\/page"}],"author":[{"embeddable":true,"href":"https:\/\/corporate.minor-hotels.com\/es\/wp-json\/wp\/v2\/users\/6"}],"replies":[{"embeddable":true,"href":"https:\/\/corporate.minor-hotels.com\/es\/wp-json\/wp\/v2\/comments?post=20438"}],"version-history":[{"count":11,"href":"https:\/\/corporate.minor-hotels.com\/es\/wp-json\/wp\/v2\/pages\/20438\/revisions"}],"predecessor-version":[{"id":23183,"href":"https:\/\/corporate.minor-hotels.com\/es\/wp-json\/wp\/v2\/pages\/20438\/revisions\/23183"}],"up":[{"embeddable":true,"href":"https:\/\/corporate.minor-hotels.com\/es\/wp-json\/wp\/v2\/pages\/20425"}],"wp:attachment":[{"href":"https:\/\/corporate.minor-hotels.com\/es\/wp-json\/wp\/v2\/media?parent=20438"}],"curies":[{"name":"wp","href":"https:\/\/api.w.org\/{rel}","templated":true}]}}