{"id":20434,"date":"2023-04-12T17:23:47","date_gmt":"2023-04-12T15:23:47","guid":{"rendered":"https:\/\/www.nh-hotels.com\/corporate\/sostenibilidad\/compania-sostenible-up-for-planet-people\/up-for-people\/customers"},"modified":"2024-07-08T13:26:56","modified_gmt":"2024-07-08T11:26:56","slug":"clientes","status":"publish","type":"page","link":"https:\/\/corporate.minor-hotels.com\/es\/sostenibilidad\/compania-sostenible-up-for-planet-people\/up-for-people\/clientes","title":{"rendered":"Clientes"},"content":{"rendered":"\n<h1 class=\"wp-block-heading\">Clientes<\/h1>\n\n\n\n<div class=\"wp-block-columns is-layout-flex wp-container-core-columns-is-layout-9d6595d7 wp-block-columns-is-layout-flex\">\n<div class=\"wp-block-column is-layout-flow wp-block-column-is-layout-flow\">\n<p>En su compromiso con la sostenibilidad, Minor Hotels Europe &amp; Americas busca integrar y hacer part\u00edcipes a los clientes de sus iniciativas sostenibles, ya sea generando oportunidades para una contribuci\u00f3n social o promoviendo comportamientos responsables con el medio ambiente.<\/p>\n<h2><strong>Digitalizaci\u00f3n<\/strong><\/h2>\n<p>Algunas de las iniciativas que se han implementado para la gesti\u00f3n m\u00e1s eficiente y segura de la informaci\u00f3n, mientras mejora la experiencia del cliente son:<\/p>\n<\/div>\n<\/div>\n\n\n\n<div class=\"wp-block-columns is-layout-flex wp-container-core-columns-is-layout-9d6595d7 wp-block-columns-is-layout-flex\">\n<div class=\"wp-block-column is-vertically-aligned-center is-layout-flow wp-block-column-is-layout-flow\">\n<figure class=\"wp-block-image size-large\"><img loading=\"lazy\" decoding=\"async\" width=\"1024\" height=\"649\" src=\"https:\/\/corporate.minor-hotels.com\/assets\/uploads\/2023\/04\/20124757\/nh-corporate-up-people-smartphone-1024x649.jpg\" alt=\"\" class=\"wp-image-19995\" srcset=\"https:\/\/corporate.minor-hotels.com\/assets\/uploads\/2023\/04\/20124757\/nh-corporate-up-people-smartphone-1024x649.jpg 1024w, https:\/\/corporate.minor-hotels.com\/assets\/uploads\/2023\/04\/20124757\/nh-corporate-up-people-smartphone-300x190.jpg 300w, https:\/\/corporate.minor-hotels.com\/assets\/uploads\/2023\/04\/20124757\/nh-corporate-up-people-smartphone-768x487.jpg 768w, https:\/\/corporate.minor-hotels.com\/assets\/uploads\/2023\/04\/20124757\/nh-corporate-up-people-smartphone-1536x973.jpg 1536w, https:\/\/corporate.minor-hotels.com\/assets\/uploads\/2023\/04\/20124757\/nh-corporate-up-people-smartphone-2048x1297.jpg 2048w\" sizes=\"auto, (max-width: 1024px) 100vw, 1024px\" \/><\/figure>\n<\/div>\n\n\n\n<div class=\"wp-block-column is-layout-flow wp-block-column-is-layout-flow\">\n<p><strong>FASTPASS<\/strong>. Esta iniciativa permite a los clientes realizar el Check-in, elegir la habitaci\u00f3n y hacer el Check-out de forma online. Pone en manos del cliente todo el control sobre su estancia, permiti\u00e9ndole elegir su propia habitaci\u00f3n explorando el plan arquitect\u00f3nico del hotel. Tambi\u00e9n genera beneficios en t\u00e9rminos de sostenibilidad al digitalizar toda la informaci\u00f3n.<\/p>\n<p><strong>Tablets in Reception<\/strong>. Con el fin de continuar a la vanguardia de la innovaci\u00f3n y ofrecer los mejores servicios a sus clientes, esta propuesta reduce elementos f\u00edsicos de contacto y tiempos de permanencia en la recepci\u00f3n de los hoteles durante el check-in y check-out, mejorando los touchpoints, tanto a nivel operativo, como experiencial, al digitalizar todas las fases de esos procesos.<\/p>\n<\/div>\n<\/div>\n\n\n\n<div class=\"wp-block-columns is-layout-flex wp-container-core-columns-is-layout-9d6595d7 wp-block-columns-is-layout-flex\">\n<div class=\"wp-block-column is-layout-flow wp-block-column-is-layout-flow\">\n<h2><strong>Sustainable Meetings &amp; Events<\/strong><\/h2>\n<p>Minor Hotels Europe &amp; Americas, en su compromiso en la lucha contra el cambio clim\u00e1tico, utiliza la compensaci\u00f3n de emisiones como alternativa excepcional para cumplir con los objetivos de emisiones anuales y, para dar visibilidad al compromiso clim\u00e1tico de la Compa\u00f1\u00eda, hace part\u00edcipes e involucra a sus clientes en el mismo. La nueva propuesta tiene como objetivo calcular y compensar la huella de carbono atribuida a los eventos m\u00e1s relevantes que se celebran en los hoteles; entendiendo como tales a los que, por n\u00famero de asistentes, el compromiso tendr\u00eda un mayor impacto tanto entre los clientes como en la sociedad en general. La huella de carbono del evento es calculada siguiendo la metodolog\u00eda del HCMI (Hotel Carbon Measurement Initiative) apoyada por la Sustainable Hospitality Alliance. Para la compensaci\u00f3n de emisiones, Minor Hotels Europe &amp; Americas ha trabajado en la identificaci\u00f3n de posibles proyectos que contribuyan a la conservaci\u00f3n de la naturaleza en los entornos en los que opera.<\/p>\n<p>Esta acci\u00f3n se materializ\u00f3 con la firma de un contrato de colaboraci\u00f3n con la empresa <strong>Retree<\/strong> con el fin de reforestar el llamado \u201cValle de los Sue\u00f1os\u201d localizado en la Sierra Norte de Madrid y catalogado como Reserva de la Biosfera desde el a\u00f1o 2005. Este valle, localizado en un \u00e1rea altamente despoblada y con una gran degradaci\u00f3n del suelo, contaba con un ecosistema forestal excepcional. El objetivo prioritario de la creaci\u00f3n de <strong>\u00abThe Forest Project\u00bb<\/strong> es contribuir a revitalizar el \u00e1rea, recuperar el ecosistema, as\u00ed como el desarrollo local a trav\u00e9s de la creaci\u00f3n de empleo rural y la reforestaci\u00f3n como protecci\u00f3n ante el cambio clim\u00e1tico. En 2023, se compens\u00f3 la huella de carbono de 364 grandes eventos, lo que supuso <strong>la neutralizaci\u00f3n de 2.544\u00a0toneladas de carbono emitidas a la atm\u00f3sfera.<\/strong><\/p>\n<p>\u00a0<\/p>\n\n\n\n<div class=\"videoyoutubenhsustainable\"><iframe src=\"https:\/\/www.youtube.com\/embed\/h36nGBRBHR4\" title=\"YouTube video player\" frameborder=\"0\" allow=\"accelerometer; autoplay; clipboard-write; encrypted-media; gyroscope; picture-in-picture; web-share\" allowfullscreen=\"\"><\/iframe><\/div>\n\n\n\n<hr class=\"wp-block-separator has-text-color has-white-color has-alpha-channel-opacity has-white-background-color has-background\"\/>\n\n\n\n<hr class=\"wp-block-separator has-text-color has-white-color has-alpha-channel-opacity has-white-background-color has-background\"\/>\n<\/div>\n<\/div>\n\n\n\n<div class=\"wp-block-columns is-layout-flex wp-container-core-columns-is-layout-9d6595d7 wp-block-columns-is-layout-flex\">\n<div class=\"wp-block-column is-layout-flow wp-block-column-is-layout-flow\">\n<h2><strong>Movilidad Sostenible<\/strong><\/h2>\n<p>Durante la estancia y visitas tur\u00edsticas de los clientes, la Compa\u00f1\u00eda ofrece servicios de movilidad como el carsharing o el alquiler de bicicletas. Actualmente hay m\u00e1s de 90 hoteles que ofrecen servicio de alquiler de bicicletas, adem\u00e1s de puntos de recarga para veh\u00edculos el\u00e9ctricos instalados en 72 hoteles.<\/p>\n<p><strong>Alianza con Vattenfall<\/strong> para incluir puntos de carga para los coches el\u00e9ctricos en sus hoteles de Alemania. La iniciativa se aprob\u00f3 con un objetivo inicial de crear 175 estaciones de carga para el 2023.<\/p>\n<p><strong>Proyecto \u201cMov\u00e9s\u201d<\/strong> para la promoci\u00f3n de la movilidad el\u00e9ctrica. En el marco de la iniciativa, el Hotel NH Montevideo Columbia (Uruguay) instal\u00f3 4 cargadores el\u00e9ctricos.<\/p>\n<p><strong>Acuerdo con Wenea<\/strong> para instalar m\u00e1s de 250 puntos de carga en todos los hoteles de Espa\u00f1a y Portugal que tengan aparcamiento.<\/p>\n<\/div>\n\n\n\n<div class=\"wp-block-column is-vertically-aligned-center is-layout-flow wp-block-column-is-layout-flow\"><div class=\"wp-block-image\">\n<figure class=\"aligncenter size-large\"><img loading=\"lazy\" decoding=\"async\" width=\"1024\" height=\"683\" src=\"https:\/\/corporate.minor-hotels.com\/assets\/uploads\/2023\/04\/20125037\/nh-corporate-up-people-employees-electric-car-1024x683.jpg\" alt=\"\" class=\"wp-image-20001\" srcset=\"https:\/\/corporate.minor-hotels.com\/assets\/uploads\/2023\/04\/20125037\/nh-corporate-up-people-employees-electric-car-1024x683.jpg 1024w, https:\/\/corporate.minor-hotels.com\/assets\/uploads\/2023\/04\/20125037\/nh-corporate-up-people-employees-electric-car-300x200.jpg 300w, https:\/\/corporate.minor-hotels.com\/assets\/uploads\/2023\/04\/20125037\/nh-corporate-up-people-employees-electric-car-768x512.jpg 768w, https:\/\/corporate.minor-hotels.com\/assets\/uploads\/2023\/04\/20125037\/nh-corporate-up-people-employees-electric-car.jpg 1200w\" sizes=\"auto, (max-width: 1024px) 100vw, 1024px\" \/><\/figure>\n<\/div><\/div>\n<\/div>\n\n\n\n<div class=\"wp-block-columns is-layout-flex wp-container-core-columns-is-layout-9d6595d7 wp-block-columns-is-layout-flex\">\n<div class=\"wp-block-column is-layout-flow wp-block-column-is-layout-flow\">\n<p>El objetivo de estas colaboraciones es participar de manera activa en la promoci\u00f3n de la movilidad sostenible, la reducci\u00f3n de la huella de carbono en los desplazamientos y la importancia de mejorar la calidad del aire en las ciudades, donde la Compa\u00f1\u00eda tiene tanta presencia.<\/p>\n<p><\/p>\n\n\n<div class=\"wp-block-image\">\n<figure class=\"aligncenter size-full is-resized\"><img decoding=\"async\" src=\"https:\/\/corporate.minor-hotels.com\/assets\/uploads\/2023\/04\/20125238\/nh-corporate-up-people-employees-alquiler-bicicletas.jpg\" alt=\"\" class=\"wp-image-20007\" height=\"485\" srcset=\"https:\/\/corporate.minor-hotels.com\/assets\/uploads\/2023\/04\/20125238\/nh-corporate-up-people-employees-alquiler-bicicletas.jpg 2000w, https:\/\/corporate.minor-hotels.com\/assets\/uploads\/2023\/04\/20125238\/nh-corporate-up-people-employees-alquiler-bicicletas-300x200.jpg 300w, https:\/\/corporate.minor-hotels.com\/assets\/uploads\/2023\/04\/20125238\/nh-corporate-up-people-employees-alquiler-bicicletas-1024x682.jpg 1024w, https:\/\/corporate.minor-hotels.com\/assets\/uploads\/2023\/04\/20125238\/nh-corporate-up-people-employees-alquiler-bicicletas-768x512.jpg 768w, https:\/\/corporate.minor-hotels.com\/assets\/uploads\/2023\/04\/20125238\/nh-corporate-up-people-employees-alquiler-bicicletas-1536x1024.jpg 1536w\" sizes=\"(max-width: 2000px) 100vw, 2000px\" \/><\/figure>\n<\/div><\/div>\n<\/div>\n","protected":false},"excerpt":{"rendered":"<p>Clientes En su compromiso con la sostenibilidad, Minor Hotels Europe &amp; Americas busca integrar y hacer part\u00edcipes a los clientes de sus iniciativas sostenibles, ya sea generando oportunidades para una contribuci\u00f3n social o promoviendo comportamientos responsables con el medio ambiente. Digitalizaci\u00f3n Algunas de las iniciativas que se han implementado para la gesti\u00f3n m\u00e1s eficiente y [&hellip;]<\/p>\n","protected":false},"author":6,"featured_media":0,"parent":20425,"menu_order":0,"comment_status":"closed","ping_status":"closed","template":"","meta":{"_acf_changed":false,"footnotes":""},"class_list":["post-20434","page","type-page","status-publish","hentry"],"acf":[],"_links":{"self":[{"href":"https:\/\/corporate.minor-hotels.com\/es\/wp-json\/wp\/v2\/pages\/20434","targetHints":{"allow":["GET"]}}],"collection":[{"href":"https:\/\/corporate.minor-hotels.com\/es\/wp-json\/wp\/v2\/pages"}],"about":[{"href":"https:\/\/corporate.minor-hotels.com\/es\/wp-json\/wp\/v2\/types\/page"}],"author":[{"embeddable":true,"href":"https:\/\/corporate.minor-hotels.com\/es\/wp-json\/wp\/v2\/users\/6"}],"replies":[{"embeddable":true,"href":"https:\/\/corporate.minor-hotels.com\/es\/wp-json\/wp\/v2\/comments?post=20434"}],"version-history":[{"count":15,"href":"https:\/\/corporate.minor-hotels.com\/es\/wp-json\/wp\/v2\/pages\/20434\/revisions"}],"predecessor-version":[{"id":23186,"href":"https:\/\/corporate.minor-hotels.com\/es\/wp-json\/wp\/v2\/pages\/20434\/revisions\/23186"}],"up":[{"embeddable":true,"href":"https:\/\/corporate.minor-hotels.com\/es\/wp-json\/wp\/v2\/pages\/20425"}],"wp:attachment":[{"href":"https:\/\/corporate.minor-hotels.com\/es\/wp-json\/wp\/v2\/media?parent=20434"}],"curies":[{"name":"wp","href":"https:\/\/api.w.org\/{rel}","templated":true}]}}