{"id":20431,"date":"2023-04-12T16:06:58","date_gmt":"2023-04-12T14:06:58","guid":{"rendered":"https:\/\/www.nh-hotels.com\/corporate\/sostenibilidad\/compania-sostenible-up-for-planet-people\/up-for-people\/employees"},"modified":"2026-03-19T12:57:00","modified_gmt":"2026-03-19T11:57:00","slug":"empleados","status":"publish","type":"page","link":"https:\/\/corporate.minor-hotels.com\/es\/sostenibilidad\/compania-sostenible-up-for-planet-people\/up-for-people\/empleados","title":{"rendered":"Empleados"},"content":{"rendered":"\n<h1 class=\"wp-block-heading\">Empleados<\/h1>\n\n\n\n<div class=\"wp-block-columns is-layout-flex wp-container-core-columns-is-layout-9d6595d7 wp-block-columns-is-layout-flex\">\n<div class=\"wp-block-column is-layout-flow wp-block-column-is-layout-flow\" style=\"flex-basis:66.66%\">\n<p>\u201cPromover una cultura responsable y una mentalidad sostenible para nuestros equipos a la vez que fomentamos la diversidad, la \u00e9tica y el bienestar son algunas de nuestras prioridades\u201d.\u00a0<\/p>\n<p>Como parte de este compromiso, la Compa\u00f1\u00eda ha aprobado la <strong><a href=\"https:\/\/corporate.minor-hotels.com\/assets\/uploads\/2026\/03\/19125520\/Politica_PEOPLE_MHEA_ESP_2025.pdf\">Pol\u00edtica de PEOPLE<\/a><\/strong>, en la que se promueve la diversidad como una ventaja competitiva clave, la equidad, la inclusi\u00f3n, el trato respetuoso y la igualdad de oportunidades como responsabilidades prioritarias en su modelo de gesti\u00f3n. Asimismo, a trav\u00e9s de la presente Pol\u00edtica, la Compa\u00f1\u00eda materializa su compromiso con el desarrollo, la atracci\u00f3n y fidelizaci\u00f3n del talento, as\u00ed como con el respeto a los derechos humanos y laborales de las personas, la salud y seguridad en los entornos de trabajo, el bienestar y la conciliaci\u00f3n laboral de todos sus Team Members.<\/p>\n<h2><strong>Cultura de diversidad, igualdad e inclusi\u00f3n<\/strong><\/h2>\n<p>Minor Hotels Europe &amp; Americas entiende la diversidad como un factor clave para elaborar una red de talentos diversos, capaces de entender las necesidades de los clientes, innovar y reflejar la sociedad en el mundo empresarial. Por todo ello, un pilar fundamental de la cultura corporativa de Minor Hotels Europe &amp; Americas se basa tambi\u00e9n en la diversidad, igualdad e inclusi\u00f3n. As\u00ed, los 12.436 empleados de la Compa\u00f1\u00eda en 202 son de 150 nacionalidades distintas y el 24% de \u00e9stos trabajan en otros pa\u00edses diferentes al de su origen. Adem\u00e1s, el 51% del total de la plantilla son mujeres, quienes ocupan un 44% del total de puestos directivos.<\/p>\n<\/div>\n\n\n\n<div class=\"wp-block-column is-vertically-aligned-center is-layout-flow wp-block-column-is-layout-flow\" style=\"flex-basis:33.33%\">\n<figure class=\"wp-block-image size-full is-resized\"><img loading=\"lazy\" decoding=\"async\" width=\"524\" height=\"367\" src=\"https:\/\/corporate.minor-hotels.com\/assets\/uploads\/2024\/07\/08114953\/thumbnail_image018.png\" alt=\"\" class=\"wp-image-23116\" style=\"width:370px;height:259px\" srcset=\"https:\/\/corporate.minor-hotels.com\/assets\/uploads\/2024\/07\/08114953\/thumbnail_image018.png 524w, https:\/\/corporate.minor-hotels.com\/assets\/uploads\/2024\/07\/08114953\/thumbnail_image018-300x210.png 300w\" sizes=\"auto, (max-width: 524px) 100vw, 524px\" \/><\/figure>\n\n\n\n<figure class=\"wp-block-image size-full is-resized\"><img loading=\"lazy\" decoding=\"async\" width=\"542\" height=\"84\" src=\"https:\/\/corporate.minor-hotels.com\/assets\/uploads\/2024\/07\/08114950\/thumbnail_image017.png\" alt=\"\" class=\"wp-image-23110\" style=\"width:367px;height:57px\" srcset=\"https:\/\/corporate.minor-hotels.com\/assets\/uploads\/2024\/07\/08114950\/thumbnail_image017.png 542w, https:\/\/corporate.minor-hotels.com\/assets\/uploads\/2024\/07\/08114950\/thumbnail_image017-300x46.png 300w\" sizes=\"auto, (max-width: 542px) 100vw, 542px\" \/><\/figure>\n\n\n\n<figure class=\"wp-block-image size-full is-resized\"><img loading=\"lazy\" decoding=\"async\" width=\"497\" height=\"96\" src=\"https:\/\/corporate.minor-hotels.com\/assets\/uploads\/2024\/07\/08114955\/thumbnail_image016.png\" alt=\"\" class=\"wp-image-23122\" style=\"width:349px;height:67px\" srcset=\"https:\/\/corporate.minor-hotels.com\/assets\/uploads\/2024\/07\/08114955\/thumbnail_image016.png 497w, https:\/\/corporate.minor-hotels.com\/assets\/uploads\/2024\/07\/08114955\/thumbnail_image016-300x58.png 300w\" sizes=\"auto, (max-width: 497px) 100vw, 497px\" \/><\/figure>\n<\/div>\n<\/div>\n\n\n\n<div class=\"wp-block-columns is-layout-flex wp-container-core-columns-is-layout-9d6595d7 wp-block-columns-is-layout-flex\">\n<div class=\"wp-block-column is-layout-flow wp-block-column-is-layout-flow\">\n<p>El Plan de Igualdad de Minor Hotels Europe &amp; Americas recoge una serie de medidas en diferentes \u00e1reas de acceso a la empresa, contrataci\u00f3n, promoci\u00f3n, formaci\u00f3n, retribuci\u00f3n y conciliaci\u00f3n, laboral para la correcci\u00f3n de desigualdades en estos \u00e1mbitos. Por otro lado, incluye acciones para garantizar la protecci\u00f3n de las mujeres v\u00edctimas de violencia de g\u00e9nero: dar prioridad en su contrataci\u00f3n, hacer un seguimiento de los casos de violencia de g\u00e9nero que surgieran, as\u00ed como las medidas adoptadas e informar a la plantilla de los derechos de las mujeres en esta situaci\u00f3n.<\/p>\n<p>Nuestro objetivo como compa\u00f1\u00eda es seguir potenciando la diversidad de colectivos que tenemos en NH y en concreto superar la brecha de g\u00e9nero y conseguir la igualdad efectiva entre hombres y mujeres, adem\u00e1s de incorporar cuestiones relacionadas con la promoci\u00f3n de la diversidad. En Minor Hotels Europe &amp; Americas trabajamos continuamente para promover la igualdad de oportunidades ya que es garant\u00eda de calidad y mejora del clima laboral, consiguiendo mejores resultados a largo plazo como compa\u00f1\u00eda.<\/p>\n<p>Minor Hotels Europe &amp; Americas busca activamente mejorar los KPI relacionados con la igualdad de g\u00e9nero anualmente. En este sentido, la compa\u00f1\u00eda se ha fijado como objetivo mantener un porcentaje igualitario en estos indicadores para asegurar la igualdad de g\u00e9nero en el ambiente laboral.<\/p>\n<\/p>\n<p><img loading=\"lazy\" decoding=\"async\" width=\"300\" height=\"300\" class=\"alignnone size-medium wp-image-23160\" src=\"https:\/\/corporate.minor-hotels.com\/assets\/uploads\/2024\/07\/08122516\/Total_Team_Members_por_nacionalidad_-300x300.png\" alt=\"\" srcset=\"https:\/\/corporate.minor-hotels.com\/assets\/uploads\/2024\/07\/08122516\/Total_Team_Members_por_nacionalidad_-300x300.png 300w, https:\/\/corporate.minor-hotels.com\/assets\/uploads\/2024\/07\/08122516\/Total_Team_Members_por_nacionalidad_-150x150.png 150w, https:\/\/corporate.minor-hotels.com\/assets\/uploads\/2024\/07\/08122516\/Total_Team_Members_por_nacionalidad_.png 672w\" sizes=\"auto, (max-width: 300px) 100vw, 300px\" \/> <img loading=\"lazy\" decoding=\"async\" width=\"300\" height=\"300\" class=\"alignnone size-medium wp-image-23154\" src=\"https:\/\/corporate.minor-hotels.com\/assets\/uploads\/2024\/07\/08122514\/Contrataciones_por_nacionalidad__-300x300.png\" alt=\"\" srcset=\"https:\/\/corporate.minor-hotels.com\/assets\/uploads\/2024\/07\/08122514\/Contrataciones_por_nacionalidad__-300x300.png 300w, https:\/\/corporate.minor-hotels.com\/assets\/uploads\/2024\/07\/08122514\/Contrataciones_por_nacionalidad__-150x150.png 150w, https:\/\/corporate.minor-hotels.com\/assets\/uploads\/2024\/07\/08122514\/Contrataciones_por_nacionalidad__.png 672w\" sizes=\"auto, (max-width: 300px) 100vw, 300px\" \/> <img loading=\"lazy\" decoding=\"async\" width=\"300\" height=\"300\" class=\"alignnone size-medium wp-image-23148\" src=\"https:\/\/corporate.minor-hotels.com\/assets\/uploads\/2024\/07\/08122511\/de_Team_Members_en_posiciones_directivas_por_pais-300x300.png\" alt=\"\" srcset=\"https:\/\/corporate.minor-hotels.com\/assets\/uploads\/2024\/07\/08122511\/de_Team_Members_en_posiciones_directivas_por_pais-300x300.png 300w, https:\/\/corporate.minor-hotels.com\/assets\/uploads\/2024\/07\/08122511\/de_Team_Members_en_posiciones_directivas_por_pais-150x150.png 150w, https:\/\/corporate.minor-hotels.com\/assets\/uploads\/2024\/07\/08122511\/de_Team_Members_en_posiciones_directivas_por_pais.png 672w\" sizes=\"auto, (max-width: 300px) 100vw, 300px\" \/> <img loading=\"lazy\" decoding=\"async\" width=\"300\" height=\"300\" class=\"alignnone size-medium wp-image-23142\" src=\"https:\/\/corporate.minor-hotels.com\/assets\/uploads\/2024\/07\/08122509\/Tasa_de_rotacion_por_nacionalidad__-300x300.png\" alt=\"\" srcset=\"https:\/\/corporate.minor-hotels.com\/assets\/uploads\/2024\/07\/08122509\/Tasa_de_rotacion_por_nacionalidad__-300x300.png 300w, https:\/\/corporate.minor-hotels.com\/assets\/uploads\/2024\/07\/08122509\/Tasa_de_rotacion_por_nacionalidad__-150x150.png 150w, https:\/\/corporate.minor-hotels.com\/assets\/uploads\/2024\/07\/08122509\/Tasa_de_rotacion_por_nacionalidad__.png 672w\" sizes=\"auto, (max-width: 300px) 100vw, 300px\" \/>&nbsp; &nbsp;&nbsp;&nbsp;&nbsp;<\/p>\n\n\n\n<h2 class=\"wp-block-heading\">&nbsp;<\/h2>\n\n\n\n<h2 class=\"wp-block-heading\"><strong>Seguridad, salud y bienestar<\/strong><\/h2>\n\n\n\n<p>Estos a\u00f1os quedar\u00e1n marcados por la pandemia, que ha situado la salud y la seguridad como una prioridad absoluta en t\u00e9rminos globales a todos los niveles. Su impacto en la industria ha resultado devastador, aunque el sector ha sabido responder de un modo \u00e1gil en t\u00e9rminos de gesti\u00f3n de la seguridad y salud de clientes y Team Members. Minor Hotels Europe &amp; Americas entiende que ofrecer a las personas un entorno de trabajo seguro y saludable es un requisito absolutamente necesario en el desarrollo de su actividad.<\/p>\n\n\n\n<p>Por ello, buscamos siempre promover una cultura de salud laboral como parte de nuestro compromiso con la salud y seguridad materializado en nuestra <strong><a href=\"https:\/\/corporate.minor-hotels.com\/assets\/uploads\/2026\/03\/19125522\/Politica-de-Salud-y-Seguridad-Laboral_MHEA_ESP_2025.pdf\" target=\"_blank\" rel=\"noreferrer noopener\">Pol\u00edtica de Salud y Seguridad Laboral<\/a><\/strong>, por ello desde NH contamos con un pol\u00edtica de salud y seguridad laboral . La integraci\u00f3n de la salud laboral en las actividades de la Compa\u00f1\u00eda se pone de manifiesto a trav\u00e9s de programas y planes de acci\u00f3n en hoteles y oficinas de diferentes pa\u00edses. Asimismo, desde NH contamos con un procedimiento para la investigaci\u00f3n de posibles da\u00f1os originados sobre la salud (accidentes, enfermedades profesionales, etc.) que permiten reducir los riesgos y eliminar peligros futuros. Al respecto, en Espa\u00f1a, el Servicio de Prevenci\u00f3n Mancomunado analiza e investiga las causas de los da\u00f1os a la salud (accidentes de trabajo, enfermedades profesionales\u2026) y establece las acciones correctoras pertinentes para evitar su repetici\u00f3n<\/p>\n\n\n\n<p><\/p>\n\n\n<div class=\"wp-block-image\">\n<figure class=\"aligncenter size-large is-resized\"><img loading=\"lazy\" decoding=\"async\" width=\"1024\" height=\"682\" src=\"https:\/\/corporate.minor-hotels.com\/assets\/uploads\/2023\/04\/20124307\/nh-corporate-up-people-employees-group-1024x682.jpg\" alt=\"\" class=\"wp-image-19978\" style=\"width:618px;height:411px\" srcset=\"https:\/\/corporate.minor-hotels.com\/assets\/uploads\/2023\/04\/20124307\/nh-corporate-up-people-employees-group-1024x682.jpg 1024w, https:\/\/corporate.minor-hotels.com\/assets\/uploads\/2023\/04\/20124307\/nh-corporate-up-people-employees-group-300x200.jpg 300w, https:\/\/corporate.minor-hotels.com\/assets\/uploads\/2023\/04\/20124307\/nh-corporate-up-people-employees-group-768x512.jpg 768w, https:\/\/corporate.minor-hotels.com\/assets\/uploads\/2023\/04\/20124307\/nh-corporate-up-people-employees-group-1536x1023.jpg 1536w, https:\/\/corporate.minor-hotels.com\/assets\/uploads\/2023\/04\/20124307\/nh-corporate-up-people-employees-group.jpg 1800w\" sizes=\"auto, (max-width: 1024px) 100vw, 1024px\" \/><\/figure>\n<\/div>\n\n\n<p><\/p>\n\n\n\n<p>Adicionalmente, y bajo el fuerte compromiso de garantizar la salud y seguridad, la Compa\u00f1\u00eda ha desarrollado un Procedimiento de Actuaci\u00f3n en Caso de Emergencia Corporativo que recoge un listado de potenciales actuaciones ante una situaci\u00f3n de emergencia; como resultado de la misma, cada hotel y oficina que forma parte de la Compa\u00f1\u00eda dispone de un plan de emergencia creado ad hoc. Adicionalmente, de forma peri\u00f3dica se llevan a cabo simulacros de emergencia en base a la \u201cgu\u00eda para la elaboraci\u00f3n de un simulacro de actuaci\u00f3n en caso de emergencia\u201d que permiten una efectiva anticipaci\u00f3n y correcta respuesta ante futuras situaciones de emergencia. En Espa\u00f1a, todos los hoteles disponen de un Plan de Autoprotecci\u00f3n que es implantado. El personal de los hoteles recibe formaci\u00f3n peri\u00f3dica y entrenamiento realizando simulacros de emergencia anuales. De la misma forma, el personal de las oficinas corporativas tambi\u00e9n recibe entrenamiento y participa en simulacros organizados por la Propiedad del edificio. En relaci\u00f3n con la cadena de suministro, se realiza las correspondientes actividades de Coordinaci\u00f3n de Actividades Empresariales utilizando una plataforma web para llevar a cabo el intercambio documental con las contratas y proveedores.<\/p>\n\n\n\n<p>Todo ello, hace que desde el Grupo NH ofrezcamos a las personas un entorno seguro y saludable, requisito absolutamente necesario en el desarrollo de su actividad. Ello implica la necesidad de velar por al salud y seguridad de todos los trabajadores, incluso en la cadena de suministro. Todo ello se logra gracias a diferentes medidas tales como la inclusi\u00f3n de cl\u00e1usulas de salud y seguridad en los contratos de empleados, formaciones en dicha materia o la monitorizaci\u00f3n de dichos indicadores en proveedores gracias a e-coordina.<\/p>\n\n\n\n<p>Como resultado de estas medidas y gracias al continuo esfuerzo de todas las personas que forman parte de la compa\u00f1\u00eda directa e indirectamente, no se ha registrado ning\u00fan fallecimiento por accidente laboral de trabajadores\/as de la Compa\u00f1\u00eda ni de su cadena de suministro.<\/p>\n\n\n\n<p>Cabe destacar que en Espa\u00f1a se dispone de un <strong>Plan de Prevenci\u00f3n de Riesgos Laborales<\/strong> que establece las l\u00edneas maestras y los procedimientos de Seguridad y Salud laboral necesarios para asegurar la salud, seguridad y bienestar de nuestros Team Members. Tanto este Plan como todos sus procedimientos asociados est\u00e1n disponibles y accesibles para todos los Team Members. Los procedimientos de seguridad y salud se basan e inician en la identificaci\u00f3n y evaluaci\u00f3n de riesgos a los que los Team Members est\u00e1n expuestos en cada posici\u00f3n. A partir de ah\u00ed, a cada Team Member se le facilita, durante su \u00abOnboarding\u00bb una ficha informativa en la que se le explican los riesgos a los que puede estar expuesto, y las medidas de seguridad que debe adoptar para evitar sufrir ning\u00fan da\u00f1o. Durante el \u00abOnboarding\u00bb, debe tambi\u00e9n completar la formaci\u00f3n e-learning en seguridad y salud laboral que es obligatoria. Tambi\u00e9n se le proporcionan los Equipos de Protecci\u00f3n Individual necesarios y se le somete a un reconocimiento m\u00e9dico espec\u00edfico.<\/p>\n\n\n\n<h2 class=\"wp-block-heading\"><strong>Formaci\u00f3n y desarrollo profesional<\/strong><\/h2>\n\n\n\n<p>Minor Hotels Europe &amp; Americas apuesta por el desarrollo profesional y la formaci\u00f3n de todos sus empleados como medio para hacer realidad la filosof\u00eda que inspira su vocaci\u00f3n de servicio al cliente. Todos los proyectos de formaci\u00f3n presencial y online se gestionan a trav\u00e9s de la universidad corporativa, NH University. Cada a\u00f1o, se adapta el curr\u00edculum formativo para que las personas que trabajan en Minor Hotels Europe &amp; Americas puedan seguir actualizando sus conocimientos, tanto t\u00e9cnicos como de habilidades.<\/p>\n\n\n\n<p>Adem\u00e1s, se ha continuado consolidando la oferta formativa online a trav\u00e9s de la plataforma de GoodHabitz, enfocada en hacer de la formaci\u00f3n algo divertido, diferente y personalizada para cada participante, ya que permite aprender de la forma que mejor se adapte a cada uno. Este a\u00f1o, 1.028&nbsp;empleados han realizado 2.417 horas en la plataforma.<\/p>\n\n\n\n<figure class=\"wp-block-image size-large is-resized\"><img loading=\"lazy\" decoding=\"async\" width=\"1024\" height=\"176\" src=\"https:\/\/corporate.minor-hotels.com\/assets\/uploads\/2024\/07\/08122028\/formacion-1024x176.png\" alt=\"\" class=\"wp-image-23132\" style=\"width:1099px;height:189px\" srcset=\"https:\/\/corporate.minor-hotels.com\/assets\/uploads\/2024\/07\/08122028\/formacion-1024x176.png 1024w, https:\/\/corporate.minor-hotels.com\/assets\/uploads\/2024\/07\/08122028\/formacion-300x52.png 300w, https:\/\/corporate.minor-hotels.com\/assets\/uploads\/2024\/07\/08122028\/formacion-768x132.png 768w, https:\/\/corporate.minor-hotels.com\/assets\/uploads\/2024\/07\/08122028\/formacion.png 1208w\" sizes=\"auto, (max-width: 1024px) 100vw, 1024px\" \/><\/figure>\n\n\n\n<p><em>*El total de horas de formaci\u00f3n tiene contabilizadas 2,979 horas realizadas a trav\u00e9s de la Plataforma de formaci\u00f3n \u201cGHA \u2013 NH DISCOVERY in a box\u201d en la que los hoteles han recibido formaci\u00f3n sobre las novedades del programa de Loyalty.<\/em><\/p>\n<\/div>\n<\/div>\n","protected":false},"excerpt":{"rendered":"<p>Empleados \u201cPromover una cultura responsable y una mentalidad sostenible para nuestros equipos a la vez que fomentamos la diversidad, la \u00e9tica y el bienestar son algunas de nuestras prioridades\u201d.\u00a0 Como parte de este compromiso, la Compa\u00f1\u00eda ha aprobado la Pol\u00edtica de PEOPLE, en la que se promueve la diversidad como una ventaja competitiva clave, la [&hellip;]<\/p>\n","protected":false},"author":6,"featured_media":0,"parent":20425,"menu_order":0,"comment_status":"closed","ping_status":"closed","template":"","meta":{"_acf_changed":false,"footnotes":""},"class_list":["post-20431","page","type-page","status-publish","hentry"],"acf":[],"_links":{"self":[{"href":"https:\/\/corporate.minor-hotels.com\/es\/wp-json\/wp\/v2\/pages\/20431","targetHints":{"allow":["GET"]}}],"collection":[{"href":"https:\/\/corporate.minor-hotels.com\/es\/wp-json\/wp\/v2\/pages"}],"about":[{"href":"https:\/\/corporate.minor-hotels.com\/es\/wp-json\/wp\/v2\/types\/page"}],"author":[{"embeddable":true,"href":"https:\/\/corporate.minor-hotels.com\/es\/wp-json\/wp\/v2\/users\/6"}],"replies":[{"embeddable":true,"href":"https:\/\/corporate.minor-hotels.com\/es\/wp-json\/wp\/v2\/comments?post=20431"}],"version-history":[{"count":28,"href":"https:\/\/corporate.minor-hotels.com\/es\/wp-json\/wp\/v2\/pages\/20431\/revisions"}],"predecessor-version":[{"id":24442,"href":"https:\/\/corporate.minor-hotels.com\/es\/wp-json\/wp\/v2\/pages\/20431\/revisions\/24442"}],"up":[{"embeddable":true,"href":"https:\/\/corporate.minor-hotels.com\/es\/wp-json\/wp\/v2\/pages\/20425"}],"wp:attachment":[{"href":"https:\/\/corporate.minor-hotels.com\/es\/wp-json\/wp\/v2\/media?parent=20431"}],"curies":[{"name":"wp","href":"https:\/\/api.w.org\/{rel}","templated":true}]}}