{"id":20425,"date":"2023-04-12T15:57:50","date_gmt":"2023-04-12T13:57:50","guid":{"rendered":"https:\/\/www.nh-hotels.com\/corporate\/sostenibilidad\/compania-sostenible-up-for-planet-people\/up-for-people"},"modified":"2024-07-08T11:41:23","modified_gmt":"2024-07-08T09:41:23","slug":"up-for-people","status":"publish","type":"page","link":"https:\/\/corporate.minor-hotels.com\/es\/sostenibilidad\/compania-sostenible-up-for-planet-people\/up-for-people","title":{"rendered":"Up for People"},"content":{"rendered":"\n<h1 class=\"wp-block-heading\">Up for People<\/h1>\n\n\n\n<div class=\"wp-block-columns is-layout-flex wp-container-core-columns-is-layout-9d6595d7 wp-block-columns-is-layout-flex\">\n<div class=\"wp-block-column is-layout-flow wp-block-column-is-layout-flow\">\n<figure class=\"wp-block-image size-large is-resized\"><img decoding=\"async\" src=\"https:\/\/corporate.minor-hotels.com\/assets\/uploads\/2023\/04\/20115848\/nh-corporate-logo-up-for-people-1024x237.jpg\" alt=\"\" class=\"wp-image-19845\" height=\"119\" srcset=\"https:\/\/corporate.minor-hotels.com\/assets\/uploads\/2023\/04\/20115848\/nh-corporate-logo-up-for-people-1024x237.jpg 1024w, https:\/\/corporate.minor-hotels.com\/assets\/uploads\/2023\/04\/20115848\/nh-corporate-logo-up-for-people-300x69.jpg 300w, https:\/\/corporate.minor-hotels.com\/assets\/uploads\/2023\/04\/20115848\/nh-corporate-logo-up-for-people-768x178.jpg 768w, https:\/\/corporate.minor-hotels.com\/assets\/uploads\/2023\/04\/20115848\/nh-corporate-logo-up-for-people.jpg 1537w\" sizes=\"(max-width: 1024px) 100vw, 1024px\" \/><\/figure>\n\n\n\n<p>Dentro del marco enfocado a las Personas, Minor Hotels Europe &amp; Americas promueve el desarrollo profesional de los empleados, a la vez que crea un impacto positivo en aquellos lugares y comunidades donde estamos presentes, para ofrecer a sus clientes la mejor experiencia haci\u00e9ndoles part\u00edcipes de nuestra concienciaci\u00f3n social.<\/p>\n<p>Promover una cultura responsable y una mentalidad sostenible entre nuestros equipos, a la vez que fomentamos la diversidad, la \u00e9tica y el bienestar, son algunas de nuestras prioridades.<\/p>\n<p>La estrategia <strong>UP FOR PEOPLE<\/strong>, busca canalizar los compromisos a trav\u00e9s de los siguientes stakeholders: <strong>empleados, clientes y comunidades<\/strong>.<\/p>\n<\/div>\n<\/div>\n\n\n\n<div class=\"wp-block-columns is-layout-flex wp-container-core-columns-is-layout-9d6595d7 wp-block-columns-is-layout-flex\">\n<div class=\"wp-block-column is-layout-flow wp-block-column-is-layout-flow\">\n<figure class=\"wp-block-image size-full\"><a href=\"https:\/\/corporate.minor-hotels.com\/es\/sostenibilidad\/compania-sostenible-up-for-planet-people\/up-for-people\/empleados\"><img loading=\"lazy\" decoding=\"async\" width=\"800\" height=\"976\" src=\"https:\/\/corporate.minor-hotels.com\/assets\/uploads\/2023\/05\/05184821\/nh-corporate-up-for-people-pillars-1-es.jpg\" alt=\"\" class=\"wp-image-20529\" srcset=\"https:\/\/corporate.minor-hotels.com\/assets\/uploads\/2023\/05\/05184821\/nh-corporate-up-for-people-pillars-1-es.jpg 800w, https:\/\/corporate.minor-hotels.com\/assets\/uploads\/2023\/05\/05184821\/nh-corporate-up-for-people-pillars-1-es-246x300.jpg 246w, https:\/\/corporate.minor-hotels.com\/assets\/uploads\/2023\/05\/05184821\/nh-corporate-up-for-people-pillars-1-es-768x937.jpg 768w\" sizes=\"auto, (max-width: 800px) 100vw, 800px\" \/><\/a><\/figure>\n<\/div>\n\n\n\n<div class=\"wp-block-column is-layout-flow wp-block-column-is-layout-flow\">\n<figure class=\"wp-block-image size-full\"><a href=\"https:\/\/corporate.minor-hotels.com\/es\/sostenibilidad\/compania-sostenible-up-for-planet-people\/up-for-people\/clientes\"><img loading=\"lazy\" decoding=\"async\" width=\"800\" height=\"975\" src=\"https:\/\/corporate.minor-hotels.com\/assets\/uploads\/2023\/05\/05184830\/nh-corporate-up-for-people-pillars-2-es.jpg\" alt=\"\" class=\"wp-image-20536\" srcset=\"https:\/\/corporate.minor-hotels.com\/assets\/uploads\/2023\/05\/05184830\/nh-corporate-up-for-people-pillars-2-es.jpg 800w, https:\/\/corporate.minor-hotels.com\/assets\/uploads\/2023\/05\/05184830\/nh-corporate-up-for-people-pillars-2-es-246x300.jpg 246w, https:\/\/corporate.minor-hotels.com\/assets\/uploads\/2023\/05\/05184830\/nh-corporate-up-for-people-pillars-2-es-768x936.jpg 768w\" sizes=\"auto, (max-width: 800px) 100vw, 800px\" \/><\/a><\/figure>\n<\/div>\n\n\n\n<div class=\"wp-block-column is-layout-flow wp-block-column-is-layout-flow\">\n<figure class=\"wp-block-image size-full\"><a href=\"https:\/\/corporate.minor-hotels.com\/es\/sostenibilidad\/compania-sostenible-up-for-planet-people\/up-for-people\/comunidades\"><img loading=\"lazy\" decoding=\"async\" width=\"833\" height=\"1017\" src=\"https:\/\/corporate.minor-hotels.com\/assets\/uploads\/2023\/05\/05184830\/nh-corporate-up-for-people-pillars-3-es.jpg\" alt=\"\" class=\"wp-image-20535\" srcset=\"https:\/\/corporate.minor-hotels.com\/assets\/uploads\/2023\/05\/05184830\/nh-corporate-up-for-people-pillars-3-es.jpg 833w, https:\/\/corporate.minor-hotels.com\/assets\/uploads\/2023\/05\/05184830\/nh-corporate-up-for-people-pillars-3-es-246x300.jpg 246w, https:\/\/corporate.minor-hotels.com\/assets\/uploads\/2023\/05\/05184830\/nh-corporate-up-for-people-pillars-3-es-768x938.jpg 768w\" sizes=\"auto, (max-width: 833px) 100vw, 833px\" \/><\/a><\/figure>\n<\/div>\n<\/div>\n","protected":false},"excerpt":{"rendered":"<p>Up for People Dentro del marco enfocado a las Personas, Minor Hotels Europe &amp; Americas promueve el desarrollo profesional de los empleados, a la vez que crea un impacto positivo en aquellos lugares y comunidades donde estamos presentes, para ofrecer a sus clientes la mejor experiencia haci\u00e9ndoles part\u00edcipes de nuestra concienciaci\u00f3n social. Promover una cultura [&hellip;]<\/p>\n","protected":false},"author":6,"featured_media":0,"parent":20407,"menu_order":0,"comment_status":"closed","ping_status":"closed","template":"","meta":{"_acf_changed":false,"footnotes":""},"class_list":["post-20425","page","type-page","status-publish","hentry"],"acf":[],"_links":{"self":[{"href":"https:\/\/corporate.minor-hotels.com\/es\/wp-json\/wp\/v2\/pages\/20425","targetHints":{"allow":["GET"]}}],"collection":[{"href":"https:\/\/corporate.minor-hotels.com\/es\/wp-json\/wp\/v2\/pages"}],"about":[{"href":"https:\/\/corporate.minor-hotels.com\/es\/wp-json\/wp\/v2\/types\/page"}],"author":[{"embeddable":true,"href":"https:\/\/corporate.minor-hotels.com\/es\/wp-json\/wp\/v2\/users\/6"}],"replies":[{"embeddable":true,"href":"https:\/\/corporate.minor-hotels.com\/es\/wp-json\/wp\/v2\/comments?post=20425"}],"version-history":[{"count":5,"href":"https:\/\/corporate.minor-hotels.com\/es\/wp-json\/wp\/v2\/pages\/20425\/revisions"}],"predecessor-version":[{"id":23108,"href":"https:\/\/corporate.minor-hotels.com\/es\/wp-json\/wp\/v2\/pages\/20425\/revisions\/23108"}],"up":[{"embeddable":true,"href":"https:\/\/corporate.minor-hotels.com\/es\/wp-json\/wp\/v2\/pages\/20407"}],"wp:attachment":[{"href":"https:\/\/corporate.minor-hotels.com\/es\/wp-json\/wp\/v2\/media?parent=20425"}],"curies":[{"name":"wp","href":"https:\/\/api.w.org\/{rel}","templated":true}]}}