{"id":20412,"date":"2023-04-12T16:02:06","date_gmt":"2023-04-12T14:02:06","guid":{"rendered":"https:\/\/www.nh-hotels.com\/corporate\/sostenibilidad\/compania-sostenible-up-for-planet-people\/up-for-planet\/products-hotel-buildings"},"modified":"2024-07-08T10:25:18","modified_gmt":"2024-07-08T08:25:18","slug":"productos-y-activos-sostenibles","status":"publish","type":"page","link":"https:\/\/corporate.minor-hotels.com\/es\/sostenibilidad\/compania-sostenible-up-for-planet-people\/up-for-planet\/productos-y-activos-sostenibles","title":{"rendered":"Productos y activos sostenibles"},"content":{"rendered":"\n<h1 class=\"wp-block-heading\">Products \u2013 Hotel Buildings<\/h1>\n\n\n\n<div class=\"wp-block-columns is-layout-flex wp-container-core-columns-is-layout-9d6595d7 wp-block-columns-is-layout-flex\">\n<div class=\"wp-block-column is-layout-flow wp-block-column-is-layout-flow\">\n<p>Enfocado en la lucha contra el cambio clim\u00e1tico y avance hacia la descarbonizaci\u00f3n, minimizando la huella de carbono derivada de la actividad mediante el reacondicionamiento de hoteles para hacerlos m\u00e1s sostenibles.<\/p>\n<h2><strong>Programa de certificaci\u00f3n ambiental.<\/strong><\/h2>\n<p>Minor Hotels Europe &amp; Americas cuenta con la certificaci\u00f3n individual del 53% de los hoteles del porfolio, un total de <strong>184 hoteles certificados de 350 de los hoteles de la cartera.<\/strong><\/p>\n\n\n<div class=\"wp-block-image\">\n<figure class=\"aligncenter size-full is-resized\"><img decoding=\"async\" src=\"https:\/\/corporate.minor-hotels.com\/assets\/uploads\/2024\/03\/27155920\/certif-esp.png\" alt=\"\" class=\"wp-image-22399\" height=\"376\" srcset=\"https:\/\/corporate.minor-hotels.com\/assets\/uploads\/2024\/03\/27155920\/certif-esp.png 653w, https:\/\/corporate.minor-hotels.com\/assets\/uploads\/2024\/03\/27155920\/certif-esp-300x241.png 300w\" sizes=\"(max-width: 653px) 100vw, 653px\" \/><\/figure>\n<\/div>\n\n\n<h2><strong>Plan SBT 2030<\/strong><strong>. <\/strong><\/h2>\n<p>Los esfuerzos de Minor Hotels Europe &amp; Americas en la lucha contra el cambio clim\u00e1tico se enmarcan en el \u201cPlan SBT 2030\u201d que recoge las palancas de actuaci\u00f3n para cumplir con el objetivo de reducir un 46,2% en 2030 sus emisiones absolutas de gases de efecto invernadero de alcance 1 y 2 respecto a 2019, as\u00ed como un 27,5% sus emisiones de gases de efecto invernadero de alcance 3 procedentes de bienes y servicios adquiridos, bienes de capital, actividades relacionadas con combustibles y energ\u00eda, residuos generados en operaciones, activos arrendados y franquicias en el mismo plazo.<\/p>\n<p>La compa\u00f1\u00eda se ha comprometido adem\u00e1s a reducir las emisiones absolutas GEI de los alcances 1, 2 y 3 en un 90% para 2050 respecto a 2019. <strong>La Iniciativa Science Based Target, SBTi, ha verificado este objetivo de cero emisiones netas basado en la ciencia de la Compa\u00f1\u00eda<\/strong>. La empresa ha recibido la validaci\u00f3n cient\u00edfica y la aprobaci\u00f3n de ambos compromisos por parte de la iniciativa global Science Based Targets, SBTi, principal foro mundial de asociaciones medioambientales para revertir el cambio clim\u00e1tico.<\/p>\n<p>Con los compromisos adicionales fijados para 2030 y 2050, la hotelera cumple con los baremos cient\u00edficos recomendados a las empresas en el Acuerdo de Par\u00eds para conseguir que la temperatura global terrestre no aumente m\u00e1s de 1,5 grados cent\u00edgrados respecto a los niveles preindustriales.<\/p>\n<p>Las cinco palancas de actuaci\u00f3n sobre las que priman los esfuerzos para alcanzar estos objetivos son:<\/p>\n<\/div>\n<\/div>\n\n\n\n<div class=\"wp-block-columns is-layout-flex wp-container-core-columns-is-layout-9d6595d7 wp-block-columns-is-layout-flex\">\n<div class=\"wp-block-column is-vertically-aligned-center is-layout-flow wp-block-column-is-layout-flow\">\n<figure class=\"wp-block-image size-large is-resized\"><img decoding=\"async\" src=\"https:\/\/corporate.minor-hotels.com\/assets\/uploads\/2023\/04\/20121048\/nh-corporate-up-for-planet-plan-sbt-1024x683.jpg\" alt=\"\" class=\"wp-image-19887\" height=\"302\" srcset=\"https:\/\/corporate.minor-hotels.com\/assets\/uploads\/2023\/04\/20121048\/nh-corporate-up-for-planet-plan-sbt-1024x683.jpg 1024w, https:\/\/corporate.minor-hotels.com\/assets\/uploads\/2023\/04\/20121048\/nh-corporate-up-for-planet-plan-sbt-300x200.jpg 300w, https:\/\/corporate.minor-hotels.com\/assets\/uploads\/2023\/04\/20121048\/nh-corporate-up-for-planet-plan-sbt-768x512.jpg 768w, https:\/\/corporate.minor-hotels.com\/assets\/uploads\/2023\/04\/20121048\/nh-corporate-up-for-planet-plan-sbt.jpg 1200w\" sizes=\"(max-width: 1024px) 100vw, 1024px\" \/><\/figure>\n<\/div>\n\n\n\n<div class=\"wp-block-column is-vertically-aligned-center is-layout-flow wp-block-column-is-layout-flow\">\n<ul>\n<li>Control y monitorizaci\u00f3n de la captura y an\u00e1lisis de datos<\/li>\n<li>Eficiencia Energ\u00e9tica<\/li>\n<li>Energ\u00eda Verde<\/li>\n<li>Compensaci\u00f3n de emisiones<\/li>\n<li>An\u00e1lisis de carbono en proyectos de expansi\u00f3n<\/li>\n<\/ul>\n<\/div>\n<\/div>\n\n\n\n<div class=\"wp-block-columns is-layout-flex wp-container-core-columns-is-layout-9d6595d7 wp-block-columns-is-layout-flex\">\n<div class=\"wp-block-column is-layout-flow wp-block-column-is-layout-flow\">\n<h2><strong>Plan de eficiencia energ\u00e9tica.<\/strong><\/h2>\n<p>Se consideran todos los proyectos que pueden mejorar el consumo de energ\u00eda en el hotel, adem\u00e1s de los costes auxiliares relacionados con ellos:<\/p>\n<ul>\n<li>Cambios de equipos.<\/li>\n<li>Inversiones relacionadas con el control de las instalaciones: sistemas de gesti\u00f3n energ\u00e9tica de edificios, actualizaci\u00f3n de contadores y mejoras en la iluminaci\u00f3n.<\/li>\n<li>Actuaciones en las fachadas de los inmuebles que suponen mejoras de la envolvente y en el aislamiento.<\/li>\n<\/ul>\n<p>Inversi\u00f3n destinada a proyectos donde no solo se busque el retorno econ\u00f3mico sino conocer el retorno ambiental. Algunos de estos proyectos son: eliminaci\u00f3n de combustibles f\u00f3siles y aumento de energ\u00eda renovables.<\/p>\n<\/div>\n<\/div>\n","protected":false},"excerpt":{"rendered":"<p>Products \u2013 Hotel Buildings Enfocado en la lucha contra el cambio clim\u00e1tico y avance hacia la descarbonizaci\u00f3n, minimizando la huella de carbono derivada de la actividad mediante el reacondicionamiento de hoteles para hacerlos m\u00e1s sostenibles. Programa de certificaci\u00f3n ambiental. Minor Hotels Europe &amp; Americas cuenta con la certificaci\u00f3n individual del 53% de los hoteles del [&hellip;]<\/p>\n","protected":false},"author":6,"featured_media":0,"parent":20410,"menu_order":0,"comment_status":"closed","ping_status":"closed","template":"","meta":{"_acf_changed":false,"footnotes":""},"class_list":["post-20412","page","type-page","status-publish","hentry"],"acf":[],"_links":{"self":[{"href":"https:\/\/corporate.minor-hotels.com\/es\/wp-json\/wp\/v2\/pages\/20412","targetHints":{"allow":["GET"]}}],"collection":[{"href":"https:\/\/corporate.minor-hotels.com\/es\/wp-json\/wp\/v2\/pages"}],"about":[{"href":"https:\/\/corporate.minor-hotels.com\/es\/wp-json\/wp\/v2\/types\/page"}],"author":[{"embeddable":true,"href":"https:\/\/corporate.minor-hotels.com\/es\/wp-json\/wp\/v2\/users\/6"}],"replies":[{"embeddable":true,"href":"https:\/\/corporate.minor-hotels.com\/es\/wp-json\/wp\/v2\/comments?post=20412"}],"version-history":[{"count":14,"href":"https:\/\/corporate.minor-hotels.com\/es\/wp-json\/wp\/v2\/pages\/20412\/revisions"}],"predecessor-version":[{"id":23058,"href":"https:\/\/corporate.minor-hotels.com\/es\/wp-json\/wp\/v2\/pages\/20412\/revisions\/23058"}],"up":[{"embeddable":true,"href":"https:\/\/corporate.minor-hotels.com\/es\/wp-json\/wp\/v2\/pages\/20410"}],"wp:attachment":[{"href":"https:\/\/corporate.minor-hotels.com\/es\/wp-json\/wp\/v2\/media?parent=20412"}],"curies":[{"name":"wp","href":"https:\/\/api.w.org\/{rel}","templated":true}]}}