{"id":20410,"date":"2023-04-12T15:57:42","date_gmt":"2023-04-12T13:57:42","guid":{"rendered":"https:\/\/www.nh-hotels.com\/corporate\/sostenibilidad\/compania-sostenible-up-for-planet-people\/up-for-planet"},"modified":"2026-03-19T16:19:34","modified_gmt":"2026-03-19T15:19:34","slug":"up-for-planet","status":"publish","type":"page","link":"https:\/\/corporate.minor-hotels.com\/es\/sostenibilidad\/compania-sostenible-up-for-planet-people\/up-for-planet","title":{"rendered":"Up for Planet"},"content":{"rendered":"\n<h1 class=\"wp-block-heading\">Up for Planet<\/h1>\n\n\n\n<div class=\"wp-block-columns is-layout-flex wp-container-core-columns-is-layout-9d6595d7 wp-block-columns-is-layout-flex\">\n<div class=\"wp-block-column is-layout-flow wp-block-column-is-layout-flow\">\n<figure class=\"wp-block-image size-large is-resized\"><img loading=\"lazy\" decoding=\"async\" width=\"1024\" height=\"237\" src=\"assets\/uploads\/2023\/04\/20115551\/nh-corporate-logo-up-for-planet-1024x237.jpg\" alt=\"\" class=\"wp-image-19830\" style=\"width:512px;height:119px\" srcset=\"https:\/\/corporate.minor-hotels.com\/assets\/uploads\/2023\/04\/20115551\/nh-corporate-logo-up-for-planet-1024x237.jpg 1024w, https:\/\/corporate.minor-hotels.com\/assets\/uploads\/2023\/04\/20115551\/nh-corporate-logo-up-for-planet-300x69.jpg 300w, https:\/\/corporate.minor-hotels.com\/assets\/uploads\/2023\/04\/20115551\/nh-corporate-logo-up-for-planet-768x178.jpg 768w, https:\/\/corporate.minor-hotels.com\/assets\/uploads\/2023\/04\/20115551\/nh-corporate-logo-up-for-planet.jpg 1536w\" sizes=\"auto, (max-width: 1024px) 100vw, 1024px\" \/><\/figure>\n\n\n\n<p data-renderer-start-pos=\"350\">En coherencia con su compromiso con el <strong data-renderer-mark=\"true\">PLANETA<\/strong>, materializado a trav\u00e9s de su <a href=\"https:\/\/corporate.minor-hotels.com\/assets\/uploads\/2026\/03\/19161911\/Politica-Ambiental-y-de-Cambio-Climatico_MHEA_ESP_2025.pdf\" target=\"_blank\" rel=\"noopener\"><strong data-renderer-mark=\"true\">Pol\u00edtica Ambiental y de Cambio Clim\u00e1tico<\/strong><\/a>, Minor Hotels Europe &amp; Americas trabaja activamente para <strong data-renderer-mark=\"true\">minimizar su impacto en el cambio clim\u00e1tico<\/strong>, aumentar la eficiencia en el uso de los recursos y desarrollar servicios cada vez m\u00e1s sostenibles. Todo ello con el objetivo de <strong data-renderer-mark=\"true\">reducir su huella ambiental<\/strong>, promoviendo un consumo responsable de los recursos naturales.<\/p>\n<p data-renderer-start-pos=\"790\">Para la Compa\u00f1\u00eda, la lucha contra el cambio clim\u00e1tico constituye un <strong data-renderer-mark=\"true\">pilar estrat\u00e9gico fundamental<\/strong>. Con el fin de avanzar en la definici\u00f3n y fortalecimiento de su estrategia clim\u00e1tica, se llev\u00f3 a cabo un an\u00e1lisis destinado a evaluar la situaci\u00f3n de Minor Hotels Europe &amp; Americas en relaci\u00f3n con las recomendaciones del <a href=\"https:\/\/corporate.minor-hotels.com\/assets\/uploads\/sustainability\/Corporate-TCFD-Report.pdf\" target=\"_blank\" rel=\"noopener\"><strong data-renderer-mark=\"true\">Task Force on Climate-related Financial Disclosures (TCFD)<\/strong><\/a>, as\u00ed como a identificar los pasos necesarios para lograr su alineaci\u00f3n progresiva con dicho marco.<\/p>\n<p data-renderer-start-pos=\"1268\">Como resultado de este an\u00e1lisis, se desarroll\u00f3 un ejercicio de mejora de la metodolog\u00eda actual para <strong data-renderer-mark=\"true\">identificar y evaluar la exposici\u00f3n a los riesgos f\u00edsicos y de transici\u00f3n<\/strong>, as\u00ed como las <strong data-renderer-mark=\"true\">oportunidades asociadas al cambio clim\u00e1tico<\/strong>. Este ejercicio incorpor\u00f3 un mayor nivel de detalle en la identificaci\u00f3n de dichos riesgos y oportunidades, considerando adem\u00e1s distintos <strong data-renderer-mark=\"true\">horizontes temporales a corto, medio y largo plazo<\/strong>.<\/p>\n<p data-renderer-start-pos=\"1691\">La estrategia ambiental de la Compa\u00f1\u00eda se articula a trav\u00e9s de una <strong data-renderer-mark=\"true\">hoja de ruta<\/strong> orientada a avanzar en la <strong data-renderer-mark=\"true\">descarbonizaci\u00f3n<\/strong>, la <strong data-renderer-mark=\"true\">gesti\u00f3n eficiente de los recursos<\/strong> y la adopci\u00f3n de un modelo de <strong data-renderer-mark=\"true\">consumo responsable y circular<\/strong>. Para su implementaci\u00f3n, Minor Hotels Europe &amp; Americas se apoya en <strong data-renderer-mark=\"true\">tres l\u00edneas de trabajo principales<\/strong>:<\/p>\n<\/div>\n<\/div>\n\n\n\n<div class=\"wp-block-columns is-layout-flex wp-container-core-columns-is-layout-9d6595d7 wp-block-columns-is-layout-flex\">\n<div class=\"wp-block-column is-layout-flow wp-block-column-is-layout-flow\">\n<figure class=\"wp-block-image size-full\"><a href=\"https:\/\/corporate.minor-hotels.com\/es\/sostenibilidad\/compania-sostenible-up-for-planet-people\/up-for-planet\/productos-y-activos-sostenibles\"><img loading=\"lazy\" decoding=\"async\" width=\"833\" height=\"1016\" src=\"\/assets\/uploads\/2023\/05\/05184305\/BrochureSustainability13_01-es.jpg\" alt=\"\" class=\"wp-image-20500\" srcset=\"https:\/\/corporate.minor-hotels.com\/assets\/uploads\/2023\/05\/05184305\/BrochureSustainability13_01-es.jpg 833w, https:\/\/corporate.minor-hotels.com\/assets\/uploads\/2023\/05\/05184305\/BrochureSustainability13_01-es-246x300.jpg 246w, https:\/\/corporate.minor-hotels.com\/assets\/uploads\/2023\/05\/05184305\/BrochureSustainability13_01-es-768x937.jpg 768w\" sizes=\"auto, (max-width: 833px) 100vw, 833px\" \/><\/a><\/figure>\n<\/div>\n\n\n\n<div class=\"wp-block-column is-layout-flow wp-block-column-is-layout-flow\">\n<figure class=\"wp-block-image size-full\"><a href=\"https:\/\/corporate.minor-hotels.com\/es\/sostenibilidad\/compania-sostenible-up-for-planet-people\/up-for-planet\/procesos-estandares-operativos\"><img loading=\"lazy\" decoding=\"async\" width=\"829\" height=\"1002\" src=\"\/assets\/uploads\/2023\/05\/05184312\/BrochureSustainability13_02-es.jpg\" alt=\"\" class=\"wp-image-20506\" srcset=\"https:\/\/corporate.minor-hotels.com\/assets\/uploads\/2023\/05\/05184312\/BrochureSustainability13_02-es.jpg 829w, https:\/\/corporate.minor-hotels.com\/assets\/uploads\/2023\/05\/05184312\/BrochureSustainability13_02-es-248x300.jpg 248w, https:\/\/corporate.minor-hotels.com\/assets\/uploads\/2023\/05\/05184312\/BrochureSustainability13_02-es-768x928.jpg 768w\" sizes=\"auto, (max-width: 829px) 100vw, 829px\" \/><\/a><\/figure>\n<\/div>\n\n\n\n<div class=\"wp-block-column is-layout-flow wp-block-column-is-layout-flow\">\n<figure class=\"wp-block-image size-full\"><a href=\"https:\/\/corporate.minor-hotels.com\/es\/sostenibilidad\/compania-sostenible-up-for-planet-people\/up-for-planet\/compras-sostenibles\"><img loading=\"lazy\" decoding=\"async\" width=\"816\" height=\"991\" src=\"\/assets\/uploads\/2023\/05\/05184320\/BrochureSustainability13_03-es.jpg\" alt=\"\" class=\"wp-image-20512\" srcset=\"https:\/\/corporate.minor-hotels.com\/assets\/uploads\/2023\/05\/05184320\/BrochureSustainability13_03-es.jpg 816w, https:\/\/corporate.minor-hotels.com\/assets\/uploads\/2023\/05\/05184320\/BrochureSustainability13_03-es-247x300.jpg 247w, https:\/\/corporate.minor-hotels.com\/assets\/uploads\/2023\/05\/05184320\/BrochureSustainability13_03-es-768x933.jpg 768w\" sizes=\"auto, (max-width: 816px) 100vw, 816px\" \/><\/a><\/figure>\n<\/div>\n<\/div>\n","protected":false},"excerpt":{"rendered":"<p>Up for Planet En coherencia con su compromiso con el PLANETA, materializado a trav\u00e9s de su Pol\u00edtica Ambiental y de Cambio Clim\u00e1tico, Minor Hotels Europe &amp; Americas trabaja activamente para minimizar su impacto en el cambio clim\u00e1tico, aumentar la eficiencia en el uso de los recursos y desarrollar servicios cada vez m\u00e1s sostenibles. Todo ello [&hellip;]<\/p>\n","protected":false},"author":6,"featured_media":0,"parent":20407,"menu_order":0,"comment_status":"closed","ping_status":"closed","template":"","meta":{"_acf_changed":false,"footnotes":""},"class_list":["post-20410","page","type-page","status-publish","hentry"],"acf":[],"_links":{"self":[{"href":"https:\/\/corporate.minor-hotels.com\/es\/wp-json\/wp\/v2\/pages\/20410","targetHints":{"allow":["GET"]}}],"collection":[{"href":"https:\/\/corporate.minor-hotels.com\/es\/wp-json\/wp\/v2\/pages"}],"about":[{"href":"https:\/\/corporate.minor-hotels.com\/es\/wp-json\/wp\/v2\/types\/page"}],"author":[{"embeddable":true,"href":"https:\/\/corporate.minor-hotels.com\/es\/wp-json\/wp\/v2\/users\/6"}],"replies":[{"embeddable":true,"href":"https:\/\/corporate.minor-hotels.com\/es\/wp-json\/wp\/v2\/comments?post=20410"}],"version-history":[{"count":10,"href":"https:\/\/corporate.minor-hotels.com\/es\/wp-json\/wp\/v2\/pages\/20410\/revisions"}],"predecessor-version":[{"id":24459,"href":"https:\/\/corporate.minor-hotels.com\/es\/wp-json\/wp\/v2\/pages\/20410\/revisions\/24459"}],"up":[{"embeddable":true,"href":"https:\/\/corporate.minor-hotels.com\/es\/wp-json\/wp\/v2\/pages\/20407"}],"wp:attachment":[{"href":"https:\/\/corporate.minor-hotels.com\/es\/wp-json\/wp\/v2\/media?parent=20410"}],"curies":[{"name":"wp","href":"https:\/\/api.w.org\/{rel}","templated":true}]}}