{"id":20407,"date":"2023-04-12T15:53:56","date_gmt":"2023-04-12T13:53:56","guid":{"rendered":"https:\/\/www.nh-hotels.com\/corporate\/sostenibilidad\/sustainable-company-up-for-planet-people"},"modified":"2024-07-08T10:33:14","modified_gmt":"2024-07-08T08:33:14","slug":"compania-sostenible-up-for-planet-people","status":"publish","type":"page","link":"https:\/\/corporate.minor-hotels.com\/es\/sostenibilidad\/compania-sostenible-up-for-planet-people","title":{"rendered":"Compa\u00f1\u00eda sostenible &#8211; UP FOR PLANET &amp; PEOPLE"},"content":{"rendered":"\n<h1 class=\"wp-block-heading\">Compa\u00f1\u00eda sostenible &#8211; UP FOR PLANET &amp; PEOPLE<\/h1>\n\n\n\n<h2 class=\"wp-block-heading\">Nuestra Estrategia de Negocio<\/h2>\n\n\n\n<div class=\"wp-block-columns is-layout-flex wp-container-core-columns-is-layout-9d6595d7 wp-block-columns-is-layout-flex\">\n<div class=\"wp-block-column is-layout-flow wp-block-column-is-layout-flow\" style=\"flex-basis:66.66%\">\n<p>Minor Hotels Europe &amp; Americas&nbsp;transmite los derechos humanos, \u00e9ticos y empresariales en su forma de trabajar en toda su cadena de valor: accionistas, clientes, socios, proveedores y empleados, promoviendo alianzas responsables a trav\u00e9s de dos pilares: UP FOR PLANET y UP FOR PEOPLE.<\/p>\n<p>La sostenibilidad ha ganado a\u00fan m\u00e1s relevancia para Minor Hotels Europe &amp; Americas, con el objetivo de contribuir de manera positiva al bienestar ambiental y social del planeta.<\/p>\n<p>Minor Hotels Europe &amp; Americas ha sido reconocida de nuevo como una de las empresas m\u00e1s sostenibles del sector seg\u00fan el S&amp;P Global Corporate Sustainability Assessment, cumpliendo as\u00ed su misi\u00f3n de seguir liderando este ranking y manteniendo su presencia en el \u00abSustainability Yearbook\u00bb que S&amp;P Global publicar\u00e1 en 2024. Para ello, se han definido varias l\u00edneas de trabajo que llevar\u00e1n a Minor Hotels Europe &amp; Americas a definir un plan de acci\u00f3n para operar en un mundo descarbonizado a largo plazo.<\/p>\n<\/div>\n\n\n\n<div class=\"wp-block-column is-vertically-aligned-center is-layout-flow wp-block-column-is-layout-flow\" style=\"flex-basis:33.33%\">\n<figure class=\"wp-block-image size-large is-resized\"><img decoding=\"async\" src=\"https:\/\/corporate.minor-hotels.com\/assets\/uploads\/2023\/04\/20115256\/nh-corporate-up-planet-people-1024x356.jpg\" alt=\"\" class=\"wp-image-19818\" height=\"178\" srcset=\"https:\/\/corporate.minor-hotels.com\/assets\/uploads\/2023\/04\/20115256\/nh-corporate-up-planet-people-1024x356.jpg 1024w, https:\/\/corporate.minor-hotels.com\/assets\/uploads\/2023\/04\/20115256\/nh-corporate-up-planet-people-300x104.jpg 300w, https:\/\/corporate.minor-hotels.com\/assets\/uploads\/2023\/04\/20115256\/nh-corporate-up-planet-people-768x267.jpg 768w, https:\/\/corporate.minor-hotels.com\/assets\/uploads\/2023\/04\/20115256\/nh-corporate-up-planet-people.jpg 1359w\" sizes=\"(max-width: 1024px) 100vw, 1024px\" \/><\/figure>\n<\/div>\n<\/div>\n\n\n\n<div class=\"wp-block-columns is-layout-flex wp-container-core-columns-is-layout-9d6595d7 wp-block-columns-is-layout-flex\">\n<div class=\"wp-block-column is-layout-flow wp-block-column-is-layout-flow\"><div class=\"wp-block-image\">\n<figure class=\"aligncenter size-full is-resized\"><img decoding=\"async\" src=\"https:\/\/corporate.minor-hotels.com\/assets\/uploads\/2023\/05\/05183911\/nh-corporate-pillars-es.jpg\" alt=\"\" class=\"wp-image-20490\" height=\"1125\" srcset=\"https:\/\/corporate.minor-hotels.com\/assets\/uploads\/2023\/05\/05183911\/nh-corporate-pillars-es.jpg 2000w, https:\/\/corporate.minor-hotels.com\/assets\/uploads\/2023\/05\/05183911\/nh-corporate-pillars-es-300x169.jpg 300w, https:\/\/corporate.minor-hotels.com\/assets\/uploads\/2023\/05\/05183911\/nh-corporate-pillars-es-1024x576.jpg 1024w, https:\/\/corporate.minor-hotels.com\/assets\/uploads\/2023\/05\/05183911\/nh-corporate-pillars-es-768x432.jpg 768w, https:\/\/corporate.minor-hotels.com\/assets\/uploads\/2023\/05\/05183911\/nh-corporate-pillars-es-1536x864.jpg 1536w\" sizes=\"(max-width: 2000px) 100vw, 2000px\" \/><\/figure>\n<\/div><\/div>\n<\/div>\n\n\n\n<div class=\"wp-block-columns is-layout-flex wp-container-core-columns-is-layout-9d6595d7 wp-block-columns-is-layout-flex\">\n<div class=\"wp-block-column is-vertically-aligned-center is-layout-flow wp-block-column-is-layout-flow\" style=\"flex-basis:66.66%\">\n<figure class=\"wp-block-image size-large is-resized\"><a href=\"https:\/\/corporate.minor-hotels.com\/es\/sostenibilidad\/compania-sostenible-up-for-planet-people\/up-for-planet\"><img decoding=\"async\" src=\"https:\/\/corporate.minor-hotels.com\/assets\/uploads\/2023\/04\/20115551\/nh-corporate-logo-up-for-planet-1024x237.jpg\" alt=\"\" class=\"wp-image-19830\" height=\"59\" srcset=\"https:\/\/corporate.minor-hotels.com\/assets\/uploads\/2023\/04\/20115551\/nh-corporate-logo-up-for-planet-1024x237.jpg 1024w, https:\/\/corporate.minor-hotels.com\/assets\/uploads\/2023\/04\/20115551\/nh-corporate-logo-up-for-planet-300x69.jpg 300w, https:\/\/corporate.minor-hotels.com\/assets\/uploads\/2023\/04\/20115551\/nh-corporate-logo-up-for-planet-768x178.jpg 768w, https:\/\/corporate.minor-hotels.com\/assets\/uploads\/2023\/04\/20115551\/nh-corporate-logo-up-for-planet.jpg 1536w\" sizes=\"(max-width: 1024px) 100vw, 1024px\" \/><\/a><\/figure>\n\n\n\n<p>En nuestro compromiso con el <strong>PLANETA<\/strong>, Minor Hotels Europe &amp; Americas trabaja para minimizar el impacto en el cambio clim\u00e1tico, aumentar la eficiencia de los recursos y desarrollar servicios m\u00e1s sostenibles. Todo ello, reduciendo nuestra huella ambiental con un consumo responsable de los recursos naturales.<\/p>\n<\/div>\n\n\n\n<div class=\"wp-block-column is-vertically-aligned-center is-layout-flow wp-block-column-is-layout-flow\" style=\"flex-basis:33.33%\">\n<div class=\"wp-block-cover aligncenter\" style=\"min-height:173px;aspect-ratio:unset;\"><span aria-hidden=\"true\" class=\"wp-block-cover__background has-background-dim\"><\/span><img loading=\"lazy\" decoding=\"async\" width=\"1024\" height=\"683\" class=\"wp-block-cover__image-background wp-image-19836\" alt=\"\" src=\"https:\/\/corporate.minor-hotels.com\/assets\/uploads\/2023\/04\/20115718\/nh-corporate-intro-planet-1024x683.jpg\" data-object-fit=\"cover\" srcset=\"https:\/\/corporate.minor-hotels.com\/assets\/uploads\/2023\/04\/20115718\/nh-corporate-intro-planet-1024x683.jpg 1024w, https:\/\/corporate.minor-hotels.com\/assets\/uploads\/2023\/04\/20115718\/nh-corporate-intro-planet-300x200.jpg 300w, https:\/\/corporate.minor-hotels.com\/assets\/uploads\/2023\/04\/20115718\/nh-corporate-intro-planet-768x513.jpg 768w, https:\/\/corporate.minor-hotels.com\/assets\/uploads\/2023\/04\/20115718\/nh-corporate-intro-planet.jpg 1500w\" sizes=\"auto, (max-width: 1024px) 100vw, 1024px\" \/><div class=\"wp-block-cover__inner-container is-layout-flow wp-block-cover-is-layout-flow\">\n<p class=\"has-text-align-center has-large-font-size\"><a href=\"https:\/\/corporate.minor-hotels.com\/es\/sostenibilidad\/compania-sostenible-up-for-planet-people\/up-for-planet\"><mark style=\"background-color:rgba(0, 0, 0, 0)\" class=\"has-inline-color has-white-color\"><strong>SABER M\u00c1S<\/strong><\/mark><\/a><\/p>\n<\/div><\/div>\n<\/div>\n<\/div>\n\n\n\n<div class=\"wp-block-columns is-layout-flex wp-container-core-columns-is-layout-9d6595d7 wp-block-columns-is-layout-flex\">\n<div class=\"wp-block-column is-vertically-aligned-center is-layout-flow wp-block-column-is-layout-flow\" style=\"flex-basis:66.66%\">\n<figure class=\"wp-block-image size-large is-resized\"><a href=\"https:\/\/corporate.minor-hotels.com\/es\/sostenibilidad\/compania-sostenible-up-for-planet-people\/up-for-people\"><img decoding=\"async\" src=\"https:\/\/corporate.minor-hotels.com\/assets\/uploads\/2023\/04\/20115848\/nh-corporate-logo-up-for-people-1024x237.jpg\" alt=\"\" class=\"wp-image-19845\" height=\"59\" srcset=\"https:\/\/corporate.minor-hotels.com\/assets\/uploads\/2023\/04\/20115848\/nh-corporate-logo-up-for-people-1024x237.jpg 1024w, https:\/\/corporate.minor-hotels.com\/assets\/uploads\/2023\/04\/20115848\/nh-corporate-logo-up-for-people-300x69.jpg 300w, https:\/\/corporate.minor-hotels.com\/assets\/uploads\/2023\/04\/20115848\/nh-corporate-logo-up-for-people-768x178.jpg 768w, https:\/\/corporate.minor-hotels.com\/assets\/uploads\/2023\/04\/20115848\/nh-corporate-logo-up-for-people.jpg 1537w\" sizes=\"(max-width: 1024px) 100vw, 1024px\" \/><\/a><\/figure>\n\n\n\n<p>Dentro del marco enfocado a las <strong>PERSONAS<\/strong>, Minor Hotels Europe &amp; Americas promueve el desarrollo profesional de los empleados, a la vez que crea un impacto positivo en aquellos lugares y comunidades donde estamos presentes para ofrecer a sus clientes la mejor experiencia, haci\u00e9ndoles part\u00edcipes de nuestra concienciaci\u00f3n social.<\/p>\n<\/div>\n\n\n\n<div class=\"wp-block-column is-vertically-aligned-center is-layout-flow wp-block-column-is-layout-flow\" style=\"flex-basis:33.33%\">\n<div class=\"wp-block-cover\" style=\"min-height:174px;aspect-ratio:unset;\"><span aria-hidden=\"true\" class=\"wp-block-cover__background has-background-dim\"><\/span><img loading=\"lazy\" decoding=\"async\" width=\"1024\" height=\"683\" class=\"wp-block-cover__image-background wp-image-19851\" alt=\"\" src=\"https:\/\/corporate.minor-hotels.com\/assets\/uploads\/2023\/04\/20115938\/nh-corporate-intro-people-1024x683.jpg\" data-object-fit=\"cover\" srcset=\"https:\/\/corporate.minor-hotels.com\/assets\/uploads\/2023\/04\/20115938\/nh-corporate-intro-people-1024x683.jpg 1024w, https:\/\/corporate.minor-hotels.com\/assets\/uploads\/2023\/04\/20115938\/nh-corporate-intro-people-300x200.jpg 300w, https:\/\/corporate.minor-hotels.com\/assets\/uploads\/2023\/04\/20115938\/nh-corporate-intro-people-768x512.jpg 768w, https:\/\/corporate.minor-hotels.com\/assets\/uploads\/2023\/04\/20115938\/nh-corporate-intro-people.jpg 1296w\" sizes=\"auto, (max-width: 1024px) 100vw, 1024px\" \/><div class=\"wp-block-cover__inner-container is-layout-flow wp-block-cover-is-layout-flow\">\n<p class=\"has-text-align-center has-large-font-size\"><a href=\"https:\/\/corporate.minor-hotels.com\/es\/sostenibilidad\/compania-sostenible-up-for-planet-people\/up-for-people\"><strong><mark style=\"background-color:rgba(0, 0, 0, 0)\" class=\"has-inline-color has-white-color\">SABER M\u00c1S<\/mark><\/strong><\/a><\/p>\n<\/div><\/div>\n<\/div>\n<\/div>\n","protected":false},"excerpt":{"rendered":"<p>Compa\u00f1\u00eda sostenible &#8211; UP FOR PLANET &amp; PEOPLE Nuestra Estrategia de Negocio Minor Hotels Europe &amp; Americas&nbsp;transmite los derechos humanos, \u00e9ticos y empresariales en su forma de trabajar en toda su cadena de valor: accionistas, clientes, socios, proveedores y empleados, promoviendo alianzas responsables a trav\u00e9s de dos pilares: UP FOR PLANET y UP FOR PEOPLE. [&hellip;]<\/p>\n","protected":false},"author":6,"featured_media":0,"parent":20394,"menu_order":0,"comment_status":"closed","ping_status":"closed","template":"","meta":{"_acf_changed":false,"footnotes":""},"class_list":["post-20407","page","type-page","status-publish","hentry"],"acf":[],"_links":{"self":[{"href":"https:\/\/corporate.minor-hotels.com\/es\/wp-json\/wp\/v2\/pages\/20407","targetHints":{"allow":["GET"]}}],"collection":[{"href":"https:\/\/corporate.minor-hotels.com\/es\/wp-json\/wp\/v2\/pages"}],"about":[{"href":"https:\/\/corporate.minor-hotels.com\/es\/wp-json\/wp\/v2\/types\/page"}],"author":[{"embeddable":true,"href":"https:\/\/corporate.minor-hotels.com\/es\/wp-json\/wp\/v2\/users\/6"}],"replies":[{"embeddable":true,"href":"https:\/\/corporate.minor-hotels.com\/es\/wp-json\/wp\/v2\/comments?post=20407"}],"version-history":[{"count":11,"href":"https:\/\/corporate.minor-hotels.com\/es\/wp-json\/wp\/v2\/pages\/20407\/revisions"}],"predecessor-version":[{"id":23064,"href":"https:\/\/corporate.minor-hotels.com\/es\/wp-json\/wp\/v2\/pages\/20407\/revisions\/23064"}],"up":[{"embeddable":true,"href":"https:\/\/corporate.minor-hotels.com\/es\/wp-json\/wp\/v2\/pages\/20394"}],"wp:attachment":[{"href":"https:\/\/corporate.minor-hotels.com\/es\/wp-json\/wp\/v2\/media?parent=20407"}],"curies":[{"name":"wp","href":"https:\/\/api.w.org\/{rel}","templated":true}]}}