{"id":20404,"date":"2023-04-12T15:52:34","date_gmt":"2023-04-12T13:52:34","guid":{"rendered":"https:\/\/www.nh-hotels.com\/corporate\/sustainability\/our-commitment"},"modified":"2024-07-08T10:24:02","modified_gmt":"2024-07-08T08:24:02","slug":"nuestro-compromiso","status":"publish","type":"page","link":"https:\/\/corporate.minor-hotels.com\/es\/sostenibilidad\/nuestro-compromiso","title":{"rendered":"Nuestro compromiso"},"content":{"rendered":"\n<h1 class=\"wp-block-heading container\">Nuestro compromiso<\/h1>\n\n\n\n<div class=\"wp-block-columns container is-layout-flex wp-container-core-columns-is-layout-9d6595d7 wp-block-columns-is-layout-flex\">\n<div class=\"wp-block-column is-layout-flow wp-block-column-is-layout-flow\">\n<p>En Minor Hotels Europe &amp; Americas operamos nuestra actividad hotelera con la ambici\u00f3n de liderar el comportamiento responsable, creando valor compartido a nivel econ\u00f3mico, social y ambiental all\u00ed donde estamos presentes. Aspiramos a ofrecer experiencias \u00fanicas a nuestros clientes en los hoteles del grupo y a nuestros empleados, a ser activos en las comunidades en las que vivimos y a cuidar el medio ambiente; transmitiendo los principios \u00e9ticos y de negocio responsable que gu\u00edan nuestra forma de trabajar. Esto nos permite transmitir los principios de responsabilidad y \u00e9tica empresarial que gu\u00edan nuestra forma de trabajar.<\/p>\n<p>Asimismo, mantenemos un di\u00e1logo constante y fluido con nuestros grupos de inter\u00e9s, implic\u00e1ndonos en las comunidades locales, a trav\u00e9s de m\u00faltiples canales y formatos, con el objetivo de mantenernos al d\u00eda sobre las nuevas demandas y necesidades para responder mejor a las inquietudes y opiniones de los grupos de inter\u00e9s. Se realizan encuestas de satisfacci\u00f3n a clientes y empleados, adem\u00e1s de reuniones y encuentros peri\u00f3dicos con otros grupos de inter\u00e9s, como accionistas, proveedores, representantes de los empleados y agentes del tercer sector. Asimismo, es clave la presencia en redes sociales como un espacio importante para el di\u00e1logo y relaci\u00f3n con los clientes y la sociedad.<\/p>\n<p>En Minor Hotels Europe &amp; Americas somos conscientes de los efectos de nuestra actividad sobre el entorno; por ello, trabajamos para prevenir y anticiparnos a posibles contingencias ambientales, as\u00ed como integrar la sostenibilidad en todos los procesos y reducir nuestro impacto. Ante la ambici\u00f3n de operar en un mundo descabonizado, Minor Hotels Europe &amp; Americas se ha comprometido a reducir un 46,2% en 2030 sus emisiones absolutas de gases de efecto invernadero de alcance 1 y 2 respecto a 2019, as\u00ed como un 27,5% sus emisiones de gases de efecto invernadero de alcance 3 procedentes de bienes y servicios adquiridos, bienes de capital, actividades relacionadas con combustibles y energ\u00eda, residuos generados en operaciones, activos arrendados y franquicias en el mismo plazo.<\/p>\n<p>La compa\u00f1\u00eda se ha comprometido adem\u00e1s a reducir las emisiones absolutas GEI de los alcances 1, 2 y 3 en un 90% para 2050 respecto a 2019. <strong>La Iniciativa Science Based Target, SBTi, ha verificado este objetivo de cero emisiones netas basado en la ciencia de la Compa\u00f1\u00eda<\/strong>. La empresa ha recibido la validaci\u00f3n cient\u00edfica y la aprobaci\u00f3n de ambos compromisos por parte de la iniciativa global Science Based Targets, SBTi, principal foro mundial de asociaciones medioambientales para revertir el cambio clim\u00e1tico.<\/p>\n<p>Con los compromisos adicionales fijados para 2030 y 2050, la hotelera cumple con los baremos cient\u00edficos recomendados a las empresas en el Acuerdo de Par\u00eds para conseguir que la temperatura global terrestre no aumente m\u00e1s de 1,5 grados cent\u00edgrados respecto a los niveles preindustriales.<\/p>\n<p>Los nuevos compromisos validados por SBTi suponen un significativo paso adelante y nos acercan un poco m\u00e1s a ese objetivo compartido de cero emisiones netas.<\/p>\n<p>\u00a0<\/p>\n\n\n<div class=\"wp-block-image\">\n<figure class=\"aligncenter size-full is-resized\"><img decoding=\"async\" src=\"https:\/\/corporate.minor-hotels.com\/assets\/uploads\/2024\/07\/04143700\/Logo-SBT-255x146-1.png\" alt=\"\" class=\"wp-image-23033\" height=\"151\"\/><\/figure>\n<\/div>\n\n<div class=\"wp-block-image\">\n<figure class=\"aligncenter size-large is-resized\"><img decoding=\"async\" src=\"https:\/\/corporate.minor-hotels.com\/assets\/uploads\/2024\/07\/04143657\/1.5C_Campaign_Logo_-_no_our_only_future_CMYK_white_background-1024x177.jpg\" alt=\"\" class=\"wp-image-23027\" height=\"77\" srcset=\"https:\/\/corporate.minor-hotels.com\/assets\/uploads\/2024\/07\/04143657\/1.5C_Campaign_Logo_-_no_our_only_future_CMYK_white_background-1024x177.jpg 1024w, https:\/\/corporate.minor-hotels.com\/assets\/uploads\/2024\/07\/04143657\/1.5C_Campaign_Logo_-_no_our_only_future_CMYK_white_background-300x52.jpg 300w, https:\/\/corporate.minor-hotels.com\/assets\/uploads\/2024\/07\/04143657\/1.5C_Campaign_Logo_-_no_our_only_future_CMYK_white_background-768x133.jpg 768w, https:\/\/corporate.minor-hotels.com\/assets\/uploads\/2024\/07\/04143657\/1.5C_Campaign_Logo_-_no_our_only_future_CMYK_white_background-1536x266.jpg 1536w, https:\/\/corporate.minor-hotels.com\/assets\/uploads\/2024\/07\/04143657\/1.5C_Campaign_Logo_-_no_our_only_future_CMYK_white_background-2048x355.jpg 2048w\" sizes=\"(max-width: 1024px) 100vw, 1024px\" \/><\/figure>\n<\/div><\/div>\n<\/div>\n\n\n\n<h2 class=\"wp-block-heading container\"><strong>Principios b\u00e1sicos<\/strong><\/h2>\n\n\n\n<div class=\"wp-block-columns is-layout-flex wp-container-core-columns-is-layout-9d6595d7 wp-block-columns-is-layout-flex\">\n<div class=\"wp-block-column is-layout-flow wp-block-column-is-layout-flow\">\n<figure class=\"wp-block-image size-full\"><img loading=\"lazy\" decoding=\"async\" width=\"2000\" height=\"1125\" src=\"https:\/\/corporate.minor-hotels.com\/assets\/uploads\/2023\/05\/05183410\/nh-corporate-guiding-principles-1-es.jpg\" alt=\"\" class=\"wp-image-20474\" srcset=\"https:\/\/corporate.minor-hotels.com\/assets\/uploads\/2023\/05\/05183410\/nh-corporate-guiding-principles-1-es.jpg 2000w, https:\/\/corporate.minor-hotels.com\/assets\/uploads\/2023\/05\/05183410\/nh-corporate-guiding-principles-1-es-300x169.jpg 300w, https:\/\/corporate.minor-hotels.com\/assets\/uploads\/2023\/05\/05183410\/nh-corporate-guiding-principles-1-es-1024x576.jpg 1024w, https:\/\/corporate.minor-hotels.com\/assets\/uploads\/2023\/05\/05183410\/nh-corporate-guiding-principles-1-es-768x432.jpg 768w, https:\/\/corporate.minor-hotels.com\/assets\/uploads\/2023\/05\/05183410\/nh-corporate-guiding-principles-1-es-1536x864.jpg 1536w\" sizes=\"auto, (max-width: 2000px) 100vw, 2000px\" \/><\/figure>\n<\/div>\n\n\n\n<div class=\"wp-block-column is-layout-flow wp-block-column-is-layout-flow\">\n<figure class=\"wp-block-image size-full\"><img loading=\"lazy\" decoding=\"async\" width=\"2000\" height=\"1125\" src=\"https:\/\/corporate.minor-hotels.com\/assets\/uploads\/2023\/05\/05183417\/nh-corporate-guiding-principles-2-es.jpg\" alt=\"\" class=\"wp-image-20480\" srcset=\"https:\/\/corporate.minor-hotels.com\/assets\/uploads\/2023\/05\/05183417\/nh-corporate-guiding-principles-2-es.jpg 2000w, https:\/\/corporate.minor-hotels.com\/assets\/uploads\/2023\/05\/05183417\/nh-corporate-guiding-principles-2-es-300x169.jpg 300w, https:\/\/corporate.minor-hotels.com\/assets\/uploads\/2023\/05\/05183417\/nh-corporate-guiding-principles-2-es-1024x576.jpg 1024w, https:\/\/corporate.minor-hotels.com\/assets\/uploads\/2023\/05\/05183417\/nh-corporate-guiding-principles-2-es-768x432.jpg 768w, https:\/\/corporate.minor-hotels.com\/assets\/uploads\/2023\/05\/05183417\/nh-corporate-guiding-principles-2-es-1536x864.jpg 1536w\" sizes=\"auto, (max-width: 2000px) 100vw, 2000px\" \/><\/figure>\n<\/div>\n<\/div>\n","protected":false},"excerpt":{"rendered":"<p>Nuestro compromiso En Minor Hotels Europe &amp; Americas operamos nuestra actividad hotelera con la ambici\u00f3n de liderar el comportamiento responsable, creando valor compartido a nivel econ\u00f3mico, social y ambiental all\u00ed donde estamos presentes. Aspiramos a ofrecer experiencias \u00fanicas a nuestros clientes en los hoteles del grupo y a nuestros empleados, a ser activos en las [&hellip;]<\/p>\n","protected":false},"author":6,"featured_media":0,"parent":20394,"menu_order":0,"comment_status":"closed","ping_status":"closed","template":"","meta":{"_acf_changed":false,"footnotes":""},"class_list":["post-20404","page","type-page","status-publish","hentry"],"acf":[],"_links":{"self":[{"href":"https:\/\/corporate.minor-hotels.com\/es\/wp-json\/wp\/v2\/pages\/20404","targetHints":{"allow":["GET"]}}],"collection":[{"href":"https:\/\/corporate.minor-hotels.com\/es\/wp-json\/wp\/v2\/pages"}],"about":[{"href":"https:\/\/corporate.minor-hotels.com\/es\/wp-json\/wp\/v2\/types\/page"}],"author":[{"embeddable":true,"href":"https:\/\/corporate.minor-hotels.com\/es\/wp-json\/wp\/v2\/users\/6"}],"replies":[{"embeddable":true,"href":"https:\/\/corporate.minor-hotels.com\/es\/wp-json\/wp\/v2\/comments?post=20404"}],"version-history":[{"count":7,"href":"https:\/\/corporate.minor-hotels.com\/es\/wp-json\/wp\/v2\/pages\/20404\/revisions"}],"predecessor-version":[{"id":23057,"href":"https:\/\/corporate.minor-hotels.com\/es\/wp-json\/wp\/v2\/pages\/20404\/revisions\/23057"}],"up":[{"embeddable":true,"href":"https:\/\/corporate.minor-hotels.com\/es\/wp-json\/wp\/v2\/pages\/20394"}],"wp:attachment":[{"href":"https:\/\/corporate.minor-hotels.com\/es\/wp-json\/wp\/v2\/media?parent=20404"}],"curies":[{"name":"wp","href":"https:\/\/api.w.org\/{rel}","templated":true}]}}