{"id":17969,"date":"2022-12-01T18:59:16","date_gmt":"2022-12-01T17:59:16","guid":{"rendered":"https:\/\/www.nh-hotels.com\/corporate\/?page_id=17969"},"modified":"2026-03-19T16:44:17","modified_gmt":"2026-03-19T15:44:17","slug":"politicas","status":"publish","type":"page","link":"https:\/\/corporate.minor-hotels.com\/es\/accionistas-e-inversores\/gobierno-corporativo\/politicas","title":{"rendered":"Pol\u00edticas"},"content":{"rendered":"\n<h1 class=\"wp-block-heading\">Pol\u00edticas<\/h1>\n\n\n\n<div class=\"wp-block-columns is-layout-flex wp-container-core-columns-is-layout-9d6595d7 wp-block-columns-is-layout-flex\">\n<div class=\"wp-block-column is-layout-flow wp-block-column-is-layout-flow\">\n<p><a href=\"https:\/\/corporate.minor-hotels.com\/assets\/uploads\/2025\/04\/30131006\/corporate_anti-fraud_corruption_policy_2023_sept.pdf\" target=\"_blank\" rel=\"noopener\">Corporate Anti-Fraud &amp; Corruption Policy<\/a><\/p>\n<p><a href=\"\/assets\/uploads\/2024\/01\/24122724\/Estrategia-Fiscal-Corporativa-NH-Hotel-Group-JULIO-2022-FINAL.pdf\" target=\"_blank\" rel=\"noopener\">Estrategia fiscal corporativa<\/a><\/p>\n<p><a href=\"https:\/\/corporate.minor-hotels.com\/assets\/uploads\/2026\/03\/19163730\/Politica-de-Derechos-Humanos_MHEA_ESP_2025-1.pdf\" target=\"_blank\" rel=\"noopener\">Pol\u00edtica de derechos humanos<\/a><\/p>\n<p><a href=\"\/assets\/uploads\/2024\/01\/24122720\/Politica-de-comunicacion-de-informacion-economica-financiera-no-financiera-y-corporativa.pdf\" target=\"_blank\" rel=\"noopener\">Pol\u00edtica de comunicaci\u00f3n de informaci\u00f3n econ\u00f3mica financiera, no financiera y corporativa<\/a><\/p>\n<p><a href=\"https:\/\/corporate.minor-hotels.com\/assets\/uploads\/2025\/04\/30091908\/Politica-AML-MHEA-ESP_2025.pdf\" target=\"_blank\" rel=\"noopener\">Pol\u00edtica de prevenci\u00f3n de blanqueo de capitales y de la financiaci\u00f3n del terrorismo<\/a><\/p>\n<p><a href=\"\/assets\/uploads\/2024\/01\/24122732\/1.-2015-11-11-Politica-de-Riesgos.pdf\" target=\"_blank\" rel=\"noopener\">Pol\u00edtica de riesgos<\/a><\/p>\n<p><a href=\"\/assets\/uploads\/2022\/12\/01190105\/politica_de_seleccion_de_candidatos_a_consejero_en_limpio.pdf\" target=\"_blank\" rel=\"noopener\">Selection policy for candidates to director posts and management positions<\/a><\/p>\n<p><a href=\"https:\/\/corporate.minor-hotels.com\/assets\/uploads\/2026\/03\/19163743\/Politica-de-Sostenibilidad_MHEA_ESP_2025.pdf\" target=\"_blank\" rel=\"noopener\">Pol\u00edtica de sostenibilidad<\/a><\/p>\n<p><a href=\"https:\/\/corporate.minor-hotels.com\/assets\/uploads\/2026\/03\/19163732\/Politica_Seguridad_Informacion_MHEA_ESP_2025.pdf\" target=\"_blank\" rel=\"noopener\">Pol\u00edtica de seguridad de la informaci\u00f3n<\/a><\/p>\n<\/div>\n<\/div>\n","protected":false},"excerpt":{"rendered":"<p>Pol\u00edticas Corporate Anti-Fraud &amp; Corruption Policy Estrategia fiscal corporativa Pol\u00edtica de derechos humanos Pol\u00edtica de comunicaci\u00f3n de informaci\u00f3n econ\u00f3mica financiera, no financiera y corporativa Pol\u00edtica de prevenci\u00f3n de blanqueo de capitales y de la financiaci\u00f3n del terrorismo Pol\u00edtica de riesgos Selection policy for candidates to director posts and management positions Pol\u00edtica de sostenibilidad Pol\u00edtica de [&hellip;]<\/p>\n","protected":false},"author":30,"featured_media":0,"parent":17891,"menu_order":0,"comment_status":"closed","ping_status":"closed","template":"","meta":{"_acf_changed":false,"footnotes":""},"class_list":["post-17969","page","type-page","status-publish","hentry"],"acf":[],"_links":{"self":[{"href":"https:\/\/corporate.minor-hotels.com\/es\/wp-json\/wp\/v2\/pages\/17969","targetHints":{"allow":["GET"]}}],"collection":[{"href":"https:\/\/corporate.minor-hotels.com\/es\/wp-json\/wp\/v2\/pages"}],"about":[{"href":"https:\/\/corporate.minor-hotels.com\/es\/wp-json\/wp\/v2\/types\/page"}],"author":[{"embeddable":true,"href":"https:\/\/corporate.minor-hotels.com\/es\/wp-json\/wp\/v2\/users\/30"}],"replies":[{"embeddable":true,"href":"https:\/\/corporate.minor-hotels.com\/es\/wp-json\/wp\/v2\/comments?post=17969"}],"version-history":[{"count":10,"href":"https:\/\/corporate.minor-hotels.com\/es\/wp-json\/wp\/v2\/pages\/17969\/revisions"}],"predecessor-version":[{"id":24501,"href":"https:\/\/corporate.minor-hotels.com\/es\/wp-json\/wp\/v2\/pages\/17969\/revisions\/24501"}],"up":[{"embeddable":true,"href":"https:\/\/corporate.minor-hotels.com\/es\/wp-json\/wp\/v2\/pages\/17891"}],"wp:attachment":[{"href":"https:\/\/corporate.minor-hotels.com\/es\/wp-json\/wp\/v2\/media?parent=17969"}],"curies":[{"name":"wp","href":"https:\/\/api.w.org\/{rel}","templated":true}]}}