{"id":17928,"date":"2022-11-16T18:21:53","date_gmt":"2022-11-16T17:21:53","guid":{"rendered":"https:\/\/www.nh-hotels.com\/corporate\/?page_id=17928"},"modified":"2023-03-03T11:37:42","modified_gmt":"2023-03-03T10:37:42","slug":"nuestra-gestion","status":"publish","type":"page","link":"https:\/\/corporate.minor-hotels.com\/es\/expansion\/que-nos-diferencia\/nuestra-gestion","title":{"rendered":"Nuestra gesti\u00f3n"},"content":{"rendered":"\n<h1 class=\"wp-block-heading\">Nuestra gesti\u00f3n<\/h1>\n\n\n\n<div class=\"wp-block-columns is-layout-flex wp-container-core-columns-is-layout-9d6595d7 wp-block-columns-is-layout-flex\">\n<div class=\"wp-block-column is-layout-flow wp-block-column-is-layout-flow\" style=\"flex-basis:66.66%\">\n<div class=\"builder-content-wrapper\">\n<div class=\"builder-content-inner\">\n<div class=\"builder-content builder-content-builder builder-content-builder-custom-text\">\n<div class=\"builder-content\">\n<p><strong>EXCELENTES M\u00c1RGENES DE GESTI\u00d3N<\/strong><\/p>\n<\/div>\n<\/div>\n<\/div>\n<\/div>\n<div class=\"builder-content-wrapper\">\n<div class=\"builder-content-inner\">\n<div class=\"builder-content builder-content-builder builder-content-builder-custom-text\">\n<div class=\"builder-content-title\">\u00a0<\/div>\n<div class=\"builder-content\">\n<p>SI ALGO NOS DIFERENCIA DENTRO DE LA INDUSTRIA HOTELERA ES NUESTRA EXCELENCIA EN LA GESTI\u00d3N DE M\u00c1RGENES (40% DE MEDIA MARGEN GOP)<\/p>\n<p>SOMOS UN REFERENTE DE EFICIENCIA CON GRAN\u00a0<em>KNOW-HOW\u00a0<\/em>PARA OBTENER EL M\u00c1XIMO DE SU PROYECTO.<\/p>\n<p>QUEREMOS ENCONTRAR A LOS MEJORES \u00a0SOCIOS PARA AFRONTAR UN FUTURO LLENO DE RETOS Y OPORTUNIDADES.<\/p>\n<p>Trabajamos para convertirnos en un operador a\u00fan m\u00e1s global mejorando nuestro posicionamiento tanto en mercados de alto crecimiento como en mercados consolidados, afianzando nuestra presencia y liderazgo.<\/p>\n<p>Aspiramos a estar en el Top two Choice de la hoteler\u00eda urbana en nuestros mercados de referencia, con una oferta de productos y servicios diferencial tanto para el viajero de ocio como de negocio y desarrollamos nuestro d\u00eda a d\u00eda de manera sostenible en todos y cada uno de los aspectos de nuestro negocio.<\/p>\n<p>Estamos dentro del Top 25 del ranking mundial de cadenas hoteleras 2013 seg\u00fan\u00a0Hotels Magazine-2012.<\/p>\n<\/div>\n<\/div>\n<\/div>\n<\/div>\n<\/div>\n\n\n\n<div class=\"wp-block-column is-layout-flow wp-block-column-is-layout-flow\" style=\"flex-basis:33.33%\">\n<figure class=\"wp-block-image size-large\"><img loading=\"lazy\" decoding=\"async\" width=\"1024\" height=\"615\" src=\"https:\/\/corporate.minor-hotels.com\/assets\/uploads\/2022\/11\/17122909\/excellence_in_the_management_of_margins_0-1024x615.png\" alt=\"\" class=\"wp-image-14340\" srcset=\"https:\/\/corporate.minor-hotels.com\/assets\/uploads\/2022\/11\/17122909\/excellence_in_the_management_of_margins_0-1024x615.png 1024w, https:\/\/corporate.minor-hotels.com\/assets\/uploads\/2022\/11\/17122909\/excellence_in_the_management_of_margins_0-300x180.png 300w, https:\/\/corporate.minor-hotels.com\/assets\/uploads\/2022\/11\/17122909\/excellence_in_the_management_of_margins_0-768x462.png 768w, https:\/\/corporate.minor-hotels.com\/assets\/uploads\/2022\/11\/17122909\/excellence_in_the_management_of_margins_0.png 1060w\" sizes=\"auto, (max-width: 1024px) 100vw, 1024px\" \/><\/figure>\n<\/div>\n<\/div>\n","protected":false},"excerpt":{"rendered":"<p>Nuestra gesti\u00f3n EXCELENTES M\u00c1RGENES DE GESTI\u00d3N \u00a0 SI ALGO NOS DIFERENCIA DENTRO DE LA INDUSTRIA HOTELERA ES NUESTRA EXCELENCIA EN LA GESTI\u00d3N DE M\u00c1RGENES (40% DE MEDIA MARGEN GOP) SOMOS UN REFERENTE DE EFICIENCIA CON GRAN\u00a0KNOW-HOW\u00a0PARA OBTENER EL M\u00c1XIMO DE SU PROYECTO. QUEREMOS ENCONTRAR A LOS MEJORES \u00a0SOCIOS PARA AFRONTAR UN FUTURO LLENO DE RETOS [&hellip;]<\/p>\n","protected":false},"author":3,"featured_media":0,"parent":17871,"menu_order":0,"comment_status":"closed","ping_status":"closed","template":"","meta":{"_acf_changed":false,"footnotes":""},"class_list":["post-17928","page","type-page","status-publish","hentry"],"acf":[],"_links":{"self":[{"href":"https:\/\/corporate.minor-hotels.com\/es\/wp-json\/wp\/v2\/pages\/17928","targetHints":{"allow":["GET"]}}],"collection":[{"href":"https:\/\/corporate.minor-hotels.com\/es\/wp-json\/wp\/v2\/pages"}],"about":[{"href":"https:\/\/corporate.minor-hotels.com\/es\/wp-json\/wp\/v2\/types\/page"}],"author":[{"embeddable":true,"href":"https:\/\/corporate.minor-hotels.com\/es\/wp-json\/wp\/v2\/users\/3"}],"replies":[{"embeddable":true,"href":"https:\/\/corporate.minor-hotels.com\/es\/wp-json\/wp\/v2\/comments?post=17928"}],"version-history":[{"count":2,"href":"https:\/\/corporate.minor-hotels.com\/es\/wp-json\/wp\/v2\/pages\/17928\/revisions"}],"predecessor-version":[{"id":18059,"href":"https:\/\/corporate.minor-hotels.com\/es\/wp-json\/wp\/v2\/pages\/17928\/revisions\/18059"}],"up":[{"embeddable":true,"href":"https:\/\/corporate.minor-hotels.com\/es\/wp-json\/wp\/v2\/pages\/17871"}],"wp:attachment":[{"href":"https:\/\/corporate.minor-hotels.com\/es\/wp-json\/wp\/v2\/media?parent=17928"}],"curies":[{"name":"wp","href":"https:\/\/api.w.org\/{rel}","templated":true}]}}