{"id":17927,"date":"2022-11-16T18:22:09","date_gmt":"2022-11-16T17:22:09","guid":{"rendered":"https:\/\/www.nh-hotels.com\/corporate\/?page_id=17927"},"modified":"2023-03-03T11:37:42","modified_gmt":"2023-03-03T10:37:42","slug":"como-lo-hacemos","status":"publish","type":"page","link":"https:\/\/corporate.minor-hotels.com\/es\/expansion\/que-nos-diferencia\/como-lo-hacemos","title":{"rendered":"C\u00f3mo lo hacemos"},"content":{"rendered":"\n<h1 class=\"wp-block-heading\">C\u00f3mo lo hacemos<\/h1>\n\n\n\n<div class=\"wp-block-group is-nowrap is-layout-flex wp-container-core-group-is-layout-ad2f72ca wp-block-group-is-layout-flex\">\n<div class=\"wp-block-columns is-layout-flex wp-container-core-columns-is-layout-9d6595d7 wp-block-columns-is-layout-flex\">\n<div class=\"wp-block-column is-layout-flow wp-block-column-is-layout-flow\" style=\"flex-basis:66.66%\">\n<p>NUESTRA MANERA DE HACER LAS COSAS<\/p>\n<ol>\n<li>Estamos comprometidos con ofrecer al cliente experiencias memorables.<\/li>\n<li>Estamos orgullosos de servir a los dem\u00e1s.<\/li>\n<li>Tenemos la ambici\u00f3n de liderar el sector, aunque no seamos los m\u00e1s grandes.<\/li>\n<li>Somos responsables de nuestros resultados.<\/li>\n<li>Cuidamos de nuestros empleados. Nuestros empleados cuidan de nuestros clientes.<\/li>\n<li>Somos activos en las comunidades donde vivimos.<\/li>\n<li>Tenemos una mentalidad joven.<\/li>\n<li>DISFRUTAMOS con lo que hacemos.<\/li>\n<\/ol>\n<p>\u2026 Y TODO LO HACEMOS\u00a0CON UNA SONRISA<\/p>\n<\/div>\n\n\n\n<div class=\"wp-block-column is-vertically-aligned-center is-layout-flow wp-block-column-is-layout-flow\" style=\"flex-basis:33.33%\">\n<figure class=\"wp-block-image size-full\"><img loading=\"lazy\" decoding=\"async\" width=\"420\" height=\"555\" src=\"https:\/\/corporate.minor-hotels.com\/assets\/uploads\/2022\/11\/16184557\/120.jpg\" alt=\"\" class=\"wp-image-14316\" srcset=\"https:\/\/corporate.minor-hotels.com\/assets\/uploads\/2022\/11\/16184557\/120.jpg 420w, https:\/\/corporate.minor-hotels.com\/assets\/uploads\/2022\/11\/16184557\/120-227x300.jpg 227w\" sizes=\"auto, (max-width: 420px) 100vw, 420px\" \/><\/figure>\n<\/div>\n<\/div>\n<\/div>\n","protected":false},"excerpt":{"rendered":"<p>C\u00f3mo lo hacemos NUESTRA MANERA DE HACER LAS COSAS Estamos comprometidos con ofrecer al cliente experiencias memorables. Estamos orgullosos de servir a los dem\u00e1s. Tenemos la ambici\u00f3n de liderar el sector, aunque no seamos los m\u00e1s grandes. Somos responsables de nuestros resultados. Cuidamos de nuestros empleados. Nuestros empleados cuidan de nuestros clientes. Somos activos en [&hellip;]<\/p>\n","protected":false},"author":3,"featured_media":0,"parent":17871,"menu_order":0,"comment_status":"closed","ping_status":"closed","template":"","meta":{"_acf_changed":false,"footnotes":""},"class_list":["post-17927","page","type-page","status-publish","hentry"],"acf":[],"_links":{"self":[{"href":"https:\/\/corporate.minor-hotels.com\/es\/wp-json\/wp\/v2\/pages\/17927","targetHints":{"allow":["GET"]}}],"collection":[{"href":"https:\/\/corporate.minor-hotels.com\/es\/wp-json\/wp\/v2\/pages"}],"about":[{"href":"https:\/\/corporate.minor-hotels.com\/es\/wp-json\/wp\/v2\/types\/page"}],"author":[{"embeddable":true,"href":"https:\/\/corporate.minor-hotels.com\/es\/wp-json\/wp\/v2\/users\/3"}],"replies":[{"embeddable":true,"href":"https:\/\/corporate.minor-hotels.com\/es\/wp-json\/wp\/v2\/comments?post=17927"}],"version-history":[{"count":1,"href":"https:\/\/corporate.minor-hotels.com\/es\/wp-json\/wp\/v2\/pages\/17927\/revisions"}],"predecessor-version":[{"id":17931,"href":"https:\/\/corporate.minor-hotels.com\/es\/wp-json\/wp\/v2\/pages\/17927\/revisions\/17931"}],"up":[{"embeddable":true,"href":"https:\/\/corporate.minor-hotels.com\/es\/wp-json\/wp\/v2\/pages\/17871"}],"wp:attachment":[{"href":"https:\/\/corporate.minor-hotels.com\/es\/wp-json\/wp\/v2\/media?parent=17927"}],"curies":[{"name":"wp","href":"https:\/\/api.w.org\/{rel}","templated":true}]}}