{"id":17919,"date":"2022-11-16T18:30:18","date_gmt":"2022-11-16T17:30:18","guid":{"rendered":"https:\/\/www.nh-hotels.com\/corporate\/?page_id=17919"},"modified":"2023-03-03T11:37:30","modified_gmt":"2023-03-03T10:37:30","slug":"central-de-compras","status":"publish","type":"page","link":"https:\/\/corporate.minor-hotels.com\/es\/expansion\/capacidad-operativa\/central-de-compras","title":{"rendered":"Central de compras"},"content":{"rendered":"\n<h1 class=\"wp-block-heading\">Central de compras<\/h1>\n\n\n\n<div class=\"wp-block-columns is-layout-flex wp-container-core-columns-is-layout-9d6595d7 wp-block-columns-is-layout-flex\">\n<div class=\"wp-block-column is-layout-flow wp-block-column-is-layout-flow\">\n<h2><strong>CENTRAL DE COMPRAS Y SISTEMAS DE INFORMACI\u00d3N AL SERVICIO DE SU EFICIENCIA<\/strong><\/h2>\n<p><strong>Plataforma de compras centralizada:\u00a0<\/strong>Nos permite reducir costes gracias a los acuerdos m\u00e1s competitivos con proveedores globales y locales. Ofrecemos acceso a un sistema de compras totalmente integrado con el Back-office (SAP) donde a trav\u00e9s de un cat\u00e1logo electr\u00f3nico de f\u00e1cil uso podr\u00e1 gestionar sus aprovisionamientos de forma sencilla y eficiente.<\/p>\n<p><strong>Plataforma de sistemas:\u00a0<\/strong>A trav\u00e9s de la cual damos soporte a todos los procesos operativos, tanto a nivel\u00a0<em>Back-office<\/em>, como\u00a0<em>Front-office\u00a0<\/em>de forma totalmente integrada y competitiva. Las aplicaciones y los procedimientos establecidos aumentan la eficiencia, maximizando el nivel de servicio que ofrecemos a nuestros clientes.<\/p>\n<p><strong>SAP:\u00a0<\/strong>La plataforma SAP\u00a0<em>(TMS for Hotels)\u00a0<\/em>da soporte a todos los procesos operativos de la compa\u00f1\u00eda y permite la gesti\u00f3n optimizada de nuestros hoteles. Dicha herramienta nos permite diferenciarnos y ser m\u00e1s competitivos gracias a su capacidad de adaptaci\u00f3n.<\/p>\n<p><strong>Informaci\u00f3n de calidad y fiable:\u00a0<\/strong>Otro de nuestros factores diferenciadores es la calidad de informaci\u00f3n y su fiabilidad as\u00ed como la inmediatez de obtenci\u00f3n de la misma, que facilita la toma de decisiones de negocio.<\/p>\n<\/div>\n\n\n\n<div class=\"wp-block-column is-layout-flow wp-block-column-is-layout-flow\">\n<figure class=\"wp-block-image size-full\"><img loading=\"lazy\" decoding=\"async\" width=\"635\" height=\"477\" src=\"https:\/\/corporate.minor-hotels.com\/assets\/uploads\/2022\/11\/17133813\/148.jpg\" alt=\"\" class=\"wp-image-14506\" srcset=\"https:\/\/corporate.minor-hotels.com\/assets\/uploads\/2022\/11\/17133813\/148.jpg 635w, https:\/\/corporate.minor-hotels.com\/assets\/uploads\/2022\/11\/17133813\/148-300x225.jpg 300w\" sizes=\"auto, (max-width: 635px) 100vw, 635px\" \/><\/figure>\n<\/div>\n<\/div>\n","protected":false},"excerpt":{"rendered":"<p>Central de compras CENTRAL DE COMPRAS Y SISTEMAS DE INFORMACI\u00d3N AL SERVICIO DE SU EFICIENCIA Plataforma de compras centralizada:\u00a0Nos permite reducir costes gracias a los acuerdos m\u00e1s competitivos con proveedores globales y locales. Ofrecemos acceso a un sistema de compras totalmente integrado con el Back-office (SAP) donde a trav\u00e9s de un cat\u00e1logo electr\u00f3nico de f\u00e1cil [&hellip;]<\/p>\n","protected":false},"author":3,"featured_media":0,"parent":17869,"menu_order":0,"comment_status":"closed","ping_status":"closed","template":"","meta":{"_acf_changed":false,"footnotes":""},"class_list":["post-17919","page","type-page","status-publish","hentry"],"acf":[],"_links":{"self":[{"href":"https:\/\/corporate.minor-hotels.com\/es\/wp-json\/wp\/v2\/pages\/17919","targetHints":{"allow":["GET"]}}],"collection":[{"href":"https:\/\/corporate.minor-hotels.com\/es\/wp-json\/wp\/v2\/pages"}],"about":[{"href":"https:\/\/corporate.minor-hotels.com\/es\/wp-json\/wp\/v2\/types\/page"}],"author":[{"embeddable":true,"href":"https:\/\/corporate.minor-hotels.com\/es\/wp-json\/wp\/v2\/users\/3"}],"replies":[{"embeddable":true,"href":"https:\/\/corporate.minor-hotels.com\/es\/wp-json\/wp\/v2\/comments?post=17919"}],"version-history":[{"count":2,"href":"https:\/\/corporate.minor-hotels.com\/es\/wp-json\/wp\/v2\/pages\/17919\/revisions"}],"predecessor-version":[{"id":18074,"href":"https:\/\/corporate.minor-hotels.com\/es\/wp-json\/wp\/v2\/pages\/17919\/revisions\/18074"}],"up":[{"embeddable":true,"href":"https:\/\/corporate.minor-hotels.com\/es\/wp-json\/wp\/v2\/pages\/17869"}],"wp:attachment":[{"href":"https:\/\/corporate.minor-hotels.com\/es\/wp-json\/wp\/v2\/media?parent=17919"}],"curies":[{"name":"wp","href":"https:\/\/api.w.org\/{rel}","templated":true}]}}