{"id":17916,"date":"2022-11-16T18:29:32","date_gmt":"2022-11-16T17:29:32","guid":{"rendered":"https:\/\/www.nh-hotels.com\/corporate\/?page_id=17916"},"modified":"2023-03-03T11:37:31","modified_gmt":"2023-03-03T10:37:31","slug":"equipo-tecnico","status":"publish","type":"page","link":"https:\/\/corporate.minor-hotels.com\/es\/expansion\/capacidad-operativa\/equipo-tecnico","title":{"rendered":"Equipo t\u00e9cnico"},"content":{"rendered":"\n<h1 class=\"wp-block-heading\">Equipo t\u00e9cnico<\/h1>\n\n\n\n<div class=\"wp-block-columns is-layout-flex wp-container-core-columns-is-layout-9d6595d7 wp-block-columns-is-layout-flex\">\n<div class=\"wp-block-column is-layout-flow wp-block-column-is-layout-flow\">\n<p>PONEMOS A SU DISPOSICI\u00d3N A NUESTRO EQUIPO T\u00c9CNICO<\/p>\n<p>LE AYUDAMOS A MAXIMIZAR SU PROYECTO Y SU INVERSI\u00d3N.<\/p>\n<p>Nuestro equipo de arquitectos, especializados en el sector hotelero, est\u00e1 a su disposici\u00f3n, desde el dise\u00f1o conceptual, pasando por el desarrollo del proyecto hasta su ejecuci\u00f3n, para ayudarle a maximizar su proyecto.<\/p>\n<p>Cuentan con una ampl\u00edsima experiencia en proyectos y dise\u00f1o de nuevos hoteles, sus reformas y en la re-conversi\u00f3n de edificios no hoteleros, para que usted siempre salga ganando:<\/p>\n<ul>\n<li>Optimizaci\u00f3n del proyecto para maximizar los ingresos en funci\u00f3n de su localizaci\u00f3n y posicionamiento.<\/li>\n<li>Dise\u00f1o y construcci\u00f3n que supone ahorros significativos en costes. Asesoramiento para lograr una distribuci\u00f3n \u00f3ptima del proyecto: reducimos la\u00a0inversi\u00f3n en la construcci\u00f3n y los costes operacionales del futuro hotel adem\u00e1s\u00a0de conseguir en los mismos m2 mayor superficie vendible (m\u00e1s habitaciones y m\u00e1s m2 de salones).<\/li>\n<li>Amplia cobertura FF&amp;E (Furniture, Fixtures and Equipment) con los precios m\u00e1s competitivos negociados a trav\u00e9s del departamento de compras de NH.<\/li>\n<li>Gesti\u00f3n integral del proceso de licitaci\u00f3n en los proyectos a trav\u00e9s de procedimientos y sistemas de contrataci\u00f3n, que le permitir\u00e1n optimizar los costes de sus proyectos.<\/li>\n<\/ul>\n<\/div>\n\n\n\n<div class=\"wp-block-column is-layout-flow wp-block-column-is-layout-flow\">\n<figure class=\"wp-block-image size-full\"><img loading=\"lazy\" decoding=\"async\" width=\"635\" height=\"477\" src=\"https:\/\/corporate.minor-hotels.com\/assets\/uploads\/2022\/11\/17133152\/142.jpg\" alt=\"\" class=\"wp-image-14487\" srcset=\"https:\/\/corporate.minor-hotels.com\/assets\/uploads\/2022\/11\/17133152\/142.jpg 635w, https:\/\/corporate.minor-hotels.com\/assets\/uploads\/2022\/11\/17133152\/142-300x225.jpg 300w\" sizes=\"auto, (max-width: 635px) 100vw, 635px\" \/><\/figure>\n<\/div>\n<\/div>\n","protected":false},"excerpt":{"rendered":"<p>Equipo t\u00e9cnico PONEMOS A SU DISPOSICI\u00d3N A NUESTRO EQUIPO T\u00c9CNICO LE AYUDAMOS A MAXIMIZAR SU PROYECTO Y SU INVERSI\u00d3N. Nuestro equipo de arquitectos, especializados en el sector hotelero, est\u00e1 a su disposici\u00f3n, desde el dise\u00f1o conceptual, pasando por el desarrollo del proyecto hasta su ejecuci\u00f3n, para ayudarle a maximizar su proyecto. Cuentan con una ampl\u00edsima [&hellip;]<\/p>\n","protected":false},"author":3,"featured_media":0,"parent":17869,"menu_order":0,"comment_status":"closed","ping_status":"closed","template":"","meta":{"_acf_changed":false,"footnotes":""},"class_list":["post-17916","page","type-page","status-publish","hentry"],"acf":[],"_links":{"self":[{"href":"https:\/\/corporate.minor-hotels.com\/es\/wp-json\/wp\/v2\/pages\/17916","targetHints":{"allow":["GET"]}}],"collection":[{"href":"https:\/\/corporate.minor-hotels.com\/es\/wp-json\/wp\/v2\/pages"}],"about":[{"href":"https:\/\/corporate.minor-hotels.com\/es\/wp-json\/wp\/v2\/types\/page"}],"author":[{"embeddable":true,"href":"https:\/\/corporate.minor-hotels.com\/es\/wp-json\/wp\/v2\/users\/3"}],"replies":[{"embeddable":true,"href":"https:\/\/corporate.minor-hotels.com\/es\/wp-json\/wp\/v2\/comments?post=17916"}],"version-history":[{"count":2,"href":"https:\/\/corporate.minor-hotels.com\/es\/wp-json\/wp\/v2\/pages\/17916\/revisions"}],"predecessor-version":[{"id":18070,"href":"https:\/\/corporate.minor-hotels.com\/es\/wp-json\/wp\/v2\/pages\/17916\/revisions\/18070"}],"up":[{"embeddable":true,"href":"https:\/\/corporate.minor-hotels.com\/es\/wp-json\/wp\/v2\/pages\/17869"}],"wp:attachment":[{"href":"https:\/\/corporate.minor-hotels.com\/es\/wp-json\/wp\/v2\/media?parent=17916"}],"curies":[{"name":"wp","href":"https:\/\/api.w.org\/{rel}","templated":true}]}}