{"id":17910,"date":"2022-11-16T18:25:10","date_gmt":"2022-11-16T17:25:10","guid":{"rendered":"https:\/\/www.nh-hotels.com\/corporate\/?page_id=17910"},"modified":"2023-03-03T11:37:44","modified_gmt":"2023-03-03T10:37:44","slug":"fuerza-de-ventas","status":"publish","type":"page","link":"https:\/\/corporate.minor-hotels.com\/es\/expansion\/un-valor-anadido\/fuerza-de-ventas","title":{"rendered":"Fuerza de ventas"},"content":{"rendered":"\n<h1 class=\"wp-block-heading\">Fuerza de ventas<\/h1>\n\n\n\n<div class=\"wp-block-columns is-layout-flex wp-container-core-columns-is-layout-9d6595d7 wp-block-columns-is-layout-flex\">\n<div class=\"wp-block-column is-layout-flow wp-block-column-is-layout-flow\">\n<div class=\"builder-content-wrapper\">\n<div class=\"builder-content-inner\">\n<div class=\"builder-content builder-content-builder builder-content-builder-custom-text\">\n<div class=\"builder-content\">\n<h2><strong>UNA GRAN FUERZA COMERCIAL PRESENTE EN EUROPA Y AM\u00c9RICA<\/strong><\/h2>\n<\/div>\n<\/div>\n<\/div>\n<\/div>\n<div class=\"builder-content-wrapper\">\n<div class=\"builder-content-inner\">\n<div class=\"builder-content builder-content-builder builder-content-builder-custom-text\">\n<div class=\"builder-content\">\n<p>El equipo de ventas de NH Hotel Group trabaja con un\u00a0<strong>enfoque centrado en el cliente\u00a0<\/strong>y est\u00e1 presente en los principales mercados emisores con tr\u00e1fico hacia Europa y Latinoam\u00e9rica, siendo l\u00edderes en los segmentos de\u00a0<strong>Business Travel y Meetings &amp; Events<\/strong>.<\/p>\n<p>Con m\u00e1s de\u00a0<strong>600 personas, y presentes en 25 pa\u00edses en 2 continentes<\/strong>, este equipo est\u00e1 principalmente localizado en Europa y Am\u00e9rica (con m\u00e1s de 230 y 50 personas respectivamente). Adicionalmente cuenta con m\u00e1s de 330 personas en los centros de reserva globales y 20 personas a cargo de ventas directas en nuestra web.<\/p>\n<p>Esta fuerza de ventas trabaja en\u00a0<strong>perfecta sinton\u00eda con los equipos de operaciones<\/strong>: antes, durante y despu\u00e9s de la venta, para conseguir tanto la excelencia en el servicio al cliente como la maximizaci\u00f3n de las oportunidades de venta.<\/p>\n<p>Somos l\u00edderes en los segmentos de\u00a0<strong>Business Travel y Meetings &amp; Events<\/strong>, que se traduce en una extensa y diversificada cartera de clientes\/empresas, entre las que se encuentran las compa\u00f1\u00edas m\u00e1s relevantes del mercado. NH cuenta con la mayor cuota de mercado de este segmento en muchos de los destinos donde operamos.<\/p>\n<p>Estamos\u00a0<strong>en todos los canales de distribuci\u00f3n m\u00e1s relevantes\u00a0<\/strong>(Consortias \/ TMC\u00b4s, OTA\u00b4s, GDS, TTOO, consolidadores y mayoristas) con equipos especializados en cada uno de ellos.<\/p>\n<\/div>\n<\/div>\n<\/div>\n<\/div>\n<\/div>\n\n\n\n<div class=\"wp-block-column is-layout-flow wp-block-column-is-layout-flow\">\n<figure class=\"wp-block-image size-full\"><img loading=\"lazy\" decoding=\"async\" width=\"833\" height=\"902\" src=\"https:\/\/corporate.minor-hotels.com\/assets\/uploads\/2022\/11\/17123712\/fuerzadeventas_0.jpg\" alt=\"\" class=\"wp-image-14369\" srcset=\"https:\/\/corporate.minor-hotels.com\/assets\/uploads\/2022\/11\/17123712\/fuerzadeventas_0.jpg 833w, https:\/\/corporate.minor-hotels.com\/assets\/uploads\/2022\/11\/17123712\/fuerzadeventas_0-277x300.jpg 277w, https:\/\/corporate.minor-hotels.com\/assets\/uploads\/2022\/11\/17123712\/fuerzadeventas_0-768x832.jpg 768w\" sizes=\"auto, (max-width: 833px) 100vw, 833px\" \/><\/figure>\n<\/div>\n<\/div>\n","protected":false},"excerpt":{"rendered":"<p>Fuerza de ventas UNA GRAN FUERZA COMERCIAL PRESENTE EN EUROPA Y AM\u00c9RICA El equipo de ventas de NH Hotel Group trabaja con un\u00a0enfoque centrado en el cliente\u00a0y est\u00e1 presente en los principales mercados emisores con tr\u00e1fico hacia Europa y Latinoam\u00e9rica, siendo l\u00edderes en los segmentos de\u00a0Business Travel y Meetings &amp; Events. Con m\u00e1s de\u00a0600 personas, [&hellip;]<\/p>\n","protected":false},"author":3,"featured_media":0,"parent":17904,"menu_order":0,"comment_status":"closed","ping_status":"closed","template":"","meta":{"_acf_changed":false,"footnotes":""},"class_list":["post-17910","page","type-page","status-publish","hentry"],"acf":[],"_links":{"self":[{"href":"https:\/\/corporate.minor-hotels.com\/es\/wp-json\/wp\/v2\/pages\/17910","targetHints":{"allow":["GET"]}}],"collection":[{"href":"https:\/\/corporate.minor-hotels.com\/es\/wp-json\/wp\/v2\/pages"}],"about":[{"href":"https:\/\/corporate.minor-hotels.com\/es\/wp-json\/wp\/v2\/types\/page"}],"author":[{"embeddable":true,"href":"https:\/\/corporate.minor-hotels.com\/es\/wp-json\/wp\/v2\/users\/3"}],"replies":[{"embeddable":true,"href":"https:\/\/corporate.minor-hotels.com\/es\/wp-json\/wp\/v2\/comments?post=17910"}],"version-history":[{"count":2,"href":"https:\/\/corporate.minor-hotels.com\/es\/wp-json\/wp\/v2\/pages\/17910\/revisions"}],"predecessor-version":[{"id":18063,"href":"https:\/\/corporate.minor-hotels.com\/es\/wp-json\/wp\/v2\/pages\/17910\/revisions\/18063"}],"up":[{"embeddable":true,"href":"https:\/\/corporate.minor-hotels.com\/es\/wp-json\/wp\/v2\/pages\/17904"}],"wp:attachment":[{"href":"https:\/\/corporate.minor-hotels.com\/es\/wp-json\/wp\/v2\/media?parent=17910"}],"curies":[{"name":"wp","href":"https:\/\/api.w.org\/{rel}","templated":true}]}}