{"id":17909,"date":"2022-11-16T18:26:05","date_gmt":"2022-11-16T17:26:05","guid":{"rendered":"https:\/\/www.nh-hotels.com\/corporate\/?page_id=17909"},"modified":"2023-03-03T11:37:44","modified_gmt":"2023-03-03T10:37:44","slug":"nh-hotel-group-rewards","status":"publish","type":"page","link":"https:\/\/corporate.minor-hotels.com\/es\/expansion\/un-valor-anadido\/nh-hotel-group-rewards","title":{"rendered":"NH Hotel Group Rewards"},"content":{"rendered":"\n<h1 class=\"wp-block-heading\">NH Hotel Group Rewards<\/h1>\n\n\n\n<div class=\"wp-block-columns is-layout-flex wp-container-core-columns-is-layout-9d6595d7 wp-block-columns-is-layout-flex\">\n<div class=\"wp-block-column is-layout-flow wp-block-column-is-layout-flow\">\n<h2><strong>NUEVO PROGRAMA DE FIDELIZACI\u00d3N QUE APORTA VALOR<\/strong><\/h2>\n<p><strong>PILAR ESTRAT\u00c9GICO DEL GRUPO<\/strong><\/p>\n<p>NH Hotel Group Rewards es un programa de cobertura internacional con presencia principalmente Europea, destacando Espa\u00f1a, Italia, Alemania y Benelux y Reino Unido.<\/p>\n<p>Desde su lanzamiento ha ido creciendo hasta alcanzar alrededor de 4.000.000 de miembros. Estos clientes fidelizados pueden acumular y redimir puntos en los casi 400 hoteles que NH tiene repartidos por el mundo, haciendo un\u00a0<strong>gasto medio tres veces superior\u00a0<\/strong>al de un cliente no fidelizado.<\/p>\n<p>Cuenta adem\u00e1s con un modelo de relaci\u00f3n a trav\u00e9s de diversos canales que facilitan la comunicaci\u00f3n, interacci\u00f3n y conocimiento del cliente. Este modelo permite as\u00ed mismo dirigir campa\u00f1as personalizadas y potenciar las ventas directas.<\/p>\n<\/div>\n\n\n\n<div class=\"wp-block-column is-layout-flow wp-block-column-is-layout-flow\">\n<figure class=\"wp-block-image size-full\"><img loading=\"lazy\" decoding=\"async\" width=\"650\" height=\"433\" src=\"https:\/\/corporate.minor-hotels.com\/assets\/uploads\/2022\/11\/17124153\/grouprewards.jpg\" alt=\"\" class=\"wp-image-14397\" srcset=\"https:\/\/corporate.minor-hotels.com\/assets\/uploads\/2022\/11\/17124153\/grouprewards.jpg 650w, https:\/\/corporate.minor-hotels.com\/assets\/uploads\/2022\/11\/17124153\/grouprewards-300x200.jpg 300w\" sizes=\"auto, (max-width: 650px) 100vw, 650px\" \/><\/figure>\n<\/div>\n<\/div>\n","protected":false},"excerpt":{"rendered":"<p>NH Hotel Group Rewards NUEVO PROGRAMA DE FIDELIZACI\u00d3N QUE APORTA VALOR PILAR ESTRAT\u00c9GICO DEL GRUPO NH Hotel Group Rewards es un programa de cobertura internacional con presencia principalmente Europea, destacando Espa\u00f1a, Italia, Alemania y Benelux y Reino Unido. Desde su lanzamiento ha ido creciendo hasta alcanzar alrededor de 4.000.000 de miembros. Estos clientes fidelizados pueden [&hellip;]<\/p>\n","protected":false},"author":3,"featured_media":0,"parent":17904,"menu_order":0,"comment_status":"closed","ping_status":"closed","template":"","meta":{"_acf_changed":false,"footnotes":""},"class_list":["post-17909","page","type-page","status-publish","hentry"],"acf":[],"_links":{"self":[{"href":"https:\/\/corporate.minor-hotels.com\/es\/wp-json\/wp\/v2\/pages\/17909","targetHints":{"allow":["GET"]}}],"collection":[{"href":"https:\/\/corporate.minor-hotels.com\/es\/wp-json\/wp\/v2\/pages"}],"about":[{"href":"https:\/\/corporate.minor-hotels.com\/es\/wp-json\/wp\/v2\/types\/page"}],"author":[{"embeddable":true,"href":"https:\/\/corporate.minor-hotels.com\/es\/wp-json\/wp\/v2\/users\/3"}],"replies":[{"embeddable":true,"href":"https:\/\/corporate.minor-hotels.com\/es\/wp-json\/wp\/v2\/comments?post=17909"}],"version-history":[{"count":2,"href":"https:\/\/corporate.minor-hotels.com\/es\/wp-json\/wp\/v2\/pages\/17909\/revisions"}],"predecessor-version":[{"id":18067,"href":"https:\/\/corporate.minor-hotels.com\/es\/wp-json\/wp\/v2\/pages\/17909\/revisions\/18067"}],"up":[{"embeddable":true,"href":"https:\/\/corporate.minor-hotels.com\/es\/wp-json\/wp\/v2\/pages\/17904"}],"wp:attachment":[{"href":"https:\/\/corporate.minor-hotels.com\/es\/wp-json\/wp\/v2\/media?parent=17909"}],"curies":[{"name":"wp","href":"https:\/\/api.w.org\/{rel}","templated":true}]}}