{"id":17908,"date":"2022-11-16T18:25:51","date_gmt":"2022-11-16T17:25:51","guid":{"rendered":"https:\/\/www.nh-hotels.com\/corporate\/?page_id=17908"},"modified":"2023-03-03T11:37:45","modified_gmt":"2023-03-03T10:37:45","slug":"nuestra-web","status":"publish","type":"page","link":"https:\/\/corporate.minor-hotels.com\/es\/expansion\/un-valor-anadido\/nuestra-web","title":{"rendered":"Nuestra web"},"content":{"rendered":"\n<h1 class=\"wp-block-heading\">Nuestra web<\/h1>\n\n\n\n<div class=\"wp-block-columns is-layout-flex wp-container-core-columns-is-layout-9d6595d7 wp-block-columns-is-layout-flex\">\n<div class=\"wp-block-column is-layout-flow wp-block-column-is-layout-flow\" style=\"flex-basis:66.66%\">\n<h2><strong>WEB POTENTE Y EN CONTINUA MEJORA<\/strong><\/h2>\n<p>EN NH ESTAMOS INVIRTIENDO FUERTEMENTE EN FORTALECER NUESTROS CANALES DIRECTOS Y EN PARTICULAR LA WEB DEL GRUPO \u201cNH-HOTELS.COM\u201d<\/p>\n<p>En nuestra nueva web los usuarios podr\u00e1n obtener beneficios tangibles como mejor precio garantizado, ofertas exclusivas y selecci\u00f3n de habitaci\u00f3n (2015).<\/p>\n<p>Todo ello simplificando el proceso de pago y con un dise\u00f1o atractivo y excelencia en la usabilidad.<\/p>\n<p>M\u00e1s de 30 millones de usuarios acceden a nuestra web a nivel mundial.<\/p>\n<\/div>\n\n\n\n<div class=\"wp-block-column is-vertically-aligned-center is-layout-flow wp-block-column-is-layout-flow\" style=\"flex-basis:33.33%\">\n<figure class=\"wp-block-image size-full\"><img loading=\"lazy\" decoding=\"async\" width=\"604\" height=\"434\" src=\"https:\/\/corporate.minor-hotels.com\/assets\/uploads\/2022\/11\/17124050\/128_2.jpg\" alt=\"\" class=\"wp-image-14390\" srcset=\"https:\/\/corporate.minor-hotels.com\/assets\/uploads\/2022\/11\/17124050\/128_2.jpg 604w, https:\/\/corporate.minor-hotels.com\/assets\/uploads\/2022\/11\/17124050\/128_2-300x216.jpg 300w\" sizes=\"auto, (max-width: 604px) 100vw, 604px\" \/><\/figure>\n<\/div>\n<\/div>\n","protected":false},"excerpt":{"rendered":"<p>Nuestra web WEB POTENTE Y EN CONTINUA MEJORA EN NH ESTAMOS INVIRTIENDO FUERTEMENTE EN FORTALECER NUESTROS CANALES DIRECTOS Y EN PARTICULAR LA WEB DEL GRUPO \u201cNH-HOTELS.COM\u201d En nuestra nueva web los usuarios podr\u00e1n obtener beneficios tangibles como mejor precio garantizado, ofertas exclusivas y selecci\u00f3n de habitaci\u00f3n (2015). Todo ello simplificando el proceso de pago y [&hellip;]<\/p>\n","protected":false},"author":3,"featured_media":0,"parent":17904,"menu_order":0,"comment_status":"closed","ping_status":"closed","template":"","meta":{"_acf_changed":false,"footnotes":""},"class_list":["post-17908","page","type-page","status-publish","hentry"],"acf":[],"_links":{"self":[{"href":"https:\/\/corporate.minor-hotels.com\/es\/wp-json\/wp\/v2\/pages\/17908","targetHints":{"allow":["GET"]}}],"collection":[{"href":"https:\/\/corporate.minor-hotels.com\/es\/wp-json\/wp\/v2\/pages"}],"about":[{"href":"https:\/\/corporate.minor-hotels.com\/es\/wp-json\/wp\/v2\/types\/page"}],"author":[{"embeddable":true,"href":"https:\/\/corporate.minor-hotels.com\/es\/wp-json\/wp\/v2\/users\/3"}],"replies":[{"embeddable":true,"href":"https:\/\/corporate.minor-hotels.com\/es\/wp-json\/wp\/v2\/comments?post=17908"}],"version-history":[{"count":2,"href":"https:\/\/corporate.minor-hotels.com\/es\/wp-json\/wp\/v2\/pages\/17908\/revisions"}],"predecessor-version":[{"id":18066,"href":"https:\/\/corporate.minor-hotels.com\/es\/wp-json\/wp\/v2\/pages\/17908\/revisions\/18066"}],"up":[{"embeddable":true,"href":"https:\/\/corporate.minor-hotels.com\/es\/wp-json\/wp\/v2\/pages\/17904"}],"wp:attachment":[{"href":"https:\/\/corporate.minor-hotels.com\/es\/wp-json\/wp\/v2\/media?parent=17908"}],"curies":[{"name":"wp","href":"https:\/\/api.w.org\/{rel}","templated":true}]}}