{"id":17907,"date":"2022-11-16T18:25:36","date_gmt":"2022-11-16T17:25:36","guid":{"rendered":"https:\/\/www.nh-hotels.com\/corporate\/?page_id=17907"},"modified":"2023-03-03T11:37:45","modified_gmt":"2023-03-03T10:37:45","slug":"revenue-management","status":"publish","type":"page","link":"https:\/\/corporate.minor-hotels.com\/es\/expansion\/un-valor-anadido\/revenue-management","title":{"rendered":"Revenue management"},"content":{"rendered":"\n<h1 class=\"wp-block-heading\">Revenue management<\/h1>\n\n\n\n<div class=\"wp-block-columns is-layout-flex wp-container-core-columns-is-layout-9d6595d7 wp-block-columns-is-layout-flex\">\n<div class=\"wp-block-column is-layout-flow wp-block-column-is-layout-flow\">\n<h2><strong>REVENUE MANAGEMENT DE VANGUARDIA<\/strong><\/h2>\n<p>NH Hotel Group es l\u00edder en la aplicaci\u00f3n de procesos y t\u00e9cnicas de Revenue Management, a trav\u00e9s de:<\/p>\n<p><strong>Equipos humanos profesionales de Revenue Managers:\u00a0<\/strong>especializados y t\u00e9cnicamente formados con dedicaci\u00f3n a cada uno de los hoteles<\/p>\n<p><strong>Herramientas de \u00faltima generaci\u00f3n:\u00a0<\/strong>disponemos de la \u00faltima tecnolog\u00eda y m\u00e1s sofisticadas herramientas en procesos de:<\/p>\n<ul>\n<li><strong>Short term &amp; Strategic Forecasting:\u00a0<\/strong>apoyando en la construcci\u00f3n de reports automatizados y modelos de previsi\u00f3n consistentes y con alta fiabilidad.<\/li>\n<li><strong>Competitive Benchmarking:\u00a0<\/strong>monitorizando de forma autom\u00e1tica las estrategias de precio de la competencia e incorpor\u00e1ndolas como variable adicional a la toma de decisi\u00f3n del precio.<\/li>\n<li><strong>Pricing Automation:\u00a0<\/strong>A trav\u00e9s de nuestro sistema de Revenue Management (RMS) centralizamos la toma de decisi\u00f3n del precio a trav\u00e9s de los diferentes canales de distribuci\u00f3n, asegurando la m\u00e1xima optimizaci\u00f3n de ingresos para cada d\u00eda.<\/li>\n<\/ul>\n<p><strong>Dynamic Pricing:\u00a0<\/strong>a trav\u00e9s de una optimizada arquitectura de tarifas y tipos de habitaci\u00f3n, aplicamos las t\u00e9cnicas m\u00e1s avanzadas de dynamic pricing de manera estrat\u00e9gica y t\u00e1ctica a trav\u00e9s de los canales de distribuci\u00f3n.<\/p>\n<p><strong>Strategic Pricing:\u00a0<\/strong>construimos estrategias comerciales y de marketing consistentes, planificando y optimizando la estrategia por segmento de mercado y canal.<\/p>\n<\/div>\n\n\n\n<div class=\"wp-block-column is-layout-flow wp-block-column-is-layout-flow\">\n<figure class=\"wp-block-image size-full\"><img loading=\"lazy\" decoding=\"async\" width=\"635\" height=\"477\" src=\"https:\/\/corporate.minor-hotels.com\/assets\/uploads\/2022\/11\/17123942\/126.jpg\" alt=\"\" class=\"wp-image-14383\" srcset=\"https:\/\/corporate.minor-hotels.com\/assets\/uploads\/2022\/11\/17123942\/126.jpg 635w, https:\/\/corporate.minor-hotels.com\/assets\/uploads\/2022\/11\/17123942\/126-300x225.jpg 300w\" sizes=\"auto, (max-width: 635px) 100vw, 635px\" \/><\/figure>\n<\/div>\n<\/div>\n","protected":false},"excerpt":{"rendered":"<p>Revenue management REVENUE MANAGEMENT DE VANGUARDIA NH Hotel Group es l\u00edder en la aplicaci\u00f3n de procesos y t\u00e9cnicas de Revenue Management, a trav\u00e9s de: Equipos humanos profesionales de Revenue Managers:\u00a0especializados y t\u00e9cnicamente formados con dedicaci\u00f3n a cada uno de los hoteles Herramientas de \u00faltima generaci\u00f3n:\u00a0disponemos de la \u00faltima tecnolog\u00eda y m\u00e1s sofisticadas herramientas en procesos [&hellip;]<\/p>\n","protected":false},"author":3,"featured_media":0,"parent":17904,"menu_order":0,"comment_status":"closed","ping_status":"closed","template":"","meta":{"_acf_changed":false,"footnotes":""},"class_list":["post-17907","page","type-page","status-publish","hentry"],"acf":[],"_links":{"self":[{"href":"https:\/\/corporate.minor-hotels.com\/es\/wp-json\/wp\/v2\/pages\/17907","targetHints":{"allow":["GET"]}}],"collection":[{"href":"https:\/\/corporate.minor-hotels.com\/es\/wp-json\/wp\/v2\/pages"}],"about":[{"href":"https:\/\/corporate.minor-hotels.com\/es\/wp-json\/wp\/v2\/types\/page"}],"author":[{"embeddable":true,"href":"https:\/\/corporate.minor-hotels.com\/es\/wp-json\/wp\/v2\/users\/3"}],"replies":[{"embeddable":true,"href":"https:\/\/corporate.minor-hotels.com\/es\/wp-json\/wp\/v2\/comments?post=17907"}],"version-history":[{"count":2,"href":"https:\/\/corporate.minor-hotels.com\/es\/wp-json\/wp\/v2\/pages\/17907\/revisions"}],"predecessor-version":[{"id":18065,"href":"https:\/\/corporate.minor-hotels.com\/es\/wp-json\/wp\/v2\/pages\/17907\/revisions\/18065"}],"up":[{"embeddable":true,"href":"https:\/\/corporate.minor-hotels.com\/es\/wp-json\/wp\/v2\/pages\/17904"}],"wp:attachment":[{"href":"https:\/\/corporate.minor-hotels.com\/es\/wp-json\/wp\/v2\/media?parent=17907"}],"curies":[{"name":"wp","href":"https:\/\/api.w.org\/{rel}","templated":true}]}}