{"id":17906,"date":"2022-11-16T18:25:22","date_gmt":"2022-11-16T17:25:22","guid":{"rendered":"https:\/\/www.nh-hotels.com\/corporate\/?page_id=17906"},"modified":"2023-03-03T11:37:43","modified_gmt":"2023-03-03T10:37:43","slug":"central-de-reservas-global","status":"publish","type":"page","link":"https:\/\/corporate.minor-hotels.com\/es\/expansion\/un-valor-anadido\/central-de-reservas-global","title":{"rendered":"Central de reservas global"},"content":{"rendered":"\n<h1 class=\"wp-block-heading\">Central de reservas global<\/h1>\n\n\n\n<div class=\"wp-block-columns is-layout-flex wp-container-core-columns-is-layout-9d6595d7 wp-block-columns-is-layout-flex\">\n<div class=\"wp-block-column is-layout-flow wp-block-column-is-layout-flow\">\n<p>Contamos con una\u00a0<strong>Central de Reservas Global,\u00a0<\/strong>especializada en cliente individual, en Espa\u00f1a (Madrid) que opera en 6 idiomas y da servicio a todos los hoteles. Sus ratios de conversi\u00f3n, satisfacci\u00f3n y abandono est\u00e1n entre los mejores de la industria tur\u00edstica y de los call centers en general.<\/p>\n<p>Para las\u00a0<strong>reservas de grupos\u00a0<\/strong>(de empresa, tur\u00edsticos o deportivos) contamos con una estructura m\u00e1s descentralizada, con\u00a0<em>Group Sales Offices\u00a0<\/em>en los principales pa\u00edses en los que operamos (Espa\u00f1a, Italia, Alemania, Holanda, M\u00e9xico y Argentina). El objetivo es ofrecer una r\u00e1pida respuesta y una gesti\u00f3n profesionalizada de los procesos de seguimiento y negociaci\u00f3n.<\/p>\n<p>En todas nuestras centrales de reserva, uno de los principales objetivos es la venta cruzada y la optimizaci\u00f3n de las oportunidades que nos brinda la demanda.<\/p>\n<p>Adem\u00e1s ofrecemos asesoramiento personalizado, que aporta valor en la gesti\u00f3n de las reservas.<\/p>\n<\/div>\n\n\n\n<div class=\"wp-block-column is-layout-flow wp-block-column-is-layout-flow\">\n<figure class=\"wp-block-image size-full\"><img loading=\"lazy\" decoding=\"async\" width=\"665\" height=\"500\" src=\"https:\/\/corporate.minor-hotels.com\/assets\/uploads\/2022\/11\/17123814\/125_2_1.jpg\" alt=\"\" class=\"wp-image-14376\" srcset=\"https:\/\/corporate.minor-hotels.com\/assets\/uploads\/2022\/11\/17123814\/125_2_1.jpg 665w, https:\/\/corporate.minor-hotels.com\/assets\/uploads\/2022\/11\/17123814\/125_2_1-300x226.jpg 300w\" sizes=\"auto, (max-width: 665px) 100vw, 665px\" \/><\/figure>\n<\/div>\n<\/div>\n","protected":false},"excerpt":{"rendered":"<p>Central de reservas global Contamos con una\u00a0Central de Reservas Global,\u00a0especializada en cliente individual, en Espa\u00f1a (Madrid) que opera en 6 idiomas y da servicio a todos los hoteles. Sus ratios de conversi\u00f3n, satisfacci\u00f3n y abandono est\u00e1n entre los mejores de la industria tur\u00edstica y de los call centers en general. Para las\u00a0reservas de grupos\u00a0(de empresa, [&hellip;]<\/p>\n","protected":false},"author":3,"featured_media":0,"parent":17904,"menu_order":0,"comment_status":"closed","ping_status":"closed","template":"","meta":{"_acf_changed":false,"footnotes":""},"class_list":["post-17906","page","type-page","status-publish","hentry"],"acf":[],"_links":{"self":[{"href":"https:\/\/corporate.minor-hotels.com\/es\/wp-json\/wp\/v2\/pages\/17906","targetHints":{"allow":["GET"]}}],"collection":[{"href":"https:\/\/corporate.minor-hotels.com\/es\/wp-json\/wp\/v2\/pages"}],"about":[{"href":"https:\/\/corporate.minor-hotels.com\/es\/wp-json\/wp\/v2\/types\/page"}],"author":[{"embeddable":true,"href":"https:\/\/corporate.minor-hotels.com\/es\/wp-json\/wp\/v2\/users\/3"}],"replies":[{"embeddable":true,"href":"https:\/\/corporate.minor-hotels.com\/es\/wp-json\/wp\/v2\/comments?post=17906"}],"version-history":[{"count":2,"href":"https:\/\/corporate.minor-hotels.com\/es\/wp-json\/wp\/v2\/pages\/17906\/revisions"}],"predecessor-version":[{"id":18064,"href":"https:\/\/corporate.minor-hotels.com\/es\/wp-json\/wp\/v2\/pages\/17906\/revisions\/18064"}],"up":[{"embeddable":true,"href":"https:\/\/corporate.minor-hotels.com\/es\/wp-json\/wp\/v2\/pages\/17904"}],"wp:attachment":[{"href":"https:\/\/corporate.minor-hotels.com\/es\/wp-json\/wp\/v2\/media?parent=17906"}],"curies":[{"name":"wp","href":"https:\/\/api.w.org\/{rel}","templated":true}]}}