{"id":17898,"date":"2022-11-16T18:27:39","date_gmt":"2022-11-16T17:27:39","guid":{"rendered":"https:\/\/www.nh-hotels.com\/corporate\/?page_id=17898"},"modified":"2023-03-03T11:34:41","modified_gmt":"2023-03-03T10:34:41","slug":"nh-collection","status":"publish","type":"page","link":"https:\/\/corporate.minor-hotels.com\/es\/sobre-nh\/nuestras-marcas\/nh-collection","title":{"rendered":"NH Collection"},"content":{"rendered":"\n<div class=\"wp-block-columns is-layout-flex wp-container-core-columns-is-layout-9d6595d7 wp-block-columns-is-layout-flex\">\n<div class=\"wp-block-column is-layout-flow wp-block-column-is-layout-flow\">\n<h1 class=\"wp-block-heading\">NH Collection<\/h1>\n<\/div>\n<\/div>\n\n\n\n<div class=\"wp-block-columns is-layout-flex wp-container-core-columns-is-layout-9d6595d7 wp-block-columns-is-layout-flex\">\n<div class=\"wp-block-column is-vertically-aligned-center is-layout-flow wp-block-column-is-layout-flow\" style=\"flex-basis:25%\">\n<figure class=\"wp-block-image size-full\"><img loading=\"lazy\" decoding=\"async\" width=\"215\" height=\"81\" src=\"https:\/\/corporate.minor-hotels.com\/assets\/uploads\/2022\/11\/17134112\/nh-collection_logo2.png\" alt=\"\" class=\"wp-image-14520\"\/><\/figure>\n\n\n\n<p>NH Collection Hotels presente en 13 pa\u00edses<\/p>\n<p><strong><a href=\"https:\/\/www.nh-collection.com\/\" target=\"_blank\" rel=\"noopener\">Reserva tu habitaci\u00f3n<\/a><\/strong>&nbsp;\u00bb<\/p>\n<\/div>\n\n\n\n<div class=\"wp-block-column is-layout-flow wp-block-column-is-layout-flow\" style=\"flex-basis:75%\">\n<div class=\"wp-block-themepunch-revslider revslider\" data-modal=\"false\" data-slidertitle=\"Brands - NH collection\" style=\"\">\n\t\t\t<!-- START Brands  NH collection REVOLUTION SLIDER 6.6.13 --><p class=\"rs-p-wp-fix\"><\/p>\n\t\t\t<rs-module-wrap id=\"rev_slider_7_1_wrapper\" data-source=\"gallery\" style=\"visibility:hidden;background:transparent;padding:0;margin:0px auto;margin-top:0;margin-bottom:0;max-width:100%;\">\n\t\t\t\t<rs-module id=\"rev_slider_7_1\" style=\"\" data-version=\"6.6.13\">\n\t\t\t\t\t<rs-slides style=\"overflow: hidden; position: absolute;\">\n\t\t\t\t\t\t<rs-slide style=\"position: absolute;\" data-key=\"rs-21\" data-title=\"Slide\" data-in=\"o:0;\" data-out=\"a:false;\">\n\t\t\t\t\t\t\t<img decoding=\"async\" src=\"\/\/corporate.minor-hotels.com\/assets\/plugins\/revslider\/public\/assets\/assets\/dummy.png\" alt=\"Slide\" title=\"NH Collection\" class=\"rev-slidebg tp-rs-img rs-lazyload\" data-lazyload=\"\/\/corporate.minor-hotels.com\/assets\/plugins\/revslider\/public\/assets\/assets\/transparent.png\" data-no-retina>\n<!--\n\t\t\t\t\t\t\t--><rs-layer\n\t\t\t\t\t\t\t\tid=\"slider-7-slide-21-layer-1\" \n\t\t\t\t\t\t\t\tdata-type=\"image\"\n\t\t\t\t\t\t\t\tdata-rsp_ch=\"on\"\n\t\t\t\t\t\t\t\tdata-xy=\"x:c;y:m;\"\n\t\t\t\t\t\t\t\tdata-text=\"w:normal;s:20,20,20,9;l:0,0,0,12;\"\n\t\t\t\t\t\t\t\tdata-dim=\"w:970px,970px,970px,480px;h:400px,400px,400px,197px;\"\n\t\t\t\t\t\t\t\tdata-frame_999=\"o:0;st:w;\"\n\t\t\t\t\t\t\t\tstyle=\"z-index:5;\"\n\t\t\t\t\t\t\t><img decoding=\"async\" src=\"\/\/corporate.minor-hotels.com\/assets\/plugins\/revslider\/public\/assets\/assets\/dummy.png\" alt=\"\" class=\"tp-rs-img rs-lazyload\" width=\"970\" height=\"400\" data-lazyload=\"\/\/corporate.minor-hotels.com\/assets\/uploads\/2022\/12\/01133405\/nh-collection-mexico-city-reforma-mexico.jpg\" data-no-retina> \n\t\t\t\t\t\t\t<\/rs-layer><!--\n\n\t\t\t\t\t\t\t--><rs-layer\n\t\t\t\t\t\t\t\tid=\"slider-7-slide-21-layer-2\" \n\t\t\t\t\t\t\t\tdata-type=\"text\"\n\t\t\t\t\t\t\t\tdata-color=\"#666666\"\n\t\t\t\t\t\t\t\tdata-rsp_ch=\"on\"\n\t\t\t\t\t\t\t\tdata-xy=\"x:r,r,r,c;xo:1px,1px,1px,0;yo:299px,299px,299px,200px;\"\n\t\t\t\t\t\t\t\tdata-text=\"w:normal;s:20,20,20,20;l:25,25,25,28;\"\n\t\t\t\t\t\t\t\tdata-frame_999=\"o:0;st:w;\"\n\t\t\t\t\t\t\t\tstyle=\"z-index:6;font-family:'Roboto';background:rgba(255,255,255,0.7);padding:15px 20px;\"\n\t\t\t\t\t\t\t>NH Collection Mexico City Reforma, Mexico<br \/>\n \n\t\t\t\t\t\t\t<\/rs-layer><!--\n-->\t\t\t\t\t\t<\/rs-slide>\n\t\t\t\t\t\t<rs-slide style=\"position: absolute;\" data-key=\"rs-22\" data-title=\"Slide\" data-in=\"o:0;\" data-out=\"a:false;\">\n\t\t\t\t\t\t\t<img decoding=\"async\" src=\"\/\/corporate.minor-hotels.com\/assets\/plugins\/revslider\/public\/assets\/assets\/dummy.png\" alt=\"Slide\" title=\"NH Collection\" class=\"rev-slidebg tp-rs-img rs-lazyload\" data-lazyload=\"\/\/corporate.minor-hotels.com\/assets\/plugins\/revslider\/public\/assets\/assets\/transparent.png\" data-no-retina>\n<!--\n\t\t\t\t\t\t\t--><rs-layer\n\t\t\t\t\t\t\t\tid=\"slider-7-slide-22-layer-1\" \n\t\t\t\t\t\t\t\tdata-type=\"image\"\n\t\t\t\t\t\t\t\tdata-rsp_ch=\"on\"\n\t\t\t\t\t\t\t\tdata-xy=\"x:c;y:m;\"\n\t\t\t\t\t\t\t\tdata-text=\"w:normal;s:20,20,20,9;l:0,0,0,12;\"\n\t\t\t\t\t\t\t\tdata-dim=\"w:970px,970px,970px,480px;h:400px,400px,400px,197px;\"\n\t\t\t\t\t\t\t\tdata-frame_999=\"o:0;st:w;\"\n\t\t\t\t\t\t\t\tstyle=\"z-index:6;\"\n\t\t\t\t\t\t\t><img decoding=\"async\" src=\"\/\/corporate.minor-hotels.com\/assets\/plugins\/revslider\/public\/assets\/assets\/dummy.png\" alt=\"\" class=\"tp-rs-img rs-lazyload\" width=\"970\" height=\"400\" data-lazyload=\"\/\/corporate.minor-hotels.com\/assets\/uploads\/2022\/12\/01133403\/nh-collection-grand-hotel-krasnapolsky-amsterdam.jpg\" data-no-retina> \n\t\t\t\t\t\t\t<\/rs-layer><!--\n\n\t\t\t\t\t\t\t--><rs-layer\n\t\t\t\t\t\t\t\tid=\"slider-7-slide-22-layer-2\" \n\t\t\t\t\t\t\t\tdata-type=\"text\"\n\t\t\t\t\t\t\t\tdata-color=\"#666666\"\n\t\t\t\t\t\t\t\tdata-rsp_ch=\"on\"\n\t\t\t\t\t\t\t\tdata-xy=\"x:r,r,r,c;yo:299px,299px,299px,177px;\"\n\t\t\t\t\t\t\t\tdata-text=\"w:normal;s:20,20,20,20;l:25,25,25,28;a:center;\"\n\t\t\t\t\t\t\t\tdata-dim=\"w:537px,537px,537px,462px;\"\n\t\t\t\t\t\t\t\tdata-frame_999=\"o:0;st:w;\"\n\t\t\t\t\t\t\t\tstyle=\"z-index:7;font-family:'Roboto';background:rgba(255,255,255,0.7);padding:15px 20px;\"\n\t\t\t\t\t\t\t>NH Collection Grand Hotel Krasnapolsky, Amsterdam \n\t\t\t\t\t\t\t<\/rs-layer><!--\n-->\t\t\t\t\t\t<\/rs-slide>\n\t\t\t\t\t\t<rs-slide style=\"position: absolute;\" data-key=\"rs-23\" data-title=\"Slide\" data-in=\"o:0;\" data-out=\"a:false;\">\n\t\t\t\t\t\t\t<img decoding=\"async\" src=\"\/\/corporate.minor-hotels.com\/assets\/plugins\/revslider\/public\/assets\/assets\/dummy.png\" alt=\"Slide\" title=\"NH Collection\" class=\"rev-slidebg tp-rs-img rs-lazyload\" data-lazyload=\"\/\/corporate.minor-hotels.com\/assets\/plugins\/revslider\/public\/assets\/assets\/transparent.png\" data-no-retina>\n<!--\n\t\t\t\t\t\t\t--><rs-layer\n\t\t\t\t\t\t\t\tid=\"slider-7-slide-23-layer-1\" \n\t\t\t\t\t\t\t\tdata-type=\"image\"\n\t\t\t\t\t\t\t\tdata-rsp_ch=\"on\"\n\t\t\t\t\t\t\t\tdata-xy=\"x:c;y:m;\"\n\t\t\t\t\t\t\t\tdata-text=\"w:normal;s:20,20,20,9;l:0,0,0,12;\"\n\t\t\t\t\t\t\t\tdata-dim=\"w:970px,970px,970px,480px;h:400px,400px,400px,197px;\"\n\t\t\t\t\t\t\t\tdata-frame_999=\"o:0;st:w;\"\n\t\t\t\t\t\t\t\tstyle=\"z-index:5;\"\n\t\t\t\t\t\t\t><img decoding=\"async\" src=\"\/\/corporate.minor-hotels.com\/assets\/plugins\/revslider\/public\/assets\/assets\/dummy.png\" alt=\"\" class=\"tp-rs-img rs-lazyload\" width=\"970\" height=\"400\" data-lazyload=\"\/\/corporate.minor-hotels.com\/assets\/uploads\/2022\/12\/01133401\/nh-collection-grand-hotel-convento-di-amalfi-amalfi.jpg\" data-no-retina> \n\t\t\t\t\t\t\t<\/rs-layer><!--\n\n\t\t\t\t\t\t\t--><rs-layer\n\t\t\t\t\t\t\t\tid=\"slider-7-slide-23-layer-2\" \n\t\t\t\t\t\t\t\tdata-type=\"text\"\n\t\t\t\t\t\t\t\tdata-color=\"#666666\"\n\t\t\t\t\t\t\t\tdata-rsp_ch=\"on\"\n\t\t\t\t\t\t\t\tdata-xy=\"x:r,r,r,c;yo:299px,299px,299px,177px;\"\n\t\t\t\t\t\t\t\tdata-text=\"w:normal;s:20,20,20,20;l:25,25,25,28;a:center;\"\n\t\t\t\t\t\t\t\tdata-dim=\"w:537px,537px,537px,460px;\"\n\t\t\t\t\t\t\t\tdata-frame_999=\"o:0;st:w;\"\n\t\t\t\t\t\t\t\tstyle=\"z-index:6;font-family:'Roboto';background:rgba(255,255,255,0.7);padding:15px 20px;\"\n\t\t\t\t\t\t\t>NH Collection Grand Hotel Convento di Amalfi, Amalfi \n\t\t\t\t\t\t\t<\/rs-layer><!--\n-->\t\t\t\t\t\t<\/rs-slide>\n\t\t\t\t\t\t<rs-slide style=\"position: absolute;\" data-key=\"rs-24\" data-title=\"Slide\" data-in=\"o:0;\" data-out=\"a:false;\">\n\t\t\t\t\t\t\t<img decoding=\"async\" src=\"\/\/corporate.minor-hotels.com\/assets\/plugins\/revslider\/public\/assets\/assets\/dummy.png\" alt=\"Slide\" title=\"NH Collection\" class=\"rev-slidebg tp-rs-img rs-lazyload\" data-lazyload=\"\/\/corporate.minor-hotels.com\/assets\/plugins\/revslider\/public\/assets\/assets\/transparent.png\" data-no-retina>\n<!--\n\t\t\t\t\t\t\t--><rs-layer\n\t\t\t\t\t\t\t\tid=\"slider-7-slide-24-layer-1\" \n\t\t\t\t\t\t\t\tdata-type=\"image\"\n\t\t\t\t\t\t\t\tdata-rsp_ch=\"on\"\n\t\t\t\t\t\t\t\tdata-xy=\"x:c;y:m;\"\n\t\t\t\t\t\t\t\tdata-text=\"w:normal;s:20,20,20,9;l:0,0,0,12;\"\n\t\t\t\t\t\t\t\tdata-dim=\"w:970px,970px,970px,480px;h:400px,400px,400px,197px;\"\n\t\t\t\t\t\t\t\tdata-frame_999=\"o:0;st:w;\"\n\t\t\t\t\t\t\t\tstyle=\"z-index:6;\"\n\t\t\t\t\t\t\t><img decoding=\"async\" src=\"\/\/corporate.minor-hotels.com\/assets\/plugins\/revslider\/public\/assets\/assets\/dummy.png\" alt=\"\" class=\"tp-rs-img rs-lazyload\" width=\"970\" height=\"400\" data-lazyload=\"\/\/corporate.minor-hotels.com\/assets\/uploads\/2022\/12\/01133359\/nh-collection-eurobuilding-madrid.jpg\" data-no-retina> \n\t\t\t\t\t\t\t<\/rs-layer><!--\n\n\t\t\t\t\t\t\t--><rs-layer\n\t\t\t\t\t\t\t\tid=\"slider-7-slide-24-layer-2\" \n\t\t\t\t\t\t\t\tdata-type=\"text\"\n\t\t\t\t\t\t\t\tdata-color=\"#666666\"\n\t\t\t\t\t\t\t\tdata-rsp_ch=\"on\"\n\t\t\t\t\t\t\t\tdata-xy=\"x:r,r,r,c;yo:299px,299px,299px,177px;\"\n\t\t\t\t\t\t\t\tdata-text=\"w:normal;s:20,20,20,20;l:25,25,25,28;a:center;\"\n\t\t\t\t\t\t\t\tdata-dim=\"w:358px,358px,358px,376px;\"\n\t\t\t\t\t\t\t\tdata-frame_999=\"o:0;st:w;\"\n\t\t\t\t\t\t\t\tstyle=\"z-index:7;font-family:'Roboto';background:rgba(255,255,255,0.7);padding:15px 20px;\"\n\t\t\t\t\t\t\t>NH Collection Eurobuilding, Madrid \n\t\t\t\t\t\t\t<\/rs-layer><!--\n-->\t\t\t\t\t\t<\/rs-slide>\n\t\t\t\t\t\t<rs-slide style=\"position: absolute;\" data-key=\"rs-25\" data-title=\"Slide\" data-in=\"o:0;\" data-out=\"a:false;\">\n\t\t\t\t\t\t\t<img decoding=\"async\" src=\"\/\/corporate.minor-hotels.com\/assets\/plugins\/revslider\/public\/assets\/assets\/dummy.png\" alt=\"Slide\" title=\"NH Collection\" class=\"rev-slidebg tp-rs-img rs-lazyload\" data-lazyload=\"\/\/corporate.minor-hotels.com\/assets\/plugins\/revslider\/public\/assets\/assets\/transparent.png\" data-no-retina>\n<!--\n\t\t\t\t\t\t\t--><rs-layer\n\t\t\t\t\t\t\t\tid=\"slider-7-slide-25-layer-1\" \n\t\t\t\t\t\t\t\tdata-type=\"image\"\n\t\t\t\t\t\t\t\tdata-rsp_ch=\"on\"\n\t\t\t\t\t\t\t\tdata-xy=\"x:c;y:m;\"\n\t\t\t\t\t\t\t\tdata-text=\"w:normal;s:20,20,20,9;l:0,0,0,12;\"\n\t\t\t\t\t\t\t\tdata-dim=\"w:970px,970px,970px,480px;h:400px,400px,400px,197px;\"\n\t\t\t\t\t\t\t\tdata-frame_999=\"o:0;st:w;\"\n\t\t\t\t\t\t\t\tstyle=\"z-index:5;\"\n\t\t\t\t\t\t\t><img decoding=\"async\" src=\"\/\/corporate.minor-hotels.com\/assets\/plugins\/revslider\/public\/assets\/assets\/dummy.png\" alt=\"\" class=\"tp-rs-img rs-lazyload\" width=\"970\" height=\"400\" data-lazyload=\"\/\/corporate.minor-hotels.com\/assets\/uploads\/2022\/12\/01133357\/nh-collection-brussels-centre-brussels.jpg\" data-no-retina> \n\t\t\t\t\t\t\t<\/rs-layer><!--\n\n\t\t\t\t\t\t\t--><rs-layer\n\t\t\t\t\t\t\t\tid=\"slider-7-slide-25-layer-2\" \n\t\t\t\t\t\t\t\tdata-type=\"text\"\n\t\t\t\t\t\t\t\tdata-color=\"#666666\"\n\t\t\t\t\t\t\t\tdata-rsp_ch=\"on\"\n\t\t\t\t\t\t\t\tdata-xy=\"x:r,r,r,c;yo:299px,299px,299px,177px;\"\n\t\t\t\t\t\t\t\tdata-text=\"w:normal;s:20,20,20,20;l:25,25,25,28;a:center;\"\n\t\t\t\t\t\t\t\tdata-dim=\"w:446px,446px,446px,420px;\"\n\t\t\t\t\t\t\t\tdata-frame_999=\"o:0;st:w;\"\n\t\t\t\t\t\t\t\tstyle=\"z-index:6;font-family:'Roboto';background:rgba(255,255,255,0.7);padding:15px 20px;\"\n\t\t\t\t\t\t\t>NH Collection Brussels Centre, Brussels \n\t\t\t\t\t\t\t<\/rs-layer><!--\n-->\t\t\t\t\t\t<\/rs-slide>\n\t\t\t\t\t\t<rs-slide style=\"position: absolute;\" data-key=\"rs-26\" data-title=\"Slide\" data-in=\"o:0;\" data-out=\"a:false;\">\n\t\t\t\t\t\t\t<img decoding=\"async\" src=\"\/\/corporate.minor-hotels.com\/assets\/plugins\/revslider\/public\/assets\/assets\/dummy.png\" alt=\"Slide\" title=\"NH Collection\" class=\"rev-slidebg tp-rs-img rs-lazyload\" data-lazyload=\"\/\/corporate.minor-hotels.com\/assets\/plugins\/revslider\/public\/assets\/assets\/transparent.png\" data-no-retina>\n<!--\n\t\t\t\t\t\t\t--><rs-layer\n\t\t\t\t\t\t\t\tid=\"slider-7-slide-26-layer-1\" \n\t\t\t\t\t\t\t\tdata-type=\"image\"\n\t\t\t\t\t\t\t\tdata-rsp_ch=\"on\"\n\t\t\t\t\t\t\t\tdata-xy=\"x:c;y:m;\"\n\t\t\t\t\t\t\t\tdata-text=\"w:normal;s:20,20,20,9;l:0,0,0,12;\"\n\t\t\t\t\t\t\t\tdata-dim=\"w:970px,970px,970px,480px;h:400px,400px,400px,197px;\"\n\t\t\t\t\t\t\t\tdata-frame_999=\"o:0;st:w;\"\n\t\t\t\t\t\t\t\tstyle=\"z-index:5;\"\n\t\t\t\t\t\t\t><img decoding=\"async\" src=\"\/\/corporate.minor-hotels.com\/assets\/plugins\/revslider\/public\/assets\/assets\/dummy.png\" alt=\"\" class=\"tp-rs-img rs-lazyload\" width=\"970\" height=\"400\" data-lazyload=\"\/\/corporate.minor-hotels.com\/assets\/uploads\/2022\/12\/01133355\/nh-collection-berlin-friedrichstrasse-berlin.jpg\" data-no-retina> \n\t\t\t\t\t\t\t<\/rs-layer><!--\n\n\t\t\t\t\t\t\t--><rs-layer\n\t\t\t\t\t\t\t\tid=\"slider-7-slide-26-layer-2\" \n\t\t\t\t\t\t\t\tdata-type=\"text\"\n\t\t\t\t\t\t\t\tdata-color=\"#666666\"\n\t\t\t\t\t\t\t\tdata-rsp_ch=\"on\"\n\t\t\t\t\t\t\t\tdata-xy=\"x:r,r,r,c;yo:299px,299px,299px,177px;\"\n\t\t\t\t\t\t\t\tdata-text=\"w:normal;s:20,20,20,20;l:25,25,25,28;a:center;\"\n\t\t\t\t\t\t\t\tdata-dim=\"w:446px,446px,446px,470px;\"\n\t\t\t\t\t\t\t\tdata-frame_999=\"o:0;st:w;\"\n\t\t\t\t\t\t\t\tstyle=\"z-index:6;font-family:'Roboto';background:rgba(255,255,255,0.7);padding:15px 20px;\"\n\t\t\t\t\t\t\t>NH Collection Berlin Friedrichstrasse, Berlin \n\t\t\t\t\t\t\t<\/rs-layer><!--\n-->\t\t\t\t\t\t<\/rs-slide>\n\t\t\t\t\t<\/rs-slides>\n\t\t\t\t<\/rs-module>\n\t\t\t\t<script>\n\t\t\t\t\tsetREVStartSize({c: 'rev_slider_7_1',rl:[1240,1240,1240,480],el:[400,400,400,300],gw:[970,970,970,480],gh:[400,400,400,300],type:'standard',justify:'',layout:'fullwidth',mh:\"0\"});if (window.RS_MODULES!==undefined && window.RS_MODULES.modules!==undefined && window.RS_MODULES.modules[\"revslider71\"]!==undefined) {window.RS_MODULES.modules[\"revslider71\"].once = false;window.revapi7 = undefined;if (window.RS_MODULES.checkMinimal!==undefined) window.RS_MODULES.checkMinimal()}\n\t\t\t\t<\/script>\n\t\t\t<\/rs-module-wrap>\n\t\t\t<!-- END REVOLUTION SLIDER -->\n<\/div>\n<\/div>\n<\/div>\n\n\n\n<div class=\"wp-block-columns is-layout-flex wp-container-core-columns-is-layout-9d6595d7 wp-block-columns-is-layout-flex\">\n<div class=\"wp-block-column is-layout-flow wp-block-column-is-layout-flow\">\n<p><strong><em>F<\/em><em>eel special<\/em><\/strong><\/p>\n<p>Dentro del segmento premium, NH Collection cuenta con hoteles situados en las principales capitales de Europa y Latinoam\u00e9rica. Hoteles que sorprenden a los hu\u00e9spedes ofreci\u00e9ndoles m\u00e1s de lo que esperan. Estos establecimientos conservan su autenticidad manteniendo un toque local e inspirador para el cliente y en los que se cuida cada detalle, para conseguir una experiencia \u00fanica. Cuentan con excelentes est\u00e1ndares de confort, oferta amplia y variada de servicios y atenci\u00f3n personalizada con todo tipo de facilidades para asegurar la m\u00e1xima satisfacci\u00f3n. Espacios adecuados para todo tipo de actividades MICE.<\/p>\n<\/div>\n<\/div>\n","protected":false},"excerpt":{"rendered":"<p>NH Collection NH Collection Hotels presente en 13 pa\u00edses Reserva tu habitaci\u00f3n&nbsp;\u00bb Feel special Dentro del segmento premium, NH Collection cuenta con hoteles situados en las principales capitales de Europa y Latinoam\u00e9rica. Hoteles que sorprenden a los hu\u00e9spedes ofreci\u00e9ndoles m\u00e1s de lo que esperan. Estos establecimientos conservan su autenticidad manteniendo un toque local e inspirador [&hellip;]<\/p>\n","protected":false},"author":3,"featured_media":0,"parent":17854,"menu_order":0,"comment_status":"closed","ping_status":"closed","template":"","meta":{"_acf_changed":false,"footnotes":""},"class_list":["post-17898","page","type-page","status-publish","hentry"],"acf":[],"_links":{"self":[{"href":"https:\/\/corporate.minor-hotels.com\/es\/wp-json\/wp\/v2\/pages\/17898","targetHints":{"allow":["GET"]}}],"collection":[{"href":"https:\/\/corporate.minor-hotels.com\/es\/wp-json\/wp\/v2\/pages"}],"about":[{"href":"https:\/\/corporate.minor-hotels.com\/es\/wp-json\/wp\/v2\/types\/page"}],"author":[{"embeddable":true,"href":"https:\/\/corporate.minor-hotels.com\/es\/wp-json\/wp\/v2\/users\/3"}],"replies":[{"embeddable":true,"href":"https:\/\/corporate.minor-hotels.com\/es\/wp-json\/wp\/v2\/comments?post=17898"}],"version-history":[{"count":3,"href":"https:\/\/corporate.minor-hotels.com\/es\/wp-json\/wp\/v2\/pages\/17898\/revisions"}],"predecessor-version":[{"id":17995,"href":"https:\/\/corporate.minor-hotels.com\/es\/wp-json\/wp\/v2\/pages\/17898\/revisions\/17995"}],"up":[{"embeddable":true,"href":"https:\/\/corporate.minor-hotels.com\/es\/wp-json\/wp\/v2\/pages\/17854"}],"wp:attachment":[{"href":"https:\/\/corporate.minor-hotels.com\/es\/wp-json\/wp\/v2\/media?parent=17898"}],"curies":[{"name":"wp","href":"https:\/\/api.w.org\/{rel}","templated":true}]}}