{"id":17890,"date":"2022-11-16T18:12:34","date_gmt":"2022-11-16T17:12:34","guid":{"rendered":"https:\/\/www.nh-hotels.com\/corporate\/?page_id=17890"},"modified":"2025-11-27T18:51:08","modified_gmt":"2025-11-27T17:51:08","slug":"rincon-del-accionista","status":"publish","type":"page","link":"https:\/\/corporate.minor-hotels.com\/es\/accionistas-e-inversores\/rincon-del-accionista","title":{"rendered":"Rinc\u00f3n del accionista"},"content":{"rendered":"\n<div class=\"wp-block-columns container is-layout-flex wp-container-core-columns-is-layout-9d6595d7 wp-block-columns-is-layout-flex\">\n<div class=\"wp-block-column is-layout-flow wp-block-column-is-layout-flow\">\n<h1 class=\"wp-block-heading\">Rinc\u00f3n del accionista<\/h1>\n\n\n\n<div class=\"wp-block-columns is-layout-flex wp-container-core-columns-is-layout-9d6595d7 wp-block-columns-is-layout-flex\">\n<div class=\"wp-block-column is-layout-flow wp-block-column-is-layout-flow\" style=\"flex-basis:50%\">\n<div class=\"wp-block-group paddingfull has-white-color has-text-color has-background\" style=\"background-color:#a49b89cc\"><div class=\"wp-block-group__inner-container is-layout-constrained wp-block-group-is-layout-constrained\">\n<h2 class=\"wp-block-heading\">Informaci\u00f3n de contacto<\/h2>\n\n\n\n<p><strong>Departamento de \u00abRelaci\u00f3n con Inversores\u00bb<\/strong><br \/>C\/ Santa Engracia 120<br \/>28003 Madrid<br \/>Tel\u00e9fono: +34 913 960 502<br \/>E-mail: <a href=\"mailto:investor.relations@minor-hotels.com\">investor.relations@minor-hotels.com<\/a><\/p>\n<p><strong><a href=\"https:\/\/corporate.minor-hotels.com\/assets\/uploads\/2022\/12\/09145148\/politica_de_comunicacion_y_contactos_con_accionistas.pdf\" target=\"_blank\" rel=\"noopener\">Pol\u00edtica de Comunicaci\u00f3n con accionistas e inversores<\/a><\/strong><\/p>\n<\/div><\/div>\n<\/div>\n<\/div>\n<\/div>\n<\/div>\n","protected":false},"excerpt":{"rendered":"<p>Rinc\u00f3n del accionista Informaci\u00f3n de contacto Departamento de \u00abRelaci\u00f3n con Inversores\u00bbC\/ Santa Engracia 12028003 MadridTel\u00e9fono: +34 913 960 502E-mail: investor.relations@minor-hotels.com Pol\u00edtica de Comunicaci\u00f3n con accionistas e inversores<\/p>\n","protected":false},"author":30,"featured_media":0,"parent":17830,"menu_order":0,"comment_status":"closed","ping_status":"closed","template":"","meta":{"_acf_changed":false,"footnotes":""},"class_list":["post-17890","page","type-page","status-publish","hentry"],"acf":[],"_links":{"self":[{"href":"https:\/\/corporate.minor-hotels.com\/es\/wp-json\/wp\/v2\/pages\/17890","targetHints":{"allow":["GET"]}}],"collection":[{"href":"https:\/\/corporate.minor-hotels.com\/es\/wp-json\/wp\/v2\/pages"}],"about":[{"href":"https:\/\/corporate.minor-hotels.com\/es\/wp-json\/wp\/v2\/types\/page"}],"author":[{"embeddable":true,"href":"https:\/\/corporate.minor-hotels.com\/es\/wp-json\/wp\/v2\/users\/30"}],"replies":[{"embeddable":true,"href":"https:\/\/corporate.minor-hotels.com\/es\/wp-json\/wp\/v2\/comments?post=17890"}],"version-history":[{"count":29,"href":"https:\/\/corporate.minor-hotels.com\/es\/wp-json\/wp\/v2\/pages\/17890\/revisions"}],"predecessor-version":[{"id":24255,"href":"https:\/\/corporate.minor-hotels.com\/es\/wp-json\/wp\/v2\/pages\/17890\/revisions\/24255"}],"up":[{"embeddable":true,"href":"https:\/\/corporate.minor-hotels.com\/es\/wp-json\/wp\/v2\/pages\/17830"}],"wp:attachment":[{"href":"https:\/\/corporate.minor-hotels.com\/es\/wp-json\/wp\/v2\/media?parent=17890"}],"curies":[{"name":"wp","href":"https:\/\/api.w.org\/{rel}","templated":true}]}}