{"id":17871,"date":"2022-11-16T18:19:09","date_gmt":"2022-11-16T17:19:09","guid":{"rendered":"https:\/\/www.nh-hotels.com\/corporate\/?page_id=17871"},"modified":"2023-06-26T09:32:38","modified_gmt":"2023-06-26T07:32:38","slug":"que-nos-diferencia","status":"publish","type":"page","link":"https:\/\/corporate.minor-hotels.com\/es\/expansion\/que-nos-diferencia","title":{"rendered":"Qu\u00e9 nos diferencia"},"content":{"rendered":"\n<h1 class=\"wp-block-heading\">Qu\u00e9 nos diferencia<\/h1>\n\n\n\n<div class=\"wp-block-columns is-layout-flex wp-container-core-columns-is-layout-9d6595d7 wp-block-columns-is-layout-flex\">\n<div class=\"wp-block-column is-layout-flow wp-block-column-is-layout-flow\">\n<p><em>\u00abAlg\u00fan d\u00eda, cuando alguien viaje a una ciudad, por negocio o por ocio, se preguntar\u00e1&#8230;\u00bfhay un NH en mi destino?\u00bb<\/em><\/p>\n<p><strong><em>Bienvenido,<\/em><\/strong><\/p>\n<p><em>Me complace darle a conocer de primera mano las fortalezas de NH Hotel Group, un consolidado operador de confianza, que cuenta con una red multinacional de cerca de 400 hoteles y es un referente en atenci\u00f3n y servicio con m\u00e1s de 35 a\u00f1os de experiencia.<\/em><\/p>\n<p><em>La satisfacci\u00f3n de cada cliente es nuestra principal motivaci\u00f3n y para conseguirla estamos orgullosos de contar con los mejores profesionales, preparados para garantizar un excelente servicio. Su compromiso y constante dedicaci\u00f3n es algo que valoran nuestros clientes y propietarios.<\/em><\/p>\n<p><em>Somos anfitriones de m\u00e1s de diecis\u00e9is millones de clientes al a\u00f1o, a los que ofrecemos la mejor relaci\u00f3n calidad-precio en localizaciones privilegiadas de los principales destinos de Europa y Latinoam\u00e9rica, y nuestra voluntad es trabajar para seguir desarroll\u00e1ndonos y creciendo.<\/em><\/p>\n<p><em>Impulsamos nuestra organizaci\u00f3n con eficientes herramientas de gesti\u00f3n y una poderosa red de distribuci\u00f3n y comercializaci\u00f3n, que nos permite ser altamente competitivos.<\/em><\/p>\n<p><em>Disponemos de soluciones que se adaptan a la manera de vivir, trabajar e interactuar de nuestros clientes, haciendo que su experiencia sea memorable y esforz\u00e1ndonos para hacerles sentir especiales y superar sus expectativas.<\/em><\/p>\n<p><em>Y todo ello lo hacemos porque tenemos la ambici\u00f3n de que un d\u00eda, cuando alguien planifique un viaje o una reuni\u00f3n en una ciudad, por negocio o por ocio, siempre se preguntar\u00e1: \u201c\u00bfHay un NH en mi destino?\u201d.<\/em><\/p>\n<p><em>A lo largo de las siguientes p\u00e1ginas le invito a que nos conozca en profundidad y a que descubra las oportunidades y la flexibilidad que NH Hotel Group le ofrece.<\/em><\/p>\n<p><em>Espero que se una a este proyecto que tanto nos ilusiona a los 19.000 empleados de la cadena. Nuestra ventaja competitiva es que \u201ca nosotros nos gusta y disfrutamos de lo que hacemos\u201d. M\u00e1s all\u00e1 de un negocio, nos encanta dar servicio, nos encanta que la gente sonr\u00eda y nos encanta sorprender.<\/em><\/p>\n<p><\/p>\n<p><em>Muchas gracias,<\/em><\/p>\n<p><em>NH Hotel Group<\/em><\/p>\n<\/div>\n<\/div>\n\n\n\n<div class=\"wp-block-columns is-layout-flex wp-container-core-columns-is-layout-9d6595d7 wp-block-columns-is-layout-flex\">\n<div class=\"wp-block-column is-layout-flow wp-block-column-is-layout-flow\">\n<h2 class=\"wp-block-heading\"><strong><a href=\"\/es\/corporate\/expansion\/que-nos-diferencia\/que-ofrecemos\">Qu\u00e9 ofrecemos<\/a><\/strong><\/h2>\n\n\n\n<figure class=\"wp-block-image size-full\"><a href=\"\/es\/corporate\/expansion\/que-nos-diferencia\/que-ofrecemos\"><img loading=\"lazy\" decoding=\"async\" width=\"400\" height=\"160\" src=\"https:\/\/corporate.minor-hotels.com\/assets\/uploads\/2022\/11\/17123108\/que-ofrecemos.jpg\" alt=\"\" class=\"wp-image-14348\" srcset=\"https:\/\/corporate.minor-hotels.com\/assets\/uploads\/2022\/11\/17123108\/que-ofrecemos.jpg 400w, https:\/\/corporate.minor-hotels.com\/assets\/uploads\/2022\/11\/17123108\/que-ofrecemos-300x120.jpg 300w\" sizes=\"auto, (max-width: 400px) 100vw, 400px\" \/><\/a><\/figure>\n<\/div>\n\n\n\n<div class=\"wp-block-column is-layout-flow wp-block-column-is-layout-flow\">\n<h2 class=\"wp-block-heading\"><strong><a href=\"\/es\/corporate\/expansion\/que-nos-diferencia\/nuestra-gestion\">Nuestra gesti\u00f3n<\/a><\/strong><\/h2>\n\n\n\n<figure class=\"wp-block-image size-full\"><a href=\"\/es\/corporate\/expansion\/que-nos-diferencia\/nuestra-gestion\"><img loading=\"lazy\" decoding=\"async\" width=\"400\" height=\"160\" src=\"https:\/\/corporate.minor-hotels.com\/assets\/uploads\/2022\/11\/17123232\/nuestra-gestion.jpg\" alt=\"\" class=\"wp-image-14354\" srcset=\"https:\/\/corporate.minor-hotels.com\/assets\/uploads\/2022\/11\/17123232\/nuestra-gestion.jpg 400w, https:\/\/corporate.minor-hotels.com\/assets\/uploads\/2022\/11\/17123232\/nuestra-gestion-300x120.jpg 300w\" sizes=\"auto, (max-width: 400px) 100vw, 400px\" \/><\/a><\/figure>\n<\/div>\n\n\n\n<div class=\"wp-block-column is-layout-flow wp-block-column-is-layout-flow\">\n<h2 class=\"wp-block-heading\"><strong><a href=\"\/es\/corporate\/expansion\/que-nos-diferencia\/como-lo-hacemos\">C\u00f3mo lo hacemos<\/a><\/strong><\/h2>\n\n\n\n<figure class=\"wp-block-image size-full\"><a href=\"\/es\/corporate\/expansion\/que-nos-diferencia\/como-lo-hacemos\"><img loading=\"lazy\" decoding=\"async\" width=\"400\" height=\"160\" src=\"https:\/\/corporate.minor-hotels.com\/assets\/uploads\/2022\/11\/17123315\/como-hacemos.jpg\" alt=\"\" class=\"wp-image-14360\" srcset=\"https:\/\/corporate.minor-hotels.com\/assets\/uploads\/2022\/11\/17123315\/como-hacemos.jpg 400w, https:\/\/corporate.minor-hotels.com\/assets\/uploads\/2022\/11\/17123315\/como-hacemos-300x120.jpg 300w\" sizes=\"auto, (max-width: 400px) 100vw, 400px\" \/><\/a><\/figure>\n<\/div>\n<\/div>\n","protected":false},"excerpt":{"rendered":"<p>Qu\u00e9 nos diferencia \u00abAlg\u00fan d\u00eda, cuando alguien viaje a una ciudad, por negocio o por ocio, se preguntar\u00e1&#8230;\u00bfhay un NH en mi destino?\u00bb Bienvenido, Me complace darle a conocer de primera mano las fortalezas de NH Hotel Group, un consolidado operador de confianza, que cuenta con una red multinacional de cerca de 400 hoteles y [&hellip;]<\/p>\n","protected":false},"author":3,"featured_media":0,"parent":17815,"menu_order":0,"comment_status":"closed","ping_status":"closed","template":"","meta":{"_acf_changed":false,"footnotes":""},"class_list":["post-17871","page","type-page","status-publish","hentry"],"acf":[],"_links":{"self":[{"href":"https:\/\/corporate.minor-hotels.com\/es\/wp-json\/wp\/v2\/pages\/17871","targetHints":{"allow":["GET"]}}],"collection":[{"href":"https:\/\/corporate.minor-hotels.com\/es\/wp-json\/wp\/v2\/pages"}],"about":[{"href":"https:\/\/corporate.minor-hotels.com\/es\/wp-json\/wp\/v2\/types\/page"}],"author":[{"embeddable":true,"href":"https:\/\/corporate.minor-hotels.com\/es\/wp-json\/wp\/v2\/users\/3"}],"replies":[{"embeddable":true,"href":"https:\/\/corporate.minor-hotels.com\/es\/wp-json\/wp\/v2\/comments?post=17871"}],"version-history":[{"count":3,"href":"https:\/\/corporate.minor-hotels.com\/es\/wp-json\/wp\/v2\/pages\/17871\/revisions"}],"predecessor-version":[{"id":20930,"href":"https:\/\/corporate.minor-hotels.com\/es\/wp-json\/wp\/v2\/pages\/17871\/revisions\/20930"}],"up":[{"embeddable":true,"href":"https:\/\/corporate.minor-hotels.com\/es\/wp-json\/wp\/v2\/pages\/17815"}],"wp:attachment":[{"href":"https:\/\/corporate.minor-hotels.com\/es\/wp-json\/wp\/v2\/media?parent=17871"}],"curies":[{"name":"wp","href":"https:\/\/api.w.org\/{rel}","templated":true}]}}