{"id":17870,"date":"2022-11-16T18:20:40","date_gmt":"2022-11-16T17:20:40","guid":{"rendered":"https:\/\/www.nh-hotels.com\/corporate\/?page_id=17870"},"modified":"2023-09-14T14:48:16","modified_gmt":"2023-09-14T12:48:16","slug":"contacto","status":"publish","type":"page","link":"https:\/\/corporate.minor-hotels.com\/es\/expansion\/contacto","title":{"rendered":"Contacto"},"content":{"rendered":"\n<h1 class=\"wp-block-heading\">Contacto<\/h1>\n\n\n\n<div class=\"wp-block-columns is-layout-flex wp-container-core-columns-is-layout-9d6595d7 wp-block-columns-is-layout-flex\">\n<div class=\"wp-block-column is-layout-flow wp-block-column-is-layout-flow\">\n<div class=\"builder-content-wrapper\">\n<div class=\"builder-content-inner\">\n<div class=\"builder-content builder-content-builder builder-content-builder-custom-heading\">\n<div class=\"builder-content\">\n<h2 id=\"builder-content-heading-3\" class=\"builder-content-custom-heading\">Le invitamos a que forme parte de nuestro proyecto<\/h2>\n<\/div>\n<\/div>\n<\/div>\n<\/div>\n<p>Sea parte de la experiencia NH y s\u00famese a la gesti\u00f3n m\u00e1s emprendedora.<\/p>\n<p>Beneficiese del liderazgo y de la mayor calidad de servicio<\/p>\n<div class=\"builder-content-wrapper\">\n<div class=\"builder-content-inner\">\n<div class=\"builder-content builder-content-builder builder-content-builder-custom-text\">\n<div class=\"builder-content\">\n<h3><strong>EUROPA<\/strong><\/h3>\n<p>Departamento Expansi\u00f3n<\/p>\n<p>Santa Engracia, 120<\/p>\n<p>28003 &#8211; Madrid<\/p>\n<p>T: +34 91 451 97 18<\/p>\n<p>development@nh-hotels.com<\/p>\n<\/div>\n<\/div>\n<\/div>\n<\/div>\n<div class=\"builder-content-wrapper\">\n<div class=\"builder-content-inner\">\n<div class=\"builder-content builder-content-builder builder-content-builder-custom-text\">\n<h3 class=\"builder-content-title\"><strong style=\"font-size: revert; color: initial;\">AM\u00c9RICA<\/strong><\/h3>\n<div class=\"builder-content\">\n<p>Departamento Expansi\u00f3n<\/p>\n<p>NH Collection Mexico City Reforma<\/p>\n<p>Liverpool 155, Zona Rosa, Col. Juarez<\/p>\n<p>06600 &#8211; M\u00e9xico, D.F.<\/p>\n<p>T: +52 55 52617700<\/p>\n<p>development@nh-hotels.com<\/p>\n<\/div>\n<\/div>\n<\/div>\n<\/div>\n<div class=\"builder-content-wrapper\">\n<div class=\"builder-content-inner\">\n<div class=\"builder-content builder-content-builder builder-content-builder-custom-text\">\n<h3 class=\"builder-content-title\"><strong style=\"font-size: revert; color: initial;\">WEBSITES DE INTER\u00c9S:<\/strong><\/h3>\n<div class=\"builder-content\">\n<p>Website Comercial:&nbsp;<a href=\"https:\/\/www.nh-hotels.com\/es\">https:\/\/www.nh-hotels.com\/es<\/a><\/p>\n<p>Website Corporativa:&nbsp;<a href=\"https:\/\/corporate.minor-hotels.com\/es\">https:\/\/corporate.minor-hotels.com\/es\/<\/a><\/p>\n<p>Website Medioambiente:&nbsp;<a href=\"https:\/\/medioambiente.nh-hoteles.es\/\" target=\"_blank\" rel=\"noopener\">https:\/\/medioambiente.nh-hoteles.es<\/a><\/p>\n<\/div>\n<\/div>\n<\/div>\n<\/div>\n<\/div>\n<\/div>\n","protected":false},"excerpt":{"rendered":"<p>Contacto Le invitamos a que forme parte de nuestro proyecto Sea parte de la experiencia NH y s\u00famese a la gesti\u00f3n m\u00e1s emprendedora. Beneficiese del liderazgo y de la mayor calidad de servicio EUROPA Departamento Expansi\u00f3n Santa Engracia, 120 28003 &#8211; Madrid T: +34 91 451 97 18 development@nh-hotels.com AM\u00c9RICA Departamento Expansi\u00f3n NH Collection Mexico [&hellip;]<\/p>\n","protected":false},"author":3,"featured_media":0,"parent":17815,"menu_order":0,"comment_status":"closed","ping_status":"closed","template":"","meta":{"_acf_changed":false,"footnotes":""},"class_list":["post-17870","page","type-page","status-publish","hentry"],"acf":[],"_links":{"self":[{"href":"https:\/\/corporate.minor-hotels.com\/es\/wp-json\/wp\/v2\/pages\/17870","targetHints":{"allow":["GET"]}}],"collection":[{"href":"https:\/\/corporate.minor-hotels.com\/es\/wp-json\/wp\/v2\/pages"}],"about":[{"href":"https:\/\/corporate.minor-hotels.com\/es\/wp-json\/wp\/v2\/types\/page"}],"author":[{"embeddable":true,"href":"https:\/\/corporate.minor-hotels.com\/es\/wp-json\/wp\/v2\/users\/3"}],"replies":[{"embeddable":true,"href":"https:\/\/corporate.minor-hotels.com\/es\/wp-json\/wp\/v2\/comments?post=17870"}],"version-history":[{"count":5,"href":"https:\/\/corporate.minor-hotels.com\/es\/wp-json\/wp\/v2\/pages\/17870\/revisions"}],"predecessor-version":[{"id":21763,"href":"https:\/\/corporate.minor-hotels.com\/es\/wp-json\/wp\/v2\/pages\/17870\/revisions\/21763"}],"up":[{"embeddable":true,"href":"https:\/\/corporate.minor-hotels.com\/es\/wp-json\/wp\/v2\/pages\/17815"}],"wp:attachment":[{"href":"https:\/\/corporate.minor-hotels.com\/es\/wp-json\/wp\/v2\/media?parent=17870"}],"curies":[{"name":"wp","href":"https:\/\/api.w.org\/{rel}","templated":true}]}}