{"id":17869,"date":"2022-11-16T18:20:06","date_gmt":"2022-11-16T17:20:06","guid":{"rendered":"https:\/\/www.nh-hotels.com\/corporate\/?page_id=17869"},"modified":"2023-06-26T09:51:06","modified_gmt":"2023-06-26T07:51:06","slug":"capacidad-operativa","status":"publish","type":"page","link":"https:\/\/corporate.minor-hotels.com\/es\/expansion\/capacidad-operativa","title":{"rendered":"Capacidad operativa"},"content":{"rendered":"\n<h1 class=\"wp-block-heading\">Capacidad operativa<\/h1>\n\n\n\n<div class=\"wp-block-columns is-layout-flex wp-container-core-columns-is-layout-9d6595d7 wp-block-columns-is-layout-flex\">\n<div class=\"wp-block-column is-layout-flow wp-block-column-is-layout-flow\">\n<p>EXCELENTES RATIOS OPERACIONALES GRACIAS A UN EQUIPO DE GRANDES PROFESIONALES<\/p>\n<p>Nuestra capacidad operativa y de organizaci\u00f3n son los principales pilares de competitividad de NH Hotel Group. Estamos organizados en unidades de negocio descentralizadas que permiten ofrecer servicios de forma eficiente y con una excelente relaci\u00f3n calidad\/precio.<\/p>\n<p>Esta capacidad operativa se traduce en la consecuci\u00f3n de unos ratios operacionales excelentes, entre los que destacan la consecuci\u00f3n de unos niveles de GOP l\u00edderes en la industria.<\/p>\n<p>ADEM\u00c1S, NOS DIFERENCIAMOS POR NUESTRA EFICIENCIA, FLEXIBILIDAD Y ORIENTACI\u00d3NAL CLIENTE<\/p>\n<p>Los profesionales de NH se caracterizan por su excelencia en el servicio y su compromiso con la empresa. Prueba de ello son los excelentes ratings de servicio y que NH aparezca como una de las mejores empresas para trabajar.<\/p>\n<p>Para conseguirlo contratamos a los mejores profesionales y tenemos un proceso de formaci\u00f3n continuada propio. Contamos con una Universidad Corporativa \u201cNH University\u201d que se encarga de impartir formaci\u00f3n a todos los empleados anualmente<\/p>\n<\/div>\n<\/div>\n\n\n\n<div class=\"wp-block-columns container is-layout-flex wp-container-core-columns-is-layout-9d6595d7 wp-block-columns-is-layout-flex\">\n<div class=\"wp-block-column is-layout-flow wp-block-column-is-layout-flow\">\n<h2 class=\"wp-block-heading\"><strong><a href=\"\/es\/corporate\/expansion\/capacidad-operativa\/equipo-tecnico\">Equipo t\u00e9cnico<\/a><\/strong><\/h2>\n\n\n\n<figure class=\"wp-block-image size-full\"><a href=\"\/es\/corporate\/expansion\/capacidad-operativa\/equipo-tecnico\"><img loading=\"lazy\" decoding=\"async\" width=\"600\" height=\"390\" src=\"https:\/\/corporate.minor-hotels.com\/assets\/uploads\/2022\/11\/30185332\/co-equipotecnico_1.jpg\" alt=\"\" class=\"wp-image-16413\" srcset=\"https:\/\/corporate.minor-hotels.com\/assets\/uploads\/2022\/11\/30185332\/co-equipotecnico_1.jpg 600w, https:\/\/corporate.minor-hotels.com\/assets\/uploads\/2022\/11\/30185332\/co-equipotecnico_1-300x195.jpg 300w\" sizes=\"auto, (max-width: 600px) 100vw, 600px\" \/><\/a><\/figure>\n<\/div>\n\n\n\n<div class=\"wp-block-column is-layout-flow wp-block-column-is-layout-flow\">\n<h2 class=\"wp-block-heading\"><strong><a href=\"\/es\/corporate\/expansion\/capacidad-operativa\/central-de-compras\">Central de compras<\/a><\/strong><\/h2>\n\n\n\n<figure class=\"wp-block-image size-full\"><a href=\"\/es\/corporate\/expansion\/capacidad-operativa\/central-de-compras\"><img loading=\"lazy\" decoding=\"async\" width=\"600\" height=\"390\" src=\"https:\/\/corporate.minor-hotels.com\/assets\/uploads\/2022\/11\/30185356\/co-central-de-compras_1.jpg\" alt=\"\" class=\"wp-image-16419\" srcset=\"https:\/\/corporate.minor-hotels.com\/assets\/uploads\/2022\/11\/30185356\/co-central-de-compras_1.jpg 600w, https:\/\/corporate.minor-hotels.com\/assets\/uploads\/2022\/11\/30185356\/co-central-de-compras_1-300x195.jpg 300w\" sizes=\"auto, (max-width: 600px) 100vw, 600px\" \/><\/a><\/figure>\n<\/div>\n\n\n\n<div class=\"wp-block-column is-layout-flow wp-block-column-is-layout-flow\">\n<h2 class=\"wp-block-heading\"><strong><a href=\"\/es\/corporate\/expansion\/capacidad-operativa\/historias-de-exito\">Historias de \u00e9xito<\/a><\/strong><\/h2>\n\n\n\n<figure class=\"wp-block-image size-full\"><a href=\"\/es\/corporate\/expansion\/capacidad-operativa\/historias-de-exito\"><img loading=\"lazy\" decoding=\"async\" width=\"600\" height=\"390\" src=\"https:\/\/corporate.minor-hotels.com\/assets\/uploads\/2022\/11\/30185415\/co-historias-de-exito_1.jpg\" alt=\"\" class=\"wp-image-16425\" srcset=\"https:\/\/corporate.minor-hotels.com\/assets\/uploads\/2022\/11\/30185415\/co-historias-de-exito_1.jpg 600w, https:\/\/corporate.minor-hotels.com\/assets\/uploads\/2022\/11\/30185415\/co-historias-de-exito_1-300x195.jpg 300w\" sizes=\"auto, (max-width: 600px) 100vw, 600px\" \/><\/a><\/figure>\n<\/div>\n<\/div>\n\n\n\n<div class=\"wp-block-columns container is-layout-flex wp-container-core-columns-is-layout-9d6595d7 wp-block-columns-is-layout-flex\">\n<div class=\"wp-block-column is-layout-flow wp-block-column-is-layout-flow\">\n<h2 class=\"wp-block-heading\"><strong><a href=\"\/es\/corporate\/expansion\/capacidad-operativa\/los-mejores-profesionales\">Los mejores profesionales<\/a><\/strong><\/h2>\n\n\n\n<figure class=\"wp-block-image size-full\"><a href=\"\/es\/corporate\/expansion\/capacidad-operativa\/los-mejores-profesionales\"><img loading=\"lazy\" decoding=\"async\" width=\"600\" height=\"390\" src=\"https:\/\/corporate.minor-hotels.com\/assets\/uploads\/2022\/11\/30185624\/co-los-mejores-profesionales_1.jpg\" alt=\"\" class=\"wp-image-16431\" srcset=\"https:\/\/corporate.minor-hotels.com\/assets\/uploads\/2022\/11\/30185624\/co-los-mejores-profesionales_1.jpg 600w, https:\/\/corporate.minor-hotels.com\/assets\/uploads\/2022\/11\/30185624\/co-los-mejores-profesionales_1-300x195.jpg 300w\" sizes=\"auto, (max-width: 600px) 100vw, 600px\" \/><\/a><\/figure>\n<\/div>\n\n\n\n<div class=\"wp-block-column is-layout-flow wp-block-column-is-layout-flow\">\n<h2 class=\"wp-block-heading\"><strong><a href=\"\/es\/corporate\/expansion\/capacidad-operativa\/maximo-nivel-de-servicio\"><\/a><a href=\"https:\/\/corporate.minor-hotels.com\/es\/expansion\/capacidad-operativa\/maximo-nivel-de-servicio\">M\u00e1ximo nivel de servicio<\/a><\/strong><\/h2>\n\n\n\n<figure class=\"wp-block-image size-full\"><a href=\"\/es\/corporate\/expansion\/capacidad-operativa\/maximo-nivel-de-servicio\"><img loading=\"lazy\" decoding=\"async\" width=\"600\" height=\"390\" src=\"https:\/\/corporate.minor-hotels.com\/assets\/uploads\/2022\/11\/30185732\/co-maximo-nivel-de-servicio_1.jpg\" alt=\"\" class=\"wp-image-16443\" srcset=\"https:\/\/corporate.minor-hotels.com\/assets\/uploads\/2022\/11\/30185732\/co-maximo-nivel-de-servicio_1.jpg 600w, https:\/\/corporate.minor-hotels.com\/assets\/uploads\/2022\/11\/30185732\/co-maximo-nivel-de-servicio_1-300x195.jpg 300w\" sizes=\"auto, (max-width: 600px) 100vw, 600px\" \/><\/a><\/figure>\n<\/div>\n\n\n\n<div class=\"wp-block-column is-layout-flow wp-block-column-is-layout-flow\">\n<h2 class=\"wp-block-heading\"><\/h2>\n<\/div>\n<\/div>\n","protected":false},"excerpt":{"rendered":"<p>Capacidad operativa EXCELENTES RATIOS OPERACIONALES GRACIAS A UN EQUIPO DE GRANDES PROFESIONALES Nuestra capacidad operativa y de organizaci\u00f3n son los principales pilares de competitividad de NH Hotel Group. Estamos organizados en unidades de negocio descentralizadas que permiten ofrecer servicios de forma eficiente y con una excelente relaci\u00f3n calidad\/precio. Esta capacidad operativa se traduce en la [&hellip;]<\/p>\n","protected":false},"author":3,"featured_media":0,"parent":17815,"menu_order":0,"comment_status":"closed","ping_status":"closed","template":"","meta":{"_acf_changed":false,"footnotes":""},"class_list":["post-17869","page","type-page","status-publish","hentry"],"acf":[],"_links":{"self":[{"href":"https:\/\/corporate.minor-hotels.com\/es\/wp-json\/wp\/v2\/pages\/17869","targetHints":{"allow":["GET"]}}],"collection":[{"href":"https:\/\/corporate.minor-hotels.com\/es\/wp-json\/wp\/v2\/pages"}],"about":[{"href":"https:\/\/corporate.minor-hotels.com\/es\/wp-json\/wp\/v2\/types\/page"}],"author":[{"embeddable":true,"href":"https:\/\/corporate.minor-hotels.com\/es\/wp-json\/wp\/v2\/users\/3"}],"replies":[{"embeddable":true,"href":"https:\/\/corporate.minor-hotels.com\/es\/wp-json\/wp\/v2\/comments?post=17869"}],"version-history":[{"count":5,"href":"https:\/\/corporate.minor-hotels.com\/es\/wp-json\/wp\/v2\/pages\/17869\/revisions"}],"predecessor-version":[{"id":20937,"href":"https:\/\/corporate.minor-hotels.com\/es\/wp-json\/wp\/v2\/pages\/17869\/revisions\/20937"}],"up":[{"embeddable":true,"href":"https:\/\/corporate.minor-hotels.com\/es\/wp-json\/wp\/v2\/pages\/17815"}],"wp:attachment":[{"href":"https:\/\/corporate.minor-hotels.com\/es\/wp-json\/wp\/v2\/media?parent=17869"}],"curies":[{"name":"wp","href":"https:\/\/api.w.org\/{rel}","templated":true}]}}