{"id":17858,"date":"2022-11-16T18:33:05","date_gmt":"2022-11-16T17:33:05","guid":{"rendered":"https:\/\/www.nh-hotels.com\/corporate\/?page_id=17858"},"modified":"2023-03-03T12:02:41","modified_gmt":"2023-03-03T11:02:41","slug":"practicas-en-nh","status":"publish","type":"page","link":"https:\/\/corporate.minor-hotels.com\/es\/empleo\/practicas-en-nh","title":{"rendered":"Pr\u00e1cticas en NH"},"content":{"rendered":"\n<h1 class=\"wp-block-heading\">Pr\u00e1cticas en NH Hotel Group<\/h1>\n\n\n\n<div class=\"wp-block-columns is-layout-flex wp-container-core-columns-is-layout-9d6595d7 wp-block-columns-is-layout-flex\">\n<div class=\"wp-block-column is-layout-flow wp-block-column-is-layout-flow\">\n<p>El programa de pr\u00e1cticas de NH Hotel Group te abre las puertas hacia una emocionante y&nbsp;retadora experiencia en nuestra compa\u00f1\u00eda. El potencial y la actitud son nuestros criterios de&nbsp;selecci\u00f3n m\u00e1s importantes, por esa raz\u00f3n, si t\u00fa est\u00e1s interesado en unirte a una compa\u00f1\u00eda l\u00edder&nbsp;en el sector hotelero, esta es tu oportunidad<\/p>\n<p>Te ofrecemos pr\u00e1cticas en todos nuestros hoteles alrededor del mundo, y tambi\u00e9n en nuestras oficinas centrales donde existen m\u00faltiples opciones ya que tenemos m\u00e1s de 8 centros en Europa y Am\u00e9rica.<\/p>\n<p>Para poder formar parte de los procesos de selecci\u00f3n, es muy importante tener &nbsp;un nivel alto de ingl\u00e9s y conocer bien el idioma local.<\/p>\n<p>Conoce m\u00e1s sobre cada uno de los programas de pr\u00e1cticas:<\/p>\n<\/div>\n\n\n\n<div class=\"wp-block-column is-layout-flow wp-block-column-is-layout-flow\">\n<figure class=\"wp-block-image size-full\"><img loading=\"lazy\" decoding=\"async\" width=\"850\" height=\"385\" src=\"https:\/\/corporate.minor-hotels.com\/assets\/uploads\/2022\/11\/17135739\/i-programs.jpg\" alt=\"\" class=\"wp-image-14557\" srcset=\"https:\/\/corporate.minor-hotels.com\/assets\/uploads\/2022\/11\/17135739\/i-programs.jpg 850w, https:\/\/corporate.minor-hotels.com\/assets\/uploads\/2022\/11\/17135739\/i-programs-300x136.jpg 300w, https:\/\/corporate.minor-hotels.com\/assets\/uploads\/2022\/11\/17135739\/i-programs-768x348.jpg 768w\" sizes=\"auto, (max-width: 850px) 100vw, 850px\" \/><\/figure>\n<\/div>\n<\/div>\n\n\n\n<div class=\"wp-block-columns is-layout-flex wp-container-core-columns-is-layout-9d6595d7 wp-block-columns-is-layout-flex\">\n<div class=\"wp-block-column is-layout-flow wp-block-column-is-layout-flow\">\n<h2 class=\"wp-block-heading\"><strong>BU Am\u00e9rica<\/strong><\/h2>\n\n\n\n<p>Estamos comprometidos con el desarrollo del talento y comprendemos la relevancia que tienen los programas de pr\u00e1cticas en la industria hotelera. \u00a1Conoce qu\u00e9 hace de NH Hotel Group una de las compa\u00f1\u00edas hoteleras m\u00e1s importantes a nivel europeo!.<\/p>\n<p>Si eres estudiante de Administraci\u00f3n Hotelera, Turismo, Formaci\u00f3n Profesional de Cocina, Servicios, Alojamiento, Administraci\u00f3n, Mantenimiento de Instalaciones de Edificios y Electricidad, as\u00ed como de masters especialmente enfocados en la Direcci\u00f3n Hotelera, seguro que en NH encontrar\u00e1s pr\u00e1cticas adecuadas a tu perfil y expectativas.<\/p>\n<p>Contamos con programas en pr\u00e1cticamente todos los departamentos:<\/p>\n<ul>\n<li>Hotel: Departamentos de Recepci\u00f3n, Comercial, Cocina, Sala, Pisos, Servicios Generales, Reservas, Guest Relations, Mantenimiento y Direcci\u00f3n.<\/li>\n<li>Servicios Centrales: Compras, Ventas, Administraci\u00f3n, IT (Sistemas) y Recursos Humanos<\/li>\n<\/ul>\n<p>Las caracter\u00edsticas de los principales programas son:<\/p>\n<table class=\"internship\">\n<tbody>\n<tr>\n<td><strong>Pa\u00eds<\/strong><\/td>\n<td><strong>Tipo de programa de pr\u00e1cticas<\/strong><\/td>\n<td><strong>Periodo<\/strong><\/td>\n<\/tr>\n<tr>\n<td>Argentina<\/td>\n<td>Pasant\u00edas \u00abPrimeros Pasos\u00bb &nbsp;Solo en C\u00f3rdoba\/Hotel Internships \u201cFirst Steps\u201d only Cordoba<\/td>\n<td>Entre 1 a 12 meses \/Between 1 and 12 months&nbsp;<\/td>\n<\/tr>\n<tr>\n<td>Pasant\u00edas en Hotel y servicios centrales \/ Hotel &amp; Central Services Internships<\/td>\n<td>Entre 2 y 18 meses \/ Between 2 and 18 months<\/td>\n<\/tr>\n<tr>\n<td>Rep. Dominicana<\/td>\n<td>Estudiantes de Alimentos y Bebidas<\/td>\n<td>40 d\u00edas<\/td>\n<\/tr>\n<tr>\n<td>Practicantes Universitarios<\/td>\n<td>90 d\u00edas<\/td>\n<\/tr>\n<tr>\n<td>Venezuela<\/td>\n<td>Aprendices INCES<\/td>\n<td>1 a\u00f1o de teor\u00eda y 1 a\u00f1o y medio de pr\u00e1ctica<\/td>\n<\/tr>\n<tr>\n<td>Pasante Universitario<\/td>\n<td>1 a 3 meses<\/td>\n<\/tr>\n<tr>\n<td>M\u00e9xico<\/td>\n<td>Practicantes Universitarios<\/td>\n<td>De 200 a 768 horas<\/td>\n<\/tr>\n<tr>\n<td>Becarios<\/td>\n<td>Condicionado a comprobante de estudios<\/td>\n<\/tr>\n<tr>\n<td>Hait\u00ed<\/td>\n<td>Hotel Trainees<\/td>\n<td>30 dias<\/td>\n<\/tr>\n<tr>\n<td>Chile<\/td>\n<td>Pasant\u00edas \/ Internships<\/td>\n<td>Hasta 3 meses \/ Up to 3 months<\/td>\n<\/tr>\n<tr>\n<td>Uruguay<\/td>\n<td>Pasant\u00edas \/ Internships<\/td>\n<td>De 3 a 9 meses \/ From 3 &nbsp;to 9 months<\/td>\n<\/tr>\n<\/tbody>\n<\/table>\n<p>Queremos que \u00e9sta sea una experiencia memorable, que marque un antes y un despu\u00e9s en tu proceso de formaci\u00f3n y de acercamiento al mundo laboral. En NH Hotel Group disfrutamos enormemente con lo que hacemos y estamos seguros que t\u00fa tambi\u00e9n lo har\u00e1s.<\/p>\n<p><strong>Pr\u00e1cticas disponibles:<\/strong><\/p>\n<p>Empieza ya a abrir las puertas de una emocionante y retadora experiencia en nuestra compa\u00f1\u00eda.&nbsp;<a href=\"https:\/\/nhcareers.epreselec.com\/?id_idioma=1&amp;id_origen=web+corporativa\" target=\"_blank\" rel=\"nofollow noopener noreferrer\">\u00a1Env\u00edanos tu curriculum!<\/a><\/p>\n<\/div>\n<\/div>\n\n\n\n<div class=\"wp-block-columns is-layout-flex wp-container-core-columns-is-layout-9d6595d7 wp-block-columns-is-layout-flex\">\n<div class=\"wp-block-column is-layout-flow wp-block-column-is-layout-flow\">\n<h2 class=\"wp-block-heading\"><strong>BU Northern Europe<\/strong><\/h2>\n\n\n\n<p><strong>En Alemania, Suiza, Austria, Rep\u00fablica Checa, Hungr\u00eda, Eslovaquia y Ruman\u00eda:<\/strong><\/p>\n<p><em>Programas de Formaci\u00f3n profesional y Grado integrado:<\/em><\/p>\n<p>\u00bfQuieres ser nuestra nueva estrella revelaci\u00f3n? NH es el lugar ideal para desarrollar una carrera profesional si eres una persona responsable y divertida. Empieza a trabajar con nosotros en uno de los siguientes puestos de pr\u00e1cticas:&nbsp;<br>\u2022 Especialista en restauraci\u00f3n (f\/m)<br>\u2022 Especialista para hotel (f\/m)<br>\u2022 Cocinero (f\/m)<br>\u2022 Programa integrado de grado en Gesti\u00f3n hotelera y tur\u00edstica<\/p>\n<p>Tambi\u00e9n puedes realizar pr\u00e1cticas con nosotros mientras estudias.<br>Para elegir a los candidatos nos fijamos m\u00e1s en la motivaci\u00f3n que en las notas. Deber\u00edas haber terminado la educaci\u00f3n secundaria como m\u00ednimo y, adem\u00e1s, hablar bien alem\u00e1n e ingl\u00e9s. Saber m\u00e1s idiomas supone una ventaja. Lo m\u00e1s importante es que disfrutes atendiendo a nuestros clientes para que se sientan c\u00f3modos y especiales en NH.<\/p>\n<p>Adem\u00e1s de una excelente oportunidad de formaci\u00f3n y empleo, disfrutar\u00e1s de estos beneficios:<br>\u2022 Precio de empleado en unos 400 hoteles NH de todo el mundo<br>\u2022 Mucha formaci\u00f3n, entrevistas para comentar tu evoluci\u00f3n y el apoyo de expertos especializados<br>\u2022 Programa profesional personalizado (\u00abNuevos profesionales\u00bb)<br>Tus pr\u00e1cticas en NH pueden ser el primer paso de una carrera llena de \u00e9xitos. \u00a1Tenemos ganas de conocerte!<\/p>\n<p><em>Pr\u00e1cticas en Servicios Centrales:<\/em><\/p>\n<p>\u00bfTodav\u00eda est\u00e1s estudiando o acabas de terminar la universidad y quieres adquirir experiencia profesional? Te ofrecemos la posibilidad de trabajar en uno de estos departamentos:<br>Marketing, Finanzas, Recursos Humanos, Compras, IT, Ventas, E-commerce, Construcci\u00f3n y mantenimiento, Reservas, Calidad.<\/p>\n<p>Lo ideal es que est\u00e9s con nosotros como m\u00ednimo 6 meses y sientas mucha curiosidad por todo lo que vas a aprender. A cambio disfrutar\u00e1s de:<br>\u2022 Formaci\u00f3n de introducci\u00f3n y orientaci\u00f3n y tareas propias de responsabilidad desde el primer d\u00eda<br>\u2022 Formar parte de un equipo incre\u00edble y conocer en profundidad nuestro negocio<br>\u2022 Precio de empleado en cerca de 400 hoteles NH de todo el mundo<br>\u2022 Formaci\u00f3n t\u00e9cnica y en habilidades sociales<br>\u2022 Eventos para alumnos en pr\u00e1cticas<br>\u2022 Remuneraci\u00f3n&nbsp;<\/p>\n<p>La mayor\u00eda de las pr\u00e1cticas se realizan en Berl\u00edn pero tambi\u00e9n ofrecemos puestos en otras ciudades grandes como M\u00fanich, Fr\u00e1ncfort y Viena. \u00a1Echa un vistazo a nuestro portal de empleo!<\/p>\n<p>Contacto<br>\u00bfTe interesa? En nuestro portal de empleo encontrar\u00e1s las ofertas actuales. Si tienes preguntas sobre nuestras pr\u00e1cticas, formaciones, estudios o tu solicitud, ponte en contacto con nuestro equipo de Recursos Humanos en:&nbsp;karriere.de@nh-hotels.com&nbsp;o llama al +49 (0) 30 206 207 58 (Berl\u00edn)<\/p>\n<p><\/p>\n<p><strong>En Pa\u00edses Bajos, B\u00e9lgica, Luxemburgo, Reino Unido y Sud\u00e1frica:<\/strong><\/p>\n<p><em>\u2022 Hoteles:<\/em><\/p>\n<p>Perfil: Estudiantes de Gesti\u00f3n y Direcci\u00f3n Hotelera, Turismo, Facility Management, Escuelas Profesionales de Hosteler\u00eda. Estudiantes de m\u00e1ster, en especial de Gesti\u00f3n Hotelera.<br>Para las pr\u00e1cticas en NH Hotel Group buscamos a gente din\u00e1mica y flexible. Adem\u00e1s, contamos con dos requisitos imprescindibles: prestar un servicio excepcional y dominar el ingl\u00e9s. A veces decimos que NH significa \u00abNaturalidad\u00bb y \u00abHospitalidad\u00bb, valores fundamentales de todo el equipo de NH Hotel Group. Como estudiante, debes ser capaz de trabajar de forma aut\u00f3noma y en equipo.<\/p>\n<p>Departamentos de pr\u00e1cticas: Recepci\u00f3n, Alimentos y Bebidas, Cocina, Gesti\u00f3n\/Adjunto a Direcci\u00f3n, Pisos, Servicio al Cliente, Revenue Management, Ventas &nbsp;y Mantenimiento.<\/p>\n<p>Duraci\u00f3n: entre 10 semanas y 10 meses. &nbsp;Lugar de realizaci\u00f3n: todos los hoteles de B\u00e9lgica, Pa\u00edses Bajos, Luxemburgo, Reino Unido y Sud\u00e1frica.<\/p>\n<p><em>\u2022 Servicios Centrales: &nbsp; &nbsp; &nbsp; &nbsp; &nbsp; &nbsp; &nbsp; &nbsp; &nbsp; &nbsp; &nbsp; &nbsp; &nbsp; &nbsp; &nbsp; &nbsp; &nbsp; &nbsp; &nbsp; &nbsp; &nbsp; &nbsp; &nbsp; &nbsp; &nbsp; &nbsp; &nbsp; &nbsp; &nbsp; &nbsp; &nbsp; &nbsp; &nbsp; &nbsp; &nbsp; &nbsp; &nbsp; &nbsp; &nbsp; &nbsp; &nbsp; &nbsp; &nbsp; &nbsp; &nbsp; &nbsp; &nbsp; &nbsp; &nbsp; &nbsp; &nbsp; &nbsp; &nbsp; &nbsp; &nbsp; &nbsp; &nbsp; &nbsp; &nbsp; &nbsp; &nbsp; &nbsp; &nbsp; &nbsp; &nbsp; &nbsp; &nbsp; &nbsp; &nbsp; &nbsp; &nbsp; &nbsp; &nbsp; &nbsp; &nbsp; &nbsp; &nbsp; &nbsp; &nbsp; &nbsp; &nbsp; &nbsp; &nbsp; &nbsp; &nbsp; &nbsp; &nbsp; &nbsp; &nbsp; &nbsp; &nbsp; &nbsp; &nbsp; &nbsp; &nbsp; &nbsp; &nbsp; &nbsp; &nbsp; &nbsp; &nbsp; &nbsp; &nbsp; &nbsp; &nbsp; &nbsp; &nbsp; &nbsp; &nbsp; &nbsp; &nbsp; &nbsp; &nbsp; &nbsp; &nbsp; &nbsp; &nbsp; &nbsp;<\/em><\/p>\n<p>Perfil: Estudiantes de Gesti\u00f3n y Direcci\u00f3n hotelera, Turismo y Administraci\u00f3n. Estudiantes de m\u00e1ster, en especial de Gesti\u00f3n Hotelera.<br>Para las pr\u00e1cticas en NH Hotel Group buscamos a gente din\u00e1mica y flexible. Adem\u00e1s, contamos con dos requisitos imprescindibles: prestar un servicio excepcional y dominar el neerland\u00e9s y el ingl\u00e9s. A veces decimos que NH significa \u00abNaturalidad\u00bb y \u00abHospitalidad\u00bb, valores fundamentales de todo el equipo de NH Hotel Group. Como estudiante, debes ser capaz de trabajar de forma aut\u00f3noma y en equipo.<\/p>\n<p>Departamentos de pr\u00e1cticas: Recursos humanos*, Marketing, Comunicaci\u00f3n, E-commerce, Compras, Calidad, Finanzas, Alimentos y Bebidas y Ventas.<\/p>\n<p>Duraci\u00f3n: entre 5 y 10 meses. &nbsp;Lugar de realizaci\u00f3n: Oficina de Servicios Centrales en Hilversum (Pa\u00edses Bajos).<\/p>\n<p>*Las pr\u00e1cticas del departamento de Recursos Humanos se pueden realizar en Pa\u00edses Bajos, B\u00e9lgica y Reino Unido.<\/p>\n<\/div>\n<\/div>\n\n\n\n<div class=\"wp-block-columns is-layout-flex wp-container-core-columns-is-layout-9d6595d7 wp-block-columns-is-layout-flex\">\n<div class=\"wp-block-column is-layout-flow wp-block-column-is-layout-flow\">\n<h2 class=\"wp-block-heading\"><strong>BU Southern Europe<\/strong><\/h2>\n\n\n\n<p><strong>En Espa\u00f1a, Portugal, Andorra y Francia:<\/strong><\/p>\n<p>Buscamos potencial y actitud. &nbsp;Si eres estudiante y tu reto es el aprendizaje continuo y crecer profesionalmente, te animamos a unirte a nosotros. Tenemos programas en pr\u00e1cticamente todas las ciudades.<br>\u00a1Reg\u00edstrate en nuestra web de empleo y consulta las ofertas!<\/p>\n<ul>\n<li><em>Hoteles:<\/em><\/li>\n<\/ul>\n<p>Perfil: Estudiantes de Gesti\u00f3n y Direcci\u00f3n Hotelera, Turismo, Formaci\u00f3n Profesional de Cocina, Servicios, Alojamiento, Administraci\u00f3n y Gesti\u00f3n, Mantenimiento de Instalaciones de Edificios y Electricidad. As\u00ed como estudiantes de Masters, especialmente enfocados en la Direcci\u00f3n Hotelera.<br>Pr\u00e1cticas en: Departamentos de Recepci\u00f3n, Comercial, Cocina, Sala, Pisos, Servicios Generales, Compras, Reservas, Guest Relations, Mantenimiento y Direcci\u00f3n.<\/p>\n<p>Duraci\u00f3n: Entre 3 y 6 meses (prorrogables).<br>Lugar de realizaci\u00f3n: En todos los hoteles de Espa\u00f1a, Portugal, Andorra y Francia.<\/p>\n<ul>\n<li><em>Servicios Centrales:<\/em><\/li>\n<\/ul>\n<p>Perfil: Estudiantes de todas las diplomaturas y licenciaturas, en especial, Administraci\u00f3n y Direcci\u00f3n de Empresas, Turismo, Ingenier\u00edas y Derecho. As\u00ed como estudiantes de Formaci\u00f3n Profesional de Gesti\u00f3n Administraci\u00f3n y Masters relacionados o no con el sector hotelero. Se valorar\u00e1 especialmente un alto nivel de ingl\u00e9s, adem\u00e1s de dominar el idioma local.<br>Pr\u00e1cticas en: Departamentos de Marketing, Distribuci\u00f3n Electr\u00f3nica, Administraci\u00f3n y Finanzas, Medio Ambiente e Ingenier\u00eda, Recursos Humanos, Compras y Ventas.<br>Duraci\u00f3n: Entre 6 y 12 meses.<br>Lugar de realizaci\u00f3n: En las oficinas centrales de Madrid y Barcelona.<\/p>\n<p><strong>En Italia:<\/strong><\/p>\n<p>El programa de pr\u00e1cticas de Italia se basa en una colaboraci\u00f3n con las principales universidades y centros de educaci\u00f3n superior, donde nuestros Managers y &nbsp;Directores de Hotel acuden para dar a conocer nuestra compa\u00f1\u00eda a los alumnos y ofrecer pr\u00e1cticas curriculares y extracurriculares.&nbsp;<\/p>\n<p>Estas son las condiciones principales de nuestras pr\u00e1cticas:<\/p>\n<p>\u2022 Duraci\u00f3n de 3 a 6 meses<br>\u2022 Supervisi\u00f3n de un tutor senior<br>\u2022 Reembolso de gastos en caso de pr\u00e1cticas extracurriculares<\/p>\n<p>Todas nuestras pr\u00e1cticas se realizan en el \u00e1mbito de un programa de aprendizaje laboral; trabajar\u00e1s codo con codo con los equipos y jefes de departamentos, que te comentar\u00e1n c\u00f3mo va tu desempe\u00f1o y el progreso del proyecto de pr\u00e1cticas. Contamos con pr\u00e1cticas disponibles en varios departamentos de nuestros hoteles (Recepci\u00f3n, Restaurante o Cocina) y en las Oficinas Centrales (Recursos Humanos, Compras, Comercial, Marketing, Ventas, Reservas, Revenue Management y IT). &nbsp;Las pr\u00e1cticas en Italia representan una fase muy importante para estudiantes y reci\u00e9n graduados. Se trata de su primera oportunidad para reforzar sus decisiones educativas, entender mejor a qu\u00e9 quieren dedicarse cuando se incorporen al mercado laboral e identificar sus fortalezas, intereses y aspectos que pueden mejorar.&nbsp;<\/p>\n<p>Las pr\u00e1cticas pueden suponer una puerta de entrada a nuestra compa\u00f1\u00eda y, adem\u00e1s, nos permiten descubrir el talento de quienes pueden llegar a gestionar nuestros hoteles en un futuro.<\/p>\n<\/div>\n<\/div>\n\n\n\n<div class=\"wp-block-columns is-layout-flex wp-container-core-columns-is-layout-9d6595d7 wp-block-columns-is-layout-flex\">\n<div class=\"wp-block-column is-layout-flow wp-block-column-is-layout-flow\">\n<h2><strong>Headquarters Madrid<\/strong><\/h2>\n<p>\u00bfBuscas tu primera experiencia profesional, tienes una marcada orientaci\u00f3n al cliente y te gusta el sector hotelero?&nbsp;<\/p>\n<p>En NH te damos la oportunidad de iniciarte en el mundo laboral, y convertirte en un profesional trabajando en una compa\u00f1\u00eda din\u00e1mica y global.<\/p>\n<p>Para nuestros Headquarters en Madrid, buscamos personas con talento que tengan ganas de aprender, de aportar sus ideas y entusiasmo y con buen nivel de ingl\u00e9s, para poder dar servicio a las diferentes Unidades de Negocio de NH Hotel Group en todo el mundo.<\/p>\n<p>Los departamentos que te ofrecemos son: Marketing, E-commerce, Distribuci\u00f3n, Comercial, Financiero, Business Intelligence, Medio Ambiente, Ingenier\u00eda, Recursos Humanos, Compras, Tax y Ventas.<\/p>\n<p>El per\u00edodo de pr\u00e1cticas es de 6 a 12 meses.<\/p>\n<p>Entra en el mundo laboral de la mano de NH Hotel Group. &nbsp;\u00a1Env\u00edanos tu curriculum!<\/p>\n<\/div>\n<\/div>\n\n\n\n<hr class=\"wp-block-separator has-alpha-channel-opacity\"\/>\n\n\n\n<div class=\"wp-block-columns is-layout-flex wp-container-core-columns-is-layout-9d6595d7 wp-block-columns-is-layout-flex\">\n<div class=\"wp-block-column is-layout-flow wp-block-column-is-layout-flow\">\n<p>Queremos que \u00e9sta sea una experiencia memorable que marque un antes y un despu\u00e9s en tu desarrollo dentro del mundo laboral.&nbsp; Disfrutamos con lo que hacemos y estamos seguros que t\u00fa tambi\u00e9n lo sentir\u00e1s as\u00ed.<\/p>\n<p><a href=\"https:\/\/nhcareers.epreselec.com\/?id_idioma=1&amp;id_origen=web+corporativa\" target=\"_blank\" rel=\"nofollow noopener noreferrer\">\u00a1Env\u00edanos tu CV!<\/a><\/p>\n<\/div>\n<\/div>\n","protected":false},"excerpt":{"rendered":"<p>Pr\u00e1cticas en NH Hotel Group El programa de pr\u00e1cticas de NH Hotel Group te abre las puertas hacia una emocionante y&nbsp;retadora experiencia en nuestra compa\u00f1\u00eda. El potencial y la actitud son nuestros criterios de&nbsp;selecci\u00f3n m\u00e1s importantes, por esa raz\u00f3n, si t\u00fa est\u00e1s interesado en unirte a una compa\u00f1\u00eda l\u00edder&nbsp;en el sector hotelero, esta es tu [&hellip;]<\/p>\n","protected":false},"author":30,"featured_media":0,"parent":17794,"menu_order":0,"comment_status":"closed","ping_status":"closed","template":"","meta":{"_acf_changed":false,"footnotes":""},"class_list":["post-17858","page","type-page","status-publish","hentry"],"acf":[],"_links":{"self":[{"href":"https:\/\/corporate.minor-hotels.com\/es\/wp-json\/wp\/v2\/pages\/17858","targetHints":{"allow":["GET"]}}],"collection":[{"href":"https:\/\/corporate.minor-hotels.com\/es\/wp-json\/wp\/v2\/pages"}],"about":[{"href":"https:\/\/corporate.minor-hotels.com\/es\/wp-json\/wp\/v2\/types\/page"}],"author":[{"embeddable":true,"href":"https:\/\/corporate.minor-hotels.com\/es\/wp-json\/wp\/v2\/users\/30"}],"replies":[{"embeddable":true,"href":"https:\/\/corporate.minor-hotels.com\/es\/wp-json\/wp\/v2\/comments?post=17858"}],"version-history":[{"count":5,"href":"https:\/\/corporate.minor-hotels.com\/es\/wp-json\/wp\/v2\/pages\/17858\/revisions"}],"predecessor-version":[{"id":19090,"href":"https:\/\/corporate.minor-hotels.com\/es\/wp-json\/wp\/v2\/pages\/17858\/revisions\/19090"}],"up":[{"embeddable":true,"href":"https:\/\/corporate.minor-hotels.com\/es\/wp-json\/wp\/v2\/pages\/17794"}],"wp:attachment":[{"href":"https:\/\/corporate.minor-hotels.com\/es\/wp-json\/wp\/v2\/media?parent=17858"}],"curies":[{"name":"wp","href":"https:\/\/api.w.org\/{rel}","templated":true}]}}