{"id":17854,"date":"2022-11-16T18:09:14","date_gmt":"2022-11-16T17:09:14","guid":{"rendered":"https:\/\/www.nh-hotels.com\/corporate\/?page_id=17854"},"modified":"2023-09-14T14:49:51","modified_gmt":"2023-09-14T12:49:51","slug":"nuestras-marcas","status":"publish","type":"page","link":"https:\/\/corporate.minor-hotels.com\/es\/sobre-nh\/nuestras-marcas","title":{"rendered":"Nuestras marcas"},"content":{"rendered":"\n<h1 class=\"wp-block-heading\">Conoce el grupo y la arquitectura de marcas de NH<\/h1>\n\n\n\n<div class=\"wp-block-columns is-layout-flex wp-container-core-columns-is-layout-9d6595d7 wp-block-columns-is-layout-flex\">\n<div class=\"wp-block-column is-layout-flow wp-block-column-is-layout-flow\">\n<div class=\"builder-column builder-column-item-1\">\n<div class=\"builder-content-wrapper\">\n<div class=\"builder-content-inner\">\n<div class=\"builder-content builder-content-builder builder-content-builder-custom-text\">\n<div class=\"builder-content\">\n<div class=\"builder-column builder-column-item-1 col-md-12 col-lg-12\">\n<div class=\"builder-content-wrapper\">\n<div class=\"builder-content-inner\">\n<div class=\"builder-content builder-content-builder builder-content-builder-custom-text\">\n<div class=\"builder-content\">\n<p>La arquitectura de marca pretende hacer perceptible al consumidor las distintas opciones de producto y servicio con las que opera la Compa\u00f1\u00eda. De esta manera, el Grupo ha estructurado su cartera de hoteles bajo las siguientes marcas:<\/p>\n<\/div>\n<\/div>\n<\/div>\n<\/div>\n<\/div>\n<\/div>\n<\/div>\n<\/div>\n<\/div>\n<\/div>\n<\/div>\n<\/div>\n\n\n\n<div class=\"wp-block-columns is-layout-flex wp-container-core-columns-is-layout-9d6595d7 wp-block-columns-is-layout-flex\">\n<div class=\"wp-block-column is-layout-flow wp-block-column-is-layout-flow\"><div class=\"wp-block-image\">\n<figure class=\"aligncenter size-full\"><a href=\"https:\/\/corporate.minor-hotels.com\/es\/sobre-nh\/nuestras-marcas\/nh-collection\"><img loading=\"lazy\" decoding=\"async\" width=\"215\" height=\"81\" src=\"https:\/\/corporate.minor-hotels.com\/assets\/uploads\/2022\/11\/17134112\/nh-collection_logo2.png\" alt=\"\" class=\"wp-image-14520\"\/><\/a><\/figure>\n<\/div>\n\n\n<p><\/p>\n<p style=\"text-align: center;\">NH Collection, para los hoteles premium ubicados en las principales capitales de Europa y Am\u00e9rica. Esta categor\u00eda pretende sorprender al cliente con una oferta que va m\u00e1s all\u00e1 de lo que \u00e9ste espera.<\/p>\n<\/div>\n\n\n\n<div class=\"wp-block-column is-layout-flow wp-block-column-is-layout-flow\"><div class=\"wp-block-image\">\n<figure class=\"aligncenter size-full\"><a href=\"https:\/\/corporate.minor-hotels.com\/es\/sobre-nh\/nuestras-marcas\/nh-hotels\"><img loading=\"lazy\" decoding=\"async\" width=\"220\" height=\"81\" src=\"https:\/\/corporate.minor-hotels.com\/assets\/uploads\/2022\/11\/17134148\/nhhotels.png\" alt=\"\" class=\"wp-image-14533\"\/><\/a><\/figure>\n<\/div>\n\n\n<p><\/p>\n<p style=\"text-align: center;\">NH Hotels, para hoteles urbanos de tres y cuatro estrellas cuyos clientes demandan una ubicaci\u00f3n excelente con la mejor calidad-precio.<\/p>\n<\/div>\n\n\n\n<div class=\"wp-block-column is-layout-flow wp-block-column-is-layout-flow\"><div class=\"wp-block-image\">\n<figure class=\"aligncenter size-full\"><a href=\"https:\/\/corporate.minor-hotels.com\/es\/sobre-nh\/nuestras-marcas\/nhow\"><img loading=\"lazy\" decoding=\"async\" width=\"217\" height=\"80\" src=\"https:\/\/corporate.minor-hotels.com\/assets\/uploads\/2022\/11\/17134120\/nhow-217x80_4_0.png\" alt=\"\" class=\"wp-image-14526\"\/><\/a><\/figure>\n<\/div>\n\n\n<p><\/p>\n<p style=\"text-align: center;\">nhow, para aquellos hoteles de dise\u00f1o no convencionales, cosmopolitas y con personalidad \u00fanica en las urbes m\u00e1s internacionales.<\/p>\n<\/div>\n<\/div>\n\n\n\n<div class=\"wp-block-columns is-layout-flex wp-container-core-columns-is-layout-9d6595d7 wp-block-columns-is-layout-flex\">\n<div class=\"wp-block-column is-layout-flow wp-block-column-is-layout-flow\">\n<h2 class=\"wp-block-heading h2underline\"><a href=\"https:\/\/www.nh-hotels.com\/es\/nhpro\/meetings\" target=\"_blank\" rel=\"noreferrer noopener\"><strong>Eventos y reuniones<\/strong><\/a><\/h2>\n\n\n\n<figure class=\"wp-block-image size-full\"><a href=\"https:\/\/www.nh-hotels.com\/es\/nhpro\/meetings\" target=\"_blank\" rel=\"noreferrer noopener\"><img loading=\"lazy\" decoding=\"async\" width=\"635\" height=\"423\" src=\"https:\/\/corporate.minor-hotels.com\/assets\/uploads\/2022\/11\/17144547\/Subhome_NH-Meetings.jpg\" alt=\"\" class=\"wp-image-14669\" srcset=\"https:\/\/corporate.minor-hotels.com\/assets\/uploads\/2022\/11\/17144547\/Subhome_NH-Meetings.jpg 635w, https:\/\/corporate.minor-hotels.com\/assets\/uploads\/2022\/11\/17144547\/Subhome_NH-Meetings-300x200.jpg 300w\" sizes=\"auto, (max-width: 635px) 100vw, 635px\" \/><\/a><\/figure>\n<\/div>\n\n\n\n<div class=\"wp-block-column is-layout-flow wp-block-column-is-layout-flow\">\n<h2 class=\"wp-block-heading h2underline\"><a href=\"https:\/\/www.nh-hotels.com\/es\/nhdiscovery\" target=\"_blank\" rel=\"noreferrer noopener\"><strong>Rewards<\/strong><\/a><\/h2>\n\n\n\n<figure class=\"wp-block-image size-full\"><a href=\"http:\/\/nh-hoteles.es\/nhrewards\" target=\"_blank\" rel=\"noreferrer noopener\"><img loading=\"lazy\" decoding=\"async\" width=\"635\" height=\"423\" src=\"https:\/\/corporate.minor-hotels.com\/assets\/uploads\/2022\/11\/17144604\/Subhome_NH-Rewards.jpg\" alt=\"\" class=\"wp-image-14675\" srcset=\"https:\/\/corporate.minor-hotels.com\/assets\/uploads\/2022\/11\/17144604\/Subhome_NH-Rewards.jpg 635w, https:\/\/corporate.minor-hotels.com\/assets\/uploads\/2022\/11\/17144604\/Subhome_NH-Rewards-300x200.jpg 300w\" sizes=\"auto, (max-width: 635px) 100vw, 635px\" \/><\/a><\/figure>\n<\/div>\n<\/div>\n","protected":false},"excerpt":{"rendered":"<p>Conoce el grupo y la arquitectura de marcas de NH La arquitectura de marca pretende hacer perceptible al consumidor las distintas opciones de producto y servicio con las que opera la Compa\u00f1\u00eda. De esta manera, el Grupo ha estructurado su cartera de hoteles bajo las siguientes marcas: NH Collection, para los hoteles premium ubicados en [&hellip;]<\/p>\n","protected":false},"author":3,"featured_media":0,"parent":17820,"menu_order":0,"comment_status":"closed","ping_status":"closed","template":"","meta":{"_acf_changed":false,"footnotes":""},"class_list":["post-17854","page","type-page","status-publish","hentry"],"acf":[],"_links":{"self":[{"href":"https:\/\/corporate.minor-hotels.com\/es\/wp-json\/wp\/v2\/pages\/17854","targetHints":{"allow":["GET"]}}],"collection":[{"href":"https:\/\/corporate.minor-hotels.com\/es\/wp-json\/wp\/v2\/pages"}],"about":[{"href":"https:\/\/corporate.minor-hotels.com\/es\/wp-json\/wp\/v2\/types\/page"}],"author":[{"embeddable":true,"href":"https:\/\/corporate.minor-hotels.com\/es\/wp-json\/wp\/v2\/users\/3"}],"replies":[{"embeddable":true,"href":"https:\/\/corporate.minor-hotels.com\/es\/wp-json\/wp\/v2\/comments?post=17854"}],"version-history":[{"count":5,"href":"https:\/\/corporate.minor-hotels.com\/es\/wp-json\/wp\/v2\/pages\/17854\/revisions"}],"predecessor-version":[{"id":21764,"href":"https:\/\/corporate.minor-hotels.com\/es\/wp-json\/wp\/v2\/pages\/17854\/revisions\/21764"}],"up":[{"embeddable":true,"href":"https:\/\/corporate.minor-hotels.com\/es\/wp-json\/wp\/v2\/pages\/17820"}],"wp:attachment":[{"href":"https:\/\/corporate.minor-hotels.com\/es\/wp-json\/wp\/v2\/media?parent=17854"}],"curies":[{"name":"wp","href":"https:\/\/api.w.org\/{rel}","templated":true}]}}