{"id":17848,"date":"2022-11-16T18:06:46","date_gmt":"2022-11-16T17:06:46","guid":{"rendered":"https:\/\/www.nh-hotels.com\/corporate\/?page_id=17848"},"modified":"2023-03-03T11:34:40","modified_gmt":"2023-03-03T10:34:40","slug":"nuestra-vision-y-beliefs","status":"publish","type":"page","link":"https:\/\/corporate.minor-hotels.com\/es\/sobre-nh\/nuestra-vision-y-beliefs","title":{"rendered":"Nuestra visi\u00f3n y beliefs"},"content":{"rendered":"\n<h1 class=\"wp-block-heading\">Nuestra visi\u00f3n y beliefs<\/h1>\n\n\n\n<div class=\"wp-block-columns is-layout-flex wp-container-core-columns-is-layout-9d6595d7 wp-block-columns-is-layout-flex\">\n<div class=\"wp-block-column is-layout-flow wp-block-column-is-layout-flow\">\n<p><strong>NUESTRA VISI\u00d3N<\/strong><\/p>\n<p>Un d\u00eda, cuando alguien planifique un viaje o una reuni\u00f3n en una ciudad, por negocio o por ocio, siempre se preguntar\u00e1: \u201c\u00bfhay un NH en mi destino?\u201d<\/p>\n<p>Esta clara y concreta visi\u00f3n es el enfoque que gu\u00eda el desempe\u00f1o y compromiso de las personas que formamos\u00a0parte del Grupo. La Compa\u00f1\u00eda aspira a que NH sea el destino que elija el consumidor, ofreci\u00e9ndole experiencias memorables que van m\u00e1s all\u00e1 de sus expectativas y haci\u00e9ndole sentir especial. Una visi\u00f3n que, al mismo tiempo, persigue convertir al Grupo en la mejor opci\u00f3n para inversores que quieran crecer junto a nosotros, con una propuesta global y flexible, con equipos motivados y orgullosos, con eficientes herramientas de gesti\u00f3n y soluciones \u00fanicas. La Compa\u00f1\u00eda quiere ofrecer a sus inversores las mejores oportunidades de gesti\u00f3n con un operador de primer nivel tanto en el segmento urbano como en el de negocios.<\/p>\n<p><strong>NUEVA CULTURA: NUESTROS BELIEFS<\/strong><\/p>\n<p>Siempre con una clara vocaci\u00f3n de servicio al cliente, desde sus inicios, la cultura corporativa del Grupo nos\u00a0ha permitido diferenciarnos\u00a0en el sector. Inspirada en nuestra\u00a0visi\u00f3n, incorpora el pasado y el presente en el Plan Estrat\u00e9gico a cinco a\u00f1os, para el que se han identificado las creencias que guiar\u00e1n el d\u00eda a d\u00eda del nuevo NH, promoviendo el cambio y la evoluci\u00f3n de un modelo de gesti\u00f3n a uno de liderazgo.<\/p>\n<p>Esta nueva cultura se refleja en los ocho\u00a0<em>beliefs<\/em>\u00a0de la Compa\u00f1\u00eda:<\/p>\n<p>1. Estamos obsesionados con ofrecer al cliente experiencias memorables<\/p>\n<p>2. Estamos orgullosos de servir a los dem\u00e1s<\/p>\n<p>3. Tenemos la ambici\u00f3n de liderar el sector, aunque no seamos los m\u00e1s grandes<\/p>\n<p>4. Somos responsables de nuestros resultados<\/p>\n<p>5. Cuidamos de nuestros empleados, nuestros empleados cuidan de nuestros clientes<\/p>\n<p>6. Somos activos en las comunidades donde vivimos<\/p>\n<p>7. Tenemos una mentalidad joven<\/p>\n<p>8. Disfrutamos con lo que hacemos \u2026 y todo lo hacemos con una sonrisa.<\/p>\n\n\n\n<div class=\"wp-block-columns is-layout-flex wp-container-core-columns-is-layout-9d6595d7 wp-block-columns-is-layout-flex\">\n<div class=\"wp-block-column is-layout-flow wp-block-column-is-layout-flow\">\n<figure class=\"wp-block-image size-full\"><img loading=\"lazy\" decoding=\"async\" width=\"1300\" height=\"626\" src=\"https:\/\/corporate.minor-hotels.com\/assets\/uploads\/2022\/11\/17143438\/nuestra-mision.jpg\" alt=\"\" class=\"wp-image-14657\" srcset=\"https:\/\/corporate.minor-hotels.com\/assets\/uploads\/2022\/11\/17143438\/nuestra-mision.jpg 1300w, https:\/\/corporate.minor-hotels.com\/assets\/uploads\/2022\/11\/17143438\/nuestra-mision-300x144.jpg 300w, https:\/\/corporate.minor-hotels.com\/assets\/uploads\/2022\/11\/17143438\/nuestra-mision-1024x493.jpg 1024w, https:\/\/corporate.minor-hotels.com\/assets\/uploads\/2022\/11\/17143438\/nuestra-mision-768x370.jpg 768w\" sizes=\"auto, (max-width: 1300px) 100vw, 1300px\" \/><\/figure>\n<\/div>\n<\/div>\n<\/div>\n<\/div>\n","protected":false},"excerpt":{"rendered":"<p>Nuestra visi\u00f3n y beliefs NUESTRA VISI\u00d3N Un d\u00eda, cuando alguien planifique un viaje o una reuni\u00f3n en una ciudad, por negocio o por ocio, siempre se preguntar\u00e1: \u201c\u00bfhay un NH en mi destino?\u201d Esta clara y concreta visi\u00f3n es el enfoque que gu\u00eda el desempe\u00f1o y compromiso de las personas que formamos\u00a0parte del Grupo. La [&hellip;]<\/p>\n","protected":false},"author":3,"featured_media":0,"parent":17820,"menu_order":0,"comment_status":"closed","ping_status":"closed","template":"","meta":{"_acf_changed":false,"footnotes":""},"class_list":["post-17848","page","type-page","status-publish","hentry"],"acf":[],"_links":{"self":[{"href":"https:\/\/corporate.minor-hotels.com\/es\/wp-json\/wp\/v2\/pages\/17848","targetHints":{"allow":["GET"]}}],"collection":[{"href":"https:\/\/corporate.minor-hotels.com\/es\/wp-json\/wp\/v2\/pages"}],"about":[{"href":"https:\/\/corporate.minor-hotels.com\/es\/wp-json\/wp\/v2\/types\/page"}],"author":[{"embeddable":true,"href":"https:\/\/corporate.minor-hotels.com\/es\/wp-json\/wp\/v2\/users\/3"}],"replies":[{"embeddable":true,"href":"https:\/\/corporate.minor-hotels.com\/es\/wp-json\/wp\/v2\/comments?post=17848"}],"version-history":[{"count":2,"href":"https:\/\/corporate.minor-hotels.com\/es\/wp-json\/wp\/v2\/pages\/17848\/revisions"}],"predecessor-version":[{"id":17992,"href":"https:\/\/corporate.minor-hotels.com\/es\/wp-json\/wp\/v2\/pages\/17848\/revisions\/17992"}],"up":[{"embeddable":true,"href":"https:\/\/corporate.minor-hotels.com\/es\/wp-json\/wp\/v2\/pages\/17820"}],"wp:attachment":[{"href":"https:\/\/corporate.minor-hotels.com\/es\/wp-json\/wp\/v2\/media?parent=17848"}],"curies":[{"name":"wp","href":"https:\/\/api.w.org\/{rel}","templated":true}]}}