{"id":17836,"date":"2022-11-21T10:59:20","date_gmt":"2022-11-21T09:59:20","guid":{"rendered":"https:\/\/www.nh-hotels.com\/corporate\/?page_id=17836"},"modified":"2025-05-19T12:44:29","modified_gmt":"2025-05-19T10:44:29","slug":"gdpr","status":"publish","type":"page","link":"https:\/\/corporate.minor-hotels.com\/es\/gdpr","title":{"rendered":"GDPR"},"content":{"rendered":"\n<h1 class=\"wp-block-heading\">GDPR<\/h1>\n\n\n\n<div class=\"wp-block-columns is-layout-flex wp-container-core-columns-is-layout-9d6595d7 wp-block-columns-is-layout-flex\">\n<div class=\"wp-block-column is-layout-flow wp-block-column-is-layout-flow\">\n<p>Minor Hotels Europe &amp; Americas S.A (en adelante, \u201cMinor Hotels Europe &amp; Americas\u201d) tratar\u00e1 los datos de car\u00e1cter personal recabados con la finalidad de permitir la gesti\u00f3n de la relaci\u00f3n y contacto y, en su caso, atender las solicitudes que nos haya formulado. Puede contactar con nosotros en la direcci\u00f3n calle Santa Engracia 120, 7\u00ba, 28003, Madrid. La base jur\u00eddica del tratamiento es el inter\u00e9s leg\u00edtimo. Puede acceder, rectificar, suprimir, oponerse, limitar el tratamiento o solicitar la portabilidad de sus datos dirigi\u00e9ndose a dataprotection@minor-hotels.com , contactar con nuestro Delegado de Protecci\u00f3n de Datos a trav\u00e9s del siguiente correo electr\u00f3nico dpo@minor-hotels.com o dirigirse a la Agencia Espa\u00f1ola de Protecci\u00f3n de Datos.&nbsp; Sus datos se conservar\u00e1n durante todo el tiempo en que estas relaciones subsistan y a\u00fan despu\u00e9s, hasta que prescriban las eventuales responsabilidades derivadas de las mismas.<\/p>\n<p>El presente correo, as\u00ed como su contenido es confidencial. Si usted no es el destinatario del mismo, no le est\u00e1 permitido su uso, copia o difusi\u00f3n, ni total ni parcialmente, por cualquier medio. Por lo que deber\u00e1 devolverlo a su remitente y eliminar el mismo, as\u00ed como su contenido. En estos casos, le recordamos que est\u00e1 totalmente prohibido su lectura, publicaci\u00f3n, uso, copia, difusi\u00f3n de los contenidos, o de cualquier documento adjunto, cualesquiera que su finalidad, en todo o en parte.<\/p>\n<p>&nbsp;<\/p>\n<p>&nbsp;<\/p>\n<p>&nbsp;<\/p>\n<p>&nbsp;<\/p>\n<p>&nbsp;<\/p>\n<\/div>\n<\/div>\n","protected":false},"excerpt":{"rendered":"<p>GDPR Minor Hotels Europe &amp; Americas S.A (en adelante, \u201cMinor Hotels Europe &amp; Americas\u201d) tratar\u00e1 los datos de car\u00e1cter personal recabados con la finalidad de permitir la gesti\u00f3n de la relaci\u00f3n y contacto y, en su caso, atender las solicitudes que nos haya formulado. Puede contactar con nosotros en la direcci\u00f3n calle Santa Engracia 120, [&hellip;]<\/p>\n","protected":false},"author":1,"featured_media":0,"parent":0,"menu_order":0,"comment_status":"closed","ping_status":"closed","template":"","meta":{"_acf_changed":false,"footnotes":""},"class_list":["post-17836","page","type-page","status-publish","hentry"],"acf":[],"_links":{"self":[{"href":"https:\/\/corporate.minor-hotels.com\/es\/wp-json\/wp\/v2\/pages\/17836","targetHints":{"allow":["GET"]}}],"collection":[{"href":"https:\/\/corporate.minor-hotels.com\/es\/wp-json\/wp\/v2\/pages"}],"about":[{"href":"https:\/\/corporate.minor-hotels.com\/es\/wp-json\/wp\/v2\/types\/page"}],"author":[{"embeddable":true,"href":"https:\/\/corporate.minor-hotels.com\/es\/wp-json\/wp\/v2\/users\/1"}],"replies":[{"embeddable":true,"href":"https:\/\/corporate.minor-hotels.com\/es\/wp-json\/wp\/v2\/comments?post=17836"}],"version-history":[{"count":5,"href":"https:\/\/corporate.minor-hotels.com\/es\/wp-json\/wp\/v2\/pages\/17836\/revisions"}],"predecessor-version":[{"id":23881,"href":"https:\/\/corporate.minor-hotels.com\/es\/wp-json\/wp\/v2\/pages\/17836\/revisions\/23881"}],"wp:attachment":[{"href":"https:\/\/corporate.minor-hotels.com\/es\/wp-json\/wp\/v2\/media?parent=17836"}],"curies":[{"name":"wp","href":"https:\/\/api.w.org\/{rel}","templated":true}]}}