{"id":18462,"date":"2022-12-08T13:53:11","date_gmt":"2022-12-08T13:53:11","guid":{"rendered":"https:\/\/www.nh-hotels.com\/corporate\/?page_id=18462"},"modified":"2022-12-08T13:53:11","modified_gmt":"2022-12-08T13:53:11","slug":"impressum","status":"publish","type":"page","link":"https:\/\/corporate.minor-hotels.com\/de\/impressum","title":{"rendered":"Impressum"},"content":{"rendered":"\n<h1 class=\"wp-block-heading\">Impressum<\/h1>\n\n\n\n<div class=\"wp-block-columns is-layout-flex wp-container-core-columns-is-layout-9d6595d7 wp-block-columns-is-layout-flex\">\n<div class=\"wp-block-column is-layout-flow wp-block-column-is-layout-flow\">\n<p>NH HOTEL GROUP, S.A.<br \/>Santa Engracia 120<br \/>28003 Madrid, Spanien<br \/>http:\/\/www.nh-hotels.de<br \/>Email: nh.germany@nh-hotels.com<br \/>Tel: +34 914 519 724<\/p>\n<p>NH HOTEL GROUP, S.A.<br \/>Durch die Vorst\u00e4nde, H. Rodrigo Echenique und H.Ram\u00f3n Aragon\u00e9s Marin<br \/>C.I.F. A-28.027.944.<br \/>Registro Mercantil de Madrid, Tomo 576 General, 176 de la Secci\u00f3n 3\u00aa, Folio 34 vuelto, hoja n\u00ba 1467<\/p>\n<\/div>\n<\/div>\n","protected":false},"excerpt":{"rendered":"<p>Impressum NH HOTEL GROUP, S.A.Santa Engracia 12028003 Madrid, Spanienhttp:\/\/www.nh-hotels.deEmail: nh.germany@nh-hotels.comTel: +34 914 519 724 NH HOTEL GROUP, S.A.Durch die Vorst\u00e4nde, H. Rodrigo Echenique und H.Ram\u00f3n Aragon\u00e9s MarinC.I.F. A-28.027.944.Registro Mercantil de Madrid, Tomo 576 General, 176 de la Secci\u00f3n 3\u00aa, Folio 34 vuelto, hoja n\u00ba 1467<\/p>\n","protected":false},"author":1,"featured_media":0,"parent":0,"menu_order":0,"comment_status":"closed","ping_status":"closed","template":"","meta":{"_acf_changed":false,"footnotes":""},"class_list":["post-18462","page","type-page","status-publish","hentry"],"acf":[],"_links":{"self":[{"href":"https:\/\/corporate.minor-hotels.com\/de\/wp-json\/wp\/v2\/pages\/18462","targetHints":{"allow":["GET"]}}],"collection":[{"href":"https:\/\/corporate.minor-hotels.com\/de\/wp-json\/wp\/v2\/pages"}],"about":[{"href":"https:\/\/corporate.minor-hotels.com\/de\/wp-json\/wp\/v2\/types\/page"}],"author":[{"embeddable":true,"href":"https:\/\/corporate.minor-hotels.com\/de\/wp-json\/wp\/v2\/users\/1"}],"replies":[{"embeddable":true,"href":"https:\/\/corporate.minor-hotels.com\/de\/wp-json\/wp\/v2\/comments?post=18462"}],"version-history":[{"count":1,"href":"https:\/\/corporate.minor-hotels.com\/de\/wp-json\/wp\/v2\/pages\/18462\/revisions"}],"predecessor-version":[{"id":18463,"href":"https:\/\/corporate.minor-hotels.com\/de\/wp-json\/wp\/v2\/pages\/18462\/revisions\/18463"}],"wp:attachment":[{"href":"https:\/\/corporate.minor-hotels.com\/de\/wp-json\/wp\/v2\/media?parent=18462"}],"curies":[{"name":"wp","href":"https:\/\/api.w.org\/{rel}","templated":true}]}}