{"id":18450,"date":"2022-11-21T10:58:35","date_gmt":"2022-11-21T10:58:35","guid":{"rendered":"https:\/\/www.nh-hotels.com\/corporate\/?page_id=18450"},"modified":"2022-12-08T13:46:38","modified_gmt":"2022-12-08T13:46:38","slug":"cookie-richtlinien","status":"publish","type":"page","link":"https:\/\/corporate.minor-hotels.com\/de\/cookie-richtlinien","title":{"rendered":"Cookie-Richtlinien"},"content":{"rendered":"\n<h1 class=\"wp-block-heading\">Cookie-Richtlinien<\/h1>\n\n\n\n<div class=\"wp-block-columns is-layout-flex wp-container-core-columns-is-layout-9d6595d7 wp-block-columns-is-layout-flex\">\n<div class=\"wp-block-column is-layout-flow wp-block-column-is-layout-flow\">\n<p>In diesem Dokument werden die Cookie-Richtlinien f\u00fcr Webseiten von NH HOTELES (nachfolgend \u201eNH\u201c) dargelegt. Eingetragener Sitz des Unternehmens: Madrid, C\/ Santa Engracia n\u00ba 120. Steuerliche Identifikationsnummer: A-28.027.944. Die Begriffe \u201eSie\u201c und \u201eNutzer\u201c werden hierbei zur Bezeichnung von Personen und\/oder Unternehmen verwendet, die aus beliebigen Gr\u00fcnden auf die Webseiten von NH zugreifen oder ihre Serviceleistungen in Anspruch nehmen. Durch die Inanspruchnahme dieser Serviceleistungen werden die Cookie-Richtlinien vom Nutzer als vollst\u00e4ndig und bedingungslos akzeptiert verstanden.\u00a0<\/p>\n<p>Unter Umst\u00e4nden werden von NH Daten \u00fcber die Besuche der Nutzer der Webseite mittels Technologien wie z. B. Cookies oder Log-Dateien gesammelt. Solche Technologien bzw. Instrumente werden ausschlie\u00dflich einem einzigen Nutzer und dessen Ger\u00e4t zugeordnet. Cookies sind Dateien, die einem Nutzer \u00fcber eine Webseite zugesendet werden. Sie speichern die IP-Adresse des Nutzers (seines PCs) sowie weitere m\u00f6gliche Browserdaten zum Zwecke der Aufrechterhaltung der Browser-Sitzung. Zudem nutzt NH \u201eZ\u00e4hlpixel\u201c, elektronische Bilddateien, die es erm\u00f6glichen, die Anzahl der Besucher und Nutzer einer Webseite zu registrieren sowie bestimmte Cookies aufzurufen. Mithilfe von Cookies k\u00f6nnen die Server von NH den vom Computer verwendeten Browser erkennen und dadurch dem Nutzer den Besuch auf der Webseite vereinfachen. Cookies k\u00f6nnen zudem Besucherzahlen und Daten\u00fcbertragungswerte messen. Zus\u00e4tzlich kann der Fortschritt und die Anzahl der Eintr\u00e4ge gesteuert werden, indem die im Cookie gespeicherten Daten unabh\u00e4ngig von anderen personenbezogenen Daten verwendet werden.\u00a0<\/p>\n<p>NH verwenden Cookies zur Personalisierung ihrer Webseiten f\u00fcr Nutzer, Cookies f\u00fcr Nutzereingaben, Sitzungs-Cookies zur Verteilung der Datenlast. Letztere fallen nicht mehr unter die Bestimmungen unter Artikel 22.2 des LSSI (Gesetz zu Informationsdienstleistern und elektronischem Handel).\u00a0<\/p>\n<p>NH verwenden Cookies zur Datenverkehrsanalyse (\u201eWeb Analytics\u201c), um das Nutzerverhalten auf den Webseiten zu messen und zu analysieren. Cookies zur Datenverkehrsanalyse erm\u00f6glichen den Betreibern, das Nutzerverhalten auf den verlinkten Webseiten zu beobachten und zu analysieren. NH verwenden die ermittelten Daten, um auf Basis der Nutzungsdaten Verbesserungen zu implementieren. \u00dcber die Datenverkehrsanalyse k\u00f6nnen keine Daten zu Vor- oder Nachnamen, E-Mail- oder Postadressen des Nutzers abgerufen werden. Die ermittelten Daten geben Auskunft \u00fcber die Besucherzahl der Webseite, die Anzahl aufgerufener Seiten, die Frequenz und Anzahl wiederholter Besuche, ihre Dauer, den verwendeten Browser, den Internetanbieter, Spracheinstellungen, das verwendete Ger\u00e4t oder die Stadt, der die IP-Adresse zugewiesen ist.\u00a0<\/p>\n<p>NH verwendet Cookies zur verhaltensorientierten Werbung, um die zur Verf\u00fcgung stehende Werbefl\u00e4che auf der Basis von bestimmten Kriterien zu vergeben, sowie Plugin-Cookies zum Austausch von sozialen Inhalten. Cookies zur verhaltensorientierten Werbung erm\u00f6glichen es, die Werbefl\u00e4che, die der Ersteller einer Webseite f\u00fcr diese vorgesehen hat, so effektiv wie m\u00f6glich zu nutzen. Diese Cookies speichern Daten zum Nutzerverhalten, welche durch die laufende Beobachtung der Surfgewohnheiten ermittelt werden. Dadurch kann auf den Nutzer abgestimmte Werbung eingeblendet werden.\u00a0<\/p>\n<p>Die folgende Tabelle zeigt die auf den Webseiten von NH verwendeten Cookies, die jeweils ermittelten Daten und ihren Zweck:\u00a0<\/p>\n<p>Weitere Informationen zu den Cookies auf NH Websites erhalten Sie unter infocookies@nh-hotels.com.<\/p>\n<table>\n<thead>\n<tr>\n<th><span class=\"darkBlue allCaps title small resetMargin\">COOKIES<\/span><\/th>\n<th><span class=\"darkBlue allCaps title small resetMargin\">VERARBEITETE DATEN<\/span><\/th>\n<th><span class=\"darkBlue allCaps title small resetMargin\">ZWECK<\/span><\/th>\n<\/tr>\n<\/thead>\n<tbody>\n<tr>\n<td>Unbedingt notwendig<\/td>\n<td>Browser-Sitzung, Profildaten, Reservierungen.<\/td>\n<td>Erstellung und Aufrechterhaltung einer Browser-Sitzung, personalisiertes Surfen, Verteilung der Datenlast.<\/td>\n<\/tr>\n<tr>\n<td>Datenverkehrsanalyse:\n<p>\u00a0<\/p>\n<ul>\n<li>Google Analytics<\/li>\n<li>Omniture<\/li>\n<li>Tealium<\/li>\n<\/ul>\n<\/td>\n<td>Besuchte Webseiten, Frequenz, Anzahl erneuter Besuche, Surfdauer, Suchanfragen, aufgerufene Links, verwendeter Browser, Internetanbieter, mit der IP-Adresse verbundener Standort.<\/td>\n<td>Messung und Analyse des Surfverhaltens, \u00dcberwachung und Analyse des Nutzerverhaltens, Erstellung anonymer Surfprofile, Implementierung von Verbesserungen auf Basis der Analyse der Nutzungsdaten des Nutzers.<\/td>\n<\/tr>\n<tr>\n<td>Werbema\u00dfnahmen:\n<p>\u00a0<\/p>\n<ul>\n<li>24\/7 Media<\/li>\n<li>ad6media<\/li>\n<li>Adconion<\/li>\n<li>Admeld<\/li>\n<li>AppNexus<\/li>\n<li>Atlas<\/li>\n<li>Criteo<\/li>\n<li>DoubleClick\u00a0<\/li>\n<li>Spotlight<\/li>\n<li>Facebook\u00a0<\/li>\n<li>Exchange<\/li>\n<li>Improve\u00a0<\/li>\n<li>Digital<\/li>\n<li>MediaMath<\/li>\n<li>Right Media<\/li>\n<li>Rubicon<\/li>\n<li>SMART\u00a0<\/li>\n<li>AdServer<\/li>\n<li>Turn<\/li>\n<li>ValueClick\u00a0<\/li>\n<li>Mediaplex<\/li>\n<\/ul>\n<\/td>\n<td>Surfinteressen des Nutzers, angezeigte Pr\u00e4ferenzen, Art der Interaktion mit der Webseite, angezeigte und angeklickte Werbeeinblendungen, besuchte Webseiten.<\/td>\n<td>Optimierung der auf der Webseite verf\u00fcgbaren Werbefl\u00e4che, um f\u00fcr Nutzer interessante Werbung einzublenden; Ermittlung der Effizienz von Werbema\u00dfnahmen und deren Verbesserung.<\/td>\n<\/tr>\n<\/tbody>\n<\/table>\n<p>\u00a0<\/p>\n<p>Der Nutzer kann seine Zustimmung widerrufen, indem er Cookies deaktiviert. Hierzu m\u00fcssen die Einstellungen des Browsers ge\u00e4ndert werden. Auf den nachfolgend aufgef\u00fchrten Seiten kann der Nutzer Informationen dazu erhalten, welche Cookies auf seinem Computer installiert sind, wie ihre Installation genehmigt, sie blockiert oder vom Ger\u00e4t gel\u00f6scht werden k\u00f6nnen. Unter den folgenden Links erhalten Nutzer browserspezifische Informationen:\u00a0<br \/>Firefox: http:\/\/support.mozilla.org\/en-US\/kb\/cookies-information-websites-store-on-your-computer\u00a0<br \/>Chrome: http:\/\/support.google.com\/chrome\/bin\/answer.py?hl=es&amp;answer=95647\u00a0<br \/>Safari: http:\/\/support.apple.com\/kb\/ph5042\u00a0<br \/>Internet Explorer: http:\/\/windows.microsoft.com\/es-es\/windows7\/how-to-manage-cookies-in-internet-explorer-9<\/p>\n<\/div>\n<\/div>\n","protected":false},"excerpt":{"rendered":"<p>Cookie-Richtlinien In diesem Dokument werden die Cookie-Richtlinien f\u00fcr Webseiten von NH HOTELES (nachfolgend \u201eNH\u201c) dargelegt. Eingetragener Sitz des Unternehmens: Madrid, C\/ Santa Engracia n\u00ba 120. Steuerliche Identifikationsnummer: A-28.027.944. Die Begriffe \u201eSie\u201c und \u201eNutzer\u201c werden hierbei zur Bezeichnung von Personen und\/oder Unternehmen verwendet, die aus beliebigen Gr\u00fcnden auf die Webseiten von NH zugreifen oder ihre Serviceleistungen [&hellip;]<\/p>\n","protected":false},"author":1,"featured_media":0,"parent":0,"menu_order":0,"comment_status":"closed","ping_status":"closed","template":"","meta":{"_acf_changed":false,"footnotes":""},"class_list":["post-18450","page","type-page","status-publish","hentry"],"acf":[],"_links":{"self":[{"href":"https:\/\/corporate.minor-hotels.com\/de\/wp-json\/wp\/v2\/pages\/18450","targetHints":{"allow":["GET"]}}],"collection":[{"href":"https:\/\/corporate.minor-hotels.com\/de\/wp-json\/wp\/v2\/pages"}],"about":[{"href":"https:\/\/corporate.minor-hotels.com\/de\/wp-json\/wp\/v2\/types\/page"}],"author":[{"embeddable":true,"href":"https:\/\/corporate.minor-hotels.com\/de\/wp-json\/wp\/v2\/users\/1"}],"replies":[{"embeddable":true,"href":"https:\/\/corporate.minor-hotels.com\/de\/wp-json\/wp\/v2\/comments?post=18450"}],"version-history":[{"count":1,"href":"https:\/\/corporate.minor-hotels.com\/de\/wp-json\/wp\/v2\/pages\/18450\/revisions"}],"predecessor-version":[{"id":18451,"href":"https:\/\/corporate.minor-hotels.com\/de\/wp-json\/wp\/v2\/pages\/18450\/revisions\/18451"}],"wp:attachment":[{"href":"https:\/\/corporate.minor-hotels.com\/de\/wp-json\/wp\/v2\/media?parent=18450"}],"curies":[{"name":"wp","href":"https:\/\/api.w.org\/{rel}","templated":true}]}}