{"id":18418,"date":"2022-11-16T18:33:05","date_gmt":"2022-11-16T17:33:05","guid":{"rendered":"https:\/\/www.nh-hotels.com\/corporate\/?page_id=18418"},"modified":"2023-03-03T12:03:56","modified_gmt":"2023-03-03T11:03:56","slug":"einstiegsmoeglichkeiten","status":"publish","type":"page","link":"https:\/\/corporate.minor-hotels.com\/de\/beschaftigung\/einstiegsmoeglichkeiten","title":{"rendered":"Einstiegsm\u00f6glichkeiten"},"content":{"rendered":"\n<h1 class=\"wp-block-heading\">Jobs &amp; Praktikum bei NH Hotels<\/h1>\n\n\n\n<div class=\"wp-block-columns is-layout-flex wp-container-core-columns-is-layout-9d6595d7 wp-block-columns-is-layout-flex\">\n<div class=\"wp-block-column is-layout-flow wp-block-column-is-layout-flow\">\n<p>Die NH Hotel Group &#8211; Praktikantenprogramme \u00f6ffnen dir T\u00fcren zu einer spannenden und herausfordernden Erfahrung in unserem Unternehmen. Dein Potential und deine<br>Motivation sind unsere wichtigsten Auswahlkriterien. Wenn du in einem f\u00fchrenden Unternehmen in der Hotellerie arbeiten m\u00f6chtest, ist das deine Chance!<\/p>\n<p>Wir bieten Praktikantenprogramme auf der ganzen Welt an, sowohl in Hotels (Management, Rezeption, Food &amp; Beverage, Verkauf, Technik, etc.) als auch in der<br>Verwaltung. Hier stehen dir zahlreiche M\u00f6glichkeiten offen, da wir mehr als 8 Verwaltungszentren in Europa und Amerika haben.<\/p>\n<p>F\u00fcr eine Bewerbung auf Positionen ist es notwendig, dass du die jeweilige Landessprache und zus\u00e4tzlich Englisch beherrschst.<\/p>\n<p>Entdecke hier mehr:<\/p>\n<\/div>\n\n\n\n<div class=\"wp-block-column is-layout-flow wp-block-column-is-layout-flow\">\n<figure class=\"wp-block-image size-full\"><img loading=\"lazy\" decoding=\"async\" width=\"850\" height=\"385\" src=\"https:\/\/corporate.minor-hotels.com\/assets\/uploads\/2022\/11\/17135739\/i-programs.jpg\" alt=\"\" class=\"wp-image-14557\" srcset=\"https:\/\/corporate.minor-hotels.com\/assets\/uploads\/2022\/11\/17135739\/i-programs.jpg 850w, https:\/\/corporate.minor-hotels.com\/assets\/uploads\/2022\/11\/17135739\/i-programs-300x136.jpg 300w, https:\/\/corporate.minor-hotels.com\/assets\/uploads\/2022\/11\/17135739\/i-programs-768x348.jpg 768w\" sizes=\"auto, (max-width: 850px) 100vw, 850px\" \/><\/figure>\n<\/div>\n<\/div>\n\n\n\n<div class=\"wp-block-columns is-layout-flex wp-container-core-columns-is-layout-9d6595d7 wp-block-columns-is-layout-flex\">\n<div class=\"wp-block-column is-layout-flow wp-block-column-is-layout-flow\">\n<h2>BU America<\/h2>\n<p>Wir verpflichten uns der Entwicklung von Talenten und wissen um die Bedeutung von Praktika im Hotelgewerbe. Lerne kennen, was die NH Hotel Group zu einem der gr\u00f6\u00dften Hotelunternehmen auf europ\u00e4ischer Ebene macht!<\/p>\n<p>Wenn du Hotelmanagement und Tourismus studierst, oder eine Berufsbildung im Bereich K\u00fcche, Service, Unterkunft, Verwaltung, Instandhaltung von Geb\u00e4uden und Elektrotechnik absolvierst, oder einen Master speziell ausgerichtet auf die Leitung von Hotels durchl\u00e4ufst, findest du bei NH garantiert das entsprechende Praktikum passend zur deinem Profil und deinen Erwartungen.<\/p>\n<p>Wir bieten Programme in praktisch allen Bereichen an:<\/p>\n<ul>\n<li><strong>Hotel:<\/strong>&nbsp;Abteilungen wie Rezeption, kaufm\u00e4nnische Abteilung, K\u00fcche, Etage, Allgemeine Dienste, Reservierungen, Guest Relation, Instandhaltung und Leitung.<\/li>\n<li><strong>Zentrale Dienste:<\/strong>&nbsp;Einkauf, Verkauf, Verwaltung, IT (Systeme) und Personalwesen<\/li>\n<\/ul>\n<p>Die Merkmale der wichtigsten Programme sind:<\/p>\n<table class=\"internship\">\n<tbody>\n<tr>\n<td><strong>Land<\/strong><\/td>\n<td><strong>Typ des Praktikumsprogramms<\/strong><\/td>\n<td><strong>Zeitraum<\/strong><\/td>\n<\/tr>\n<tr>\n<td>Argentinien<\/td>\n<td>Praktikum \u201eErste Schritte\u201c &nbsp;Nur im Hotel Cordoba<\/td>\n<td>Zwischen 1 und 12 Monate<\/td>\n<\/tr>\n<tr>\n<td>Praktikum im Hotel und zentrale Dienste<\/td>\n<td>Zwischen 2 und 18 Monate<\/td>\n<\/tr>\n<tr>\n<td>Dominikanische Republik<\/td>\n<td>Auszubildender in Lebensmittel und Getr\u00e4nke<\/td>\n<td>40 Tage<\/td>\n<\/tr>\n<tr>\n<td>Universit\u00e4tspraktikum<\/td>\n<td>90 Tage<\/td>\n<\/tr>\n<tr>\n<td>Venezuela<\/td>\n<td>Auszubildender INCES<\/td>\n<td>1 Jahr theoretische und 1,5 Jahre praktische Ausbildung<\/td>\n<\/tr>\n<tr>\n<td>Universit\u00e4tspraktikum<\/td>\n<td>1 bis 3 Monate<\/td>\n<\/tr>\n<tr>\n<td>Mexiko<\/td>\n<td>Universit\u00e4tspraktikum<\/td>\n<td>Von 200 bis 768 Stunden<\/td>\n<\/tr>\n<tr>\n<td>Stipendien<\/td>\n<td>Vorbehaltlich einer Studienbescheinigung<\/td>\n<\/tr>\n<tr>\n<td>Haiti<\/td>\n<td>Hoteltrainees<\/td>\n<td>30 Tage<\/td>\n<\/tr>\n<tr>\n<td>Chile<\/td>\n<td>Praktikum<\/td>\n<td>Bis zu 3 Monate<\/td>\n<\/tr>\n<tr>\n<td>Uruguay<\/td>\n<td>Praktikum<\/td>\n<td>Von 3 bis 9 Monate<\/td>\n<\/tr>\n<\/tbody>\n<\/table>\n<p>Wir m\u00f6chten mit dir gemeinsam ein unvergessliches Erlebnis schaffen, welches deine Entwicklung innerhalb deiner Zeit bei uns klar aufzeigt. Wir lieben was wir tun und sind sicher, dass es dir \u00e4hnlich gehen wird.<\/p>\n<p><strong>Praktika<\/strong><\/p>\n<p>Unterst\u00fctze uns bei diesen herausfordernden Erfahrungen und&nbsp;<a href=\"https:\/\/nhcareers.epreselec.com\/?id_idioma=4&amp;id_origen=web+corporativa\" target=\"_blank\" rel=\"noopener\">sende uns deine Bewerbungsunterlagen zu<\/a>.<\/p>\n<\/div>\n<\/div>\n\n\n\n<div class=\"wp-block-columns is-layout-flex wp-container-core-columns-is-layout-9d6595d7 wp-block-columns-is-layout-flex\">\n<div class=\"wp-block-column is-layout-flow wp-block-column-is-layout-flow\">\n<h2>BU Northern Europe<\/h2>\n<p><strong>In Deutschland, Schweiz, \u00d6sterreich, Tschechien, Ungarn, Slowakei und Rum\u00e4nien:<\/strong><\/p>\n<p>Bieten wir dir jede Menge Chancen, berufliche Erfahrungen bei NH zu sammeln!<\/p>\n<p>Ausbildung oder Duales Studium<br>Du willst hoch hinaus? Dann bist du bei NH genau richtig! Hier kannst du mit Einsatz und Spa\u00df schnell Karriere machen. Dein Weg bei uns startet mit einer der folgenden Ausbildungen:&nbsp;<br>\u2022 Restaurantfachkraft (w\/m)<br>\u2022 Hotelfachkraft (w\/m)<br>\u2022 Koch\/K\u00f6chin<br>\u2022 Duales Studium Hotel- und Tourismusmanagement<\/p>\n<p>Gerne kannst du vorab auch dein Schulpraktikum bei uns machen.<br>F\u00fcr deine erfolgreiche Bewerbung bei uns ist deine Motivation wichtiger als deine Noten. Du solltest mindestens einen Hauptschulabschluss haben und gutes Deutsch und Englisch sprechen. Jede weitere Fremdsprache ist ein Plus. Am Wichtigsten ist, dass es dir Freude macht, unseren G\u00e4sten einen perfekten Aufenthalt bei NH zu bereiten.<\/p>\n<p>Dich erwarten neben einer Top-Ausbildung und der Chance auf eine steile Karriere auch jede Menge Vorteile:&nbsp;<br>\u2022 Mitarbeiterrabatte in unseren rund 400 NH Hotels weltweit<br>\u2022 Zahlreiche Schulungen, Feedbackgespr\u00e4che und Unterst\u00fctzung durch Azubi-Trainer&nbsp;<br>\u2022 Ein eigenes Karriereprogramm (\u201eNew Professionals\u201c)<br>Deine Ausbildung bei NH kann der erste Schritt einer tollen Karriere sein. Wir freuen uns auf dich!<\/p>\n<p>Praktikum in der Verwaltung&nbsp;<br>Du studierst noch oder hast dein Studium bereits abgeschlossen und m\u00f6chtest Berufserfahrung sammeln? Bei NH kannst du im Rahmen eines Praktikums in einen der folgenden Bereiche hineinschnuppern:&nbsp; Marketing, Finance, Human Resources, Einkauf, IT, Sales, Revenue Management, E-Commerce, Technik &amp; Instandhaltungsplanung, Office Management, Reservierung, Qualit\u00e4tsmanagement.<\/p>\n<p>Idealerweise bringst du mindestens 6 Monate Zeit und ganz viel Neugier f\u00fcr deine k\u00fcnftigen Aufgaben mit. Im Gegenzug bieten wir dir:<br>\u2022 Sorgf\u00e4ltige Einarbeitung und eigene Verantwortungsbereiche vom ersten Tag an<br>\u2022 Integration als vollwertiges Mitglied in einem tollen Team und umfassende Einblicke in die Arbeit unserer Business Unit<br>\u2022 Mitarbeiterrabatte in unseren rund 400 NH Hotels weltweit&nbsp;<br>\u2022 Zahlreiche Schulungen und Weiterbildungsm\u00f6glichkeiten<br>\u2022 Praktikantentreffen<br>\u2022 Attraktive Praktikumsverg\u00fctung<br>Die meisten Praktika bieten wir in Berlin an. Aber auch in M\u00fcnchen, Frankfurt, Wien und anderen gro\u00dfen St\u00e4dten haben wir Praktikumspl\u00e4tze zu vergeben. Schau doch einfach auf unserer Stellenb\u00f6rse &nbsp;vorbei!<\/p>\n<p>Werde ein Teil der NH Welt!<\/p>\n<p>Unter folgendem Link findest du alle aktuellen Stellenangebote:<\/p>\n<p>Karriere NH Hotel Group<\/p>\n<p>Wir freuen uns auf deine Bewerbung.&nbsp;<\/p>\n<p><em>Kontakt<\/em><br>Interessiert? &nbsp;F\u00fcr alle Fragen rund um Praktikum, Ausbildung, Studium oder Bewerbung, wende dich an unser Human Resources-Team:<em>&nbsp;karriere.de@nh-hotels.com<\/em>&nbsp;bzw. +49 (0) 30 206 207 58 (Berlin).<\/p>\n<p><\/p>\n<p><strong>In den Niederlanden, Belgien, Luxemburg, Gro\u00dfbritannien und S\u00fcdafrika:<\/strong><\/p>\n<ul>\n<li><em>Hotels:<\/em><\/li>\n<\/ul>\n<p>Dein Profil: Student des Managements und der F\u00fchrung von Hotels, sowie Tourismus, Geb\u00e4udemanagement, Rezeption, Hotelfachschule. Master-Studenten mit besonderem Schwerpunkt auf Hotelmanagement.<\/p>\n<p>Trainees in der NH Hotel Group haben eine enthusiastische Pers\u00f6nlichkeit und sind flexibel (Arbeit an Wochenenden). Dar\u00fcber hinaus ist ein Trainee serviceorientiert und er\/sie beherrscht die niederl\u00e4ndische und englische Sprache gut. Mitunter sagen wir, dass NH f\u00fcr nat\u00fcrliche Gastfreundschaft in allen Positionen in der NH Hotel Group einen wichtigen Platz einnimmt. Du als Auszubildender bist in der Lage selbst\u00e4ndig und im Team zu arbeiten.<\/p>\n<p>Ausbildungsabteilungen: Rezeption, F&amp;B, K\u00fcche, Duty Management, Housekeeping, Managementassistent, Guest Relation, Revenue Management, Sales, Bankettvertrieb und Instandhaltung.<\/p>\n<p>Dauer: mindestens 10 Wochen &#8211; 10 Monate.<\/p>\n<p>Ort: In allen Hotels in den Niederlanden, Belgien, Luxemburg, Gro\u00dfbritannien &amp; Afrika<\/p>\n<ul>\n<li><em>Zentrale Dienste:<\/em><\/li>\n<\/ul>\n<p>Profil: Student des Managements- und Leitung von Hotels, Tourismus, Geb\u00e4udemanagement. Master-Studenten mit besonderem Schwerpunkt auf Hotelmanagement.<\/p>\n<p>Trainees in der NH Hotel Group haben eine enthusiastische Pers\u00f6nlichkeit und sind flexibel (Arbeit an Wochenenden). Dar\u00fcber hinaus ist ein Auszubildender serviceorientiert und er\/sie beherrscht die niederl\u00e4ndische und englische Sprache gut. Mitunter sagen wir, dass NH f\u00fcr nat\u00fcrliche Gastfreundschaft in allen Positionen in der NH Hotel Group einen wichtigen Platz einnimmt. Du als Auszubildender bist in der Lage selbst\u00e4ndig und im Team zu arbeiten.<\/p>\n<p>Ausbildungsabteilungen: Personalverwaltung*, Marketing, Kommunikation und E-Commerce, Einkauf, Qualit\u00e4t, Finanzen, F&amp;B-Projekte und Vertrieb.<\/p>\n<p>Dauer: 5 bis 10 Monate.<\/p>\n<p>Ort: Amt f\u00fcr Zentrale Dienste in Hilversum (Niederlande).<\/p>\n<p>*Das Praktikum Human Resources ist in den Niederlanden, Belgien und GB m\u00f6glich.<\/p>\n<p><\/p>\n<\/div>\n<\/div>\n\n\n\n<div class=\"wp-block-columns is-layout-flex wp-container-core-columns-is-layout-9d6595d7 wp-block-columns-is-layout-flex\">\n<div class=\"wp-block-column is-layout-flow wp-block-column-is-layout-flow\">\n<h2>BU Southern Europe<\/h2>\n<p><strong>In Spanien, Portugal, Andorra und Frankreich:<\/strong><\/p>\n<p>Wir suchen Leistungsst\u00e4rke und eine positive Einstellung.&nbsp; Wenn du in der Ausbildung bist und deine Herausforderung das kontinuierliche Lernen und die berufliche Entwicklung ist, empfehlen wir dir, dich uns anzuschlie\u00dfen. Wir bieten Programme in fast allen St\u00e4dten an.<\/p>\n<p>Bewerbe dich \u00fcber unsere Webseite und schau dir die Stellenangebote an!<\/p>\n<ul>\n<li><em>Hotel:<\/em><\/li>\n<\/ul>\n<p>Dein Profil: Student des Managements und F\u00fchrung von Hotels, sowie Tourismus, Berufsbildung zum Koch, im Servicebereich, Beherbergung, Verwaltung und Leitung, Instandhaltung von Geb\u00e4uden und Elektroinstallation. Und Master-Studenten mit besonderem Schwerpunkt auf Hotelmanagement.<\/p>\n<p>Praktika in: Abteilungen wie Rezeption, kaufm\u00e4nnische Abteilung, K\u00fcche, Etage, Allgemeine Dienste, Einkauf, Reservierungen, Guest Relation, Instandhaltung und Leitung.<\/p>\n<p>Dauer: Zwischen 3 und 6 Monate (verl\u00e4ngerbar).<\/p>\n<p>Ort: In allen Hotels der Spanien, Portugal,&nbsp; Andorra und Frankreich.<\/p>\n<ul>\n<li><em>Zentrale Dienste:<\/em><\/li>\n<\/ul>\n<p>Dein Profil: Studierende mit Abschl\u00fcssen vor allem in Verwaltung und Leitung von Unternehmen, Tourismus, Technik und Recht. Auszubildende in der Berufsausbildung f\u00fcr Verwaltung und Master in Verbindung mit dem Hotelgewerbe. Neben der guten Beherrschung der Landessprache sind gute Englischkenntnisse von besonderem Vorteil.<\/p>\n<p>Praktika in: Abteilung Marketing, Elektronische Verteilung, Verwaltung und Finanzen, Umwelt und Technik, Personalwesen, Einkauf und Vertrieb.<\/p>\n<p>Dauer: Zwischen 6 und 12 Monate.<\/p>\n<p>Ort: In den Zentralb\u00fcros in Madrid und Barcelona.<\/p>\n<p><\/p>\n<p><strong>In Italien:<\/strong><\/p>\n<p>Das Praktikumsprogramm bei Italien basiert auf der Zusammenarbeit mit den wichtigsten Universit\u00e4ten und Hochschulen, an denen unsere F\u00fchrungskr\u00e4fte und Gesch\u00e4ftsf\u00fchrer den Studenten unser Unternehmen vorstellen und wo wir lehrplanm\u00e4\u00dfige und au\u00dferlehrplanm\u00e4\u00dfige Praktikumsm\u00f6glichkeiten anbieten.<\/p>\n<p>Die wichtigsten Merkmale unserer Praktika sind:<\/p>\n<p>\u2022 Dauer 3 &#8211; 6 Monate<\/p>\n<p>\u2022 Betreuung durch einen Trainer<\/p>\n<p>\u2022 Aufwendungserstattung im Falle eines au\u00dferlehrplanm\u00e4\u00dfigen Praktikums<\/p>\n<p>Alle unsere Praktika basieren auf einem Ausbildungsprogramm. Du als Praktikant arbeitest Seite an Seite mit unseren F\u00fchrungs- und Spezialistenteams, die dir Feedback \u00fcber deine Leistungen und \u00fcber die Fortschritte des Praktikumsprojekts geben. Praktika k\u00f6nnen sowohl in unseren Hotels an der Rezeption, im Restaurant oder K\u00fcche und in den Zentralb\u00fcros (Personalverwaltung, Einkauf, Handel, Marketing, Vertrieb, Reservierung, Revenue und IT) absolviert werden.&nbsp; Praktika bei NH-Italien sind zu einem sehr wichtigen Abschnitt im Leben der Studenten\/Absolventen geworden, weil sie die erste Gelegenheit bieten, die Auswahl zu best\u00e4tigen, die w\u00e4hrend der Ausbildung getroffen wurde, um besser zu verstehen, was sie tun m\u00f6chten, wenn sie \u201eerwachsen\u201c sind und um ihre St\u00e4rken, Interessen und Verbesserungsm\u00f6glichkeiten zu identifizieren.<\/p>\n<p>Ein Praktikum bei Italien ist eine wichtige \u201eT\u00fcr\u201c um in unserer Unternehmen einzutreten und zugleich erm\u00f6glicht es uns die Talente zu finden, die unsere zuk\u00fcnftigen F\u00fchrungspositionen besetzen k\u00f6nnten!<\/p>\n<\/div>\n<\/div>\n\n\n\n<div class=\"wp-block-columns is-layout-flex wp-container-core-columns-is-layout-9d6595d7 wp-block-columns-is-layout-flex\">\n<div class=\"wp-block-column is-layout-flow wp-block-column-is-layout-flow\">\n<h2>Headquarters Madrid<\/h2>\n<p>Du m\u00f6chtest erste Berufserfahrungen sammeln, verf\u00fcgst \u00fcber eine starke Kundenorientierung und dir gef\u00e4llt das Hotelgewerbe?<\/p>\n<p>Bei NH geben wir dir die M\u00f6glichkeit die ersten Schritte in der Arbeitswelt zu unternehmen und wir werden dich zu einer Fachkraft ausbilden, die in einem dynamischen, globalen Unternehmen arbeitet.<\/p>\n<p>F\u00fcr unsere Zentrale in Madrid suchen wir talentierte Menschen, die bereit sind zu lernen, die mit ihren Ideen und ihrer Begeisterung, sowie guten Englischkenntnissen dazu beitragen, die Dienstleistungen der unterschiedlichen Gesch\u00e4ftseinheiten der NH Hotel Group weltweit zu erbringen.<\/p>\n<p>Die Abteilungen, die wir dir anbieten, sind: Marketing, E-Commerce, Vertrieb, kaufm\u00e4nnische Abteilung, Finanzen, Business Intelligence, Umwelt, Technik, Personalwesen, Einkauf, Steuern und Vertrieb.<\/p>\n<p>Die Praktikumsdauer betr\u00e4gt 6 bis 12 Monate.<\/p>\n<p>Trete bei der NH Hotel Group in die Welt der Arbeit ein.&nbsp; Sende uns deinen Lebenslauf!<\/p>\n<\/div>\n<\/div>\n\n\n\n<hr class=\"wp-block-separator has-alpha-channel-opacity\"\/>\n\n\n\n<div class=\"wp-block-columns is-layout-flex wp-container-core-columns-is-layout-9d6595d7 wp-block-columns-is-layout-flex\">\n<div class=\"wp-block-column is-layout-flow wp-block-column-is-layout-flow\">\n<p>Wir m\u00f6chten dir ein unvergessliches Erlebnis bieten, das ein Vorher und Nachher in deiner Entwicklung widerspiegelt und dir bei deinen ersten Ann\u00e4herungen an die Arbeitswelt behilflich ist.<\/p>\n<p>Wir lieben, was wir tun und wir sind sicher, dass du das Gleiche denken wirst.<\/p>\n<p>Begleite uns bei einer spannenden Erfahrung.&nbsp;<a href=\"https:\/\/nhcareers.epreselec.com\/?id_idioma=4&amp;id_origen=web+corporativa\" target=\"_blank\" rel=\"noopener\">Wir freuen uns auf deine Bewerbung!<\/a><\/p>\n<\/div>\n<\/div>\n","protected":false},"excerpt":{"rendered":"<p>Jobs &amp; Praktikum bei NH Hotels Die NH Hotel Group &#8211; Praktikantenprogramme \u00f6ffnen dir T\u00fcren zu einer spannenden und herausfordernden Erfahrung in unserem Unternehmen. Dein Potential und deineMotivation sind unsere wichtigsten Auswahlkriterien. Wenn du in einem f\u00fchrenden Unternehmen in der Hotellerie arbeiten m\u00f6chtest, ist das deine Chance! Wir bieten Praktikantenprogramme auf der ganzen Welt an, [&hellip;]<\/p>\n","protected":false},"author":10,"featured_media":0,"parent":18394,"menu_order":0,"comment_status":"closed","ping_status":"closed","template":"","meta":{"_acf_changed":false,"footnotes":""},"class_list":["post-18418","page","type-page","status-publish","hentry"],"acf":[],"_links":{"self":[{"href":"https:\/\/corporate.minor-hotels.com\/de\/wp-json\/wp\/v2\/pages\/18418","targetHints":{"allow":["GET"]}}],"collection":[{"href":"https:\/\/corporate.minor-hotels.com\/de\/wp-json\/wp\/v2\/pages"}],"about":[{"href":"https:\/\/corporate.minor-hotels.com\/de\/wp-json\/wp\/v2\/types\/page"}],"author":[{"embeddable":true,"href":"https:\/\/corporate.minor-hotels.com\/de\/wp-json\/wp\/v2\/users\/10"}],"replies":[{"embeddable":true,"href":"https:\/\/corporate.minor-hotels.com\/de\/wp-json\/wp\/v2\/comments?post=18418"}],"version-history":[{"count":2,"href":"https:\/\/corporate.minor-hotels.com\/de\/wp-json\/wp\/v2\/pages\/18418\/revisions"}],"predecessor-version":[{"id":19099,"href":"https:\/\/corporate.minor-hotels.com\/de\/wp-json\/wp\/v2\/pages\/18418\/revisions\/19099"}],"up":[{"embeddable":true,"href":"https:\/\/corporate.minor-hotels.com\/de\/wp-json\/wp\/v2\/pages\/18394"}],"wp:attachment":[{"href":"https:\/\/corporate.minor-hotels.com\/de\/wp-json\/wp\/v2\/media?parent=18418"}],"curies":[{"name":"wp","href":"https:\/\/api.w.org\/{rel}","templated":true}]}}