{"id":18400,"date":"2022-11-16T18:32:13","date_gmt":"2022-11-16T17:32:13","guid":{"rendered":"https:\/\/www.nh-hotels.com\/corporate\/?page_id=18400"},"modified":"2023-03-03T12:03:57","modified_gmt":"2023-03-03T11:03:57","slug":"warum-nh","status":"publish","type":"page","link":"https:\/\/corporate.minor-hotels.com\/de\/beschaftigung\/warum-nh","title":{"rendered":"Warum NH"},"content":{"rendered":"\n<h1 class=\"wp-block-heading\">Warum NH<\/h1>\n\n\n\n<div class=\"wp-block-columns is-layout-flex wp-container-core-columns-is-layout-9d6595d7 wp-block-columns-is-layout-flex\">\n<div class=\"wp-block-column is-layout-flow wp-block-column-is-layout-flow\">\n<p>Wir schaffen f\u00fcr unsere MitarbeiterInnen einen hochwertigen Arbeitsplatz, der sich durch regelm\u00e4\u00dfige Trainings, berufliche Entwicklungsm\u00f6glichkeiten sowie kulturelle Vielf\u00e4ltigkeit definiert.<\/p>\n<p>Mehr als 19.000 Mitarbeiter und Mitarbeiterinnen gestalten t\u00e4glich mit viel Engagement und Leidenschaft unser Business. Das spiegelt unsere Philosophie und Ziele wieder:<\/p>\n<ol>\n<li>Wir m\u00f6chten jedem Gast einen unvergesslichen Aufenthalt bieten.<\/li>\n<li>Wir sind stolz darauf, gute Gastgeber zu sein.<\/li>\n<li>Wir wollen die Besten sein, auch wenn wir nicht die Gr\u00f6\u00dften sind.<\/li>\n<li>Wir sind gemeinsam verantwortlich f\u00fcr unsere Ergebnisse.<\/li>\n<li>Unsere Mitarbeiter sorgen daf\u00fcr, dass es unseren G\u00e4sten gut geht, darum sorgen wir f\u00fcr unsere Mitarbeiter.<\/li>\n<li>Wir engagieren uns f\u00fcr die Gemeinschaft, in der wir leben.<\/li>\n<li>Wir sind Neuem gegen\u00fcber aufgeschlossen.<\/li>\n<li>Wir lieben was wir tun.<\/li>\n<\/ol>\n<p>\u2026 und wir machen all das mit einem L\u00e4cheln!<\/p>\n<p>Erleben Sie unsere Philosophie in einem unserer H\u00e4user und lernen Sie uns pers\u00f6nlich kennen. Ein Teil der NH Hotel Group zu sein bedeutet auch, vielseitige Berufschancen und Aufstiegsm\u00f6glichkeiten zu erhalten.<\/p>\n<p>Mit der Gr\u00fcndung der NH University im Jahr 1996, haben wir f\u00fcr unsere Mitarbeiter und Mitarbeiterinnen eine M\u00f6glichkeit geschaffen, sich innerhalb unseres Unternehmens weiterzuentwickeln und sich auf den n\u00e4chsten Karriereschritt vorzubereiten.&nbsp; Hier bieten wir unterschiedliche Trainings und Weiterentwicklungsprogramme an. Von Schulungen zu operativen Themen wie Weinschulungen und Kr\u00e4uterlehre, \u00fcber mehrmonatige Weiterbildungsprogramme auf allen Leveln, bis hin zu Schulungen f\u00fcr unsere VerwaltungsmitarbeiterInnen, bietet unsere NH University j\u00e4hrlich circa 250 Schulungen und Trainings an.<\/p>\n<p><strong>J\u00e4hrlicher Report&nbsp;<\/strong><\/p>\n<p>Hier findest du alle Informationen rund um unser Unternehmen und unsere wirtschaftliche Entwicklung.<\/p>\n<p><a href=\"http:\/\/memorianh.com\/2015\/en\/\" target=\"_blank\" rel=\"noopener\">https:\/\/memorianh.com\/2018\/<\/a><\/p>\n<\/div>\n<\/div>\n\n\n\n<div class=\"wp-block-columns is-layout-flex wp-container-core-columns-is-layout-9d6595d7 wp-block-columns-is-layout-flex\">\n<div class=\"wp-block-column is-layout-flow wp-block-column-is-layout-flow\">\n<div class=\"wp-block-themepunch-revslider revslider\" data-modal=\"false\" data-slidertitle=\"Jobs Why NH\" style=\"\">\n\t\t\t<!-- START Jobs Why NH REVOLUTION SLIDER 6.6.13 --><p class=\"rs-p-wp-fix\"><\/p>\n\t\t\t<rs-module-wrap id=\"rev_slider_10_1_wrapper\" data-source=\"gallery\" style=\"visibility:hidden;background:transparent;padding:0;margin:0px auto;margin-top:0;margin-bottom:0;\">\n\t\t\t\t<rs-module id=\"rev_slider_10_1\" style=\"\" data-version=\"6.6.13\">\n\t\t\t\t\t<rs-slides style=\"overflow: hidden; position: absolute;\">\n\t\t\t\t\t\t<rs-slide style=\"position: absolute;\" data-key=\"rs-41\" data-title=\"Slide\" data-in=\"o:0;\" data-out=\"a:false;\">\n\t\t\t\t\t\t\t<img decoding=\"async\" src=\"\/\/corporate.minor-hotels.com\/assets\/plugins\/revslider\/public\/assets\/assets\/dummy.png\" alt=\"Slide\" title=\"Warum NH\" class=\"rev-slidebg tp-rs-img rs-lazyload\" data-lazyload=\"\/\/corporate.minor-hotels.com\/assets\/plugins\/revslider\/public\/assets\/assets\/transparent.png\" data-no-retina>\n<!--\t\t\t\t\t\t--><rs-zone id=\"rrzt_41\" class=\"rev_row_zone_top\" style=\"z-index: 6;\"><!--\n\n\t\t\t\t\t\t\t\t--><rs-row\n\t\t\t\t\t\t\t\t\tid=\"slider-10-slide-41-layer-0\" \n\t\t\t\t\t\t\t\t\tdata-type=\"row\"\n\t\t\t\t\t\t\t\t\tdata-xy=\"xo:50px;yo:50px;\"\n\t\t\t\t\t\t\t\t\tdata-rsp_bd=\"off\"\n\t\t\t\t\t\t\t\t\tdata-padding=\"t:10;r:10;b:10;l:10;\"\n\t\t\t\t\t\t\t\t\tdata-frame_0=\"o:1;\"\n\t\t\t\t\t\t\t\t\tdata-frame_999=\"o:0;st:w;sA:9000;\"\n\t\t\t\t\t\t\t\t\tstyle=\"z-index:6;\"\n\t\t\t\t\t\t\t\t><!--\n\t\t\t\t\t\t\t\t\t--><rs-column\n\t\t\t\t\t\t\t\t\t\tid=\"slider-10-slide-41-layer-1\" \n\t\t\t\t\t\t\t\t\t\tdata-type=\"column\"\n\t\t\t\t\t\t\t\t\t\tdata-xy=\"xo:50px;yo:50px;\"\n\t\t\t\t\t\t\t\t\t\tdata-rsp_bd=\"off\"\n\t\t\t\t\t\t\t\t\t\tdata-column=\"w:50%;\"\n\t\t\t\t\t\t\t\t\t\tdata-padding=\"t:10;r:10;b:10;l:10;\"\n\t\t\t\t\t\t\t\t\t\tdata-frame_0=\"o:1;\"\n\t\t\t\t\t\t\t\t\t\tdata-frame_999=\"o:0;st:w;sA:9000;\"\n\t\t\t\t\t\t\t\t\t\tstyle=\"z-index:7;width:100%;\"\n\t\t\t\t\t\t\t\t\t><!--\n\t\t\t\t\t\t\t\t\t\t--><rs-layer\n\t\t\t\t\t\t\t\t\t\t\tid=\"slider-10-slide-41-layer-5\" \n\t\t\t\t\t\t\t\t\t\t\tclass=\"rs-layer-video intrinsic-ignore\"\n\t\t\t\t\t\t\t\t\t\t\tdata-type=\"video\"\n\t\t\t\t\t\t\t\t\t\t\tdata-rsp_ch=\"on\"\n\t\t\t\t\t\t\t\t\t\t\tdata-xy=\"\"\n\t\t\t\t\t\t\t\t\t\t\tdata-pos=\"r\"\n\t\t\t\t\t\t\t\t\t\t\tdata-text=\"w:normal;s:20,20,12,7;l:0,0,15,9;\"\n\t\t\t\t\t\t\t\t\t\t\tdata-dim=\"w:515px,515px,322px,100%;h:290px,290px,181px,auto;\"\n\t\t\t\t\t\t\t\t\t\t\tdata-video=\"ap:false;vd:100;l:false;ptimer:false;\"\n\t\t\t\t\t\t\t\t\t\t\tdata-poster=\"\/\/img.youtube.com\/vi\/dn_ABmnfPlE\/maxresdefault.jpg\"\n\t\t\t\t\t\t\t\t\t\t\tdata-ytid=\"dn_ABmnfPlE\"\n\t\t\t\t\t\t\t\t\t\t\tdata-vatr=\"version=3&amp;enablejsapi=1&amp;html5=1&amp;hd=1&amp;wmode=opaque&amp;showinfo=0&amp;rel=0&amp;origin=https:\/\/corporate.minor-hotels.com;\"\n\t\t\t\t\t\t\t\t\t\t\tdata-frame_999=\"o:0;st:w;\"\n\t\t\t\t\t\t\t\t\t\t\tstyle=\"z-index:6;\"\n\t\t\t\t\t\t\t\t\t\t>\n\t\t\t\t\t\t\t\t\t\t<\/rs-layer><!--\n\t\t\t\t\t\t\t\t\t--><\/rs-column><!--\n\n\t\t\t\t\t\t\t\t\t--><rs-column\n\t\t\t\t\t\t\t\t\t\tid=\"slider-10-slide-41-layer-2\" \n\t\t\t\t\t\t\t\t\t\tdata-type=\"column\"\n\t\t\t\t\t\t\t\t\t\tdata-xy=\"xo:50px;yo:50px;\"\n\t\t\t\t\t\t\t\t\t\tdata-rsp_bd=\"off\"\n\t\t\t\t\t\t\t\t\t\tdata-column=\"w:50%;\"\n\t\t\t\t\t\t\t\t\t\tdata-padding=\"t:10;r:10;b:10;l:10;\"\n\t\t\t\t\t\t\t\t\t\tdata-frame_0=\"o:1;\"\n\t\t\t\t\t\t\t\t\t\tdata-frame_999=\"o:0;st:w;sA:9000;\"\n\t\t\t\t\t\t\t\t\t\tstyle=\"z-index:6;width:100%;\"\n\t\t\t\t\t\t\t\t\t><!--\n\t\t\t\t\t\t\t\t\t\t--><rs-layer\n\t\t\t\t\t\t\t\t\t\t\tid=\"slider-10-slide-41-layer-4\" \n\t\t\t\t\t\t\t\t\t\t\tdata-type=\"text\"\n\t\t\t\t\t\t\t\t\t\t\tdata-color=\"#505050\"\n\t\t\t\t\t\t\t\t\t\t\tdata-rsp_ch=\"on\"\n\t\t\t\t\t\t\t\t\t\t\tdata-xy=\"\"\n\t\t\t\t\t\t\t\t\t\t\tdata-pos=\"r\"\n\t\t\t\t\t\t\t\t\t\t\tdata-text=\"w:normal;s:35,35,21,21;l:0,0,6,6;a:left,left,left,center;\"\n\t\t\t\t\t\t\t\t\t\t\tdata-dim=\"w:591px,591px,370px,425px;h:46px,46px,28px,38px;\"\n\t\t\t\t\t\t\t\t\t\t\tdata-padding=\"b:0,0,0,20;\"\n\t\t\t\t\t\t\t\t\t\t\tdata-frame_999=\"o:0;st:w;\"\n\t\t\t\t\t\t\t\t\t\t\tstyle=\"z-index:6;font-family:'Roboto';border-bottom:5px solid #505050;\"\n\t\t\t\t\t\t\t\t\t\t><h3>Further Together - 2nd Phase<\/h3><br \/>\n \n\t\t\t\t\t\t\t\t\t\t<\/rs-layer><!--\n\t\t\t\t\t\t\t\t\t--><\/rs-column><!--\n\t\t\t\t\t\t\t\t--><\/rs-row><!--\n\t\t\t\t\t\t\t--><\/rs-zone><!--\n-->\t\t\t\t\t\t<\/rs-slide>\n\t\t\t\t\t\t<rs-slide style=\"position: absolute;\" data-key=\"rs-42\" data-title=\"Slide\" data-in=\"o:0;\" data-out=\"a:false;\">\n\t\t\t\t\t\t\t<img decoding=\"async\" src=\"\/\/corporate.minor-hotels.com\/assets\/plugins\/revslider\/public\/assets\/assets\/dummy.png\" alt=\"Slide\" title=\"Warum NH\" class=\"rev-slidebg tp-rs-img rs-lazyload\" data-lazyload=\"\/\/corporate.minor-hotels.com\/assets\/plugins\/revslider\/public\/assets\/assets\/transparent.png\" data-no-retina>\n<!--\t\t\t\t\t\t--><rs-zone id=\"rrzt_42\" class=\"rev_row_zone_top\" style=\"z-index: 6;\"><!--\n\n\t\t\t\t\t\t\t\t--><rs-row\n\t\t\t\t\t\t\t\t\tid=\"slider-10-slide-42-layer-0\" \n\t\t\t\t\t\t\t\t\tdata-type=\"row\"\n\t\t\t\t\t\t\t\t\tdata-xy=\"xo:50px;yo:50px;\"\n\t\t\t\t\t\t\t\t\tdata-rsp_bd=\"off\"\n\t\t\t\t\t\t\t\t\tdata-padding=\"t:10;r:10;b:10;l:10;\"\n\t\t\t\t\t\t\t\t\tdata-frame_0=\"o:1;\"\n\t\t\t\t\t\t\t\t\tdata-frame_999=\"o:0;st:w;sA:9000;\"\n\t\t\t\t\t\t\t\t\tstyle=\"z-index:6;\"\n\t\t\t\t\t\t\t\t><!--\n\t\t\t\t\t\t\t\t\t--><rs-column\n\t\t\t\t\t\t\t\t\t\tid=\"slider-10-slide-42-layer-1\" \n\t\t\t\t\t\t\t\t\t\tdata-type=\"column\"\n\t\t\t\t\t\t\t\t\t\tdata-xy=\"xo:50px;yo:50px;\"\n\t\t\t\t\t\t\t\t\t\tdata-rsp_bd=\"off\"\n\t\t\t\t\t\t\t\t\t\tdata-column=\"w:50%;\"\n\t\t\t\t\t\t\t\t\t\tdata-padding=\"t:10;r:10;b:10;l:10;\"\n\t\t\t\t\t\t\t\t\t\tdata-frame_0=\"o:1;\"\n\t\t\t\t\t\t\t\t\t\tdata-frame_999=\"o:0;st:w;sA:9000;\"\n\t\t\t\t\t\t\t\t\t\tstyle=\"z-index:7;width:100%;\"\n\t\t\t\t\t\t\t\t\t><!--\n\t\t\t\t\t\t\t\t\t\t--><rs-layer\n\t\t\t\t\t\t\t\t\t\t\tid=\"slider-10-slide-42-layer-5\" \n\t\t\t\t\t\t\t\t\t\t\tclass=\"rs-layer-video intrinsic-ignore\"\n\t\t\t\t\t\t\t\t\t\t\tdata-type=\"video\"\n\t\t\t\t\t\t\t\t\t\t\tdata-rsp_ch=\"on\"\n\t\t\t\t\t\t\t\t\t\t\tdata-xy=\"\"\n\t\t\t\t\t\t\t\t\t\t\tdata-pos=\"r\"\n\t\t\t\t\t\t\t\t\t\t\tdata-text=\"w:normal;s:20,20,12,7;l:0,0,15,9;\"\n\t\t\t\t\t\t\t\t\t\t\tdata-dim=\"w:515px,515px,322px,100%;h:290px,290px,181px,auto;\"\n\t\t\t\t\t\t\t\t\t\t\tdata-video=\"ap:false;vd:100;l:false;ptimer:false;\"\n\t\t\t\t\t\t\t\t\t\t\tdata-poster=\"\/\/img.youtube.com\/vi\/yolNC9h75TE\/maxresdefault.jpg\"\n\t\t\t\t\t\t\t\t\t\t\tdata-ytid=\"yolNC9h75TE\"\n\t\t\t\t\t\t\t\t\t\t\tdata-vatr=\"version=3&amp;enablejsapi=1&amp;html5=1&amp;hd=1&amp;wmode=opaque&amp;showinfo=0&amp;rel=0&amp;origin=https:\/\/corporate.minor-hotels.com;\"\n\t\t\t\t\t\t\t\t\t\t\tdata-frame_999=\"o:0;st:w;\"\n\t\t\t\t\t\t\t\t\t\t\tstyle=\"z-index:6;\"\n\t\t\t\t\t\t\t\t\t\t>\n\t\t\t\t\t\t\t\t\t\t<\/rs-layer><!--\n\t\t\t\t\t\t\t\t\t--><\/rs-column><!--\n\n\t\t\t\t\t\t\t\t\t--><rs-column\n\t\t\t\t\t\t\t\t\t\tid=\"slider-10-slide-42-layer-2\" \n\t\t\t\t\t\t\t\t\t\tdata-type=\"column\"\n\t\t\t\t\t\t\t\t\t\tdata-xy=\"xo:50px;yo:50px;\"\n\t\t\t\t\t\t\t\t\t\tdata-rsp_bd=\"off\"\n\t\t\t\t\t\t\t\t\t\tdata-column=\"w:50%;\"\n\t\t\t\t\t\t\t\t\t\tdata-padding=\"t:10;r:10;b:10;l:10;\"\n\t\t\t\t\t\t\t\t\t\tdata-frame_0=\"o:1;\"\n\t\t\t\t\t\t\t\t\t\tdata-frame_999=\"o:0;st:w;sA:9000;\"\n\t\t\t\t\t\t\t\t\t\tstyle=\"z-index:6;width:100%;\"\n\t\t\t\t\t\t\t\t\t><!--\n\t\t\t\t\t\t\t\t\t\t--><rs-layer\n\t\t\t\t\t\t\t\t\t\t\tid=\"slider-10-slide-42-layer-4\" \n\t\t\t\t\t\t\t\t\t\t\tdata-type=\"text\"\n\t\t\t\t\t\t\t\t\t\t\tdata-color=\"#505050\"\n\t\t\t\t\t\t\t\t\t\t\tdata-rsp_ch=\"on\"\n\t\t\t\t\t\t\t\t\t\t\tdata-xy=\"\"\n\t\t\t\t\t\t\t\t\t\t\tdata-pos=\"r\"\n\t\t\t\t\t\t\t\t\t\t\tdata-text=\"w:normal;s:35,35,21,21;l:0,0,6,31;a:left,left,left,center;\"\n\t\t\t\t\t\t\t\t\t\t\tdata-dim=\"w:591px,591px,370px,437px;h:65px,65px,40px,58px;\"\n\t\t\t\t\t\t\t\t\t\t\tdata-frame_999=\"o:0;st:w;\"\n\t\t\t\t\t\t\t\t\t\t\tstyle=\"z-index:7;font-family:'Roboto';border-bottom:5px solid #505050;\"\n\t\t\t\t\t\t\t\t\t\t><h3>What is your dream? Join the NH Hotel Group Family<br \/>\n<\/h3><br \/>\n \n\t\t\t\t\t\t\t\t\t\t<\/rs-layer><!--\n\n\t\t\t\t\t\t\t\t\t\t--><rs-layer\n\t\t\t\t\t\t\t\t\t\t\tid=\"slider-10-slide-42-layer-6\" \n\t\t\t\t\t\t\t\t\t\t\tdata-type=\"text\"\n\t\t\t\t\t\t\t\t\t\t\tdata-color=\"#a5a5a5\"\n\t\t\t\t\t\t\t\t\t\t\tdata-rsp_ch=\"on\"\n\t\t\t\t\t\t\t\t\t\t\tdata-xy=\"\"\n\t\t\t\t\t\t\t\t\t\t\tdata-pos=\"r\"\n\t\t\t\t\t\t\t\t\t\t\tdata-text=\"w:normal;s:20,20,12,18;l:25,25,15,29;\"\n\t\t\t\t\t\t\t\t\t\t\tdata-dim=\"h:149px,149px,93px,57px;\"\n\t\t\t\t\t\t\t\t\t\t\tdata-padding=\"t:20,20,13,8;\"\n\t\t\t\t\t\t\t\t\t\t\tdata-frame_999=\"o:0;st:w;\"\n\t\t\t\t\t\t\t\t\t\t\tstyle=\"z-index:6;font-family:'Roboto';\"\n\t\t\t\t\t\t\t\t\t\t>At NH Hotel Group, success is built by our people. We believe in working together to deliver exceptional experiences for our guests every day. We ensure that our guests are the best ambassadors of our hotels. This is at the heart of everything that we do. View all our vacancies at https:\/\/nhhoteljobs.com<br \/>\n \n\t\t\t\t\t\t\t\t\t\t<\/rs-layer><!--\n\t\t\t\t\t\t\t\t\t--><\/rs-column><!--\n\t\t\t\t\t\t\t\t--><\/rs-row><!--\n\t\t\t\t\t\t\t--><\/rs-zone><!--\n-->\t\t\t\t\t\t<\/rs-slide>\n\t\t\t\t\t\t<rs-slide style=\"position: absolute;\" data-key=\"rs-43\" data-title=\"Slide\" data-in=\"o:0;\" data-out=\"a:false;\">\n\t\t\t\t\t\t\t<img decoding=\"async\" src=\"\/\/corporate.minor-hotels.com\/assets\/plugins\/revslider\/public\/assets\/assets\/dummy.png\" alt=\"Slide\" title=\"Warum NH\" class=\"rev-slidebg tp-rs-img rs-lazyload\" data-lazyload=\"\/\/corporate.minor-hotels.com\/assets\/plugins\/revslider\/public\/assets\/assets\/transparent.png\" data-no-retina>\n<!--\t\t\t\t\t\t--><rs-zone id=\"rrzt_43\" class=\"rev_row_zone_top\" style=\"z-index: 6;\"><!--\n\n\t\t\t\t\t\t\t\t--><rs-row\n\t\t\t\t\t\t\t\t\tid=\"slider-10-slide-43-layer-0\" \n\t\t\t\t\t\t\t\t\tdata-type=\"row\"\n\t\t\t\t\t\t\t\t\tdata-xy=\"xo:50px;yo:50px;\"\n\t\t\t\t\t\t\t\t\tdata-rsp_bd=\"off\"\n\t\t\t\t\t\t\t\t\tdata-padding=\"t:10;r:10;b:10;l:10;\"\n\t\t\t\t\t\t\t\t\tdata-frame_0=\"o:1;\"\n\t\t\t\t\t\t\t\t\tdata-frame_999=\"o:0;st:w;sA:9000;\"\n\t\t\t\t\t\t\t\t\tstyle=\"z-index:6;\"\n\t\t\t\t\t\t\t\t><!--\n\t\t\t\t\t\t\t\t\t--><rs-column\n\t\t\t\t\t\t\t\t\t\tid=\"slider-10-slide-43-layer-1\" \n\t\t\t\t\t\t\t\t\t\tdata-type=\"column\"\n\t\t\t\t\t\t\t\t\t\tdata-xy=\"xo:50px;yo:50px;\"\n\t\t\t\t\t\t\t\t\t\tdata-rsp_bd=\"off\"\n\t\t\t\t\t\t\t\t\t\tdata-column=\"w:50%;\"\n\t\t\t\t\t\t\t\t\t\tdata-padding=\"t:10;r:10;b:10;l:10;\"\n\t\t\t\t\t\t\t\t\t\tdata-frame_0=\"o:1;\"\n\t\t\t\t\t\t\t\t\t\tdata-frame_999=\"o:0;st:w;sA:9000;\"\n\t\t\t\t\t\t\t\t\t\tstyle=\"z-index:7;width:100%;\"\n\t\t\t\t\t\t\t\t\t><!--\n\t\t\t\t\t\t\t\t\t\t--><rs-layer\n\t\t\t\t\t\t\t\t\t\t\tid=\"slider-10-slide-43-layer-5\" \n\t\t\t\t\t\t\t\t\t\t\tclass=\"rs-layer-video intrinsic-ignore\"\n\t\t\t\t\t\t\t\t\t\t\tdata-type=\"video\"\n\t\t\t\t\t\t\t\t\t\t\tdata-rsp_ch=\"on\"\n\t\t\t\t\t\t\t\t\t\t\tdata-xy=\"\"\n\t\t\t\t\t\t\t\t\t\t\tdata-pos=\"r\"\n\t\t\t\t\t\t\t\t\t\t\tdata-text=\"w:normal;s:20,20,12,7;l:0,0,15,9;\"\n\t\t\t\t\t\t\t\t\t\t\tdata-dim=\"w:515px,515px,322px,100%;h:290px,290px,181px,auto;\"\n\t\t\t\t\t\t\t\t\t\t\tdata-video=\"ap:false;vd:100;l:false;ptimer:false;\"\n\t\t\t\t\t\t\t\t\t\t\tdata-poster=\"\/\/img.youtube.com\/vi\/QbjXR0cTvOo\/maxresdefault.jpg\"\n\t\t\t\t\t\t\t\t\t\t\tdata-ytid=\"QbjXR0cTvOo\"\n\t\t\t\t\t\t\t\t\t\t\tdata-vatr=\"version=3&amp;enablejsapi=1&amp;html5=1&amp;hd=1&amp;wmode=opaque&amp;showinfo=0&amp;rel=0&amp;origin=https:\/\/corporate.minor-hotels.com;\"\n\t\t\t\t\t\t\t\t\t\t\tdata-frame_999=\"o:0;st:w;\"\n\t\t\t\t\t\t\t\t\t\t\tstyle=\"z-index:6;\"\n\t\t\t\t\t\t\t\t\t\t>\n\t\t\t\t\t\t\t\t\t\t<\/rs-layer><!--\n\t\t\t\t\t\t\t\t\t--><\/rs-column><!--\n\n\t\t\t\t\t\t\t\t\t--><rs-column\n\t\t\t\t\t\t\t\t\t\tid=\"slider-10-slide-43-layer-2\" \n\t\t\t\t\t\t\t\t\t\tdata-type=\"column\"\n\t\t\t\t\t\t\t\t\t\tdata-xy=\"xo:50px;yo:50px;\"\n\t\t\t\t\t\t\t\t\t\tdata-rsp_bd=\"off\"\n\t\t\t\t\t\t\t\t\t\tdata-column=\"w:50%;\"\n\t\t\t\t\t\t\t\t\t\tdata-padding=\"t:10;r:10;b:10;l:10;\"\n\t\t\t\t\t\t\t\t\t\tdata-frame_0=\"o:1;\"\n\t\t\t\t\t\t\t\t\t\tdata-frame_999=\"o:0;st:w;sA:9000;\"\n\t\t\t\t\t\t\t\t\t\tstyle=\"z-index:6;width:100%;\"\n\t\t\t\t\t\t\t\t\t><!--\n\t\t\t\t\t\t\t\t\t\t--><rs-layer\n\t\t\t\t\t\t\t\t\t\t\tid=\"slider-10-slide-43-layer-4\" \n\t\t\t\t\t\t\t\t\t\t\tdata-type=\"text\"\n\t\t\t\t\t\t\t\t\t\t\tdata-color=\"#505050\"\n\t\t\t\t\t\t\t\t\t\t\tdata-rsp_ch=\"on\"\n\t\t\t\t\t\t\t\t\t\t\tdata-xy=\"\"\n\t\t\t\t\t\t\t\t\t\t\tdata-pos=\"r\"\n\t\t\t\t\t\t\t\t\t\t\tdata-text=\"w:normal;s:35,35,21,21;l:0,0,6,6;a:left,left,left,center;\"\n\t\t\t\t\t\t\t\t\t\t\tdata-dim=\"w:591px,591px,370px,100%;h:45px,45px,28px,37px;\"\n\t\t\t\t\t\t\t\t\t\t\tdata-frame_999=\"o:0;st:w;\"\n\t\t\t\t\t\t\t\t\t\t\tstyle=\"z-index:7;font-family:'Roboto';border-bottom:5px solid #505050;\"\n\t\t\t\t\t\t\t\t\t\t><h3>ShowTime<\/h3><br \/>\n \n\t\t\t\t\t\t\t\t\t\t<\/rs-layer><!--\n\n\t\t\t\t\t\t\t\t\t\t--><rs-layer\n\t\t\t\t\t\t\t\t\t\t\tid=\"slider-10-slide-43-layer-6\" \n\t\t\t\t\t\t\t\t\t\t\tdata-type=\"text\"\n\t\t\t\t\t\t\t\t\t\t\tdata-color=\"#a5a5a5\"\n\t\t\t\t\t\t\t\t\t\t\tdata-rsp_ch=\"on\"\n\t\t\t\t\t\t\t\t\t\t\tdata-xy=\"\"\n\t\t\t\t\t\t\t\t\t\t\tdata-pos=\"r\"\n\t\t\t\t\t\t\t\t\t\t\tdata-text=\"w:normal;s:20,20,12,18;l:25,25,15,28;\"\n\t\t\t\t\t\t\t\t\t\t\tdata-dim=\"h:149px,149px,93px,57px;\"\n\t\t\t\t\t\t\t\t\t\t\tdata-padding=\"t:20,20,13,8;\"\n\t\t\t\t\t\t\t\t\t\t\tdata-frame_999=\"o:0;st:w;\"\n\t\t\t\t\t\t\t\t\t\t\tstyle=\"z-index:6;font-family:'Roboto';\"\n\t\t\t\t\t\t\t\t\t\t>The aim of our new induction Program, ShowTime, is to make that our Central Services employees feel and experience our NH hospitality business. We have designed a 2-day route that gives the opportunity to every employee to work in every department within the hotel and be part of the team.<br \/>\n \n\t\t\t\t\t\t\t\t\t\t<\/rs-layer><!--\n\t\t\t\t\t\t\t\t\t--><\/rs-column><!--\n\t\t\t\t\t\t\t\t--><\/rs-row><!--\n\t\t\t\t\t\t\t--><\/rs-zone><!--\n-->\t\t\t\t\t\t<\/rs-slide>\n\t\t\t\t\t\t<rs-slide style=\"position: absolute;\" data-key=\"rs-44\" data-title=\"Slide\" data-in=\"o:0;\" data-out=\"a:false;\">\n\t\t\t\t\t\t\t<img decoding=\"async\" src=\"\/\/corporate.minor-hotels.com\/assets\/plugins\/revslider\/public\/assets\/assets\/dummy.png\" alt=\"Slide\" title=\"Warum NH\" class=\"rev-slidebg tp-rs-img rs-lazyload\" data-lazyload=\"\/\/corporate.minor-hotels.com\/assets\/plugins\/revslider\/public\/assets\/assets\/transparent.png\" data-no-retina>\n<!--\t\t\t\t\t\t--><rs-zone id=\"rrzt_44\" class=\"rev_row_zone_top\" style=\"z-index: 6;\"><!--\n\n\t\t\t\t\t\t\t\t--><rs-row\n\t\t\t\t\t\t\t\t\tid=\"slider-10-slide-44-layer-0\" \n\t\t\t\t\t\t\t\t\tdata-type=\"row\"\n\t\t\t\t\t\t\t\t\tdata-xy=\"xo:50px;yo:50px;\"\n\t\t\t\t\t\t\t\t\tdata-cbreak=\"3\"\n\t\t\t\t\t\t\t\t\tdata-rsp_bd=\"off\"\n\t\t\t\t\t\t\t\t\tdata-padding=\"t:10;r:10;b:10;l:10;\"\n\t\t\t\t\t\t\t\t\tdata-frame_0=\"o:1;\"\n\t\t\t\t\t\t\t\t\tdata-frame_999=\"o:0;st:w;sA:9000;\"\n\t\t\t\t\t\t\t\t\tstyle=\"z-index:6;\"\n\t\t\t\t\t\t\t\t><!--\n\t\t\t\t\t\t\t\t\t--><rs-column\n\t\t\t\t\t\t\t\t\t\tid=\"slider-10-slide-44-layer-1\" \n\t\t\t\t\t\t\t\t\t\tdata-type=\"column\"\n\t\t\t\t\t\t\t\t\t\tdata-xy=\"xo:50px,50px,31px,19px;yo:50px,50px,31px,19px;\"\n\t\t\t\t\t\t\t\t\t\tdata-text=\"s:20,20,12,7;l:0,0,15,9;a:center;\"\n\t\t\t\t\t\t\t\t\t\tdata-column=\"w:50%;a:middle;\"\n\t\t\t\t\t\t\t\t\t\tdata-padding=\"t:10,10,6,4;r:10,10,6,4;b:10,10,6,4;l:10,10,6,4;\"\n\t\t\t\t\t\t\t\t\t\tdata-frame_0=\"o:1;\"\n\t\t\t\t\t\t\t\t\t\tdata-frame_999=\"o:0;st:w;sA:9000;\"\n\t\t\t\t\t\t\t\t\t\tstyle=\"z-index:7;width:100%;\"\n\t\t\t\t\t\t\t\t\t><!--\n\t\t\t\t\t\t\t\t\t\t--><rs-layer\n\t\t\t\t\t\t\t\t\t\t\tid=\"slider-10-slide-44-layer-5\" \n\t\t\t\t\t\t\t\t\t\t\tclass=\"rs-layer-video intrinsic-ignore\"\n\t\t\t\t\t\t\t\t\t\t\tdata-type=\"video\"\n\t\t\t\t\t\t\t\t\t\t\tdata-rsp_ch=\"on\"\n\t\t\t\t\t\t\t\t\t\t\tdata-xy=\"\"\n\t\t\t\t\t\t\t\t\t\t\tdata-pos=\"r\"\n\t\t\t\t\t\t\t\t\t\t\tdata-text=\"w:normal;s:20,20,12,7;l:0,0,15,9;\"\n\t\t\t\t\t\t\t\t\t\t\tdata-dim=\"w:100%;\"\n\t\t\t\t\t\t\t\t\t\t\tdata-video=\"ap:false;vd:100;l:false;ptimer:false;\"\n\t\t\t\t\t\t\t\t\t\t\tdata-poster=\"\/\/img.youtube.com\/vi\/-UF-VWLZ5vg\/maxresdefault.jpg\"\n\t\t\t\t\t\t\t\t\t\t\tdata-ytid=\"-UF-VWLZ5vg\"\n\t\t\t\t\t\t\t\t\t\t\tdata-vatr=\"version=3&amp;enablejsapi=1&amp;html5=1&amp;hd=1&amp;wmode=opaque&amp;showinfo=0&amp;rel=0&amp;origin=https:\/\/corporate.minor-hotels.com;\"\n\t\t\t\t\t\t\t\t\t\t\tdata-frame_999=\"o:0;st:w;\"\n\t\t\t\t\t\t\t\t\t\t\tstyle=\"z-index:6;\"\n\t\t\t\t\t\t\t\t\t\t>\n\t\t\t\t\t\t\t\t\t\t<\/rs-layer><!--\n\t\t\t\t\t\t\t\t\t--><\/rs-column><!--\n\n\t\t\t\t\t\t\t\t\t--><rs-column\n\t\t\t\t\t\t\t\t\t\tid=\"slider-10-slide-44-layer-2\" \n\t\t\t\t\t\t\t\t\t\tdata-type=\"column\"\n\t\t\t\t\t\t\t\t\t\tdata-xy=\"xo:50px;yo:50px;\"\n\t\t\t\t\t\t\t\t\t\tdata-text=\"a:center;\"\n\t\t\t\t\t\t\t\t\t\tdata-rsp_bd=\"off\"\n\t\t\t\t\t\t\t\t\t\tdata-column=\"w:50%;\"\n\t\t\t\t\t\t\t\t\t\tdata-padding=\"t:10;r:10;b:10;l:10;\"\n\t\t\t\t\t\t\t\t\t\tdata-frame_0=\"o:1;\"\n\t\t\t\t\t\t\t\t\t\tdata-frame_999=\"o:0;st:w;sA:9000;\"\n\t\t\t\t\t\t\t\t\t\tstyle=\"z-index:6;width:100%;\"\n\t\t\t\t\t\t\t\t\t><!--\n\t\t\t\t\t\t\t\t\t\t--><rs-layer\n\t\t\t\t\t\t\t\t\t\t\tid=\"slider-10-slide-44-layer-4\" \n\t\t\t\t\t\t\t\t\t\t\tdata-type=\"text\"\n\t\t\t\t\t\t\t\t\t\t\tdata-color=\"#505050\"\n\t\t\t\t\t\t\t\t\t\t\tdata-rsp_ch=\"on\"\n\t\t\t\t\t\t\t\t\t\t\tdata-xy=\"\"\n\t\t\t\t\t\t\t\t\t\t\tdata-pos=\"r\"\n\t\t\t\t\t\t\t\t\t\t\tdata-text=\"w:normal;s:35,35,21,21;l:0,0,6,6;a:left,left,left,center;\"\n\t\t\t\t\t\t\t\t\t\t\tdata-dim=\"w:591px,591px,370px,443px;h:45px,45px,28px,35px;\"\n\t\t\t\t\t\t\t\t\t\t\tdata-frame_999=\"o:0;st:w;\"\n\t\t\t\t\t\t\t\t\t\t\tstyle=\"z-index:6;font-family:'Roboto';border-bottom:5px solid #505050;\"\n\t\t\t\t\t\t\t\t\t\t><h3>Further Together<\/h3><br \/>\n \n\t\t\t\t\t\t\t\t\t\t<\/rs-layer><!--\n\t\t\t\t\t\t\t\t\t--><\/rs-column><!--\n\t\t\t\t\t\t\t\t--><\/rs-row><!--\n\t\t\t\t\t\t\t--><\/rs-zone><!--\n-->\t\t\t\t\t\t<\/rs-slide>\n\t\t\t\t\t<\/rs-slides>\n\t\t\t\t<\/rs-module>\n\t\t\t\t<script>\n\t\t\t\t\tsetREVStartSize({c: 'rev_slider_10_1',rl:[1240,1240,778,480],el:[400,400,960,600],gw:[1240,1240,778,480],gh:[400,400,360,600],type:'standard',justify:'',layout:'fullwidth',mh:\"0\"});if (window.RS_MODULES!==undefined && window.RS_MODULES.modules!==undefined && window.RS_MODULES.modules[\"revslider101\"]!==undefined) {window.RS_MODULES.modules[\"revslider101\"].once = false;window.revapi10 = undefined;if (window.RS_MODULES.checkMinimal!==undefined) window.RS_MODULES.checkMinimal()}\n\t\t\t\t<\/script>\n\t\t\t\t<script src=\"https:\/\/www.youtube.com\/iframe_api\"><\/script>\n\t\t\t<\/rs-module-wrap>\n\t\t\t<!-- END REVOLUTION SLIDER -->\n<\/div>\n<\/div>\n<\/div>\n\n\n\n<div class=\"wp-block-columns is-layout-flex wp-container-core-columns-is-layout-9d6595d7 wp-block-columns-is-layout-flex\">\n<div class=\"wp-block-column is-layout-flow wp-block-column-is-layout-flow\">\n<h2 class=\"has-text-align-center h2underline wp-block-heading\"><strong>Auszeichnungen und Anerkennungen<\/strong><\/h2>\n\n\n\n\n<div class=\"awards-block\">\n\n    \n    \n<\/div>\n\n<\/div>\n<\/div>\n\n\n\n<div class=\"wp-block-columns is-layout-flex wp-container-core-columns-is-layout-9d6595d7 wp-block-columns-is-layout-flex\">\n<div class=\"wp-block-column is-layout-flow wp-block-column-is-layout-flow\">\n<p style=\"text-align: center;\"><strong><a href=\"https:\/\/corporate.minor-hotels.com\/en\/about-nh\/awards-and-recognitions\">Auszeichnungen und Anerkennungen<\/a>&nbsp;\u00bb<\/strong><\/p>\n<\/div>\n<\/div>\n","protected":false},"excerpt":{"rendered":"<p>Warum NH Wir schaffen f\u00fcr unsere MitarbeiterInnen einen hochwertigen Arbeitsplatz, der sich durch regelm\u00e4\u00dfige Trainings, berufliche Entwicklungsm\u00f6glichkeiten sowie kulturelle Vielf\u00e4ltigkeit definiert. Mehr als 19.000 Mitarbeiter und Mitarbeiterinnen gestalten t\u00e4glich mit viel Engagement und Leidenschaft unser Business. Das spiegelt unsere Philosophie und Ziele wieder: Wir m\u00f6chten jedem Gast einen unvergesslichen Aufenthalt bieten. Wir sind stolz darauf, [&hellip;]<\/p>\n","protected":false},"author":10,"featured_media":0,"parent":18394,"menu_order":0,"comment_status":"closed","ping_status":"closed","template":"","meta":{"_acf_changed":false,"footnotes":""},"class_list":["post-18400","page","type-page","status-publish","hentry"],"acf":[],"_links":{"self":[{"href":"https:\/\/corporate.minor-hotels.com\/de\/wp-json\/wp\/v2\/pages\/18400","targetHints":{"allow":["GET"]}}],"collection":[{"href":"https:\/\/corporate.minor-hotels.com\/de\/wp-json\/wp\/v2\/pages"}],"about":[{"href":"https:\/\/corporate.minor-hotels.com\/de\/wp-json\/wp\/v2\/types\/page"}],"author":[{"embeddable":true,"href":"https:\/\/corporate.minor-hotels.com\/de\/wp-json\/wp\/v2\/users\/10"}],"replies":[{"embeddable":true,"href":"https:\/\/corporate.minor-hotels.com\/de\/wp-json\/wp\/v2\/comments?post=18400"}],"version-history":[{"count":1,"href":"https:\/\/corporate.minor-hotels.com\/de\/wp-json\/wp\/v2\/pages\/18400\/revisions"}],"predecessor-version":[{"id":18401,"href":"https:\/\/corporate.minor-hotels.com\/de\/wp-json\/wp\/v2\/pages\/18400\/revisions\/18401"}],"up":[{"embeddable":true,"href":"https:\/\/corporate.minor-hotels.com\/de\/wp-json\/wp\/v2\/pages\/18394"}],"wp:attachment":[{"href":"https:\/\/corporate.minor-hotels.com\/de\/wp-json\/wp\/v2\/media?parent=18400"}],"curies":[{"name":"wp","href":"https:\/\/api.w.org\/{rel}","templated":true}]}}